{"id":13967,"date":"2025-03-25T11:33:42","date_gmt":"2025-03-25T10:33:42","guid":{"rendered":"https:\/\/renner-pumpen.de\/?page_id=13967"},"modified":"2025-05-28T13:15:47","modified_gmt":"2025-05-28T11:15:47","slug":"filter","status":"publish","type":"page","link":"https:\/\/renner-pumpen.de\/de\/produkte\/filter\/","title":{"rendered":"Landingpage Filter"},"content":{"rendered":"<p><div class=\"fusion-fullwidth fullwidth-box fusion-builder-row-1 has-pattern-background has-mask-background fullscreen header-qualitaet hundred-percent-fullwidth non-hundred-percent-height-scrolling\" style=\"--awb-border-radius-top-left:0px;--awb-border-radius-top-right:0px;--awb-border-radius-bottom-right:0px;--awb-border-radius-bottom-left:0px;--awb-padding-top:40px;--awb-padding-right:10%;--awb-padding-bottom:20px;--awb-padding-left:10%;--awb-margin-top:0px;--awb-margin-bottom:0px;--awb-flex-wrap:wrap;\" ><div class=\"fusion-builder-row fusion-row\"><div class=\"fusion-layout-column fusion_builder_column fusion-builder-column-0 fusion_builder_column_1_1 1_1 fusion-one-full fusion-column-first fusion-column-last fusion-column-inner-bg-wrapper\" style=\"--awb-inner-bg-size:cover;\" data-scroll-devices=\"small-visibility,medium-visibility,large-visibility\"><span class=\"fusion-column-inner-bg hover-type-none\"><a class=\"fusion-column-anchor\" href=\"tel:+497043951141\"><span class=\"fusion-column-inner-bg-image\"><\/span><\/a><\/span><div class=\"fusion-column-wrapper fusion-column-has-shadow fusion-flex-column-wrapper-legacy\"><div class=\"fusion-video fusion-selfhosted-video\" style=\"max-width:100%;\"><div class=\"video-wrapper\"><video playsinline=\"true\" width=\"100%\" style=\"object-fit: cover;\" autoplay=\"true\" muted=\"true\" loop=\"true\" preload=\"auto\" controls=\"1\"><source src=\"https:\/\/renner-pumpen.de\/wp-content\/uploads\/250527_REN_Filter_LP.mp4\" type=\"video\/mp4\">Sorry, your browser doesn&#039;t support embedded videos.<\/video><\/div><\/div><div class=\"fusion-text fusion-text-1 fusion-text-no-margin\" style=\"--awb-content-alignment:center;--awb-text-color:#ffffff;--awb-margin-top:20px;--awb-margin-bottom:20px;\"><div style=\"max-width: 1020px; margin: 0 auto; text-align: left; color: black; font-size: 13px; line-height: 14px; padding: 20px;\">Konzentration aufs Wesentliche: Bei der Filtration geht es immer darum, erw\u00fcnschte Substanzen von unerw\u00fcnschten zu trennen. Und das so effizient wie m\u00f6glich. RENNER bietet eine breite Palette von Pumpen- und Filterl\u00f6sungen, um Feststoffe zuverl\u00e4ssig aus Fl\u00fcssigkeiten abzuscheiden.<\/div>\n<\/div><div class=\"fusion-clearfix\"><\/div><\/div><\/div><\/div><\/div><div class=\"fusion-fullwidth fullwidth-box fusion-builder-row-2 has-pattern-background has-mask-background hundred-percent-fullwidth non-hundred-percent-height-scrolling\" style=\"--awb-border-radius-top-left:0px;--awb-border-radius-top-right:0px;--awb-border-radius-bottom-right:0px;--awb-border-radius-bottom-left:0px;--awb-margin-top:0px;--awb-margin-bottom:0px;--awb-background-color:#fbba00;--awb-flex-wrap:wrap;\" ><div class=\"fusion-builder-row fusion-row\"><div class=\"fusion-layout-column fusion_builder_column fusion-builder-column-1 fusion_builder_column_1_1 1_1 fusion-one-full fusion-column-first fusion-column-last\" style=\"--awb-bg-size:cover;\"><div class=\"fusion-column-wrapper fusion-flex-column-wrapper-legacy\"><div class=\"fusion-sep-clear\"><\/div><div class=\"fusion-separator fusion-full-width-sep\" style=\"margin-left: auto;margin-right: auto;margin-top:5px;width:100%;\"><\/div><div class=\"fusion-sep-clear\"><\/div><div class=\"fusion-clearfix\"><\/div><\/div><\/div><\/div><\/div><div class=\"fusion-fullwidth fullwidth-box fusion-builder-row-3 framed round nonhundred-percent-fullwidth non-hundred-percent-height-scrolling fusion-equal-height-columns\" style=\"--awb-background-position:right center;--awb-border-radius-top-left:0px;--awb-border-radius-top-right:0px;--awb-border-radius-bottom-right:0px;--awb-border-radius-bottom-left:0px;--awb-padding-top:40px;--awb-padding-bottom:60px;--awb-background-color:rgba(255,255,255,0);--awb-flex-wrap:wrap;\" ><div class=\"fusion-builder-row fusion-row\"><div class=\"fusion-layout-column fusion_builder_column fusion-builder-column-2 fusion_builder_column_3_4 3_4 fusion-three-fourth fusion-column-first\" style=\"--awb-padding-top:0px;--awb-padding-right:0px;--awb-padding-bottom:0px;--awb-padding-left:0px;--awb-bg-size:cover;width:75%;width:calc(75% - ( ( 4% ) * 0.75 ) );margin-right: 4%;\" data-scroll-devices=\"small-visibility,medium-visibility,large-visibility\"><div class=\"fusion-column-wrapper fusion-column-has-shadow fusion-flex-column-wrapper-legacy\"><div class=\"fusion-column-content-centered\"><div class=\"fusion-column-content\"><div class=\"fusion-title title fusion-title-1 fusion-sep-none fusion-title-text fusion-title-size-two\"><h2 class=\"fusion-title-heading title-heading-left\" style=\"font-family:&quot;Open Sans&quot;;font-style:normal;font-weight:500;margin:0;\"><div class=\"page\" title=\"Page 1\">\n<div class=\"layoutArea\">\n<div class=\"column\">\n<p><strong>EFFIZIENTE FILTRATION:<\/strong><br \/>\n<strong>KOSTEN SPAREN UND UMWELT SCHONEN MIT RENNER<\/strong><\/p>\n<\/div>\n<\/div>\n<\/div><\/h2><\/div><div class=\"fusion-text fusion-text-2\"><div class=\"page\" title=\"Page 1\">\n<div class=\"layoutArea\">\n<div class=\"column\">\n<p>In Zeiten steigender Energiepreise und wachsendem Umweltbewusstsein ru\u0308ckt die Effizienz von Filteranlagen immer sta\u0308rker in den Fokus. Denn Filtration beno\u0308tigt Energie, und Energie kostet Geld. Um die Betriebskosten zu senken und gleichzeitig die Umwelt zu schonen, ist eine hohe Trennleistung bei minimalem Energieverbrauch entscheidend.<\/p>\n<p>RENNER bietet ein breites Spektrum an Pumpen und Filterelementen, die optimal aufeinander abgestimmt sind. Durch die stro\u0308mungsoptimierte Konstruktion der Filtergera\u0308te wird der Druck im Geha\u0308use minimiert und der Wirkungsgrad von Pumpe und Motor maximiert.<\/p>\n<p>Im Ergebnis ko\u0308nnen Sie sich u\u0308ber perfekte, absolut reine Filtrationsergebnisse freuen.<\/p>\n<\/div>\n<\/div>\n<\/div>\n<\/div><div class=\"fusion-title title fusion-title-2 fusion-sep-none fusion-title-text fusion-title-size-two\"><h2 class=\"fusion-title-heading title-heading-left\" style=\"margin:0;\"><h3 class=\"p1\">Standardisierte L\u00f6sungen mit Zertifikat<\/h3><\/h2><\/div><div class=\"fusion-text fusion-text-3\"><div class=\"page\" title=\"Page 1\">\n<div class=\"layoutArea\">\n<div class=\"column\">\n<p>Getreu dem Firmenversprechen \u201eInnovationen sichern die Zukunft, Lo\u0308sungen die Gegenwart\u201c pra\u0308sentiert RENNER unter dem Label ECO-Line standardisierte Lo\u0308sungen auch im Bereich Filter an, die preislich interessant, schnell verfu\u0308gbar und zugleich besonders energieeffizient sind. Aufgrund integrierter innovativer Technologien und einem hohen Wirkungsgrad leisten diese wie auch die anderen Produkte der ECO-Line daru\u0308ber hinaus einen wichtigen Beitrag zur Reduzierung des CO2-Fu\u00dfabdrucks.<\/p>\n<\/div>\n<\/div>\n<\/div>\n<\/div><div class=\"fusion-title title fusion-title-3 fusion-sep-none fusion-title-text fusion-title-size-two\"><h2 class=\"fusion-title-heading title-heading-left\" style=\"margin:0;\"><h3 class=\"p1\">Breites Leistungsspektrum<\/h3><\/h2><\/div><div class=\"fusion-text fusion-text-4\"><p class=\"p1\">RENNER Filterger\u00e4te sind f\u00fcr den Einsatz in chemischen B\u00e4dern und Prozessen konzipiert und konstruiert. Sie haben sich bei der Umw\u00e4lzung und Reinigung von reinen, leicht verschmutzten oder abrasiven Medien, w\u00e4ssrigen L\u00f6sungen, Suspensionen oder Fl\u00fcssigkeitsgemischen bestens bew\u00e4hrt.<\/p>\n<p class=\"p1\">Unser modulares Filterprogramm bietet eine gro\u00dfe Auswahl frei kombinierbarer Filterger\u00e4te und kompletter Filteranlagen f\u00fcr die Entfernung von Verunreinigungen durch Tiefen- und Oberfl\u00e4chenfiltration.<\/p>\n<\/div><div class=\"fusion-title title fusion-title-4 fusion-sep-none fusion-title-text fusion-title-size-two\"><h2 class=\"fusion-title-heading title-heading-left\" style=\"margin:0;\"><h3 class=\"p1\">Universal-Filtergeh\u00e4use<\/h3><\/h2><\/div><div class=\"fusion-text fusion-text-5\"><p class=\"p1\">Mit dem RENNER Universal-Filtergeh\u00e4use steht eine flexible L\u00f6sung f\u00fcr alle g\u00e4ngigen Anwendungen zur Verf\u00fcgung: Sie decken einen breiten Leistungsbereich von 1.000 bis 70.000 l\/h f\u00fcr die Filtration aller galvanischen Elektrolyte ab. Das Filtergeh\u00e4use kann in verschiedenen Materialien \u2013 von Vollkunststoff \u00fcber Edelstahl bis hin zu Titan \u2013 gefertigt werden. Jede Ausf\u00fchrung zeichnet sich durch hohe chemische Widerstandsf\u00e4higkeit aus. <span class=\"Apple-converted-space\">\u00a0<\/span><\/p>\n<p class=\"p1\">RENNER Filtergeh\u00e4use gibt es mit unterschiedlichsten Deckelverriegelungen. Sie alle sind sehr sicher, erm\u00f6glichen aber dennoch einen schnellen Filterwechsel mit wenigen Handgriffen. Je nach Anwendungsfall (teilweise sind Sicherheitseinrichtungen bereits an der Anlage installiert) k\u00f6nnen alle Filtergeh\u00e4use zus\u00e4tzlich mit einem Deckel\u00fcberwachungsschalter ausger\u00fcstet werden.<\/p>\n<\/div><div class=\"fusion-title title fusion-title-5 fusion-sep-none fusion-title-text fusion-title-size-two\"><h2 class=\"fusion-title-heading title-heading-left\" style=\"margin:0;\"><h3 class=\"p1\">Branchen-Vielfalt<\/h3><\/h2><\/div><div class=\"fusion-text fusion-text-6\"><p class=\"p1\">Aufgrund unseres langj\u00e4hrigen Know-hows verf\u00fcgen wir \u00fcber zahlreiche Branchenl\u00f6sungen und passen bei Bedarf unsere Filtersysteme jeglichen individuellen Anforderungen an. Die g\u00e4ngigsten Anwendungen sind:<\/p>\n<p class=\"p1\"><b>Bei der Gewinnung reiner Fl\u00fcssigkeiten:<\/b><\/p>\n<ul>\n<li>Nassprozesse in der Galvano- und Oberfl\u00e4chenindustrie<\/li>\n<li class=\"p1\">Trinkwasseraufbereitung<\/li>\n<li class=\"p1\">Getr\u00e4nkeherstellung<\/li>\n<li class=\"p1\">Und vieles mehr<\/li>\n<\/ul>\n<p class=\"p1\"><b>Bei der Gewinnung von Feststoffen:<\/b><\/p>\n<ul>\n<li class=\"p1\">Aufbereitung von Erzen und mineralischen Rohstoffen (z. B. seltene Erden, Uran, Quarz, Flussspat, Edelmetalle etc.)<\/li>\n<li class=\"p1\">F\u00e4llungsprodukte (z. B. Farbstoffe \u2026)<\/li>\n<li class=\"p1\">Rohstoffgewinnung (z. B. Kunststoffe aus der Suspensions-Polymerisation)<\/li>\n<li class=\"p1\">Und vieles mehr<\/li>\n<\/ul>\n<\/div><\/div><\/div><div class=\"fusion-clearfix\"><\/div><\/div><\/div><div class=\"fusion-layout-column fusion_builder_column fusion-builder-column-3 fusion_builder_column_1_4 1_4 fusion-one-fourth fusion-column-last\" style=\"--awb-padding-top:0px;--awb-bg-size:cover;width:25%;width:calc(25% - ( ( 4% ) * 0.25 ) );\" data-scroll-devices=\"small-visibility,medium-visibility,large-visibility\"><div class=\"fusion-column-wrapper fusion-column-has-shadow fusion-flex-column-wrapper-legacy\"><div class=\"fusion-column-content-centered\"><div class=\"fusion-column-content\"><div class=\"fusion-title title fusion-title-6 fusion-sep-none fusion-title-text fusion-title-size-two\" style=\"--awb-text-color:#000000;\"><h2 class=\"fusion-title-heading title-heading-left\" style=\"font-family:&quot;Open Sans&quot;;font-style:normal;font-weight:400;margin:0;\"><div style=\"color: #009bff; border: 0px solid #b3b3b3; background: #C5E5ED; width: 100%; height: auto; border-radius: 20px; -moz-border-radius: 20px; padding-left: 20px; padding-bottom: 5px; padding-top: 5px;\">\n<h2 style=\"font-family: Open Sans; font-weight: Medium 500; font-size: 20px; color: #009bff;\">DIE WICHTIGSTEN VORTEILE<br \/>\nAUF EINEN BLICK:<\/h2>\n<\/div><\/h2><\/div><div class=\"fusion-title title fusion-title-7 fusion-sep-none fusion-title-text fusion-title-size-two\"><h2 class=\"fusion-title-heading title-heading-left\" style=\"margin:0;\"><div style=\"color: #09bff; font-size: 18px; border: 0px solid #b3b3b3; background: #C5E5ED; width: 100%; height: auto; max-height: 600px; border-radius: 20px; -moz-border-radius: 20px; padding: 20px; text-align: left;\">\n<table>\n<tbody>\n<tr>\n<td style=\"vertical-align: top; padding-top: 7px;\"><img decoding=\"async\" src=\"https:\/\/renner-pumpen.de\/wp-content\/uploads\/gelbtria.png\" width=\"10px\" \/><\/td>\n<td style=\"vertical-align: top; padding: 0;\">Exzellente Trennleistung bei minimalem Energieverbrauch<\/td>\n<\/tr>\n<tr>\n<td style=\"vertical-align: top; padding: 7px;\"><\/td>\n<td style=\"vertical-align: top; padding: 0;\"><\/td>\n<\/tr>\n<tr>\n<td style=\"vertical-align: top; padding-top: 7px;\"><img decoding=\"async\" src=\"https:\/\/renner-pumpen.de\/wp-content\/uploads\/gelbtria.png\" width=\"10px\" \/><\/td>\n<td style=\"vertical-align: top; padding: 0;\">Pumpen und Filterelemente optimal aufeinander abgestimmt<\/td>\n<\/tr>\n<tr>\n<td style=\"vertical-align: top; padding: 7px;\"><\/td>\n<td style=\"vertical-align: top; padding: 0;\"><\/td>\n<\/tr>\n<tr>\n<td style=\"vertical-align: top; padding-top: 7px;\"><img decoding=\"async\" src=\"https:\/\/renner-pumpen.de\/wp-content\/uploads\/gelbtria.png\" width=\"10px\" \/><\/td>\n<td style=\"vertical-align: top; padding: 0;\">Str\u00f6mungsoptimierte Konstruktion der Filterger\u00e4te<\/td>\n<\/tr>\n<tr>\n<td style=\"vertical-align: top; padding: 7px;\"><\/td>\n<td style=\"vertical-align: top; padding: 0;\"><\/td>\n<\/tr>\n<tr>\n<td style=\"vertical-align: top; padding-top: 7px;\"><img decoding=\"async\" src=\"https:\/\/renner-pumpen.de\/wp-content\/uploads\/gelbtria.png\" width=\"10px\" \/><\/td>\n<td style=\"vertical-align: top; padding: 0;\">Maximaler Wirkungsgrad von Pumpe und Motor<\/td>\n<\/tr>\n<\/tbody>\n<\/table>\n<\/div><\/h2><\/div><div class=\"fusion-aligncenter\"><a class=\"fusion-button button-flat button-xlarge button-default fusion-button-default button-1 fusion-button-default-span fusion-button-default-type\" style=\"--button_margin-top:40px;--button_margin-bottom:160px;\" target=\"_self\" href=\"https:\/\/renner-pumpen.de\/de\/produkte\/filter-geraete-und-anlagen\/\"><span class=\"fusion-button-text awb-button__text awb-button__text--default\">FILTER FINDEN<\/span><\/a><\/div><div class=\"fusion-image-element fusion-image-align-center in-legacy-container\" style=\"text-align:center;--awb-caption-title-font-family:var(--h2_typography-font-family);--awb-caption-title-font-weight:var(--h2_typography-font-weight);--awb-caption-title-font-style:var(--h2_typography-font-style);--awb-caption-title-size:var(--h2_typography-font-size);--awb-caption-title-transform:var(--h2_typography-text-transform);--awb-caption-title-line-height:var(--h2_typography-line-height);--awb-caption-title-letter-spacing:var(--h2_typography-letter-spacing);\"><div class=\"imageframe-align-center\"><span class=\" fusion-imageframe imageframe-none imageframe-1 hover-type-none\"><a class=\"fusion-no-lightbox\" href=\"https:\/\/renner-pumpen.de\/de\/produkte\/pumpen-finder\/\" target=\"_self\" aria-label=\"pumpen-filter\"><img decoding=\"async\" width=\"420\" height=\"403\" src=\"https:\/\/renner-pumpen.de\/wp-content\/uploads\/pumpen-filter.png\" alt class=\"img-responsive wp-image-14017\" srcset=\"https:\/\/renner-pumpen.de\/wp-content\/uploads\/pumpen-filter-200x192.png 200w, https:\/\/renner-pumpen.de\/wp-content\/uploads\/pumpen-filter-400x384.png 400w, https:\/\/renner-pumpen.de\/wp-content\/uploads\/pumpen-filter.png 420w\" sizes=\"(max-width: 850px) 100vw, 400px\" \/><\/a><\/span><\/div><\/div><div class=\"fusion-text fusion-text-7\"><div style=\"color: rgba(0,155,255,1.0); font-size: 12px; border: 1px solid rgba(0,155,255,0.9); width: 100%; height: auto; max-height: 600px; border-radius: 0px; -moz-border-radius: 0px; text-align: left; line-height: 13px; padding: 5px 10px 5px 10px;\">\n<h2>EFFIZIENZ IST ALLES<\/h2>\n<p><img decoding=\"async\" src=\"https:\/\/renner-pumpen.de\/wp-content\/uploads\/formel.png\" \/><\/p>\n<p>F\u00fcr einen m\u00f6glichst kosteng\u00fcnstigen Betrieb muss eine hohe Trennleistung bei geringem Energieverbrauch gew\u00e4hrleistet sein. Die Wahl des Filterelements ist hier entscheidend.<\/p>\n<\/div>\n<\/div><\/div><\/div><div class=\"fusion-clearfix\"><\/div><\/div><\/div><\/div><\/div><\/p>\n","protected":false},"excerpt":{"rendered":"","protected":false},"author":10,"featured_media":0,"parent":80,"menu_order":2400,"comment_status":"closed","ping_status":"closed","template":"100-width.php","meta":{"footnotes":""},"class_list":["post-13967","page","type-page","status-publish","hentry"],"yoast_head":"<!-- This site is optimized with the Yoast SEO plugin v25.5 - https:\/\/yoast.com\/wordpress\/plugins\/seo\/ -->\n<title>Qualit\u00e4t: Auszeichnungen und Zertifikate von RENNER<\/title>\n<meta name=\"description\" content=\"RENNER Pumpen und Filter sind f\u00fcr Ihre ausgezeichnete Qualit\u00e4t bekannt und nach DQS ISO 9001 : 2008 zertifiziert.\" \/>\n<meta name=\"robots\" content=\"index, follow, max-snippet:-1, max-image-preview:large, max-video-preview:-1\" \/>\n<link rel=\"canonical\" href=\"https:\/\/renner-pumpen.de\/de\/produkte\/filter\/\" \/>\n<meta property=\"og:locale\" content=\"de_DE\" \/>\n<meta property=\"og:type\" content=\"article\" \/>\n<meta property=\"og:title\" content=\"Qualit\u00e4t: Auszeichnungen und Zertifikate von RENNER\" \/>\n<meta property=\"og:description\" content=\"RENNER Pumpen und Filter sind f\u00fcr Ihre ausgezeichnete Qualit\u00e4t bekannt und nach DQS ISO 9001 : 2008 zertifiziert.\" \/>\n<meta property=\"og:url\" content=\"https:\/\/renner-pumpen.de\/de\/produkte\/filter\/\" \/>\n<meta property=\"og:site_name\" content=\"Renner Pumpen\" \/>\n<meta property=\"article:modified_time\" content=\"2025-05-28T11:15:47+00:00\" \/>\n<meta property=\"og:image\" content=\"https:\/\/renner-pumpen.de\/wp-content\/uploads\/gelbtria.png\" \/>\n<meta name=\"twitter:card\" content=\"summary_large_image\" \/>\n<meta name=\"twitter:label1\" content=\"Gesch\u00e4tzte Lesezeit\" \/>\n\t<meta name=\"twitter:data1\" content=\"4\u00a0Minuten\" \/>\n<script type=\"application\/ld+json\" class=\"yoast-schema-graph\">{\"@context\":\"https:\/\/schema.org\",\"@graph\":[{\"@type\":\"WebPage\",\"@id\":\"https:\/\/renner-pumpen.de\/de\/produkte\/filter\/\",\"url\":\"https:\/\/renner-pumpen.de\/de\/produkte\/filter\/\",\"name\":\"Qualit\u00e4t: Auszeichnungen und Zertifikate von RENNER\",\"isPartOf\":{\"@id\":\"https:\/\/renner-pumpen.de\/de\/#website\"},\"primaryImageOfPage\":{\"@id\":\"https:\/\/renner-pumpen.de\/de\/produkte\/filter\/#primaryimage\"},\"image\":{\"@id\":\"https:\/\/renner-pumpen.de\/de\/produkte\/filter\/#primaryimage\"},\"thumbnailUrl\":\"https:\/\/renner-pumpen.de\/wp-content\/uploads\/gelbtria.png\",\"datePublished\":\"2025-03-25T10:33:42+00:00\",\"dateModified\":\"2025-05-28T11:15:47+00:00\",\"description\":\"RENNER Pumpen und Filter sind f\u00fcr Ihre ausgezeichnete Qualit\u00e4t bekannt und nach DQS ISO 9001 : 2008 zertifiziert.\",\"breadcrumb\":{\"@id\":\"https:\/\/renner-pumpen.de\/de\/produkte\/filter\/#breadcrumb\"},\"inLanguage\":\"de\",\"potentialAction\":[{\"@type\":\"ReadAction\",\"target\":[\"https:\/\/renner-pumpen.de\/de\/produkte\/filter\/\"]}]},{\"@type\":\"ImageObject\",\"inLanguage\":\"de\",\"@id\":\"https:\/\/renner-pumpen.de\/de\/produkte\/filter\/#primaryimage\",\"url\":\"https:\/\/renner-pumpen.de\/wp-content\/uploads\/gelbtria.png\",\"contentUrl\":\"https:\/\/renner-pumpen.de\/wp-content\/uploads\/gelbtria.png\"},{\"@type\":\"BreadcrumbList\",\"@id\":\"https:\/\/renner-pumpen.de\/de\/produkte\/filter\/#breadcrumb\",\"itemListElement\":[{\"@type\":\"ListItem\",\"position\":1,\"name\":\"Startseite\",\"item\":\"https:\/\/renner-pumpen.de\/de\/\"},{\"@type\":\"ListItem\",\"position\":2,\"name\":\"Produkte\",\"item\":\"https:\/\/renner-pumpen.de\/de\/produkte\/\"},{\"@type\":\"ListItem\",\"position\":3,\"name\":\"Landingpage Filter\"}]},{\"@type\":\"WebSite\",\"@id\":\"https:\/\/renner-pumpen.de\/de\/#website\",\"url\":\"https:\/\/renner-pumpen.de\/de\/\",\"name\":\"Renner Pumpen\",\"description\":\"Innovationen sichern die Zukunft.\",\"potentialAction\":[{\"@type\":\"SearchAction\",\"target\":{\"@type\":\"EntryPoint\",\"urlTemplate\":\"https:\/\/renner-pumpen.de\/de\/?s={search_term_string}\"},\"query-input\":{\"@type\":\"PropertyValueSpecification\",\"valueRequired\":true,\"valueName\":\"search_term_string\"}}],\"inLanguage\":\"de\"}]}<\/script>\n<!-- \/ Yoast SEO plugin. -->","yoast_head_json":{"title":"Qualit\u00e4t: Auszeichnungen und Zertifikate von RENNER","description":"RENNER Pumpen und Filter sind f\u00fcr Ihre ausgezeichnete Qualit\u00e4t bekannt und nach DQS ISO 9001 : 2008 zertifiziert.","robots":{"index":"index","follow":"follow","max-snippet":"max-snippet:-1","max-image-preview":"max-image-preview:large","max-video-preview":"max-video-preview:-1"},"canonical":"https:\/\/renner-pumpen.de\/de\/produkte\/filter\/","og_locale":"de_DE","og_type":"article","og_title":"Qualit\u00e4t: Auszeichnungen und Zertifikate von RENNER","og_description":"RENNER Pumpen und Filter sind f\u00fcr Ihre ausgezeichnete Qualit\u00e4t bekannt und nach DQS ISO 9001 : 2008 zertifiziert.","og_url":"https:\/\/renner-pumpen.de\/de\/produkte\/filter\/","og_site_name":"Renner Pumpen","article_modified_time":"2025-05-28T11:15:47+00:00","og_image":[{"url":"https:\/\/renner-pumpen.de\/wp-content\/uploads\/gelbtria.png","type":"","width":"","height":""}],"twitter_card":"summary_large_image","twitter_misc":{"Gesch\u00e4tzte Lesezeit":"4\u00a0Minuten"},"schema":{"@context":"https:\/\/schema.org","@graph":[{"@type":"WebPage","@id":"https:\/\/renner-pumpen.de\/de\/produkte\/filter\/","url":"https:\/\/renner-pumpen.de\/de\/produkte\/filter\/","name":"Qualit\u00e4t: Auszeichnungen und Zertifikate von RENNER","isPartOf":{"@id":"https:\/\/renner-pumpen.de\/de\/#website"},"primaryImageOfPage":{"@id":"https:\/\/renner-pumpen.de\/de\/produkte\/filter\/#primaryimage"},"image":{"@id":"https:\/\/renner-pumpen.de\/de\/produkte\/filter\/#primaryimage"},"thumbnailUrl":"https:\/\/renner-pumpen.de\/wp-content\/uploads\/gelbtria.png","datePublished":"2025-03-25T10:33:42+00:00","dateModified":"2025-05-28T11:15:47+00:00","description":"RENNER Pumpen und Filter sind f\u00fcr Ihre ausgezeichnete Qualit\u00e4t bekannt und nach DQS ISO 9001 : 2008 zertifiziert.","breadcrumb":{"@id":"https:\/\/renner-pumpen.de\/de\/produkte\/filter\/#breadcrumb"},"inLanguage":"de","potentialAction":[{"@type":"ReadAction","target":["https:\/\/renner-pumpen.de\/de\/produkte\/filter\/"]}]},{"@type":"ImageObject","inLanguage":"de","@id":"https:\/\/renner-pumpen.de\/de\/produkte\/filter\/#primaryimage","url":"https:\/\/renner-pumpen.de\/wp-content\/uploads\/gelbtria.png","contentUrl":"https:\/\/renner-pumpen.de\/wp-content\/uploads\/gelbtria.png"},{"@type":"BreadcrumbList","@id":"https:\/\/renner-pumpen.de\/de\/produkte\/filter\/#breadcrumb","itemListElement":[{"@type":"ListItem","position":1,"name":"Startseite","item":"https:\/\/renner-pumpen.de\/de\/"},{"@type":"ListItem","position":2,"name":"Produkte","item":"https:\/\/renner-pumpen.de\/de\/produkte\/"},{"@type":"ListItem","position":3,"name":"Landingpage Filter"}]},{"@type":"WebSite","@id":"https:\/\/renner-pumpen.de\/de\/#website","url":"https:\/\/renner-pumpen.de\/de\/","name":"Renner Pumpen","description":"Innovationen sichern die Zukunft.","potentialAction":[{"@type":"SearchAction","target":{"@type":"EntryPoint","urlTemplate":"https:\/\/renner-pumpen.de\/de\/?s={search_term_string}"},"query-input":{"@type":"PropertyValueSpecification","valueRequired":true,"valueName":"search_term_string"}}],"inLanguage":"de"}]}},"_links":{"self":[{"href":"https:\/\/renner-pumpen.de\/de\/wp-json\/wp\/v2\/pages\/13967","targetHints":{"allow":["GET"]}}],"collection":[{"href":"https:\/\/renner-pumpen.de\/de\/wp-json\/wp\/v2\/pages"}],"about":[{"href":"https:\/\/renner-pumpen.de\/de\/wp-json\/wp\/v2\/types\/page"}],"author":[{"embeddable":true,"href":"https:\/\/renner-pumpen.de\/de\/wp-json\/wp\/v2\/users\/10"}],"replies":[{"embeddable":true,"href":"https:\/\/renner-pumpen.de\/de\/wp-json\/wp\/v2\/comments?post=13967"}],"version-history":[{"count":195,"href":"https:\/\/renner-pumpen.de\/de\/wp-json\/wp\/v2\/pages\/13967\/revisions"}],"predecessor-version":[{"id":14368,"href":"https:\/\/renner-pumpen.de\/de\/wp-json\/wp\/v2\/pages\/13967\/revisions\/14368"}],"up":[{"embeddable":true,"href":"https:\/\/renner-pumpen.de\/de\/wp-json\/wp\/v2\/pages\/80"}],"wp:attachment":[{"href":"https:\/\/renner-pumpen.de\/de\/wp-json\/wp\/v2\/media?parent=13967"}],"curies":[{"name":"wp","href":"https:\/\/api.w.org\/{rel}","templated":true}]}}