{"id":8196,"date":"2020-02-10T14:53:57","date_gmt":"2020-02-10T13:53:57","guid":{"rendered":"https:\/\/renner-pumpen.de\/?page_id=8196"},"modified":"2020-02-26T11:25:34","modified_gmt":"2020-02-26T10:25:34","slug":"tauchkreiselpumpe-rtm-4","status":"publish","type":"page","link":"https:\/\/renner-pumpen.de\/de\/produkte\/tauchkreiselpumpen\/tauchkreiselpumpe-rtm-4\/","title":{"rendered":"Tauchkreiselpumpe RTM 4"},"content":{"rendered":"<p><div class=\"fusion-fullwidth fullwidth-box fusion-builder-row-1 nonhundred-percent-fullwidth non-hundred-percent-height-scrolling fusion-equal-height-columns\" style=\"--awb-border-radius-top-left:0px;--awb-border-radius-top-right:0px;--awb-border-radius-bottom-right:0px;--awb-border-radius-bottom-left:0px;--awb-padding-top:0px;--awb-padding-right:0px;--awb-padding-bottom:0px;--awb-padding-left:0px;--awb-margin-top:60px;--awb-margin-bottom:20px;--awb-background-color:rgba(255,255,255,0);--awb-flex-wrap:wrap;\" ><div class=\"fusion-builder-row fusion-row\"><div class=\"fusion-layout-column fusion_builder_column fusion-builder-column-0 fusion_builder_column_1_4 1_4 fusion-one-fourth fusion-column-first\" style=\"--awb-padding-top:0px;--awb-padding-right:20px;--awb-padding-bottom:20px;--awb-padding-left:0px;--awb-overflow:hidden;--awb-bg-size:cover;--awb-border-radius:10px 10px 10px 10px;width:25%;width:calc(25% - ( ( 10px ) * 0.25 ) );margin-right: 10px;\"><div class=\"fusion-column-wrapper fusion-column-has-shadow fusion-flex-column-wrapper-legacy\"><div class=\"fusion-title title fusion-title-1 fusion-sep-none fusion-title-text fusion-title-size-one\"><h1 class=\"fusion-title-heading title-heading-left\" style=\"margin:0;\">RENNER Tauchkreiselpumpen RTM 4<\/h1><\/div><div class=\"fusion-title title fusion-title-2 fusion-sep-none fusion-title-text fusion-title-size-three\"><h3 class=\"fusion-title-heading title-heading-left\" style=\"margin:0;\">Das RENNER Modulsystem<\/h3><\/div><div class=\"fusion-text fusion-text-1\"><div class=\"fusion-text\">\n<p>Individuelle Anpassungen bei <a href=\"https:\/\/renner-pumpen.de\/de\/produkte\/tauchkreiselpumpen\/\" data-internallinksmanager029f6b8e52c=\"1\" title=\"Link zu Tauchkreiselpumpen\">Tauchkreiselpumpen<\/a> sind dank unseres Modulsystems ohne zus\u00e4tzlichen Aufwand m\u00f6glich. F\u00fcr kritische Anwendungen bieten wir unterschiedlichste an.<\/p>\n<\/div>\n<\/div><div class=\"fusion-clearfix\"><\/div><\/div><\/div><div class=\"fusion-layout-column fusion_builder_column fusion-builder-column-1 fusion_builder_column_3_4 3_4 fusion-three-fourth fusion-column-last\" style=\"--awb-overflow:hidden;--awb-bg-color:#ffffff;--awb-bg-color-hover:#ffffff;--awb-bg-size:cover;--awb-border-radius:10px 10px 10px 10px;width:75%;width:calc(75% - ( ( 10px ) * 0.75 ) );\"><div class=\"fusion-column-wrapper fusion-column-has-shadow fusion-flex-column-wrapper-legacy\"><div class=\"fusion-column-content-centered\"><div class=\"fusion-column-content\"><div class=\"fusion-builder-row fusion-builder-row-inner fusion-row\"><div class=\"fusion-layout-column fusion_builder_column_inner fusion-builder-nested-column-0 fusion_builder_column_inner_2_3 2_3 fusion-two-third fusion-column-first\" style=\"--awb-bg-size:cover;width:66.666666666667%;width:calc(66.666666666667% - ( ( 4% ) * 0.66666666666667 ) );margin-right: 4%;\"><div class=\"fusion-column-wrapper fusion-column-has-shadow fusion-flex-column-wrapper-legacy\"><div class=\"fusion-column-content-centered\"><div class=\"fusion-column-content\"><div class=\"fusion-image-element fusion-image-align-center in-legacy-container\" style=\"text-align:center;--awb-caption-title-font-family:var(--h2_typography-font-family);--awb-caption-title-font-weight:var(--h2_typography-font-weight);--awb-caption-title-font-style:var(--h2_typography-font-style);--awb-caption-title-size:var(--h2_typography-font-size);--awb-caption-title-transform:var(--h2_typography-text-transform);--awb-caption-title-line-height:var(--h2_typography-line-height);--awb-caption-title-letter-spacing:var(--h2_typography-letter-spacing);\"><div class=\"imageframe-align-center\"><span class=\" fusion-imageframe imageframe-none imageframe-1 hover-type-none\"><img decoding=\"async\" width=\"1200\" height=\"850\" title=\"renner-produkte-tauchkreiselpumpen-baureihe-rtm-4-pp-druckrohr\" src=\"https:\/\/renner-pumpen.de\/wp-content\/uploads\/renner-produkte-tauchkreiselpumpen-baureihe-rtm-4-pp-druckrohr.png\" alt class=\"img-responsive wp-image-2542\" srcset=\"https:\/\/renner-pumpen.de\/wp-content\/uploads\/renner-produkte-tauchkreiselpumpen-baureihe-rtm-4-pp-druckrohr-200x142.png 200w, https:\/\/renner-pumpen.de\/wp-content\/uploads\/renner-produkte-tauchkreiselpumpen-baureihe-rtm-4-pp-druckrohr-400x283.png 400w, https:\/\/renner-pumpen.de\/wp-content\/uploads\/renner-produkte-tauchkreiselpumpen-baureihe-rtm-4-pp-druckrohr-600x425.png 600w, https:\/\/renner-pumpen.de\/wp-content\/uploads\/renner-produkte-tauchkreiselpumpen-baureihe-rtm-4-pp-druckrohr-800x567.png 800w, https:\/\/renner-pumpen.de\/wp-content\/uploads\/renner-produkte-tauchkreiselpumpen-baureihe-rtm-4-pp-druckrohr.png 1200w\" sizes=\"(max-width: 850px) 100vw, 1200px\" \/><\/span><\/div><\/div><\/div><\/div><div class=\"fusion-clearfix\"><\/div><\/div><\/div><div class=\"fusion-layout-column fusion_builder_column_inner fusion-builder-nested-column-1 fusion_builder_column_inner_1_3 1_3 fusion-one-third fusion-column-last fusion-no-small-visibility\" style=\"--awb-bg-size:cover;width:33.333333333333%;width:calc(33.333333333333% - ( ( 4% ) * 0.33333333333333 ) );\"><div class=\"fusion-column-wrapper fusion-column-has-shadow fusion-flex-column-wrapper-legacy\"><div class=\"fusion-column-content-centered\"><div class=\"fusion-column-content\"><div class=\"accordian fusion-accordian\" style=\"--awb-border-size:1px;--awb-icon-size:13px;--awb-content-font-size:15px;--awb-icon-alignment:left;--awb-hover-color:#f9f9f9;--awb-border-color:#cccccc;--awb-background-color:#ffffff;--awb-divider-color:#ebebeb;--awb-divider-hover-color:#ebebeb;--awb-icon-color:#ffffff;--awb-title-color:#333333;--awb-content-color:#747474;--awb-icon-box-color:#333333;--awb-toggle-hover-accent-color:#009bff;--awb-title-font-family:&quot;Open Sans Light&quot;;--awb-title-font-weight:400;--awb-title-font-style:normal;--awb-title-font-size:18px;--awb-content-font-family:&quot;Open Sans Light&quot;;--awb-content-font-style:normal;--awb-content-font-weight:400;\"><div class=\"panel-group fusion-toggle-icon-boxed\" id=\"accordion-8196-1\"><div class=\"fusion-panel panel-default panel-164562e6ddb51f7a5 fusion-toggle-has-divider\"><div class=\"panel-heading\"><h4 class=\"panel-title toggle\" id=\"toggle_164562e6ddb51f7a5\"><a aria-expanded=\"false\" aria-controls=\"164562e6ddb51f7a5\" role=\"button\" data-toggle=\"collapse\" data-parent=\"#accordion-8196-1\" data-target=\"#164562e6ddb51f7a5\" href=\"#164562e6ddb51f7a5\"><span class=\"fusion-toggle-icon-wrapper\" aria-hidden=\"true\"><i class=\"fa-fusion-box active-icon awb-icon-minus\" aria-hidden=\"true\"><\/i><i class=\"fa-fusion-box inactive-icon awb-icon-plus\" aria-hidden=\"true\"><\/i><\/span><span class=\"fusion-toggle-heading\">F\u00f6rderh\u00f6he<\/span><\/a><\/h4><\/div><div id=\"164562e6ddb51f7a5\" class=\"panel-collapse collapse \" aria-labelledby=\"toggle_164562e6ddb51f7a5\"><div class=\"panel-body toggle-content fusion-clearfix\">H<sub>max<\/sub> = 34 mWS<\/div><\/div><\/div><div class=\"fusion-panel panel-default panel-befe9eaa2ff3f4902 fusion-toggle-has-divider\"><div class=\"panel-heading\"><h4 class=\"panel-title toggle\" id=\"toggle_befe9eaa2ff3f4902\"><a aria-expanded=\"false\" aria-controls=\"befe9eaa2ff3f4902\" role=\"button\" data-toggle=\"collapse\" data-parent=\"#accordion-8196-1\" data-target=\"#befe9eaa2ff3f4902\" href=\"#befe9eaa2ff3f4902\"><span class=\"fusion-toggle-icon-wrapper\" aria-hidden=\"true\"><i class=\"fa-fusion-box active-icon awb-icon-minus\" aria-hidden=\"true\"><\/i><i class=\"fa-fusion-box inactive-icon awb-icon-plus\" aria-hidden=\"true\"><\/i><\/span><span class=\"fusion-toggle-heading\">F\u00f6rdermenge<\/span><\/a><\/h4><\/div><div id=\"befe9eaa2ff3f4902\" class=\"panel-collapse collapse \" aria-labelledby=\"toggle_befe9eaa2ff3f4902\"><div class=\"panel-body toggle-content fusion-clearfix\">Q<sub>max<\/sub> = 500 l\/min<\/div><\/div><\/div><div class=\"fusion-panel panel-default panel-ca1f42d3171714b1f fusion-toggle-has-divider\"><div class=\"panel-heading\"><h4 class=\"panel-title toggle\" id=\"toggle_ca1f42d3171714b1f\"><a aria-expanded=\"false\" aria-controls=\"ca1f42d3171714b1f\" role=\"button\" data-toggle=\"collapse\" data-parent=\"#accordion-8196-1\" data-target=\"#ca1f42d3171714b1f\" href=\"#ca1f42d3171714b1f\"><span class=\"fusion-toggle-icon-wrapper\" aria-hidden=\"true\"><i class=\"fa-fusion-box active-icon awb-icon-minus\" aria-hidden=\"true\"><\/i><i class=\"fa-fusion-box inactive-icon awb-icon-plus\" aria-hidden=\"true\"><\/i><\/span><span class=\"fusion-toggle-heading\">Motorleistung<\/span><\/a><\/h4><\/div><div id=\"ca1f42d3171714b1f\" class=\"panel-collapse collapse \" aria-labelledby=\"toggle_ca1f42d3171714b1f\"><div class=\"panel-body toggle-content fusion-clearfix\">1,5 kW bis 4,0 kW<\/div><\/div><\/div><div class=\"fusion-panel panel-default panel-02925d20241f06840 fusion-toggle-has-divider\"><div class=\"panel-heading\"><h4 class=\"panel-title toggle\" id=\"toggle_02925d20241f06840\"><a aria-expanded=\"false\" aria-controls=\"02925d20241f06840\" role=\"button\" data-toggle=\"collapse\" data-parent=\"#accordion-8196-1\" data-target=\"#02925d20241f06840\" href=\"#02925d20241f06840\"><span class=\"fusion-toggle-icon-wrapper\" aria-hidden=\"true\"><i class=\"fa-fusion-box active-icon awb-icon-minus\" aria-hidden=\"true\"><\/i><i class=\"fa-fusion-box inactive-icon awb-icon-plus\" aria-hidden=\"true\"><\/i><\/span><span class=\"fusion-toggle-heading\">Werkstoffe<\/span><\/a><\/h4><\/div><div id=\"02925d20241f06840\" class=\"panel-collapse collapse \" aria-labelledby=\"toggle_02925d20241f06840\"><div class=\"panel-body toggle-content fusion-clearfix\">\n<ul>\n<li><strong>PP<\/strong> grau<\/li>\n<li><strong><span class=\"caps\">PVDF<\/span><\/strong> natur<\/li>\n<\/ul>\n<\/div><\/div><\/div><\/div><\/div><\/div><\/div><div class=\"fusion-clearfix\"><\/div><\/div><\/div><\/div><\/div><\/div><div class=\"fusion-clearfix\"><\/div><\/div><\/div><\/div><\/div><div class=\"fusion-fullwidth fullwidth-box fusion-builder-row-2 nonhundred-percent-fullwidth non-hundred-percent-height-scrolling\" style=\"--awb-border-radius-top-left:0px;--awb-border-radius-top-right:0px;--awb-border-radius-bottom-right:0px;--awb-border-radius-bottom-left:0px;--awb-padding-top:40px;--awb-padding-right:0px;--awb-padding-bottom:40px;--awb-padding-left:0px;--awb-background-color:rgba(255,255,255,0);--awb-flex-wrap:wrap;\" ><div class=\"fusion-builder-row fusion-row\"><div class=\"fusion-layout-column fusion_builder_column fusion-builder-column-2 fusion_builder_column_1_1 1_1 fusion-one-full fusion-column-first fusion-column-last\" style=\"--awb-bg-size:cover;--awb-margin-top:40px;\"><div class=\"fusion-column-wrapper fusion-column-has-shadow fusion-flex-column-wrapper-legacy\"><div class=\"fusion-column-content-centered\"><div class=\"fusion-column-content\"><div class=\"fusion-title title fusion-title-3 fusion-sep-none fusion-title-text fusion-title-size-two\"><h2 class=\"fusion-title-heading title-heading-left\" style=\"margin:0;\">Produkt\u00fcbersicht<\/h2><\/div><div class=\"woocommerce columns-5 \"><ul class=\"products clearfix products-5\">\n<li class=\"product type-product post-9141 status-publish first instock product_cat-tauchkreiselpumpe product_cat-tauchkreiselpumpe-rtm-4 has-post-thumbnail sold-individually purchasable product-type-simple product-grid-view\">\n\t<div class=\"fusion-product-wrapper\">\n<a href=\"https:\/\/renner-pumpen.de\/de\/produkt\/rtm-4-typ-24-340\/\" class=\"product-images\" aria-label=\"RTM 4 Typ 24\/340\">\n\n<div class=\"featured-image\">\n\t\t<img decoding=\"async\" width=\"500\" height=\"354\" src=\"https:\/\/renner-pumpen.de\/wp-content\/uploads\/renner-produkte-tauchkreiselpumpen-baureihe-rtm-4-pp-druckrohr-800x567.png\" class=\"attachment-woocommerce_thumbnail size-woocommerce_thumbnail wp-post-image\" alt=\"\" srcset=\"https:\/\/renner-pumpen.de\/wp-content\/uploads\/renner-produkte-tauchkreiselpumpen-baureihe-rtm-4-pp-druckrohr-200x142.png 200w, https:\/\/renner-pumpen.de\/wp-content\/uploads\/renner-produkte-tauchkreiselpumpen-baureihe-rtm-4-pp-druckrohr-400x283.png 400w, https:\/\/renner-pumpen.de\/wp-content\/uploads\/renner-produkte-tauchkreiselpumpen-baureihe-rtm-4-pp-druckrohr-600x425.png 600w, https:\/\/renner-pumpen.de\/wp-content\/uploads\/renner-produkte-tauchkreiselpumpen-baureihe-rtm-4-pp-druckrohr-700x496.png 700w, https:\/\/renner-pumpen.de\/wp-content\/uploads\/renner-produkte-tauchkreiselpumpen-baureihe-rtm-4-pp-druckrohr-768x544.png 768w, https:\/\/renner-pumpen.de\/wp-content\/uploads\/renner-produkte-tauchkreiselpumpen-baureihe-rtm-4-pp-druckrohr-800x567.png 800w, https:\/\/renner-pumpen.de\/wp-content\/uploads\/renner-produkte-tauchkreiselpumpen-baureihe-rtm-4-pp-druckrohr-813x576.png 813w, https:\/\/renner-pumpen.de\/wp-content\/uploads\/renner-produkte-tauchkreiselpumpen-baureihe-rtm-4-pp-druckrohr-1016x720.png 1016w, https:\/\/renner-pumpen.de\/wp-content\/uploads\/renner-produkte-tauchkreiselpumpen-baureihe-rtm-4-pp-druckrohr.png 1200w\" sizes=\"(max-width: 500px) 100vw, 500px\" \/>\n\t\t\t\t\t\t<div class=\"cart-loading\"><i class=\"awb-icon-spinner\" aria-hidden=\"true\"><\/i><\/div>\n\t\t\t<\/div>\n<\/a>\n<div class=\"fusion-product-content\">\n\t<div class=\"product-details\">\n\t\t<div class=\"product-details-container\">\n<h3 class=\"product-title\">\n\t<a href=\"https:\/\/renner-pumpen.de\/de\/produkt\/rtm-4-typ-24-340\/\">\n\t\tRTM 4 Typ 24\/340\t<\/a>\n<\/h3>\n<div class=\"fusion-price-rating\">\n<div class='product_atts_overview'><div class=\"h_max\">H<sub>max<\/sub>: 24 mWS<\/div><div class=\"q_max\">Q<sub>max<\/sub>: 400 l\/min<\/div><\/div>\n\t<span class=\"price\"><span class=\"woocommerce-Price-amount amount\"><bdi><span class=\"woocommerce-Price-currencySymbol\">&euro;<\/span>0,00<\/bdi><\/span><\/span>\n\t\t<\/div>\n\t<\/div>\n<\/div>\n\n\n\t<div class=\"product-buttons\">\n\t\t<div class=\"fusion-content-sep sep-single sep-solid\"><\/div>\n\t\t<div class=\"product-buttons-container clearfix\">\n<a href=\"?add-to-cart=9141\" aria-describedby=\"woocommerce_loop_add_to_cart_link_describedby_9141\" data-quantity=\"1\" class=\"button product_type_simple add_to_cart_button ajax_add_to_cart\" data-product_id=\"9141\" data-product_sku=\"2f2b265625d7\" aria-label=\"In den Warenkorb legen: \u201eRTM 4 Typ 24\/340\u201c\" rel=\"nofollow\">Favorit<\/a>\t<span id=\"woocommerce_loop_add_to_cart_link_describedby_9141\" class=\"screen-reader-text\">\n\t\t\t<\/span>\n\n<a href=\"https:\/\/renner-pumpen.de\/de\/produkt\/rtm-4-typ-24-340\/\" class=\"show_details_button\">\n\tDetails<\/a>\n\n\n\t<\/div>\n\t<\/div>\n\n\t<\/div> <\/div>\n<\/li>\n<li class=\"product type-product post-9142 status-publish instock product_cat-tauchkreiselpumpe product_cat-tauchkreiselpumpe-rtm-4 has-post-thumbnail sold-individually purchasable product-type-simple product-grid-view\">\n\t<div class=\"fusion-product-wrapper\">\n<a href=\"https:\/\/renner-pumpen.de\/de\/produkt\/rtm-4-typ-30-340\/\" class=\"product-images\" aria-label=\"RTM 4 Typ 30\/340\">\n\n<div class=\"featured-image\">\n\t\t<img decoding=\"async\" width=\"500\" height=\"354\" src=\"https:\/\/renner-pumpen.de\/wp-content\/uploads\/renner-produkte-tauchkreiselpumpen-baureihe-rtm-4-pp-druckrohr-800x567.png\" class=\"attachment-woocommerce_thumbnail size-woocommerce_thumbnail wp-post-image\" alt=\"\" srcset=\"https:\/\/renner-pumpen.de\/wp-content\/uploads\/renner-produkte-tauchkreiselpumpen-baureihe-rtm-4-pp-druckrohr-200x142.png 200w, https:\/\/renner-pumpen.de\/wp-content\/uploads\/renner-produkte-tauchkreiselpumpen-baureihe-rtm-4-pp-druckrohr-400x283.png 400w, https:\/\/renner-pumpen.de\/wp-content\/uploads\/renner-produkte-tauchkreiselpumpen-baureihe-rtm-4-pp-druckrohr-600x425.png 600w, https:\/\/renner-pumpen.de\/wp-content\/uploads\/renner-produkte-tauchkreiselpumpen-baureihe-rtm-4-pp-druckrohr-700x496.png 700w, https:\/\/renner-pumpen.de\/wp-content\/uploads\/renner-produkte-tauchkreiselpumpen-baureihe-rtm-4-pp-druckrohr-768x544.png 768w, https:\/\/renner-pumpen.de\/wp-content\/uploads\/renner-produkte-tauchkreiselpumpen-baureihe-rtm-4-pp-druckrohr-800x567.png 800w, https:\/\/renner-pumpen.de\/wp-content\/uploads\/renner-produkte-tauchkreiselpumpen-baureihe-rtm-4-pp-druckrohr-813x576.png 813w, https:\/\/renner-pumpen.de\/wp-content\/uploads\/renner-produkte-tauchkreiselpumpen-baureihe-rtm-4-pp-druckrohr-1016x720.png 1016w, https:\/\/renner-pumpen.de\/wp-content\/uploads\/renner-produkte-tauchkreiselpumpen-baureihe-rtm-4-pp-druckrohr.png 1200w\" sizes=\"(max-width: 500px) 100vw, 500px\" \/>\n\t\t\t\t\t\t<div class=\"cart-loading\"><i class=\"awb-icon-spinner\" aria-hidden=\"true\"><\/i><\/div>\n\t\t\t<\/div>\n<\/a>\n<div class=\"fusion-product-content\">\n\t<div class=\"product-details\">\n\t\t<div class=\"product-details-container\">\n<h3 class=\"product-title\">\n\t<a href=\"https:\/\/renner-pumpen.de\/de\/produkt\/rtm-4-typ-30-340\/\">\n\t\tRTM 4 Typ 30\/340\t<\/a>\n<\/h3>\n<div class=\"fusion-price-rating\">\n<div class='product_atts_overview'><div class=\"h_max\">H<sub>max<\/sub>: 34 mWS<\/div><div class=\"q_max\">Q<sub>max<\/sub>: 500 l\/min<\/div><\/div>\n\t<span class=\"price\"><span class=\"woocommerce-Price-amount amount\"><bdi><span class=\"woocommerce-Price-currencySymbol\">&euro;<\/span>0,00<\/bdi><\/span><\/span>\n\t\t<\/div>\n\t<\/div>\n<\/div>\n\n\n\t<div class=\"product-buttons\">\n\t\t<div class=\"fusion-content-sep sep-single sep-solid\"><\/div>\n\t\t<div class=\"product-buttons-container clearfix\">\n<a href=\"?add-to-cart=9142\" aria-describedby=\"woocommerce_loop_add_to_cart_link_describedby_9142\" data-quantity=\"1\" class=\"button product_type_simple add_to_cart_button ajax_add_to_cart\" data-product_id=\"9142\" data-product_sku=\"f9b902fc3289\" aria-label=\"In den Warenkorb legen: \u201eRTM 4 Typ 30\/340\u201c\" rel=\"nofollow\">Favorit<\/a>\t<span id=\"woocommerce_loop_add_to_cart_link_describedby_9142\" class=\"screen-reader-text\">\n\t\t\t<\/span>\n\n<a href=\"https:\/\/renner-pumpen.de\/de\/produkt\/rtm-4-typ-30-340\/\" class=\"show_details_button\">\n\tDetails<\/a>\n\n\n\t<\/div>\n\t<\/div>\n\n\t<\/div> <\/div>\n<\/li>\n<\/ul>\n<\/div><div class=\"fusion-widget-area awb-widget-area-element fusion-widget-area-1 fusion-content-widget-area\" style=\"--awb-title-color:#333333;--awb-padding:0px 0px 0px 0px;\"><div id=\"text-9\" class=\"widget widget_text\" style=\"border-style: solid;border-color:transparent;border-width:0px;\">\t\t\t<div class=\"textwidget\"><p>* = nur f\u00fcr 60 Hz Betrieb geeignet<br \/>\n** = 4-polig<\/p>\n<\/div>\n\t\t<\/div><div class=\"fusion-additional-widget-content\"><\/div><\/div><\/div><\/div><div class=\"fusion-clearfix\"><\/div><\/div><\/div><\/div><\/div><\/p>\n","protected":false},"excerpt":{"rendered":"","protected":false},"author":1,"featured_media":0,"parent":3074,"menu_order":3140,"comment_status":"closed","ping_status":"closed","template":"100-width.php","meta":{"footnotes":""},"class_list":["post-8196","page","type-page","status-publish","hentry"],"yoast_head":"<!-- This site is optimized with the Yoast SEO plugin v25.5 - https:\/\/yoast.com\/wordpress\/plugins\/seo\/ -->\n<title>Tauchkreiselpumpe RTM 4 - Renner Pumpen<\/title>\n<meta name=\"robots\" content=\"index, follow, max-snippet:-1, max-image-preview:large, max-video-preview:-1\" \/>\n<link rel=\"canonical\" href=\"https:\/\/renner-pumpen.de\/de\/produkte\/tauchkreiselpumpen\/tauchkreiselpumpe-rtm-4\/\" \/>\n<meta property=\"og:locale\" content=\"de_DE\" \/>\n<meta property=\"og:type\" content=\"article\" \/>\n<meta property=\"og:title\" content=\"Tauchkreiselpumpe RTM 4 - Renner Pumpen\" \/>\n<meta property=\"og:url\" content=\"https:\/\/renner-pumpen.de\/de\/produkte\/tauchkreiselpumpen\/tauchkreiselpumpe-rtm-4\/\" \/>\n<meta property=\"og:site_name\" content=\"Renner Pumpen\" \/>\n<meta property=\"article:modified_time\" content=\"2020-02-26T10:25:34+00:00\" \/>\n<meta name=\"twitter:card\" content=\"summary_large_image\" \/>\n<meta name=\"twitter:label1\" content=\"Gesch\u00e4tzte Lesezeit\" \/>\n\t<meta name=\"twitter:data1\" content=\"9\u00a0Minuten\" \/>\n<script type=\"application\/ld+json\" class=\"yoast-schema-graph\">{\"@context\":\"https:\/\/schema.org\",\"@graph\":[{\"@type\":\"WebPage\",\"@id\":\"https:\/\/renner-pumpen.de\/de\/produkte\/tauchkreiselpumpen\/tauchkreiselpumpe-rtm-4\/\",\"url\":\"https:\/\/renner-pumpen.de\/de\/produkte\/tauchkreiselpumpen\/tauchkreiselpumpe-rtm-4\/\",\"name\":\"Tauchkreiselpumpe RTM 4 - Renner Pumpen\",\"isPartOf\":{\"@id\":\"https:\/\/renner-pumpen.de\/de\/#website\"},\"datePublished\":\"2020-02-10T13:53:57+00:00\",\"dateModified\":\"2020-02-26T10:25:34+00:00\",\"breadcrumb\":{\"@id\":\"https:\/\/renner-pumpen.de\/de\/produkte\/tauchkreiselpumpen\/tauchkreiselpumpe-rtm-4\/#breadcrumb\"},\"inLanguage\":\"de\",\"potentialAction\":[{\"@type\":\"ReadAction\",\"target\":[\"https:\/\/renner-pumpen.de\/de\/produkte\/tauchkreiselpumpen\/tauchkreiselpumpe-rtm-4\/\"]}]},{\"@type\":\"BreadcrumbList\",\"@id\":\"https:\/\/renner-pumpen.de\/de\/produkte\/tauchkreiselpumpen\/tauchkreiselpumpe-rtm-4\/#breadcrumb\",\"itemListElement\":[{\"@type\":\"ListItem\",\"position\":1,\"name\":\"Startseite\",\"item\":\"https:\/\/renner-pumpen.de\/de\/\"},{\"@type\":\"ListItem\",\"position\":2,\"name\":\"Produkte\",\"item\":\"https:\/\/renner-pumpen.de\/de\/produkte\/\"},{\"@type\":\"ListItem\",\"position\":3,\"name\":\"Tauchkreiselpumpen\",\"item\":\"https:\/\/renner-pumpen.de\/de\/produkte\/tauchkreiselpumpen\/\"},{\"@type\":\"ListItem\",\"position\":4,\"name\":\"Tauchkreiselpumpe RTM 4\"}]},{\"@type\":\"WebSite\",\"@id\":\"https:\/\/renner-pumpen.de\/de\/#website\",\"url\":\"https:\/\/renner-pumpen.de\/de\/\",\"name\":\"Renner Pumpen\",\"description\":\"Innovationen sichern die Zukunft.\",\"potentialAction\":[{\"@type\":\"SearchAction\",\"target\":{\"@type\":\"EntryPoint\",\"urlTemplate\":\"https:\/\/renner-pumpen.de\/de\/?s={search_term_string}\"},\"query-input\":{\"@type\":\"PropertyValueSpecification\",\"valueRequired\":true,\"valueName\":\"search_term_string\"}}],\"inLanguage\":\"de\"}]}<\/script>\n<!-- \/ Yoast SEO plugin. -->","yoast_head_json":{"title":"Tauchkreiselpumpe RTM 4 - Renner Pumpen","robots":{"index":"index","follow":"follow","max-snippet":"max-snippet:-1","max-image-preview":"max-image-preview:large","max-video-preview":"max-video-preview:-1"},"canonical":"https:\/\/renner-pumpen.de\/de\/produkte\/tauchkreiselpumpen\/tauchkreiselpumpe-rtm-4\/","og_locale":"de_DE","og_type":"article","og_title":"Tauchkreiselpumpe RTM 4 - Renner Pumpen","og_url":"https:\/\/renner-pumpen.de\/de\/produkte\/tauchkreiselpumpen\/tauchkreiselpumpe-rtm-4\/","og_site_name":"Renner Pumpen","article_modified_time":"2020-02-26T10:25:34+00:00","twitter_card":"summary_large_image","twitter_misc":{"Gesch\u00e4tzte Lesezeit":"9\u00a0Minuten"},"schema":{"@context":"https:\/\/schema.org","@graph":[{"@type":"WebPage","@id":"https:\/\/renner-pumpen.de\/de\/produkte\/tauchkreiselpumpen\/tauchkreiselpumpe-rtm-4\/","url":"https:\/\/renner-pumpen.de\/de\/produkte\/tauchkreiselpumpen\/tauchkreiselpumpe-rtm-4\/","name":"Tauchkreiselpumpe RTM 4 - Renner Pumpen","isPartOf":{"@id":"https:\/\/renner-pumpen.de\/de\/#website"},"datePublished":"2020-02-10T13:53:57+00:00","dateModified":"2020-02-26T10:25:34+00:00","breadcrumb":{"@id":"https:\/\/renner-pumpen.de\/de\/produkte\/tauchkreiselpumpen\/tauchkreiselpumpe-rtm-4\/#breadcrumb"},"inLanguage":"de","potentialAction":[{"@type":"ReadAction","target":["https:\/\/renner-pumpen.de\/de\/produkte\/tauchkreiselpumpen\/tauchkreiselpumpe-rtm-4\/"]}]},{"@type":"BreadcrumbList","@id":"https:\/\/renner-pumpen.de\/de\/produkte\/tauchkreiselpumpen\/tauchkreiselpumpe-rtm-4\/#breadcrumb","itemListElement":[{"@type":"ListItem","position":1,"name":"Startseite","item":"https:\/\/renner-pumpen.de\/de\/"},{"@type":"ListItem","position":2,"name":"Produkte","item":"https:\/\/renner-pumpen.de\/de\/produkte\/"},{"@type":"ListItem","position":3,"name":"Tauchkreiselpumpen","item":"https:\/\/renner-pumpen.de\/de\/produkte\/tauchkreiselpumpen\/"},{"@type":"ListItem","position":4,"name":"Tauchkreiselpumpe RTM 4"}]},{"@type":"WebSite","@id":"https:\/\/renner-pumpen.de\/de\/#website","url":"https:\/\/renner-pumpen.de\/de\/","name":"Renner Pumpen","description":"Innovationen sichern die Zukunft.","potentialAction":[{"@type":"SearchAction","target":{"@type":"EntryPoint","urlTemplate":"https:\/\/renner-pumpen.de\/de\/?s={search_term_string}"},"query-input":{"@type":"PropertyValueSpecification","valueRequired":true,"valueName":"search_term_string"}}],"inLanguage":"de"}]}},"_links":{"self":[{"href":"https:\/\/renner-pumpen.de\/de\/wp-json\/wp\/v2\/pages\/8196","targetHints":{"allow":["GET"]}}],"collection":[{"href":"https:\/\/renner-pumpen.de\/de\/wp-json\/wp\/v2\/pages"}],"about":[{"href":"https:\/\/renner-pumpen.de\/de\/wp-json\/wp\/v2\/types\/page"}],"author":[{"embeddable":true,"href":"https:\/\/renner-pumpen.de\/de\/wp-json\/wp\/v2\/users\/1"}],"replies":[{"embeddable":true,"href":"https:\/\/renner-pumpen.de\/de\/wp-json\/wp\/v2\/comments?post=8196"}],"version-history":[{"count":5,"href":"https:\/\/renner-pumpen.de\/de\/wp-json\/wp\/v2\/pages\/8196\/revisions"}],"predecessor-version":[{"id":9000,"href":"https:\/\/renner-pumpen.de\/de\/wp-json\/wp\/v2\/pages\/8196\/revisions\/9000"}],"up":[{"embeddable":true,"href":"https:\/\/renner-pumpen.de\/de\/wp-json\/wp\/v2\/pages\/3074"}],"wp:attachment":[{"href":"https:\/\/renner-pumpen.de\/de\/wp-json\/wp\/v2\/media?parent=8196"}],"curies":[{"name":"wp","href":"https:\/\/api.w.org\/{rel}","templated":true}]}}