{"id":87,"date":"2019-09-12T15:29:09","date_gmt":"2019-09-12T13:29:09","guid":{"rendered":"https:\/\/renner-pumpen.de\/?page_id=87"},"modified":"2020-03-19T14:01:43","modified_gmt":"2020-03-19T13:01:43","slug":"leistungsangebot","status":"publish","type":"page","link":"https:\/\/renner-pumpen.de\/de\/unternehmen\/leistungsangebot\/","title":{"rendered":"Leistungsangebot"},"content":{"rendered":"<p><div class=\"fusion-fullwidth fullwidth-box fusion-builder-row-1 fusion-parallax-none fullscreen header-leistungsangebot hundred-percent-fullwidth non-hundred-percent-height-scrolling\" style=\"--awb-border-radius-top-left:0px;--awb-border-radius-top-right:0px;--awb-border-radius-bottom-right:0px;--awb-border-radius-bottom-left:0px;--awb-padding-top:40px;--awb-padding-right:10%;--awb-padding-bottom:60px;--awb-padding-left:10%;--awb-margin-top:0px;--awb-margin-bottom:0px;--awb-background-image:url(&quot;https:\/\/renner-pumpen.de\/wp-content\/uploads\/renner-metallbearbeitung.jpg&quot;);--awb-background-size:cover;--awb-flex-wrap:wrap;\" ><div class=\"fusion-builder-row fusion-row\"><div class=\"fusion-layout-column fusion_builder_column fusion-builder-column-0 fusion_builder_column_1_1 1_1 fusion-one-full fusion-column-first fusion-column-last white\" style=\"--awb-bg-size:cover;\"><div class=\"fusion-column-wrapper fusion-flex-column-wrapper-legacy\"><div class=\"fusion-sep-clear\"><\/div><div class=\"fusion-separator fusion-no-small-visibility fusion-full-width-sep\" style=\"margin-left: auto;margin-right: auto;margin-top:280px;width:100%;\"><\/div><div class=\"fusion-sep-clear\"><\/div><div class=\"fusion-clearfix\"><\/div><\/div><\/div><div class=\"fusion-layout-column fusion_builder_column fusion-builder-column-1 fusion_builder_column_2_3 2_3 fusion-two-third fusion-column-first white\" style=\"--awb-bg-size:cover;width:66.666666666667%;width:calc(66.666666666667% - ( ( 4% ) * 0.66666666666667 ) );margin-right: 4%;\"><div class=\"fusion-column-wrapper fusion-flex-column-wrapper-legacy\"><div class=\"fusion-clearfix\"><\/div><\/div><\/div><div class=\"fusion-layout-column fusion_builder_column fusion-builder-column-2 fusion_builder_column_1_3 1_3 fusion-one-third fusion-column-last white round fusion-no-small-visibility\" style=\"--awb-padding-top:10px;--awb-padding-right:40px;--awb-padding-bottom:0px;--awb-padding-left:40px;--awb-overflow:hidden;--awb-bg-color:rgba(251,186,0,0.9);--awb-bg-color-hover:rgba(251,186,0,0.9);--awb-bg-size:cover;--awb-border-radius:10px 10px 10px 10px;width:33.333333333333%;width:calc(33.333333333333% - ( ( 4% ) * 0.33333333333333 ) );\"><div class=\"fusion-column-wrapper fusion-column-has-shadow fusion-flex-column-wrapper-legacy\"><div class=\"fusion-column-content-centered\"><div class=\"fusion-column-content\"><div class=\"fusion-title title fusion-title-1 fusion-sep-none fusion-title-center fusion-title-text fusion-title-size-two\" style=\"--awb-font-size:25px;\"><h2 class=\"fusion-title-heading title-heading-center\" style=\"margin:0;font-size:1em;\">Unternehmen &#8211; Leistungsangebot<\/h2><\/div><\/div><\/div><div class=\"fusion-clearfix\"><\/div><\/div><\/div><\/div><\/div><div class=\"fusion-fullwidth fullwidth-box fusion-builder-row-2 hundred-percent-fullwidth non-hundred-percent-height-scrolling\" style=\"--awb-border-radius-top-left:0px;--awb-border-radius-top-right:0px;--awb-border-radius-bottom-right:0px;--awb-border-radius-bottom-left:0px;--awb-margin-top:0px;--awb-margin-bottom:0px;--awb-background-color:#fbba00;--awb-flex-wrap:wrap;\" ><div class=\"fusion-builder-row fusion-row\"><div class=\"fusion-layout-column fusion_builder_column fusion-builder-column-3 fusion_builder_column_1_1 1_1 fusion-one-full fusion-column-first fusion-column-last\" style=\"--awb-bg-size:cover;\"><div class=\"fusion-column-wrapper fusion-flex-column-wrapper-legacy\"><div class=\"fusion-sep-clear\"><\/div><div class=\"fusion-separator fusion-full-width-sep\" style=\"margin-left: auto;margin-right: auto;margin-top:5px;width:100%;\"><\/div><div class=\"fusion-sep-clear\"><\/div><div class=\"fusion-clearfix\"><\/div><\/div><\/div><\/div><\/div><div class=\"fusion-fullwidth fullwidth-box fusion-builder-row-3 nonhundred-percent-fullwidth non-hundred-percent-height-scrolling\" style=\"--awb-border-radius-top-left:0px;--awb-border-radius-top-right:0px;--awb-border-radius-bottom-right:0px;--awb-border-radius-bottom-left:0px;--awb-padding-top:40px;--awb-padding-bottom:40px;--awb-background-color:#ffffff;--awb-flex-wrap:wrap;\" ><div class=\"fusion-builder-row fusion-row\"><div class=\"fusion-layout-column fusion_builder_column fusion-builder-column-4 fusion_builder_column_1_5 1_5 fusion-one-fifth fusion-column-first white fusion-no-small-visibility\" style=\"--awb-bg-size:cover;width:20%;width:calc(20% - ( ( 4% + 4% ) * 0.2 ) );margin-right: 4%;\"><div class=\"fusion-column-wrapper fusion-flex-column-wrapper-legacy\"><div class=\"fusion-clearfix\"><\/div><\/div><\/div><div class=\"fusion-layout-column fusion_builder_column fusion-builder-column-5 fusion_builder_column_3_5 3_5 fusion-three-fifth\" style=\"--awb-bg-size:cover;width:60%;width:calc(60% - ( ( 4% + 4% ) * 0.6 ) );margin-right: 4%;\"><div class=\"fusion-column-wrapper fusion-flex-column-wrapper-legacy\"><div class=\"fusion-column-content-centered\"><div class=\"fusion-column-content\"><div class=\"fusion-title title fusion-title-2 fusion-sep-none fusion-title-text fusion-title-size-two\"><h2 class=\"fusion-title-heading title-heading-left\" style=\"margin:0;\">Bei RENNER erhalten Sie wirklich alles aus einer Hand<\/h2><\/div><div class=\"fusion-text fusion-text-1\"><p style=\"text-align: left;\">Outsourcing wird in vielen Fertigungsbetrieben unserer Wettbewerber f\u00fcr eine gute Idee gehalten. Nicht bei uns. Wir waren von Anfang an immer bestrebt, alle wesentlichen Bauteile unserer Produkte selbst herzustellen.<br \/>\nDie Erfahrung zeigt, dass nur so alle Qualit\u00e4tskriterien zur Zufriedenheit unserer Kunden voll und ganz erf\u00fcllt werden k\u00f6nnen. Und nur so werden wir unserer eigenen Vorstellung von Qualit\u00e4t gerecht. Hinzu kommt, dass durch diese Denk- und Arbeitsweise immer wieder innovative Ideen und Weiterentwicklungen entstanden sind, die einen wesentlichen Beitrag zum technologischen Vorsprung in Konstruktion und Fertigung geleistet haben.<\/p>\n<\/div><div class=\"fusion-title title fusion-title-3 fusion-sep-none fusion-title-text fusion-title-size-four\" style=\"--awb-text-color:#009bff;--awb-margin-top:20px;--awb-margin-bottom:20px;\"><h4 class=\"fusion-title-heading title-heading-left\" style=\"margin:0;\"><strong>Kurz<\/strong>:<br \/>\nF\u00fcr Sie bedeutet das, dass Sie mit kompetenten Fachleuten reden,<br \/>\ndie Ihre Aufgabenstellung verstehen.<\/h4><\/div><div class=\"fusion-text fusion-text-2\"><p style=\"text-align: left;\">In allen Phasen der Zusammenarbeit, von der Beratung bis zum Service, profitieren Sie von einem Fachwissen, das in diesem Umfang nur m\u00f6glich ist, wenn man seine Produkte im wahrsten Sinn des Wortes bis ins Detail kennt.<\/p>\n<\/div><\/div><\/div><div class=\"fusion-clearfix\"><\/div><\/div><\/div><div class=\"fusion-layout-column fusion_builder_column fusion-builder-column-6 fusion_builder_column_1_5 1_5 fusion-one-fifth fusion-column-last white fusion-no-small-visibility\" style=\"--awb-bg-size:cover;width:20%;width:calc(20% - ( ( 4% + 4% ) * 0.2 ) );\"><div class=\"fusion-column-wrapper fusion-flex-column-wrapper-legacy\"><div class=\"fusion-clearfix\"><\/div><\/div><\/div><\/div><\/div><div class=\"fusion-fullwidth fullwidth-box fusion-builder-row-4 nonhundred-percent-fullwidth non-hundred-percent-height-scrolling\" style=\"--awb-border-radius-top-left:0px;--awb-border-radius-top-right:0px;--awb-border-radius-bottom-right:0px;--awb-border-radius-bottom-left:0px;--awb-padding-top:60px;--awb-padding-bottom:60px;--awb-flex-wrap:wrap;\" ><div class=\"fusion-builder-row fusion-row\"><div class=\"fusion-layout-column fusion_builder_column fusion-builder-column-7 fusion_builder_column_1_3 1_3 fusion-one-third fusion-column-first\" style=\"--awb-bg-size:cover;width:33.333333333333%;width:calc(33.333333333333% - ( ( 40px + 40px ) * 0.33333333333333 ) );margin-right: 40px;\"><div class=\"fusion-column-wrapper fusion-column-has-shadow fusion-flex-column-wrapper-legacy\"><div class=\"fusion-image-element in-legacy-container\" style=\"--awb-caption-title-font-family:var(--h2_typography-font-family);--awb-caption-title-font-weight:var(--h2_typography-font-weight);--awb-caption-title-font-style:var(--h2_typography-font-style);--awb-caption-title-size:var(--h2_typography-font-size);--awb-caption-title-transform:var(--h2_typography-text-transform);--awb-caption-title-line-height:var(--h2_typography-line-height);--awb-caption-title-letter-spacing:var(--h2_typography-letter-spacing);\"><span class=\" fusion-imageframe imageframe-none imageframe-1 hover-type-none\" style=\"border-radius:10px;\"><img decoding=\"async\" width=\"640\" height=\"360\" title=\"renner-cad-crm\" src=\"https:\/\/renner-pumpen.de\/wp-content\/uploads\/renner-cad-crm-640x360.jpg\" alt class=\"img-responsive wp-image-42\" srcset=\"https:\/\/renner-pumpen.de\/wp-content\/uploads\/renner-cad-crm-200x113.jpg 200w, https:\/\/renner-pumpen.de\/wp-content\/uploads\/renner-cad-crm-400x225.jpg 400w, https:\/\/renner-pumpen.de\/wp-content\/uploads\/renner-cad-crm-600x338.jpg 600w, https:\/\/renner-pumpen.de\/wp-content\/uploads\/renner-cad-crm-800x450.jpg 800w, https:\/\/renner-pumpen.de\/wp-content\/uploads\/renner-cad-crm-1200x675.jpg 1200w, https:\/\/renner-pumpen.de\/wp-content\/uploads\/renner-cad-crm.jpg 1920w\" sizes=\"(max-width: 850px) 100vw, 600px\" \/><\/span><\/div><div class=\"fusion-sep-clear\"><\/div><div class=\"fusion-separator fusion-full-width-sep\" style=\"margin-left: auto;margin-right: auto;margin-top:20px;width:100%;\"><\/div><div class=\"fusion-sep-clear\"><\/div><div class=\"fusion-title title fusion-title-4 fusion-sep-none fusion-title-text fusion-title-size-two\"><h2 class=\"fusion-title-heading title-heading-left\" style=\"margin:0;\">Praxisgerechte Konstruktion<\/h2><\/div><div class=\"fusion-clearfix\"><\/div><\/div><\/div><div class=\"fusion-layout-column fusion_builder_column fusion-builder-column-8 fusion_builder_column_1_3 1_3 fusion-one-third\" style=\"--awb-bg-size:cover;width:33.333333333333%;width:calc(33.333333333333% - ( ( 40px + 40px ) * 0.33333333333333 ) );margin-right: 40px;\"><div class=\"fusion-column-wrapper fusion-column-has-shadow fusion-flex-column-wrapper-legacy\"><div class=\"fusion-image-element in-legacy-container\" style=\"--awb-caption-title-font-family:var(--h2_typography-font-family);--awb-caption-title-font-weight:var(--h2_typography-font-weight);--awb-caption-title-font-style:var(--h2_typography-font-style);--awb-caption-title-size:var(--h2_typography-font-size);--awb-caption-title-transform:var(--h2_typography-text-transform);--awb-caption-title-line-height:var(--h2_typography-line-height);--awb-caption-title-letter-spacing:var(--h2_typography-letter-spacing);\"><span class=\" fusion-imageframe imageframe-none imageframe-2 hover-type-none\" style=\"border-radius:10px;\"><img decoding=\"async\" width=\"1920\" height=\"1080\" title=\"renner-ulrich-umfeld\" src=\"https:\/\/renner-pumpen.de\/wp-content\/uploads\/renner-ulrich-umfeld.jpg\" alt class=\"img-responsive wp-image-3305\" srcset=\"https:\/\/renner-pumpen.de\/wp-content\/uploads\/renner-ulrich-umfeld-800x450.jpg 800w, https:\/\/renner-pumpen.de\/wp-content\/uploads\/renner-ulrich-umfeld.jpg 1920w\" sizes=\"(max-width: 850px) 100vw, 1920px\" \/><\/span><\/div><div class=\"fusion-sep-clear\"><\/div><div class=\"fusion-separator fusion-full-width-sep\" style=\"margin-left: auto;margin-right: auto;margin-top:20px;width:100%;\"><\/div><div class=\"fusion-sep-clear\"><\/div><div class=\"fusion-title title fusion-title-5 fusion-sep-none fusion-title-text fusion-title-size-two\"><h2 class=\"fusion-title-heading title-heading-left\" style=\"margin:0;\">Rationelle Serienfertigung<\/h2><\/div><div class=\"fusion-clearfix\"><\/div><\/div><\/div><div class=\"fusion-layout-column fusion_builder_column fusion-builder-column-9 fusion_builder_column_1_3 1_3 fusion-one-third fusion-column-last\" style=\"--awb-bg-size:cover;width:33.333333333333%;width:calc(33.333333333333% - ( ( 40px + 40px ) * 0.33333333333333 ) );\"><div class=\"fusion-column-wrapper fusion-column-has-shadow fusion-flex-column-wrapper-legacy\"><div class=\"fusion-image-element in-legacy-container\" style=\"--awb-caption-title-font-family:var(--h2_typography-font-family);--awb-caption-title-font-weight:var(--h2_typography-font-weight);--awb-caption-title-font-style:var(--h2_typography-font-style);--awb-caption-title-size:var(--h2_typography-font-size);--awb-caption-title-transform:var(--h2_typography-text-transform);--awb-caption-title-line-height:var(--h2_typography-line-height);--awb-caption-title-letter-spacing:var(--h2_typography-letter-spacing);\"><span class=\" fusion-imageframe imageframe-none imageframe-3 hover-type-none\" style=\"border-radius:10px;\"><img decoding=\"async\" width=\"1920\" height=\"1080\" title=\"renner-lackierung\" src=\"https:\/\/renner-pumpen.de\/wp-content\/uploads\/renner-lackierung.jpg\" alt class=\"img-responsive wp-image-50\" srcset=\"https:\/\/renner-pumpen.de\/wp-content\/uploads\/renner-lackierung-200x113.jpg 200w, https:\/\/renner-pumpen.de\/wp-content\/uploads\/renner-lackierung-400x225.jpg 400w, https:\/\/renner-pumpen.de\/wp-content\/uploads\/renner-lackierung-600x338.jpg 600w, https:\/\/renner-pumpen.de\/wp-content\/uploads\/renner-lackierung-800x450.jpg 800w, https:\/\/renner-pumpen.de\/wp-content\/uploads\/renner-lackierung-1200x675.jpg 1200w, https:\/\/renner-pumpen.de\/wp-content\/uploads\/renner-lackierung.jpg 1920w\" sizes=\"(max-width: 850px) 100vw, 600px\" \/><\/span><\/div><div class=\"fusion-sep-clear\"><\/div><div class=\"fusion-separator fusion-full-width-sep\" style=\"margin-left: auto;margin-right: auto;margin-top:20px;width:100%;\"><\/div><div class=\"fusion-sep-clear\"><\/div><div class=\"fusion-title title fusion-title-6 fusion-sep-none fusion-title-text fusion-title-size-two\"><h2 class=\"fusion-title-heading title-heading-left\" style=\"margin:0;\">Passgenaue Montage<\/h2><\/div><div class=\"fusion-clearfix\"><\/div><\/div><\/div><\/div><\/div><\/p>\n","protected":false},"excerpt":{"rendered":"","protected":false},"author":1,"featured_media":0,"parent":77,"menu_order":2300,"comment_status":"closed","ping_status":"closed","template":"100-width.php","meta":{"footnotes":""},"class_list":["post-87","page","type-page","status-publish","hentry"],"yoast_head":"<!-- This site is optimized with the Yoast SEO plugin v25.5 - https:\/\/yoast.com\/wordpress\/plugins\/seo\/ -->\n<title>Leistungsangebot: Konstruktion, Entwicklung und Herstellung \u2013 alles von RENNER<\/title>\n<meta name=\"description\" content=\"RENNER bietet Ihnen alles aus einer Hand: Praxisgerechte Konstruktion, Rationelle Serienfertigung und individuelle L\u00f6sungen.\" \/>\n<meta name=\"robots\" content=\"index, follow, max-snippet:-1, max-image-preview:large, max-video-preview:-1\" \/>\n<link rel=\"canonical\" href=\"https:\/\/renner-pumpen.de\/de\/unternehmen\/leistungsangebot\/\" \/>\n<meta property=\"og:locale\" content=\"de_DE\" \/>\n<meta property=\"og:type\" content=\"article\" \/>\n<meta property=\"og:title\" content=\"Leistungsangebot: Konstruktion, Entwicklung und Herstellung \u2013 alles von RENNER\" \/>\n<meta property=\"og:description\" content=\"RENNER bietet Ihnen alles aus einer Hand: Praxisgerechte Konstruktion, Rationelle Serienfertigung und individuelle L\u00f6sungen.\" \/>\n<meta property=\"og:url\" content=\"https:\/\/renner-pumpen.de\/de\/unternehmen\/leistungsangebot\/\" \/>\n<meta property=\"og:site_name\" content=\"Renner Pumpen\" \/>\n<meta property=\"article:modified_time\" content=\"2020-03-19T13:01:43+00:00\" \/>\n<meta name=\"twitter:card\" content=\"summary_large_image\" \/>\n<meta name=\"twitter:label1\" content=\"Gesch\u00e4tzte Lesezeit\" \/>\n\t<meta name=\"twitter:data1\" content=\"13\u00a0Minuten\" \/>\n<script type=\"application\/ld+json\" class=\"yoast-schema-graph\">{\"@context\":\"https:\/\/schema.org\",\"@graph\":[{\"@type\":\"WebPage\",\"@id\":\"https:\/\/renner-pumpen.de\/de\/unternehmen\/leistungsangebot\/\",\"url\":\"https:\/\/renner-pumpen.de\/de\/unternehmen\/leistungsangebot\/\",\"name\":\"Leistungsangebot: Konstruktion, Entwicklung und Herstellung \u2013 alles von RENNER\",\"isPartOf\":{\"@id\":\"https:\/\/renner-pumpen.de\/de\/#website\"},\"datePublished\":\"2019-09-12T13:29:09+00:00\",\"dateModified\":\"2020-03-19T13:01:43+00:00\",\"description\":\"RENNER bietet Ihnen alles aus einer Hand: Praxisgerechte Konstruktion, Rationelle Serienfertigung und individuelle L\u00f6sungen.\",\"breadcrumb\":{\"@id\":\"https:\/\/renner-pumpen.de\/de\/unternehmen\/leistungsangebot\/#breadcrumb\"},\"inLanguage\":\"de\",\"potentialAction\":[{\"@type\":\"ReadAction\",\"target\":[\"https:\/\/renner-pumpen.de\/de\/unternehmen\/leistungsangebot\/\"]}]},{\"@type\":\"BreadcrumbList\",\"@id\":\"https:\/\/renner-pumpen.de\/de\/unternehmen\/leistungsangebot\/#breadcrumb\",\"itemListElement\":[{\"@type\":\"ListItem\",\"position\":1,\"name\":\"Startseite\",\"item\":\"https:\/\/renner-pumpen.de\/de\/\"},{\"@type\":\"ListItem\",\"position\":2,\"name\":\"Unternehmen\",\"item\":\"https:\/\/renner-pumpen.de\/de\/unternehmen\/\"},{\"@type\":\"ListItem\",\"position\":3,\"name\":\"Leistungsangebot\"}]},{\"@type\":\"WebSite\",\"@id\":\"https:\/\/renner-pumpen.de\/de\/#website\",\"url\":\"https:\/\/renner-pumpen.de\/de\/\",\"name\":\"Renner Pumpen\",\"description\":\"Innovationen sichern die Zukunft.\",\"potentialAction\":[{\"@type\":\"SearchAction\",\"target\":{\"@type\":\"EntryPoint\",\"urlTemplate\":\"https:\/\/renner-pumpen.de\/de\/?s={search_term_string}\"},\"query-input\":{\"@type\":\"PropertyValueSpecification\",\"valueRequired\":true,\"valueName\":\"search_term_string\"}}],\"inLanguage\":\"de\"}]}<\/script>\n<!-- \/ Yoast SEO plugin. -->","yoast_head_json":{"title":"Leistungsangebot: Konstruktion, Entwicklung und Herstellung \u2013 alles von RENNER","description":"RENNER bietet Ihnen alles aus einer Hand: Praxisgerechte Konstruktion, Rationelle Serienfertigung und individuelle L\u00f6sungen.","robots":{"index":"index","follow":"follow","max-snippet":"max-snippet:-1","max-image-preview":"max-image-preview:large","max-video-preview":"max-video-preview:-1"},"canonical":"https:\/\/renner-pumpen.de\/de\/unternehmen\/leistungsangebot\/","og_locale":"de_DE","og_type":"article","og_title":"Leistungsangebot: Konstruktion, Entwicklung und Herstellung \u2013 alles von RENNER","og_description":"RENNER bietet Ihnen alles aus einer Hand: Praxisgerechte Konstruktion, Rationelle Serienfertigung und individuelle L\u00f6sungen.","og_url":"https:\/\/renner-pumpen.de\/de\/unternehmen\/leistungsangebot\/","og_site_name":"Renner Pumpen","article_modified_time":"2020-03-19T13:01:43+00:00","twitter_card":"summary_large_image","twitter_misc":{"Gesch\u00e4tzte Lesezeit":"13\u00a0Minuten"},"schema":{"@context":"https:\/\/schema.org","@graph":[{"@type":"WebPage","@id":"https:\/\/renner-pumpen.de\/de\/unternehmen\/leistungsangebot\/","url":"https:\/\/renner-pumpen.de\/de\/unternehmen\/leistungsangebot\/","name":"Leistungsangebot: Konstruktion, Entwicklung und Herstellung \u2013 alles von RENNER","isPartOf":{"@id":"https:\/\/renner-pumpen.de\/de\/#website"},"datePublished":"2019-09-12T13:29:09+00:00","dateModified":"2020-03-19T13:01:43+00:00","description":"RENNER bietet Ihnen alles aus einer Hand: Praxisgerechte Konstruktion, Rationelle Serienfertigung und individuelle L\u00f6sungen.","breadcrumb":{"@id":"https:\/\/renner-pumpen.de\/de\/unternehmen\/leistungsangebot\/#breadcrumb"},"inLanguage":"de","potentialAction":[{"@type":"ReadAction","target":["https:\/\/renner-pumpen.de\/de\/unternehmen\/leistungsangebot\/"]}]},{"@type":"BreadcrumbList","@id":"https:\/\/renner-pumpen.de\/de\/unternehmen\/leistungsangebot\/#breadcrumb","itemListElement":[{"@type":"ListItem","position":1,"name":"Startseite","item":"https:\/\/renner-pumpen.de\/de\/"},{"@type":"ListItem","position":2,"name":"Unternehmen","item":"https:\/\/renner-pumpen.de\/de\/unternehmen\/"},{"@type":"ListItem","position":3,"name":"Leistungsangebot"}]},{"@type":"WebSite","@id":"https:\/\/renner-pumpen.de\/de\/#website","url":"https:\/\/renner-pumpen.de\/de\/","name":"Renner Pumpen","description":"Innovationen sichern die Zukunft.","potentialAction":[{"@type":"SearchAction","target":{"@type":"EntryPoint","urlTemplate":"https:\/\/renner-pumpen.de\/de\/?s={search_term_string}"},"query-input":{"@type":"PropertyValueSpecification","valueRequired":true,"valueName":"search_term_string"}}],"inLanguage":"de"}]}},"_links":{"self":[{"href":"https:\/\/renner-pumpen.de\/de\/wp-json\/wp\/v2\/pages\/87","targetHints":{"allow":["GET"]}}],"collection":[{"href":"https:\/\/renner-pumpen.de\/de\/wp-json\/wp\/v2\/pages"}],"about":[{"href":"https:\/\/renner-pumpen.de\/de\/wp-json\/wp\/v2\/types\/page"}],"author":[{"embeddable":true,"href":"https:\/\/renner-pumpen.de\/de\/wp-json\/wp\/v2\/users\/1"}],"replies":[{"embeddable":true,"href":"https:\/\/renner-pumpen.de\/de\/wp-json\/wp\/v2\/comments?post=87"}],"version-history":[{"count":28,"href":"https:\/\/renner-pumpen.de\/de\/wp-json\/wp\/v2\/pages\/87\/revisions"}],"predecessor-version":[{"id":11403,"href":"https:\/\/renner-pumpen.de\/de\/wp-json\/wp\/v2\/pages\/87\/revisions\/11403"}],"up":[{"embeddable":true,"href":"https:\/\/renner-pumpen.de\/de\/wp-json\/wp\/v2\/pages\/77"}],"wp:attachment":[{"href":"https:\/\/renner-pumpen.de\/de\/wp-json\/wp\/v2\/media?parent=87"}],"curies":[{"name":"wp","href":"https:\/\/api.w.org\/{rel}","templated":true}]}}