{"id":88,"date":"2019-09-12T15:29:11","date_gmt":"2019-09-12T13:29:11","guid":{"rendered":"https:\/\/renner-pumpen.de\/?page_id=88"},"modified":"2022-02-02T07:42:22","modified_gmt":"2022-02-02T06:42:22","slug":"qualitaet","status":"publish","type":"page","link":"https:\/\/renner-pumpen.de\/de\/unternehmen\/qualitaet\/","title":{"rendered":"Qualit\u00e4t"},"content":{"rendered":"<p><div class=\"fusion-fullwidth fullwidth-box fusion-builder-row-1 fusion-parallax-none fullscreen header-qualitaet hundred-percent-fullwidth non-hundred-percent-height-scrolling\" style=\"--awb-border-radius-top-left:0px;--awb-border-radius-top-right:0px;--awb-border-radius-bottom-right:0px;--awb-border-radius-bottom-left:0px;--awb-padding-top:40px;--awb-padding-right:10%;--awb-padding-bottom:60px;--awb-padding-left:10%;--awb-margin-top:0px;--awb-margin-bottom:0px;--awb-background-image:url(&quot;https:\/\/renner-pumpen.de\/wp-content\/uploads\/renner-header-kunststoffbearbeitung.jpg&quot;);--awb-background-size:cover;--awb-flex-wrap:wrap;\" ><div class=\"fusion-builder-row fusion-row\"><div class=\"fusion-layout-column fusion_builder_column fusion-builder-column-0 fusion_builder_column_1_1 1_1 fusion-one-full fusion-column-first fusion-column-last white\" style=\"--awb-bg-size:cover;\"><div class=\"fusion-column-wrapper fusion-flex-column-wrapper-legacy\"><div class=\"fusion-sep-clear\"><\/div><div class=\"fusion-separator fusion-no-small-visibility fusion-full-width-sep\" style=\"margin-left: auto;margin-right: auto;margin-top:280px;width:100%;\"><\/div><div class=\"fusion-sep-clear\"><\/div><div class=\"fusion-clearfix\"><\/div><\/div><\/div><div class=\"fusion-layout-column fusion_builder_column fusion-builder-column-1 fusion_builder_column_2_3 2_3 fusion-two-third fusion-column-first white\" style=\"--awb-bg-size:cover;width:66.666666666667%;width:calc(66.666666666667% - ( ( 4% ) * 0.66666666666667 ) );margin-right: 4%;\"><div class=\"fusion-column-wrapper fusion-flex-column-wrapper-legacy\"><div class=\"fusion-clearfix\"><\/div><\/div><\/div><div class=\"fusion-layout-column fusion_builder_column fusion-builder-column-2 fusion_builder_column_1_3 1_3 fusion-one-third fusion-column-last white round fusion-no-small-visibility\" style=\"--awb-padding-top:10px;--awb-padding-right:40px;--awb-padding-bottom:0px;--awb-padding-left:40px;--awb-overflow:hidden;--awb-bg-color:rgba(251,186,0,0.9);--awb-bg-color-hover:rgba(251,186,0,0.9);--awb-bg-size:cover;--awb-border-radius:10px 10px 10px 10px;width:33.333333333333%;width:calc(33.333333333333% - ( ( 4% ) * 0.33333333333333 ) );\"><div class=\"fusion-column-wrapper fusion-column-has-shadow fusion-flex-column-wrapper-legacy\"><div class=\"fusion-column-content-centered\"><div class=\"fusion-column-content\"><div class=\"fusion-title title fusion-title-1 fusion-sep-none fusion-title-center fusion-title-text fusion-title-size-two\" style=\"--awb-font-size:25px;\"><h2 class=\"fusion-title-heading title-heading-center\" style=\"margin:0;font-size:1em;\">Unternehmen &#8211; Qualit\u00e4t<\/h2><\/div><\/div><\/div><div class=\"fusion-clearfix\"><\/div><\/div><\/div><\/div><\/div><div class=\"fusion-fullwidth fullwidth-box fusion-builder-row-2 hundred-percent-fullwidth non-hundred-percent-height-scrolling\" style=\"--awb-border-radius-top-left:0px;--awb-border-radius-top-right:0px;--awb-border-radius-bottom-right:0px;--awb-border-radius-bottom-left:0px;--awb-margin-top:0px;--awb-margin-bottom:0px;--awb-background-color:#fbba00;--awb-flex-wrap:wrap;\" ><div class=\"fusion-builder-row fusion-row\"><div class=\"fusion-layout-column fusion_builder_column fusion-builder-column-3 fusion_builder_column_1_1 1_1 fusion-one-full fusion-column-first fusion-column-last\" style=\"--awb-bg-size:cover;\"><div class=\"fusion-column-wrapper fusion-flex-column-wrapper-legacy\"><div class=\"fusion-sep-clear\"><\/div><div class=\"fusion-separator fusion-full-width-sep\" style=\"margin-left: auto;margin-right: auto;margin-top:5px;width:100%;\"><\/div><div class=\"fusion-sep-clear\"><\/div><div class=\"fusion-clearfix\"><\/div><\/div><\/div><\/div><\/div><div class=\"fusion-fullwidth fullwidth-box fusion-builder-row-3 framed round nonhundred-percent-fullwidth non-hundred-percent-height-scrolling fusion-equal-height-columns\" style=\"--awb-background-position:right center;--awb-border-radius-top-left:0px;--awb-border-radius-top-right:0px;--awb-border-radius-bottom-right:0px;--awb-border-radius-bottom-left:0px;--awb-padding-top:40px;--awb-padding-bottom:40px;--awb-background-color:rgba(255,255,255,0);--awb-flex-wrap:wrap;\" ><div class=\"fusion-builder-row fusion-row\"><div class=\"fusion-layout-column fusion_builder_column fusion-builder-column-4 fusion_builder_column_1_3 1_3 fusion-one-third fusion-column-first\" style=\"--awb-bg-size:cover;width:33.333333333333%;width:calc(33.333333333333% - ( ( 4% ) * 0.33333333333333 ) );margin-right: 4%;\"><div class=\"fusion-column-wrapper fusion-column-has-shadow fusion-flex-column-wrapper-legacy\"><div class=\"fusion-column-content-centered\"><div class=\"fusion-column-content\"><div class=\"fusion-title title fusion-title-2 fusion-sep-none fusion-title-text fusion-title-size-two\"><h2 class=\"fusion-title-heading title-heading-left\" style=\"margin:0;\">Die Qualit\u00e4t der RENNER Produkte ist ausgezeichnet<\/h2><\/div><div class=\"fusion-text fusion-text-1\"><p>Pumpen und Filter aus dem Hause RENNER sind schon immer f\u00fcr Ihre ausgezeichnete Qualit\u00e4t bekannt.<br \/>\nGanz selbstverst\u00e4ndlich sind unser Unternehmen und die kompletten Fertigungsabl\u00e4ufe zertifiziert \u2013 und dies bereits schon nach der neuen Norm <strong>DIN ISO 9001:2015<\/strong>. Aufgrund unserer eigenen Anspr\u00fcche \u00fcbertreffen wir diese Vorgaben sogar in vielen Bereichen und hinzu kommt die 100 %-Kontrolle, der unsere Produkte unterzogen werden bevor sie das Haus verlassen.<\/p>\n<\/div><div class=\"fusion-text fusion-text-2\"><div class='w3eden'><div class=\"well renner-download white\">\n    <div class=\"media\">\n        <div class=\"pull-left\" align=\"left\">\n            <img decoding=\"async\" class=\"wpdm_icon\" alt=\"Icon\"   src=\"https:\/\/renner-pumpen.de\/wp-content\/plugins\/download-manager\/assets\/file-type-icons\/pdf.svg\" \/>\n        <\/div>\n        <div class=\"pull-right\" align=\"right\">\n            <a class='wpdm-download-link download-on-click btn btn-primary btn-xs'  rel='nofollow' href='#' data-downloadurl=\"https:\/\/renner-pumpen.de\/de\/download\/dqs-iso-9001-2015-zertifikat\/?wpdmdl=2380&refresh=69e3870dddf881776518925\">Download<\/a>\n        <\/div>\n\n        <div class=\"media-body\">\n            <h3 class=\"media-heading\" style=\"padding-top: 10px padding-left: 10px;border:0px;margin: 0 0 5px 20;font-size:12pt;\"><a style=\"font-weight: 700; color:#009bff;\" href=\"https:\/\/renner-pumpen.de\/de\/download\/dqs-iso-9001-2015-zertifikat\/\">DQS ISO 9001 : 2015 Zertifikat<\/a> <span style=\"margin-left:30px;font-size:8pt;font-weight:300\"> 499.16 KB  <\/span><\/h3>\n        <\/div>\n\n    <\/div>\n\n<\/div><\/div>\n<\/div><div class=\"fusion-text fusion-text-3\"><div class='w3eden'><div class=\"well renner-download white\">\n    <div class=\"media\">\n        <div class=\"pull-left\" align=\"left\">\n            <img decoding=\"async\" class=\"wpdm_icon\" alt=\"Icon\"   src=\"https:\/\/renner-pumpen.de\/wp-content\/plugins\/download-manager\/assets\/file-type-icons\/pdf.svg\" \/>\n        <\/div>\n        <div class=\"pull-right\" align=\"right\">\n            <a class='wpdm-download-link download-on-click btn btn-primary btn-xs'  rel='nofollow' href='#' data-downloadurl=\"https:\/\/renner-pumpen.de\/de\/download\/iqnet-iso-9001-2015-certificate\/?wpdmdl=2384&refresh=69e3870e3020b1776518926\">Download<\/a>\n        <\/div>\n\n        <div class=\"media-body\">\n            <h3 class=\"media-heading\" style=\"padding-top: 10px padding-left: 10px;border:0px;margin: 0 0 5px 20;font-size:12pt;\"><a style=\"font-weight: 700; color:#009bff;\" href=\"https:\/\/renner-pumpen.de\/de\/download\/iqnet-iso-9001-2015-certificate\/\">IQNet ISO 9001 : 2015 Certificate<\/a> <span style=\"margin-left:30px;font-size:8pt;font-weight:300\"> 93.94 KB  <\/span><\/h3>\n        <\/div>\n\n    <\/div>\n\n<\/div><\/div>\n<\/div><div class=\"fusion-text fusion-text-4\" style=\"--awb-text-transform:none;\"><div class='w3eden'><div class=\"well renner-download white\">\n    <div class=\"media\">\n        <div class=\"pull-left\" align=\"left\">\n            <img decoding=\"async\" class=\"wpdm_icon\" alt=\"Icon\"   src=\"https:\/\/renner-pumpen.de\/wp-content\/plugins\/download-manager\/assets\/file-type-icons\/pdf.svg\" \/>\n        <\/div>\n        <div class=\"pull-right\" align=\"right\">\n            <a class='wpdm-download-link download-on-click btn btn-primary btn-xs'  rel='nofollow' href='#' data-downloadurl=\"https:\/\/renner-pumpen.de\/de\/download\/qm15\/?wpdmdl=6906&refresh=69e3870e748461776518926\">Download<\/a>\n        <\/div>\n\n        <div class=\"media-body\">\n            <h3 class=\"media-heading\" style=\"padding-top: 10px padding-left: 10px;border:0px;margin: 0 0 5px 20;font-size:12pt;\"><a style=\"font-weight: 700; color:#009bff;\" href=\"https:\/\/renner-pumpen.de\/de\/download\/qm15\/\">Certificate<\/a> <span style=\"margin-left:30px;font-size:8pt;font-weight:300\"> 359.14 KB  <\/span><\/h3>\n        <\/div>\n\n    <\/div>\n\n<\/div><\/div>\n<\/div><\/div><\/div><div class=\"fusion-clearfix\"><\/div><\/div><\/div><div class=\"fusion-layout-column fusion_builder_column fusion-builder-column-5 fusion_builder_column_2_3 2_3 fusion-two-third fusion-column-last\" style=\"--awb-bg-size:cover;width:66.666666666667%;width:calc(66.666666666667% - ( ( 4% ) * 0.66666666666667 ) );\"><div class=\"fusion-column-wrapper fusion-flex-column-wrapper-legacy\"><div class=\"fusion-column-content-centered\"><div class=\"fusion-column-content\"><div class=\"fusion-image-element in-legacy-container\" style=\"--awb-caption-title-font-family:var(--h2_typography-font-family);--awb-caption-title-font-weight:var(--h2_typography-font-weight);--awb-caption-title-font-style:var(--h2_typography-font-style);--awb-caption-title-size:var(--h2_typography-font-size);--awb-caption-title-transform:var(--h2_typography-text-transform);--awb-caption-title-line-height:var(--h2_typography-line-height);--awb-caption-title-letter-spacing:var(--h2_typography-letter-spacing);\"><span class=\" fusion-imageframe imageframe-none imageframe-1 hover-type-none no-padding\" style=\"border-radius:10px;\"><img decoding=\"async\" width=\"1920\" height=\"1080\" title=\"dqs-zertifikat-deutsch-01-19-01-22\" src=\"https:\/\/renner-pumpen.de\/wp-content\/uploads\/dqs-zertifikat-deutsch-01-19-01-22.jpg\" alt class=\"img-responsive wp-image-1405\" srcset=\"https:\/\/renner-pumpen.de\/wp-content\/uploads\/dqs-zertifikat-deutsch-01-19-01-22-200x113.jpg 200w, https:\/\/renner-pumpen.de\/wp-content\/uploads\/dqs-zertifikat-deutsch-01-19-01-22-400x225.jpg 400w, https:\/\/renner-pumpen.de\/wp-content\/uploads\/dqs-zertifikat-deutsch-01-19-01-22-600x338.jpg 600w, https:\/\/renner-pumpen.de\/wp-content\/uploads\/dqs-zertifikat-deutsch-01-19-01-22-800x450.jpg 800w, https:\/\/renner-pumpen.de\/wp-content\/uploads\/dqs-zertifikat-deutsch-01-19-01-22-1200x675.jpg 1200w, https:\/\/renner-pumpen.de\/wp-content\/uploads\/dqs-zertifikat-deutsch-01-19-01-22.jpg 1920w\" sizes=\"(max-width: 850px) 100vw, 1200px\" \/><\/span><\/div><\/div><\/div><div class=\"fusion-clearfix\"><\/div><\/div><\/div><\/div><\/div><div class=\"fusion-fullwidth fullwidth-box fusion-builder-row-4 framed round nonhundred-percent-fullwidth non-hundred-percent-height-scrolling fusion-equal-height-columns\" style=\"--awb-background-position:right center;--awb-border-radius-top-left:0px;--awb-border-radius-top-right:0px;--awb-border-radius-bottom-right:0px;--awb-border-radius-bottom-left:0px;--awb-padding-top:40px;--awb-padding-bottom:60px;--awb-background-color:rgba(255,255,255,0);--awb-flex-wrap:wrap;\" ><div class=\"fusion-builder-row fusion-row\"><div class=\"fusion-layout-column fusion_builder_column fusion-builder-column-6 fusion_builder_column_2_3 2_3 fusion-two-third fusion-column-first\" style=\"--awb-bg-size:cover;width:66.666666666667%;width:calc(66.666666666667% - ( ( 4% ) * 0.66666666666667 ) );margin-right: 4%;\"><div class=\"fusion-column-wrapper fusion-flex-column-wrapper-legacy\"><div class=\"fusion-column-content-centered\"><div class=\"fusion-column-content\"><div class=\"fusion-image-element in-legacy-container\" style=\"--awb-caption-title-font-family:var(--h2_typography-font-family);--awb-caption-title-font-weight:var(--h2_typography-font-weight);--awb-caption-title-font-style:var(--h2_typography-font-style);--awb-caption-title-size:var(--h2_typography-font-size);--awb-caption-title-transform:var(--h2_typography-text-transform);--awb-caption-title-line-height:var(--h2_typography-line-height);--awb-caption-title-letter-spacing:var(--h2_typography-letter-spacing);\"><span class=\" fusion-imageframe imageframe-none imageframe-2 hover-type-none\"><img decoding=\"async\" width=\"1280\" height=\"720\" title=\"renner-gespraech-martin-renner\" src=\"https:\/\/renner-pumpen.de\/wp-content\/uploads\/renner-gespraech-martin-renner-1280x720.jpg\" alt class=\"img-responsive wp-image-46\" srcset=\"https:\/\/renner-pumpen.de\/wp-content\/uploads\/renner-gespraech-martin-renner-200x113.jpg 200w, https:\/\/renner-pumpen.de\/wp-content\/uploads\/renner-gespraech-martin-renner-400x225.jpg 400w, https:\/\/renner-pumpen.de\/wp-content\/uploads\/renner-gespraech-martin-renner-600x338.jpg 600w, https:\/\/renner-pumpen.de\/wp-content\/uploads\/renner-gespraech-martin-renner-800x450.jpg 800w, https:\/\/renner-pumpen.de\/wp-content\/uploads\/renner-gespraech-martin-renner-1200x675.jpg 1200w, https:\/\/renner-pumpen.de\/wp-content\/uploads\/renner-gespraech-martin-renner.jpg 1920w\" sizes=\"(max-width: 850px) 100vw, 1200px\" \/><\/span><\/div><\/div><\/div><div class=\"fusion-clearfix\"><\/div><\/div><\/div><div class=\"fusion-layout-column fusion_builder_column fusion-builder-column-7 fusion_builder_column_1_3 1_3 fusion-one-third fusion-column-last\" style=\"--awb-bg-size:cover;width:33.333333333333%;width:calc(33.333333333333% - ( ( 4% ) * 0.33333333333333 ) );\"><div class=\"fusion-column-wrapper fusion-flex-column-wrapper-legacy\"><div class=\"fusion-column-content-centered\"><div class=\"fusion-column-content\"><div class=\"fusion-title title fusion-title-3 fusion-sep-none fusion-title-text fusion-title-size-two\"><h2 class=\"fusion-title-heading title-heading-left\" style=\"margin:0;\">Hohe Produktverf\u00fcgbarkeit durch digitalisierte Prozesse<\/h2><\/div><div class=\"fusion-title title fusion-title-4 fusion-sep-none fusion-title-text fusion-title-size-five\"><h5 class=\"fusion-title-heading title-heading-left\" style=\"margin:0;\">Kurze Lieferzeiten trotz variantenreichem Produktspektrum<\/h5><\/div><div class=\"fusion-text fusion-text-5\"><p>Ein ausgekl\u00fcgeltes Baukasten-System mit \u00fcber 14.000 vorr\u00e4tig gelagerten Artikeln ist bei RENNER bereits von Anfang an etabliert. Zur weiteren Verk\u00fcrzung der Lieferzeiten bei gleichzeitiger Sicherung der hohen Montagequalit\u00e4t geht RENNER nun noch einen Schritt weiter und setzt auf <strong>Digitalisierung des Auftragsprozesses im Sinne von Industrie 4.0<\/strong>. Der komplette Auftragsdurchlauf \u2013 von der Produkt-Konfiguration und -Bestellung durch den Kunden bis zur Auslieferung \u2013 wurde zun\u00e4chst mit Methoden des Lean-Managements optimiert und anschlie\u00dfend digital vernetzt.<\/p>\n<p>Das oberste Ziel war dabei, das <strong>kundenspezifisch ben\u00f6tigte Produkt \u201ejust-in-time\u201c liefern<\/strong> zu k\u00f6nnen.<br \/>\nDie in der flexiblen Varianten-Konstruktion bei RENNER bereits seit vielen Jahren mit Erfolg eingesetzten L\u00f6sungen wurde nun auch im Auftrags- und Montageprozess umgesetzt. Mittels einer durchg\u00e4ngigen, digitalen Prozesskette und einer <strong>computergesteuerten \u201estep by step\u201c Montage<\/strong>, konnte nun auch dieser Arbeitsvorgang enorm beschleunigt werden.<\/p>\n<\/div><div class=\"fusion-text fusion-text-6\"><div class='yrm-content yrm-content-2' id='yrm-GLnhj' data-show-status='false'>\n\t\t\t<div id='yrm-cntent-2' class='yrm-inner-content-wrapper yrm-cntent-2'><\/p>\n<p>Damit sorgt die neue Montagelinie f\u00fcr einen optimalen, effizienten Arbeitsprozess und verk\u00fcrzt die Montagezeiten auf ein Minimum bei gleichbleibendem, bekannt hohem RENNER Qualit\u00e4t-Level.<\/p>\n<p>F\u00fcr unsere Kunden lohnt sich das gleich mehrfach. Eine noch <strong>gr\u00f6\u00dfere Produktverf\u00fcgbarkeit bei hoher Variantenvielfalt<\/strong> geht Hand in Hand mit der <strong>gewohnt hohen RENNER-Liefertreue<\/strong> und <strong>noch k\u00fcrzeren Lieferzeiten<\/strong>. Durch diese zukunftsf\u00e4hige Sicherung der Gesamtqualit\u00e4t liefert Renner einen weiteren Garant f\u00fcr h\u00f6chste Kundenzufriedenheit.<\/p>\n<p><\/div>\n\t\t<\/div><div class='yrm-btn-wrapper yrm-btn-wrapper-2'><span title='' data-less-title='' data-more-title='' class='yrm-toggle-expand  yrm-toggle-expand-2 yrm-button-auto-mode' data-rel='yrm-GLnhj' data-more='Mehr erfahren' data-less='Text verringern'><span class='yrm-text-wrapper '><span class=\"yrm-button-text-2\">Mehr erfahren<\/span><\/span><\/span><\/div>\n<\/div><\/div><\/div><div class=\"fusion-clearfix\"><\/div><\/div><\/div><\/div><\/div><\/p>\n","protected":false},"excerpt":{"rendered":"","protected":false},"author":1,"featured_media":0,"parent":77,"menu_order":2400,"comment_status":"closed","ping_status":"closed","template":"100-width.php","meta":{"footnotes":""},"class_list":["post-88","page","type-page","status-publish","hentry"],"yoast_head":"<!-- This site is optimized with the Yoast SEO plugin v25.5 - https:\/\/yoast.com\/wordpress\/plugins\/seo\/ -->\n<title>Qualit\u00e4t: Auszeichnungen und Zertifikate von RENNER<\/title>\n<meta name=\"description\" content=\"RENNER Pumpen und Filter sind f\u00fcr Ihre ausgezeichnete Qualit\u00e4t bekannt und nach DQS ISO 9001 : 2008 zertifiziert.\" \/>\n<meta name=\"robots\" content=\"index, follow, max-snippet:-1, max-image-preview:large, max-video-preview:-1\" \/>\n<link rel=\"canonical\" href=\"https:\/\/renner-pumpen.de\/de\/unternehmen\/qualitaet\/\" \/>\n<meta property=\"og:locale\" content=\"de_DE\" \/>\n<meta property=\"og:type\" content=\"article\" \/>\n<meta property=\"og:title\" content=\"Qualit\u00e4t: Auszeichnungen und Zertifikate von RENNER\" \/>\n<meta property=\"og:description\" content=\"RENNER Pumpen und Filter sind f\u00fcr Ihre ausgezeichnete Qualit\u00e4t bekannt und nach DQS ISO 9001 : 2008 zertifiziert.\" \/>\n<meta property=\"og:url\" content=\"https:\/\/renner-pumpen.de\/de\/unternehmen\/qualitaet\/\" \/>\n<meta property=\"og:site_name\" content=\"Renner Pumpen\" \/>\n<meta property=\"article:modified_time\" content=\"2022-02-02T06:42:22+00:00\" \/>\n<meta name=\"twitter:card\" content=\"summary_large_image\" \/>\n<meta name=\"twitter:label1\" content=\"Gesch\u00e4tzte Lesezeit\" \/>\n\t<meta name=\"twitter:data1\" content=\"13\u00a0Minuten\" \/>\n<script type=\"application\/ld+json\" class=\"yoast-schema-graph\">{\"@context\":\"https:\/\/schema.org\",\"@graph\":[{\"@type\":\"WebPage\",\"@id\":\"https:\/\/renner-pumpen.de\/de\/unternehmen\/qualitaet\/\",\"url\":\"https:\/\/renner-pumpen.de\/de\/unternehmen\/qualitaet\/\",\"name\":\"Qualit\u00e4t: Auszeichnungen und Zertifikate von RENNER\",\"isPartOf\":{\"@id\":\"https:\/\/renner-pumpen.de\/de\/#website\"},\"datePublished\":\"2019-09-12T13:29:11+00:00\",\"dateModified\":\"2022-02-02T06:42:22+00:00\",\"description\":\"RENNER Pumpen und Filter sind f\u00fcr Ihre ausgezeichnete Qualit\u00e4t bekannt und nach DQS ISO 9001 : 2008 zertifiziert.\",\"breadcrumb\":{\"@id\":\"https:\/\/renner-pumpen.de\/de\/unternehmen\/qualitaet\/#breadcrumb\"},\"inLanguage\":\"de\",\"potentialAction\":[{\"@type\":\"ReadAction\",\"target\":[\"https:\/\/renner-pumpen.de\/de\/unternehmen\/qualitaet\/\"]}]},{\"@type\":\"BreadcrumbList\",\"@id\":\"https:\/\/renner-pumpen.de\/de\/unternehmen\/qualitaet\/#breadcrumb\",\"itemListElement\":[{\"@type\":\"ListItem\",\"position\":1,\"name\":\"Startseite\",\"item\":\"https:\/\/renner-pumpen.de\/de\/\"},{\"@type\":\"ListItem\",\"position\":2,\"name\":\"Unternehmen\",\"item\":\"https:\/\/renner-pumpen.de\/de\/unternehmen\/\"},{\"@type\":\"ListItem\",\"position\":3,\"name\":\"Qualit\u00e4t\"}]},{\"@type\":\"WebSite\",\"@id\":\"https:\/\/renner-pumpen.de\/de\/#website\",\"url\":\"https:\/\/renner-pumpen.de\/de\/\",\"name\":\"Renner Pumpen\",\"description\":\"Innovationen sichern die Zukunft.\",\"potentialAction\":[{\"@type\":\"SearchAction\",\"target\":{\"@type\":\"EntryPoint\",\"urlTemplate\":\"https:\/\/renner-pumpen.de\/de\/?s={search_term_string}\"},\"query-input\":{\"@type\":\"PropertyValueSpecification\",\"valueRequired\":true,\"valueName\":\"search_term_string\"}}],\"inLanguage\":\"de\"}]}<\/script>\n<!-- \/ Yoast SEO plugin. -->","yoast_head_json":{"title":"Qualit\u00e4t: Auszeichnungen und Zertifikate von RENNER","description":"RENNER Pumpen und Filter sind f\u00fcr Ihre ausgezeichnete Qualit\u00e4t bekannt und nach DQS ISO 9001 : 2008 zertifiziert.","robots":{"index":"index","follow":"follow","max-snippet":"max-snippet:-1","max-image-preview":"max-image-preview:large","max-video-preview":"max-video-preview:-1"},"canonical":"https:\/\/renner-pumpen.de\/de\/unternehmen\/qualitaet\/","og_locale":"de_DE","og_type":"article","og_title":"Qualit\u00e4t: Auszeichnungen und Zertifikate von RENNER","og_description":"RENNER Pumpen und Filter sind f\u00fcr Ihre ausgezeichnete Qualit\u00e4t bekannt und nach DQS ISO 9001 : 2008 zertifiziert.","og_url":"https:\/\/renner-pumpen.de\/de\/unternehmen\/qualitaet\/","og_site_name":"Renner Pumpen","article_modified_time":"2022-02-02T06:42:22+00:00","twitter_card":"summary_large_image","twitter_misc":{"Gesch\u00e4tzte Lesezeit":"13\u00a0Minuten"},"schema":{"@context":"https:\/\/schema.org","@graph":[{"@type":"WebPage","@id":"https:\/\/renner-pumpen.de\/de\/unternehmen\/qualitaet\/","url":"https:\/\/renner-pumpen.de\/de\/unternehmen\/qualitaet\/","name":"Qualit\u00e4t: Auszeichnungen und Zertifikate von RENNER","isPartOf":{"@id":"https:\/\/renner-pumpen.de\/de\/#website"},"datePublished":"2019-09-12T13:29:11+00:00","dateModified":"2022-02-02T06:42:22+00:00","description":"RENNER Pumpen und Filter sind f\u00fcr Ihre ausgezeichnete Qualit\u00e4t bekannt und nach DQS ISO 9001 : 2008 zertifiziert.","breadcrumb":{"@id":"https:\/\/renner-pumpen.de\/de\/unternehmen\/qualitaet\/#breadcrumb"},"inLanguage":"de","potentialAction":[{"@type":"ReadAction","target":["https:\/\/renner-pumpen.de\/de\/unternehmen\/qualitaet\/"]}]},{"@type":"BreadcrumbList","@id":"https:\/\/renner-pumpen.de\/de\/unternehmen\/qualitaet\/#breadcrumb","itemListElement":[{"@type":"ListItem","position":1,"name":"Startseite","item":"https:\/\/renner-pumpen.de\/de\/"},{"@type":"ListItem","position":2,"name":"Unternehmen","item":"https:\/\/renner-pumpen.de\/de\/unternehmen\/"},{"@type":"ListItem","position":3,"name":"Qualit\u00e4t"}]},{"@type":"WebSite","@id":"https:\/\/renner-pumpen.de\/de\/#website","url":"https:\/\/renner-pumpen.de\/de\/","name":"Renner Pumpen","description":"Innovationen sichern die Zukunft.","potentialAction":[{"@type":"SearchAction","target":{"@type":"EntryPoint","urlTemplate":"https:\/\/renner-pumpen.de\/de\/?s={search_term_string}"},"query-input":{"@type":"PropertyValueSpecification","valueRequired":true,"valueName":"search_term_string"}}],"inLanguage":"de"}]}},"_links":{"self":[{"href":"https:\/\/renner-pumpen.de\/de\/wp-json\/wp\/v2\/pages\/88","targetHints":{"allow":["GET"]}}],"collection":[{"href":"https:\/\/renner-pumpen.de\/de\/wp-json\/wp\/v2\/pages"}],"about":[{"href":"https:\/\/renner-pumpen.de\/de\/wp-json\/wp\/v2\/types\/page"}],"author":[{"embeddable":true,"href":"https:\/\/renner-pumpen.de\/de\/wp-json\/wp\/v2\/users\/1"}],"replies":[{"embeddable":true,"href":"https:\/\/renner-pumpen.de\/de\/wp-json\/wp\/v2\/comments?post=88"}],"version-history":[{"count":32,"href":"https:\/\/renner-pumpen.de\/de\/wp-json\/wp\/v2\/pages\/88\/revisions"}],"predecessor-version":[{"id":13383,"href":"https:\/\/renner-pumpen.de\/de\/wp-json\/wp\/v2\/pages\/88\/revisions\/13383"}],"up":[{"embeddable":true,"href":"https:\/\/renner-pumpen.de\/de\/wp-json\/wp\/v2\/pages\/77"}],"wp:attachment":[{"href":"https:\/\/renner-pumpen.de\/de\/wp-json\/wp\/v2\/media?parent=88"}],"curies":[{"name":"wp","href":"https:\/\/api.w.org\/{rel}","templated":true}]}}