{"id":9038,"date":"2020-03-06T16:50:54","date_gmt":"2020-03-06T15:50:54","guid":{"rendered":"https:\/\/renner-pumpen.de\/produkt\/rms-2-1-typ-9-8\/"},"modified":"2022-11-07T13:54:29","modified_gmt":"2022-11-07T12:54:29","slug":"rms-2-1-typ-9-8","status":"publish","type":"product","link":"https:\/\/renner-pumpen.de\/de\/produkt\/rms-2-1-typ-9-8\/","title":{"rendered":"RMS 2.1 Typ 9\/8"},"content":{"rendered":"\n<table id=\"tablepress-45\" class=\"tablepress tablepress-id-45 tbody-has-connected-cells\">\n<tbody class=\"row-striping row-hover\">\n<tr class=\"row-1\">\n\t<td class=\"column-1\">Werkstoffe **<\/td><td class=\"column-2\"><\/td><td class=\"column-3\">PPS<\/td><td class=\"column-4\">PVDF<\/td>\n<\/tr>\n<tr class=\"row-2\">\n\t<td class=\"column-1\">Max. F\u00f6rderh\u00f6he<\/td><td class=\"column-2\">[mWS]<\/td><td class=\"column-3\">8<\/td><td class=\"column-4\">6<\/td>\n<\/tr>\n<tr class=\"row-3\">\n\t<td class=\"column-1\">Max. Volumenstrom<\/td><td class=\"column-2\">[l\/min.]<\/td><td class=\"column-3\">10<\/td><td class=\"column-4\">8<\/td>\n<\/tr>\n<tr class=\"row-4\">\n\t<td class=\"column-1\">Motorleistung<\/td><td class=\"column-2\">[W]<\/td><td class=\"column-3\">370<\/td><td class=\"column-4\">370<\/td>\n<\/tr>\n<tr class=\"row-5\">\n\t<td class=\"column-1\">Max. Dichte<\/td><td class=\"column-2\">[g\/cm\u00b3]<\/td><td class=\"column-3\">2<\/td><td class=\"column-4\">2<\/td>\n<\/tr>\n<tr class=\"row-6\">\n\t<td class=\"column-1\">Nenndrehzahl bei 50\/\/60Hz<\/td><td class=\"column-2\">[U\/min.]<\/td><td class=\"column-3\">1450 \/\/ 1750<\/td><td class=\"column-4\">1450 \/\/ 1750<\/td>\n<\/tr>\n<tr class=\"row-7\">\n\t<td class=\"column-1\">Frequenz<\/td><td class=\"column-2\">[Hz]<\/td><td class=\"column-3\">50 \/\/ 60<\/td><td class=\"column-4\">50 \/\/ 60<\/td>\n<\/tr>\n<tr class=\"row-8\">\n\t<td class=\"column-1\">Nennstrom   *<\/td><td class=\"column-2\">[A]<\/td><td class=\"column-3\">1,21<\/td><td class=\"column-4\">1,21<\/td>\n<\/tr>\n<tr class=\"row-9\">\n\t<td class=\"column-1\">Schutzart<\/td><td class=\"column-2\"><\/td><td class=\"column-3\">IP55<\/td><td class=\"column-4\">IP55<\/td>\n<\/tr>\n<tr class=\"row-10\">\n\t<td class=\"column-1\">Max. Flie\u00dfgeschwindigkeit<\/td><td class=\"column-2\">[m\/s]<\/td><td class=\"column-3\">Saugseite 1  \/  Druckseite 3<\/td><td class=\"column-4\">Saugseite 1  \/  Druckseite 3<\/td>\n<\/tr>\n<tr class=\"row-11\">\n\t<td class=\"column-1\">Max. Systemdruck bei 20 \u00b0C<\/td><td class=\"column-2\">[bar]<\/td><td class=\"column-3\">8<\/td><td class=\"column-4\">6<\/td>\n<\/tr>\n<tr class=\"row-12\">\n\t<td class=\"column-1\">Max. Temperatur<\/td><td class=\"column-2\">[\u00b0 C]<\/td><td class=\"column-3\">100<\/td><td class=\"column-4\">80<\/td>\n<\/tr>\n<tr class=\"row-13\">\n\t<td class=\"column-1\">Viskosit\u00e4t<\/td><td class=\"column-2\">[mPa s]<\/td><td class=\"column-3\">< 160<\/td><td class=\"column-4\">< 160<\/td>\n<\/tr>\n<tr class=\"row-14\">\n\t<td class=\"column-1\">Abmessungen<\/td><td class=\"column-2\">[mm]<\/td><td class=\"column-3\">390 x 132 x 126,5<\/td><td class=\"column-4\">390 x 132 x 126,5<\/td>\n<\/tr>\n<tr class=\"row-15\">\n\t<td class=\"column-1\">Anschluss Saugseite<\/td><td class=\"column-2\"><\/td><td class=\"column-3\">G \u00bd\u201c IG<\/td><td class=\"column-4\">G \u00bd\u201c IG<\/td>\n<\/tr>\n<tr class=\"row-16\">\n\t<td class=\"column-1\">Anschluss Druckseite<\/td><td class=\"column-2\"><\/td><td class=\"column-3\">G \u00bd\u201c IG<\/td><td class=\"column-4\">G \u00bd\u201c IG<\/td>\n<\/tr>\n<tr class=\"row-17\">\n\t<td class=\"column-1\">Gewicht<\/td><td class=\"column-2\">[kg]<\/td><td class=\"column-3\">7<\/td><td class=\"column-4\">9,5<\/td>\n<\/tr>\n<tr class=\"row-18\">\n\t<td colspan=\"4\" class=\"column-1\">*andere Spannungen und Frequenzen jederzeit m\u00f6glich<br \/>\n<br \/>\n** Hinweis:  Bei der Auswahl der Werkstoffe muss neben der Temperaturbest\u00e4ndigkeit auch die chemische Best\u00e4ndigkeit in Abh\u00e4ngigkeit vom zu f\u00f6rdernden Medium beachtet werden.<br \/>\n<\/td>\n<\/tr>\n<\/tbody>\n<\/table>\n<!-- #tablepress-45 from cache -->\n","protected":false},"excerpt":{"rendered":"<h2><span style='color: #009bff'>Magnetkreiselpumpe RMS 2.1 Typ 9\/8<\/span><\/h2>\n<p>4-polige, selbstsaugende, Magnetisch gekuppelte Kreiselpumpe einstufig, horizontal, normal ansaugend, in Blockbauweis.<\/p>\n<p>Speziell zur F\u00f6rderung von aggressiven Medien-> 100% leckagefrei durch ber\u00fchrungslose Kraft\u00fcbertragung mittels Magnetkupplung.[wpdm_package id='2201' template='5e4a96f53ef55' cols=1]<\/p>\n","protected":false},"featured_media":2516,"template":"","meta":[],"product_brand":[],"product_cat":[324,193],"product_tag":[],"class_list":{"0":"post-9038","1":"product","2":"type-product","3":"status-publish","4":"has-post-thumbnail","6":"product_cat-magnetkreiselpumpe","7":"product_cat-magnetkreiselpumpe-rms-2-1","8":"pa_bauart-hermetisch-dicht","9":"pa_bauart-selbstansaugend","10":"pa_bestseller-alle","11":"pa_bestseller-nur-bestseller","12":"pa_bevorzugte-antriebstechnik-drehstrom-asynchron-ie2--075-kw","13":"pa_bevorzugte-antriebstechnik-drehstrom-asynchron-ie3","14":"pa_bevorzugte-antriebstechnik-permanentmagnet-synchron-ie4","15":"pa_bevorzugte-antriebstechnik-wechselstrom-1-ph","16":"pa_datenblatt-ein-aus-616","17":"pa_drehzahl-1450-u-min-50-hz","18":"pa_einbausituation-aufstellung-horizontal-ausserhalb-vom-tank-bei-rm","19":"pa_frequenzumrichter-betrieb-ja-fu-auf-motor-aufgebaut","20":"pa_frequenzumrichter-betrieb-ja-fu-im-schaltschrank","21":"pa_frequenzumrichter-betrieb-nein","22":"pa_geplante-foerderhoehe-h-2-5","23":"pa_geplante-foerderhoehe-h-5-10","24":"pa_geplante-foerdermenge-q-1-30","25":"pa_h-max-185","26":"pa_kombinationen-h2-5_q1-30","27":"pa_kombinationen-h5-10_q1-30","28":"pa_motor-schutzart-explosionsgeschutzt-atex","29":"pa_motor-schutzart-ip55-standard","30":"pa_motor-schutzart-ip56","31":"pa_pumpentyp-magnetkreiselpumpe","32":"pa_q-max-192","33":"pa_stillstandheizung-ja","34":"pa_stillstandheizung-nein","35":"pa_thermoschutz-3-kaltleiter","36":"pa_thermoschutz-ohne","37":"pa_thermoschutz-thermoschalter","38":"pa_tropenisolation-ja","39":"pa_tropenisolation-nein","40":"pa_viskositaet--160-mpas","41":"pa_zubehoer-kabel-mit-stecker","42":"pa_zubehoer-npt-adapter","43":"pa_zubehoer-schlauchstecker","45":"first","46":"instock","47":"sold-individually","48":"purchasable","49":"product-type-simple"},"yoast_head":"<!-- This site is optimized with the Yoast SEO plugin v25.5 - https:\/\/yoast.com\/wordpress\/plugins\/seo\/ -->\n<title>RMS 2.1 Typ 9\/8 von Renner Pumpen<\/title>\n<meta name=\"description\" content=\"Erfahren Sie mehr zu: 4-polige, selbstsaugende, Magnetisch gekuppelte Kreiselpumpe einstufig, horizontal, normal ansaugend, in Blockbauweis. Speziell zur F\u00f6rderung von aggressiven Medien-&gt; 100% leckagefrei durch ber\u00fchrungslose Kraft\u00fcbertragung mittels Magnetkupplung.\" \/>\n<meta name=\"robots\" content=\"index, follow, max-snippet:-1, max-image-preview:large, max-video-preview:-1\" \/>\n<link rel=\"canonical\" href=\"https:\/\/renner-pumpen.de\/de\/produkt\/rms-2-1-typ-9-8\/\" \/>\n<meta property=\"og:locale\" content=\"de_DE\" \/>\n<meta property=\"og:type\" content=\"article\" \/>\n<meta property=\"og:title\" content=\"RMS 2.1 Typ 9\/8 von Renner Pumpen\" \/>\n<meta property=\"og:description\" content=\"Erfahren Sie mehr zu: 4-polige, selbstsaugende, Magnetisch gekuppelte Kreiselpumpe einstufig, horizontal, normal ansaugend, in Blockbauweis. Speziell zur F\u00f6rderung von aggressiven Medien-&gt; 100% leckagefrei durch ber\u00fchrungslose Kraft\u00fcbertragung mittels Magnetkupplung.\" \/>\n<meta property=\"og:url\" content=\"https:\/\/renner-pumpen.de\/de\/produkt\/rms-2-1-typ-9-8\/\" \/>\n<meta property=\"og:site_name\" content=\"Renner Pumpen\" \/>\n<meta property=\"article:modified_time\" content=\"2022-11-07T12:54:29+00:00\" \/>\n<meta property=\"og:image\" content=\"https:\/\/renner-pumpen.de\/wp-content\/uploads\/renner-produkte-magnetkreiselpumpen-baureihe-rms-2-1.png\" \/>\n\t<meta property=\"og:image:width\" content=\"1200\" \/>\n\t<meta property=\"og:image:height\" content=\"850\" \/>\n\t<meta property=\"og:image:type\" content=\"image\/png\" \/>\n<meta name=\"twitter:card\" content=\"summary_large_image\" \/>\n<meta name=\"twitter:title\" content=\"RMS 2.1 Typ 9\/8 von Renner Pumpen\" \/>\n<script type=\"application\/ld+json\" class=\"yoast-schema-graph\">{\"@context\":\"https:\/\/schema.org\",\"@graph\":[{\"@type\":\"WebPage\",\"@id\":\"https:\/\/renner-pumpen.de\/de\/produkt\/rms-2-1-typ-9-8\/\",\"url\":\"https:\/\/renner-pumpen.de\/de\/produkt\/rms-2-1-typ-9-8\/\",\"name\":\"RMS 2.1 Typ 9\/8 von Renner Pumpen\",\"isPartOf\":{\"@id\":\"https:\/\/renner-pumpen.de\/de\/#website\"},\"primaryImageOfPage\":{\"@id\":\"https:\/\/renner-pumpen.de\/de\/produkt\/rms-2-1-typ-9-8\/#primaryimage\"},\"image\":{\"@id\":\"https:\/\/renner-pumpen.de\/de\/produkt\/rms-2-1-typ-9-8\/#primaryimage\"},\"thumbnailUrl\":\"https:\/\/renner-pumpen.de\/wp-content\/uploads\/renner-produkte-magnetkreiselpumpen-baureihe-rms-2-1.png\",\"datePublished\":\"2020-03-06T15:50:54+00:00\",\"dateModified\":\"2022-11-07T12:54:29+00:00\",\"description\":\"Erfahren Sie mehr zu: 4-polige, selbstsaugende, Magnetisch gekuppelte Kreiselpumpe einstufig, horizontal, normal ansaugend, in Blockbauweis. Speziell zur F\u00f6rderung von aggressiven Medien-> 100% leckagefrei durch ber\u00fchrungslose Kraft\u00fcbertragung mittels Magnetkupplung.\",\"breadcrumb\":{\"@id\":\"https:\/\/renner-pumpen.de\/de\/produkt\/rms-2-1-typ-9-8\/#breadcrumb\"},\"inLanguage\":\"de\",\"potentialAction\":[{\"@type\":\"ReadAction\",\"target\":[\"https:\/\/renner-pumpen.de\/de\/produkt\/rms-2-1-typ-9-8\/\"]}]},{\"@type\":\"ImageObject\",\"inLanguage\":\"de\",\"@id\":\"https:\/\/renner-pumpen.de\/de\/produkt\/rms-2-1-typ-9-8\/#primaryimage\",\"url\":\"https:\/\/renner-pumpen.de\/wp-content\/uploads\/renner-produkte-magnetkreiselpumpen-baureihe-rms-2-1.png\",\"contentUrl\":\"https:\/\/renner-pumpen.de\/wp-content\/uploads\/renner-produkte-magnetkreiselpumpen-baureihe-rms-2-1.png\",\"width\":1200,\"height\":850},{\"@type\":\"BreadcrumbList\",\"@id\":\"https:\/\/renner-pumpen.de\/de\/produkt\/rms-2-1-typ-9-8\/#breadcrumb\",\"itemListElement\":[{\"@type\":\"ListItem\",\"position\":1,\"name\":\"Startseite\",\"item\":\"https:\/\/renner-pumpen.de\/de\/\"},{\"@type\":\"ListItem\",\"position\":2,\"name\":\"Shop\",\"item\":\"https:\/\/renner-pumpen.de\/de\/shop\/\"},{\"@type\":\"ListItem\",\"position\":3,\"name\":\"RMS 2.1 Typ 9\/8\"}]},{\"@type\":\"WebSite\",\"@id\":\"https:\/\/renner-pumpen.de\/de\/#website\",\"url\":\"https:\/\/renner-pumpen.de\/de\/\",\"name\":\"Renner Pumpen\",\"description\":\"Innovationen sichern die Zukunft.\",\"potentialAction\":[{\"@type\":\"SearchAction\",\"target\":{\"@type\":\"EntryPoint\",\"urlTemplate\":\"https:\/\/renner-pumpen.de\/de\/?s={search_term_string}\"},\"query-input\":{\"@type\":\"PropertyValueSpecification\",\"valueRequired\":true,\"valueName\":\"search_term_string\"}}],\"inLanguage\":\"de\"}]}<\/script>\n<!-- \/ Yoast SEO plugin. -->","yoast_head_json":{"title":"RMS 2.1 Typ 9\/8 von Renner Pumpen","description":"Erfahren Sie mehr zu: 4-polige, selbstsaugende, Magnetisch gekuppelte Kreiselpumpe einstufig, horizontal, normal ansaugend, in Blockbauweis. Speziell zur F\u00f6rderung von aggressiven Medien-> 100% leckagefrei durch ber\u00fchrungslose Kraft\u00fcbertragung mittels Magnetkupplung.","robots":{"index":"index","follow":"follow","max-snippet":"max-snippet:-1","max-image-preview":"max-image-preview:large","max-video-preview":"max-video-preview:-1"},"canonical":"https:\/\/renner-pumpen.de\/de\/produkt\/rms-2-1-typ-9-8\/","og_locale":"de_DE","og_type":"article","og_title":"RMS 2.1 Typ 9\/8 von Renner Pumpen","og_description":"Erfahren Sie mehr zu: 4-polige, selbstsaugende, Magnetisch gekuppelte Kreiselpumpe einstufig, horizontal, normal ansaugend, in Blockbauweis. Speziell zur F\u00f6rderung von aggressiven Medien-> 100% leckagefrei durch ber\u00fchrungslose Kraft\u00fcbertragung mittels Magnetkupplung.","og_url":"https:\/\/renner-pumpen.de\/de\/produkt\/rms-2-1-typ-9-8\/","og_site_name":"Renner Pumpen","article_modified_time":"2022-11-07T12:54:29+00:00","og_image":[{"width":1200,"height":850,"url":"https:\/\/renner-pumpen.de\/wp-content\/uploads\/renner-produkte-magnetkreiselpumpen-baureihe-rms-2-1.png","type":"image\/png"}],"twitter_card":"summary_large_image","twitter_title":"RMS 2.1 Typ 9\/8 von Renner Pumpen","schema":{"@context":"https:\/\/schema.org","@graph":[{"@type":"WebPage","@id":"https:\/\/renner-pumpen.de\/de\/produkt\/rms-2-1-typ-9-8\/","url":"https:\/\/renner-pumpen.de\/de\/produkt\/rms-2-1-typ-9-8\/","name":"RMS 2.1 Typ 9\/8 von Renner Pumpen","isPartOf":{"@id":"https:\/\/renner-pumpen.de\/de\/#website"},"primaryImageOfPage":{"@id":"https:\/\/renner-pumpen.de\/de\/produkt\/rms-2-1-typ-9-8\/#primaryimage"},"image":{"@id":"https:\/\/renner-pumpen.de\/de\/produkt\/rms-2-1-typ-9-8\/#primaryimage"},"thumbnailUrl":"https:\/\/renner-pumpen.de\/wp-content\/uploads\/renner-produkte-magnetkreiselpumpen-baureihe-rms-2-1.png","datePublished":"2020-03-06T15:50:54+00:00","dateModified":"2022-11-07T12:54:29+00:00","description":"Erfahren Sie mehr zu: 4-polige, selbstsaugende, Magnetisch gekuppelte Kreiselpumpe einstufig, horizontal, normal ansaugend, in Blockbauweis. Speziell zur F\u00f6rderung von aggressiven Medien-> 100% leckagefrei durch ber\u00fchrungslose Kraft\u00fcbertragung mittels Magnetkupplung.","breadcrumb":{"@id":"https:\/\/renner-pumpen.de\/de\/produkt\/rms-2-1-typ-9-8\/#breadcrumb"},"inLanguage":"de","potentialAction":[{"@type":"ReadAction","target":["https:\/\/renner-pumpen.de\/de\/produkt\/rms-2-1-typ-9-8\/"]}]},{"@type":"ImageObject","inLanguage":"de","@id":"https:\/\/renner-pumpen.de\/de\/produkt\/rms-2-1-typ-9-8\/#primaryimage","url":"https:\/\/renner-pumpen.de\/wp-content\/uploads\/renner-produkte-magnetkreiselpumpen-baureihe-rms-2-1.png","contentUrl":"https:\/\/renner-pumpen.de\/wp-content\/uploads\/renner-produkte-magnetkreiselpumpen-baureihe-rms-2-1.png","width":1200,"height":850},{"@type":"BreadcrumbList","@id":"https:\/\/renner-pumpen.de\/de\/produkt\/rms-2-1-typ-9-8\/#breadcrumb","itemListElement":[{"@type":"ListItem","position":1,"name":"Startseite","item":"https:\/\/renner-pumpen.de\/de\/"},{"@type":"ListItem","position":2,"name":"Shop","item":"https:\/\/renner-pumpen.de\/de\/shop\/"},{"@type":"ListItem","position":3,"name":"RMS 2.1 Typ 9\/8"}]},{"@type":"WebSite","@id":"https:\/\/renner-pumpen.de\/de\/#website","url":"https:\/\/renner-pumpen.de\/de\/","name":"Renner Pumpen","description":"Innovationen sichern die Zukunft.","potentialAction":[{"@type":"SearchAction","target":{"@type":"EntryPoint","urlTemplate":"https:\/\/renner-pumpen.de\/de\/?s={search_term_string}"},"query-input":{"@type":"PropertyValueSpecification","valueRequired":true,"valueName":"search_term_string"}}],"inLanguage":"de"}]}},"_links":{"self":[{"href":"https:\/\/renner-pumpen.de\/de\/wp-json\/wp\/v2\/product\/9038","targetHints":{"allow":["GET"]}}],"collection":[{"href":"https:\/\/renner-pumpen.de\/de\/wp-json\/wp\/v2\/product"}],"about":[{"href":"https:\/\/renner-pumpen.de\/de\/wp-json\/wp\/v2\/types\/product"}],"wp:featuredmedia":[{"embeddable":true,"href":"https:\/\/renner-pumpen.de\/de\/wp-json\/wp\/v2\/media\/2516"}],"wp:attachment":[{"href":"https:\/\/renner-pumpen.de\/de\/wp-json\/wp\/v2\/media?parent=9038"}],"wp:term":[{"taxonomy":"product_brand","embeddable":true,"href":"https:\/\/renner-pumpen.de\/de\/wp-json\/wp\/v2\/product_brand?post=9038"},{"taxonomy":"product_cat","embeddable":true,"href":"https:\/\/renner-pumpen.de\/de\/wp-json\/wp\/v2\/product_cat?post=9038"},{"taxonomy":"product_tag","embeddable":true,"href":"https:\/\/renner-pumpen.de\/de\/wp-json\/wp\/v2\/product_tag?post=9038"}],"curies":[{"name":"wp","href":"https:\/\/api.w.org\/{rel}","templated":true}]}}