{"id":9045,"date":"2020-03-06T16:50:54","date_gmt":"2020-03-06T15:50:54","guid":{"rendered":"https:\/\/renner-pumpen.de\/produkt\/rm-3-typ-14-180\/"},"modified":"2021-09-03T11:37:42","modified_gmt":"2021-09-03T09:37:42","slug":"rm-3-typ-14-180","status":"publish","type":"product","link":"https:\/\/renner-pumpen.de\/de\/produkt\/rm-3-typ-14-180\/","title":{"rendered":"RM 3 Typ 14\/180"},"content":{"rendered":"\n<table id=\"tablepress-53\" class=\"tablepress tablepress-id-53 tbody-has-connected-cells\">\n<tbody class=\"row-striping row-hover\">\n<tr class=\"row-1\">\n\t<td class=\"column-1\">Werkstoffe **<\/td><td class=\"column-2\"><\/td><td class=\"column-3\">PP \/ PVDF<\/td><td class=\"column-4\">PP \/ PVDF \/ Edelstahl<\/td><td class=\"column-5\">PP \/ PVDF \/ Edelstahl<\/td>\n<\/tr>\n<tr class=\"row-2\">\n\t<td class=\"column-1\">Max. F\u00f6rderh\u00f6he<\/td><td class=\"column-2\">[mWS]<\/td><td class=\"column-3\">14<\/td><td class=\"column-4\">14<\/td><td class=\"column-5\">14<\/td>\n<\/tr>\n<tr class=\"row-3\">\n\t<td class=\"column-1\">Max. Volumenstrom<\/td><td class=\"column-2\">[l\/min.]<\/td><td class=\"column-3\">200<\/td><td class=\"column-4\">200<\/td><td class=\"column-5\">200<\/td>\n<\/tr>\n<tr class=\"row-4\">\n\t<td class=\"column-1\">Motorleistung<\/td><td class=\"column-2\">[W]<\/td><td class=\"column-3\">370<\/td><td class=\"column-4\">550<\/td><td class=\"column-5\">750<\/td>\n<\/tr>\n<tr class=\"row-5\">\n\t<td class=\"column-1\">Max. Dichte<\/td><td class=\"column-2\">[g\/cm\u00b3]<\/td><td class=\"column-3\">1<\/td><td class=\"column-4\">1,5<\/td><td class=\"column-5\">2<\/td>\n<\/tr>\n<tr class=\"row-6\">\n\t<td class=\"column-1\">Nenndrehzahl bei 50\/\/60Hz<\/td><td class=\"column-2\">[U\/min.]<\/td><td class=\"column-3\">2750 \/\/ 3400<\/td><td class=\"column-4\">2750 \/\/ 3400<\/td><td class=\"column-5\">2750 \/\/ 3400<\/td>\n<\/tr>\n<tr class=\"row-7\">\n\t<td class=\"column-1\">Frequenz<\/td><td class=\"column-2\">[Hz]<\/td><td class=\"column-3\">50 \/\/ 60<\/td><td class=\"column-4\">50 \/\/ 60<\/td><td class=\"column-5\">50 \/\/ 60<\/td>\n<\/tr>\n<tr class=\"row-8\">\n\t<td class=\"column-1\">Nennspannung  *<\/td><td class=\"column-2\">[V]<\/td><td class=\"column-3\">Wechselstrom 230  bzw.  Drehstrom 230\/400V<\/td><td class=\"column-4\">Wechselstrom 230  bzw.  Drehstrom 230\/400V<\/td><td class=\"column-5\">Wechselstrom 230  bzw.  Drehstrom 230\/400V<\/td>\n<\/tr>\n<tr class=\"row-9\">\n\t<td class=\"column-1\">Nennstrom   *<\/td><td class=\"column-2\">[A]<\/td><td class=\"column-3\">Wechselstrom  2,7   bzw.  Drehstrom 1,1<\/td><td class=\"column-4\">Wechselstrom  3,5   bzw.  Drehstrom 1,45<\/td><td class=\"column-5\">Wechselstrom  4,8   bzw.  Drehstrom 1,9<\/td>\n<\/tr>\n<tr class=\"row-10\">\n\t<td class=\"column-1\">Nennspannung    (VDC)<\/td><td class=\"column-2\">[V]<\/td><td class=\"column-3\">24<\/td><td class=\"column-4\">24<\/td><td class=\"column-5\">24<\/td>\n<\/tr>\n<tr class=\"row-11\">\n\t<td class=\"column-1\">Nennstrom  (VDC)<\/td><td class=\"column-2\">[A]<\/td><td class=\"column-3\">7,5<\/td><td class=\"column-4\">7,5<\/td><td class=\"column-5\">7,5<\/td>\n<\/tr>\n<tr class=\"row-12\">\n\t<td class=\"column-1\">Schutzart<\/td><td class=\"column-2\"><\/td><td class=\"column-3\">IP55<\/td><td class=\"column-4\">IP55<\/td><td class=\"column-5\">IP55<\/td>\n<\/tr>\n<tr class=\"row-13\">\n\t<td class=\"column-1\">Max. Flie\u00dfgeschwindigkeit<\/td><td class=\"column-2\">[m\/s]<\/td><td class=\"column-3\">Saugseite 1  \/  Druckseite 3<\/td><td class=\"column-4\">Saugseite 1  \/  Druckseite 3<\/td><td class=\"column-5\">Saugseite 1  \/  Druckseite 3<\/td>\n<\/tr>\n<tr class=\"row-14\">\n\t<td class=\"column-1\">Max. Systemdruck bei 20 \u00b0C  PP\/PVDF\/VA  **<\/td><td class=\"column-2\">[bar]<\/td><td class=\"column-3\">2,5  \/  3,5 \/ -<\/td><td class=\"column-4\">2,5  \/  3,5  \/  8,0<\/td><td class=\"column-5\">2,5  \/  3,5  \/ 8,0<\/td>\n<\/tr>\n<tr class=\"row-15\">\n\t<td class=\"column-1\">Max. Temperatur   PP \/ PVDF \/ VA  **<\/td><td class=\"column-2\">[\u00b0 C]<\/td><td class=\"column-3\">80 \/ 95 \/ -<\/td><td class=\"column-4\">80 \/ 95 \/ 100<\/td><td class=\"column-5\">80 \/ 95 \/ 100<\/td>\n<\/tr>\n<tr class=\"row-16\">\n\t<td class=\"column-1\">Viskosit\u00e4t<\/td><td class=\"column-2\">[mPa s]<\/td><td class=\"column-3\">< 160<\/td><td class=\"column-4\">< 160<\/td><td class=\"column-5\">< 160<\/td>\n<\/tr>\n<tr class=\"row-17\">\n\t<td class=\"column-1\">Abmessungen<\/td><td class=\"column-2\">[mm]<\/td><td class=\"column-3\">331 x 163 x 186,5<\/td><td class=\"column-4\">341 x 163 x 186,5<\/td><td class=\"column-5\">387 x 163 x 186,5<\/td>\n<\/tr>\n<tr class=\"row-18\">\n\t<td class=\"column-1\">Anschluss Saugseite<\/td><td class=\"column-2\"><\/td><td class=\"column-3\">G 2\u201c<\/td><td class=\"column-4\">G 2\u201c<\/td><td class=\"column-5\">G 2\u201c<\/td>\n<\/tr>\n<tr class=\"row-19\">\n\t<td class=\"column-1\">Anschluss Druckseite<\/td><td class=\"column-2\"><\/td><td class=\"column-3\">G 1 \u00bd\u201c<\/td><td class=\"column-4\">G 1 \u00bd\u201c<\/td><td class=\"column-5\">G 1 \u00bd\u201c<\/td>\n<\/tr>\n<tr class=\"row-20\">\n\t<td class=\"column-1\">Gewicht   PP \/ PVDF \/ VA<\/td><td class=\"column-2\">[kg]<\/td><td class=\"column-3\">7,0 \/ 7,5 \/ -<\/td><td class=\"column-4\">8,5 \/ 9,0 \/ 11,5<\/td><td class=\"column-5\">12,0 \/ 12,5 \/ 14,5<\/td>\n<\/tr>\n<tr class=\"row-21\">\n\t<td colspan=\"5\" class=\"column-1\">*andere Spannungen und Frequenzen jederzeit m\u00f6glich<br \/>\n<br \/>\n** Hinweis:  Bei der Auswahl der Werkstoffe muss neben der Temperaturbest\u00e4ndigkeit auch die chemische Best\u00e4ndigkeit in Abh\u00e4ngigkeit vom zu f\u00f6rdernden Medium beachtet werden.<br \/>\n<\/td>\n<\/tr>\n<\/tbody>\n<\/table>\n<!-- #tablepress-53 from cache -->\n","protected":false},"excerpt":{"rendered":"<h2><span style=\"color: #009bff;\">Magnetkreiselpumpe RM 3 Typ 14\/180<\/span><\/h2>\n<p>Magnetisch gekuppelte Kreiselpumpe einstufig, horizontal, normal ansaugend, in Blockbauweis.<\/p>\n<p>Speziell zur F\u00f6rderung von aggressiven Medien-&gt; 100% leckagefrei durch ber\u00fchrungslose Kraft\u00fcbertragung mittels Magnetkupplung.[wpdm_package id='2215' template='5e4a96f53ef55' cols=1]<\/p>\n","protected":false},"featured_media":2494,"template":"","meta":[],"product_brand":[],"product_cat":[324,209],"product_tag":[],"class_list":{"0":"post-9045","1":"product","2":"type-product","3":"status-publish","4":"has-post-thumbnail","6":"product_cat-magnetkreiselpumpe","7":"product_cat-magnetkreiselpumpe-rm-3","8":"pa_bauart-hermetisch-dicht","9":"pa_bauart-normalsaugend","10":"pa_bestseller-alle","11":"pa_bestseller-nur-bestseller","12":"pa_bevorzugte-antriebstechnik-drehstrom-asynchron-ie2--075-kw","13":"pa_bevorzugte-antriebstechnik-drehstrom-asynchron-ie3","14":"pa_bevorzugte-antriebstechnik-permanentmagnet-synchron-ie4","15":"pa_bevorzugte-antriebstechnik-wechselstrom-1-ph","16":"pa_datenblatt-ein-aus-616","17":"pa_drehzahl-2900-u-min-50-hz","18":"pa_drehzahl-3500-u-min-60-hz","19":"pa_einbausituation-aufstellung-horizontal-ausserhalb-vom-tank-bei-rm","20":"pa_einbausituation-aufstellung-vertikal-ausserhalb-vom-tank","21":"pa_frequenzumrichter-betrieb-ja-fu-auf-motor-aufgebaut","22":"pa_frequenzumrichter-betrieb-ja-fu-im-schaltschrank","23":"pa_frequenzumrichter-betrieb-nein","24":"pa_geplante-foerderhoehe-h-2-5","25":"pa_geplante-foerderhoehe-h-5-10","26":"pa_geplante-foerderhoehe-h-10-15","27":"pa_geplante-foerdermenge-q-1-30","28":"pa_geplante-foerdermenge-q-30-80","29":"pa_geplante-foerdermenge-q-80-150","30":"pa_geplante-foerdermenge-q-150-300","31":"pa_h-max-212","32":"pa_kombinationen-h10-15_q1-30","33":"pa_kombinationen-h10-15_q30-80","34":"pa_kombinationen-h10-15_q80-150","35":"pa_kombinationen-h2-5_q150-300","36":"pa_kombinationen-h5-10_q150-300","37":"pa_kombinationen-h5-10_q80-150","38":"pa_motor-schutzart-explosionsgeschutzt-atex","39":"pa_motor-schutzart-ip55-standard","40":"pa_motor-schutzart-ip56","41":"pa_motor-schutzart-ip66","42":"pa_motor-schutzart-ip67","43":"pa_motor-schutzart-ip68","44":"pa_pumpentyp-magnetkreiselpumpe","45":"pa_q-max-213","46":"pa_stillstandheizung-ja","47":"pa_stillstandheizung-nein","48":"pa_thermoschutz-3-kaltleiter","49":"pa_thermoschutz-ohne","50":"pa_thermoschutz-thermoschalter","51":"pa_tropenisolation-ja","52":"pa_tropenisolation-nein","53":"pa_viskositaet--160-mpas","54":"pa_zubehoer-elektronischer-prozess-schutz","55":"pa_zubehoer-flansche-ansi","56":"pa_zubehoer-flansche-din","57":"pa_zubehoer-kabel-mit-stecker","58":"pa_zubehoer-npt-adapter","59":"pa_zubehoer-schlauchstecker","61":"first","62":"instock","63":"sold-individually","64":"purchasable","65":"product-type-simple"},"yoast_head":"<!-- This site is optimized with the Yoast SEO plugin v25.5 - https:\/\/yoast.com\/wordpress\/plugins\/seo\/ -->\n<title>RM 3 Typ 14\/180 von Renner Pumpen<\/title>\n<meta name=\"description\" content=\"Erfahren Sie mehr zu: Magnetisch gekuppelte Kreiselpumpe einstufig, horizontal, normal ansaugend, in Blockbauweis. Speziell zur F\u00f6rderung von aggressiven Medien-&gt; 100% leckagefrei durch ber\u00fchrungslose Kraft\u00fcbertragung mittels Magnetkupplung.\" \/>\n<meta name=\"robots\" content=\"index, follow, max-snippet:-1, max-image-preview:large, max-video-preview:-1\" \/>\n<link rel=\"canonical\" href=\"https:\/\/renner-pumpen.de\/de\/produkt\/rm-3-typ-14-180\/\" \/>\n<meta property=\"og:locale\" content=\"de_DE\" \/>\n<meta property=\"og:type\" content=\"article\" \/>\n<meta property=\"og:title\" content=\"RM 3 Typ 14\/180 von Renner Pumpen\" \/>\n<meta property=\"og:description\" content=\"Erfahren Sie mehr zu: Magnetisch gekuppelte Kreiselpumpe einstufig, horizontal, normal ansaugend, in Blockbauweis. Speziell zur F\u00f6rderung von aggressiven Medien-&gt; 100% leckagefrei durch ber\u00fchrungslose Kraft\u00fcbertragung mittels Magnetkupplung.\" \/>\n<meta property=\"og:url\" content=\"https:\/\/renner-pumpen.de\/de\/produkt\/rm-3-typ-14-180\/\" \/>\n<meta property=\"og:site_name\" content=\"Renner Pumpen\" \/>\n<meta property=\"article:modified_time\" content=\"2021-09-03T09:37:42+00:00\" \/>\n<meta property=\"og:image\" content=\"https:\/\/renner-pumpen.de\/wp-content\/uploads\/renner-produkte-magnetkreiselpumpen-baureihe-rm-3.png\" \/>\n\t<meta property=\"og:image:width\" content=\"1200\" \/>\n\t<meta property=\"og:image:height\" content=\"850\" \/>\n\t<meta property=\"og:image:type\" content=\"image\/png\" \/>\n<meta name=\"twitter:card\" content=\"summary_large_image\" \/>\n<meta name=\"twitter:title\" content=\"RM 3 Typ 14\/180 von Renner Pumpen\" \/>\n<meta name=\"twitter:label1\" content=\"Gesch\u00e4tzte Lesezeit\" \/>\n\t<meta name=\"twitter:data1\" content=\"1\u00a0Minute\" \/>\n<script type=\"application\/ld+json\" class=\"yoast-schema-graph\">{\"@context\":\"https:\/\/schema.org\",\"@graph\":[{\"@type\":\"WebPage\",\"@id\":\"https:\/\/renner-pumpen.de\/de\/produkt\/rm-3-typ-14-180\/\",\"url\":\"https:\/\/renner-pumpen.de\/de\/produkt\/rm-3-typ-14-180\/\",\"name\":\"RM 3 Typ 14\/180 von Renner Pumpen\",\"isPartOf\":{\"@id\":\"https:\/\/renner-pumpen.de\/de\/#website\"},\"primaryImageOfPage\":{\"@id\":\"https:\/\/renner-pumpen.de\/de\/produkt\/rm-3-typ-14-180\/#primaryimage\"},\"image\":{\"@id\":\"https:\/\/renner-pumpen.de\/de\/produkt\/rm-3-typ-14-180\/#primaryimage\"},\"thumbnailUrl\":\"https:\/\/renner-pumpen.de\/wp-content\/uploads\/renner-produkte-magnetkreiselpumpen-baureihe-rm-3.png\",\"datePublished\":\"2020-03-06T15:50:54+00:00\",\"dateModified\":\"2021-09-03T09:37:42+00:00\",\"description\":\"Erfahren Sie mehr zu: Magnetisch gekuppelte Kreiselpumpe einstufig, horizontal, normal ansaugend, in Blockbauweis. Speziell zur F\u00f6rderung von aggressiven Medien-> 100% leckagefrei durch ber\u00fchrungslose Kraft\u00fcbertragung mittels Magnetkupplung.\",\"breadcrumb\":{\"@id\":\"https:\/\/renner-pumpen.de\/de\/produkt\/rm-3-typ-14-180\/#breadcrumb\"},\"inLanguage\":\"de\",\"potentialAction\":[{\"@type\":\"ReadAction\",\"target\":[\"https:\/\/renner-pumpen.de\/de\/produkt\/rm-3-typ-14-180\/\"]}]},{\"@type\":\"ImageObject\",\"inLanguage\":\"de\",\"@id\":\"https:\/\/renner-pumpen.de\/de\/produkt\/rm-3-typ-14-180\/#primaryimage\",\"url\":\"https:\/\/renner-pumpen.de\/wp-content\/uploads\/renner-produkte-magnetkreiselpumpen-baureihe-rm-3.png\",\"contentUrl\":\"https:\/\/renner-pumpen.de\/wp-content\/uploads\/renner-produkte-magnetkreiselpumpen-baureihe-rm-3.png\",\"width\":1200,\"height\":850},{\"@type\":\"BreadcrumbList\",\"@id\":\"https:\/\/renner-pumpen.de\/de\/produkt\/rm-3-typ-14-180\/#breadcrumb\",\"itemListElement\":[{\"@type\":\"ListItem\",\"position\":1,\"name\":\"Startseite\",\"item\":\"https:\/\/renner-pumpen.de\/de\/\"},{\"@type\":\"ListItem\",\"position\":2,\"name\":\"Shop\",\"item\":\"https:\/\/renner-pumpen.de\/de\/shop\/\"},{\"@type\":\"ListItem\",\"position\":3,\"name\":\"RM 3 Typ 14\/180\"}]},{\"@type\":\"WebSite\",\"@id\":\"https:\/\/renner-pumpen.de\/de\/#website\",\"url\":\"https:\/\/renner-pumpen.de\/de\/\",\"name\":\"Renner Pumpen\",\"description\":\"Innovationen sichern die Zukunft.\",\"potentialAction\":[{\"@type\":\"SearchAction\",\"target\":{\"@type\":\"EntryPoint\",\"urlTemplate\":\"https:\/\/renner-pumpen.de\/de\/?s={search_term_string}\"},\"query-input\":{\"@type\":\"PropertyValueSpecification\",\"valueRequired\":true,\"valueName\":\"search_term_string\"}}],\"inLanguage\":\"de\"}]}<\/script>\n<!-- \/ Yoast SEO plugin. -->","yoast_head_json":{"title":"RM 3 Typ 14\/180 von Renner Pumpen","description":"Erfahren Sie mehr zu: Magnetisch gekuppelte Kreiselpumpe einstufig, horizontal, normal ansaugend, in Blockbauweis. Speziell zur F\u00f6rderung von aggressiven Medien-> 100% leckagefrei durch ber\u00fchrungslose Kraft\u00fcbertragung mittels Magnetkupplung.","robots":{"index":"index","follow":"follow","max-snippet":"max-snippet:-1","max-image-preview":"max-image-preview:large","max-video-preview":"max-video-preview:-1"},"canonical":"https:\/\/renner-pumpen.de\/de\/produkt\/rm-3-typ-14-180\/","og_locale":"de_DE","og_type":"article","og_title":"RM 3 Typ 14\/180 von Renner Pumpen","og_description":"Erfahren Sie mehr zu: Magnetisch gekuppelte Kreiselpumpe einstufig, horizontal, normal ansaugend, in Blockbauweis. Speziell zur F\u00f6rderung von aggressiven Medien-> 100% leckagefrei durch ber\u00fchrungslose Kraft\u00fcbertragung mittels Magnetkupplung.","og_url":"https:\/\/renner-pumpen.de\/de\/produkt\/rm-3-typ-14-180\/","og_site_name":"Renner Pumpen","article_modified_time":"2021-09-03T09:37:42+00:00","og_image":[{"width":1200,"height":850,"url":"https:\/\/renner-pumpen.de\/wp-content\/uploads\/renner-produkte-magnetkreiselpumpen-baureihe-rm-3.png","type":"image\/png"}],"twitter_card":"summary_large_image","twitter_title":"RM 3 Typ 14\/180 von Renner Pumpen","twitter_misc":{"Gesch\u00e4tzte Lesezeit":"1\u00a0Minute"},"schema":{"@context":"https:\/\/schema.org","@graph":[{"@type":"WebPage","@id":"https:\/\/renner-pumpen.de\/de\/produkt\/rm-3-typ-14-180\/","url":"https:\/\/renner-pumpen.de\/de\/produkt\/rm-3-typ-14-180\/","name":"RM 3 Typ 14\/180 von Renner Pumpen","isPartOf":{"@id":"https:\/\/renner-pumpen.de\/de\/#website"},"primaryImageOfPage":{"@id":"https:\/\/renner-pumpen.de\/de\/produkt\/rm-3-typ-14-180\/#primaryimage"},"image":{"@id":"https:\/\/renner-pumpen.de\/de\/produkt\/rm-3-typ-14-180\/#primaryimage"},"thumbnailUrl":"https:\/\/renner-pumpen.de\/wp-content\/uploads\/renner-produkte-magnetkreiselpumpen-baureihe-rm-3.png","datePublished":"2020-03-06T15:50:54+00:00","dateModified":"2021-09-03T09:37:42+00:00","description":"Erfahren Sie mehr zu: Magnetisch gekuppelte Kreiselpumpe einstufig, horizontal, normal ansaugend, in Blockbauweis. Speziell zur F\u00f6rderung von aggressiven Medien-> 100% leckagefrei durch ber\u00fchrungslose Kraft\u00fcbertragung mittels Magnetkupplung.","breadcrumb":{"@id":"https:\/\/renner-pumpen.de\/de\/produkt\/rm-3-typ-14-180\/#breadcrumb"},"inLanguage":"de","potentialAction":[{"@type":"ReadAction","target":["https:\/\/renner-pumpen.de\/de\/produkt\/rm-3-typ-14-180\/"]}]},{"@type":"ImageObject","inLanguage":"de","@id":"https:\/\/renner-pumpen.de\/de\/produkt\/rm-3-typ-14-180\/#primaryimage","url":"https:\/\/renner-pumpen.de\/wp-content\/uploads\/renner-produkte-magnetkreiselpumpen-baureihe-rm-3.png","contentUrl":"https:\/\/renner-pumpen.de\/wp-content\/uploads\/renner-produkte-magnetkreiselpumpen-baureihe-rm-3.png","width":1200,"height":850},{"@type":"BreadcrumbList","@id":"https:\/\/renner-pumpen.de\/de\/produkt\/rm-3-typ-14-180\/#breadcrumb","itemListElement":[{"@type":"ListItem","position":1,"name":"Startseite","item":"https:\/\/renner-pumpen.de\/de\/"},{"@type":"ListItem","position":2,"name":"Shop","item":"https:\/\/renner-pumpen.de\/de\/shop\/"},{"@type":"ListItem","position":3,"name":"RM 3 Typ 14\/180"}]},{"@type":"WebSite","@id":"https:\/\/renner-pumpen.de\/de\/#website","url":"https:\/\/renner-pumpen.de\/de\/","name":"Renner Pumpen","description":"Innovationen sichern die Zukunft.","potentialAction":[{"@type":"SearchAction","target":{"@type":"EntryPoint","urlTemplate":"https:\/\/renner-pumpen.de\/de\/?s={search_term_string}"},"query-input":{"@type":"PropertyValueSpecification","valueRequired":true,"valueName":"search_term_string"}}],"inLanguage":"de"}]}},"_links":{"self":[{"href":"https:\/\/renner-pumpen.de\/de\/wp-json\/wp\/v2\/product\/9045","targetHints":{"allow":["GET"]}}],"collection":[{"href":"https:\/\/renner-pumpen.de\/de\/wp-json\/wp\/v2\/product"}],"about":[{"href":"https:\/\/renner-pumpen.de\/de\/wp-json\/wp\/v2\/types\/product"}],"wp:featuredmedia":[{"embeddable":true,"href":"https:\/\/renner-pumpen.de\/de\/wp-json\/wp\/v2\/media\/2494"}],"wp:attachment":[{"href":"https:\/\/renner-pumpen.de\/de\/wp-json\/wp\/v2\/media?parent=9045"}],"wp:term":[{"taxonomy":"product_brand","embeddable":true,"href":"https:\/\/renner-pumpen.de\/de\/wp-json\/wp\/v2\/product_brand?post=9045"},{"taxonomy":"product_cat","embeddable":true,"href":"https:\/\/renner-pumpen.de\/de\/wp-json\/wp\/v2\/product_cat?post=9045"},{"taxonomy":"product_tag","embeddable":true,"href":"https:\/\/renner-pumpen.de\/de\/wp-json\/wp\/v2\/product_tag?post=9045"}],"curies":[{"name":"wp","href":"https:\/\/api.w.org\/{rel}","templated":true}]}}