{"id":9073,"date":"2020-03-06T16:51:27","date_gmt":"2020-03-06T15:51:27","guid":{"rendered":"https:\/\/renner-pumpen.de\/produkt\/rm-4-5-typ-27-750\/"},"modified":"2020-03-24T14:13:58","modified_gmt":"2020-03-24T13:13:58","slug":"rm-4-5-typ-27-750","status":"publish","type":"product","link":"https:\/\/renner-pumpen.de\/de\/produkt\/rm-4-5-typ-27-750\/","title":{"rendered":"RM 4.5 Typ 27\/750"},"content":{"rendered":"\n<table id=\"tablepress-80\" class=\"tablepress tablepress-id-80 tbody-has-connected-cells\">\n<tbody class=\"row-striping row-hover\">\n<tr class=\"row-1\">\n\t<td class=\"column-1\">Werkstoffe **<\/td><td class=\"column-2\"><\/td><td class=\"column-3\">PP \/ PVDF \/Edelstahl<\/td><td class=\"column-4\">PP \/ PVDF\/ Edelstahl<\/td><td class=\"column-5\">PP \/ PVDF\/ Edelstahl<\/td>\n<\/tr>\n<tr class=\"row-2\">\n\t<td class=\"column-1\">Max. F\u00f6rderh\u00f6he<\/td><td class=\"column-2\">[mWS]<\/td><td class=\"column-3\">29<\/td><td class=\"column-4\">29<\/td><td class=\"column-5\">29<\/td>\n<\/tr>\n<tr class=\"row-3\">\n\t<td class=\"column-1\">Max. Volumenstrom<\/td><td class=\"column-2\">[l\/min.]<\/td><td class=\"column-3\">800<\/td><td class=\"column-4\">900<\/td><td class=\"column-5\">900<\/td>\n<\/tr>\n<tr class=\"row-4\">\n\t<td class=\"column-1\">Motorleistung<\/td><td class=\"column-2\">[W]<\/td><td class=\"column-3\">5500<\/td><td class=\"column-4\">7500<\/td><td class=\"column-5\">11000<\/td>\n<\/tr>\n<tr class=\"row-5\">\n\t<td class=\"column-1\">Max. Dichte<\/td><td class=\"column-2\">[g\/cm\u00b3]<\/td><td class=\"column-3\">1<\/td><td class=\"column-4\">1,25<\/td><td class=\"column-5\">1,8<\/td>\n<\/tr>\n<tr class=\"row-6\">\n\t<td class=\"column-1\">Nenndrehzahl bei 50\/\/60Hz<\/td><td class=\"column-2\">[U\/min.]<\/td><td class=\"column-3\">2900 \/\/ 3500<\/td><td class=\"column-4\">2900 \/\/ 3500<\/td><td class=\"column-5\">2900 \/\/ 3500<\/td>\n<\/tr>\n<tr class=\"row-7\">\n\t<td class=\"column-1\">Frequenz<\/td><td class=\"column-2\">[Hz]<\/td><td class=\"column-3\">50 \/\/ 60<\/td><td class=\"column-4\">50 \/\/ 60<\/td><td class=\"column-5\">50 \/\/ 60<\/td>\n<\/tr>\n<tr class=\"row-8\">\n\t<td class=\"column-1\">Nennspannung  *<\/td><td class=\"column-2\">[V]<\/td><td class=\"column-3\">400V<\/td><td class=\"column-4\">400V<\/td><td class=\"column-5\">400V<\/td>\n<\/tr>\n<tr class=\"row-9\">\n\t<td class=\"column-1\">Nennstrom   *<\/td><td class=\"column-2\">[A]<\/td><td class=\"column-3\">10,5<\/td><td class=\"column-4\">13,5<\/td><td class=\"column-5\">22<\/td>\n<\/tr>\n<tr class=\"row-10\">\n\t<td class=\"column-1\">Nennspannung    (VDC)<\/td><td class=\"column-2\">[V]<\/td><td class=\"column-3\">24<\/td><td class=\"column-4\">24<\/td><td class=\"column-5\">24<\/td>\n<\/tr>\n<tr class=\"row-11\">\n\t<td class=\"column-1\">Nennstrom  (VDC)<\/td><td class=\"column-2\">[A]<\/td><td class=\"column-3\">7,5<\/td><td class=\"column-4\">7,5<\/td><td class=\"column-5\">7,5<\/td>\n<\/tr>\n<tr class=\"row-12\">\n\t<td class=\"column-1\">Schutzart<\/td><td class=\"column-2\"><\/td><td class=\"column-3\">IP55<\/td><td class=\"column-4\">IP55<\/td><td class=\"column-5\">IP55<\/td>\n<\/tr>\n<tr class=\"row-13\">\n\t<td class=\"column-1\">Max. Flie\u00dfgeschwindigkeit<\/td><td class=\"column-2\">[m\/s]<\/td><td class=\"column-3\">Saugseite 1 \/ Druckseite 3<\/td><td class=\"column-4\">Saugseite 1 \/ Druckseite 3<\/td><td class=\"column-5\">Saugseite 1 \/ Druckseite 3<\/td>\n<\/tr>\n<tr class=\"row-14\">\n\t<td class=\"column-1\">Max. Systemdruck bei 20 \u00b0C  PP\/PVDF\/VA  **<\/td><td class=\"column-2\">[bar]<\/td><td class=\"column-3\">5,0 \/ 6,0 \/ 10,0<\/td><td class=\"column-4\">5,0 \/ 6,0 \/ 10,0<\/td><td class=\"column-5\">5,0 \/ 6,0 \/ 10,0<\/td>\n<\/tr>\n<tr class=\"row-15\">\n\t<td class=\"column-1\">Max. Temperatur   PP \/ PVDF\/VA **<\/td><td class=\"column-2\">[\u00b0 C]<\/td><td class=\"column-3\">80 \/ 95 \/ 100<\/td><td class=\"column-4\">80 \/ 95 \/ 100<\/td><td class=\"column-5\">80 \/ 95 \/ 100<\/td>\n<\/tr>\n<tr class=\"row-16\">\n\t<td class=\"column-1\">Viskosit\u00e4t<\/td><td class=\"column-2\">[mPa s]<\/td><td class=\"column-3\">< 160<\/td><td class=\"column-4\">< 160<\/td><td class=\"column-5\">< 160<\/td>\n<\/tr>\n<tr class=\"row-17\">\n\t<td class=\"column-1\">Abmessungen<\/td><td class=\"column-2\">[mm]<\/td><td class=\"column-3\">630 x 207 x 270<\/td><td class=\"column-4\">700 x 207 x 331<\/td><td class=\"column-5\">785 x 207 x 324<\/td>\n<\/tr>\n<tr class=\"row-18\">\n\t<td class=\"column-1\">Anschluss Saugseite<\/td><td class=\"column-2\"><\/td><td class=\"column-3\">G 2 \u00be\u201c<\/td><td class=\"column-4\">G 2 \u00be\u201c<\/td><td class=\"column-5\">G 2 \u00be\u201c<\/td>\n<\/tr>\n<tr class=\"row-19\">\n\t<td class=\"column-1\">Anschluss Druckseite<\/td><td class=\"column-2\"><\/td><td class=\"column-3\">G 2 \u00bc\u201c<\/td><td class=\"column-4\">G 2 \u00bc\u201c<\/td><td class=\"column-5\">G 2 \u00bc\u201c<\/td>\n<\/tr>\n<tr class=\"row-20\">\n\t<td class=\"column-1\">Gewicht mit IE2 Motor  PP \/ PVDF \/ VA<\/td><td class=\"column-2\">[kg]<\/td><td class=\"column-3\">59 \/ 61 \/ 105<\/td><td class=\"column-4\">92 \/ 96 \/ 110<\/td><td class=\"column-5\">92 \/ 96 \/ 110<\/td>\n<\/tr>\n<tr class=\"row-21\">\n\t<td class=\"column-1\">Gewicht mit IE3 Motor  PP \/ PVDF \/ VA<\/td><td class=\"column-2\">[kg]<\/td><td class=\"column-3\">96 \/ 98 \/ 105<\/td><td class=\"column-4\">99 \/ 103 \/ 110<\/td><td class=\"column-5\">99 \/ 103 \/ 110<\/td>\n<\/tr>\n<tr class=\"row-22\">\n\t<td colspan=\"5\" class=\"column-1\">*andere Spannungen und Frequenzen jederzeit m\u00f6glich<br \/>\n<br \/>\n**Hinweis:  Bei der Auswahl der Werkstoffe muss neben der Temperaturbest\u00e4ndigkeit auch die chemische Best\u00e4ndigkeit in Abh\u00e4ngigkeit vom zu f\u00f6rdernden Medium beachtet werden.<\/td>\n<\/tr>\n<\/tbody>\n<\/table>\n<!-- #tablepress-80 from cache -->\n","protected":false},"excerpt":{"rendered":"<h2><span style='color: #009bff'>Magnetkreiselpumpe RM 4.5 Typ 27\/750<\/span><\/h2>\n<p>Magnetisch gekuppelte Kreiselpumpe einstufig, horizontal, normal ansaugend, in Blockbauweis.<\/p>\n<p>Speziell zur F\u00f6rderung von aggressiven Medien-> 100% leckagefrei durch ber\u00fchrungslose Kraft\u00fcbertragung mittels Magnetkupplung.[wpdm_package id='2270' template='5e4a96f53ef55' cols=1]<\/p>\n","protected":false},"featured_media":2496,"template":"","meta":[],"product_brand":[],"product_cat":[324,235],"product_tag":[],"class_list":{"0":"post-9073","1":"product","2":"type-product","3":"status-publish","4":"has-post-thumbnail","6":"product_cat-magnetkreiselpumpe","7":"product_cat-magnetkreiselpumpe-rm-4-5","8":"pa_bauart-hermetisch-dicht","9":"pa_bauart-normalsaugend","10":"pa_bestseller-alle","11":"pa_bestseller-nur-bestseller","12":"pa_bevorzugte-antriebstechnik-drehstrom-asynchron-ie2--075-kw","13":"pa_bevorzugte-antriebstechnik-drehstrom-asynchron-ie3","14":"pa_bevorzugte-antriebstechnik-permanentmagnet-synchron-ie4","15":"pa_datenblatt-ein-aus-616","16":"pa_drehzahl-2900-u-min-50-hz","17":"pa_drehzahl-3500-u-min-60-hz","18":"pa_einbausituation-aufstellung-horizontal-ausserhalb-vom-tank-bei-rm","19":"pa_einbausituation-aufstellung-vertikal-ausserhalb-vom-tank","20":"pa_frequenzumrichter-betrieb-ja-fu-auf-motor-aufgebaut","21":"pa_frequenzumrichter-betrieb-ja-fu-im-schaltschrank","22":"pa_frequenzumrichter-betrieb-nein","23":"pa_geplante-foerderhoehe-h-15-20","24":"pa_geplante-foerderhoehe-h-20-25","25":"pa_geplante-foerderhoehe-h-25-30","26":"pa_geplante-foerdermenge-q-30-80","27":"pa_geplante-foerdermenge-q-80-150","28":"pa_geplante-foerdermenge-q-150-300","29":"pa_geplante-foerdermenge-q-300-500","30":"pa_geplante-foerdermenge-q-500-1000","31":"pa_h-max-237","32":"pa_kombinationen-h15-20_q500-1000","33":"pa_kombinationen-h20-25_q500-1000","34":"pa_kombinationen-h25-30_q150-300","35":"pa_kombinationen-h25-30_q30-80","36":"pa_kombinationen-h25-30_q300-500","37":"pa_kombinationen-h25-30_q500-1000","38":"pa_kombinationen-h25-30_q80-150","39":"pa_motor-schutzart-explosionsgeschutzt-atex","40":"pa_motor-schutzart-ip55-standard","41":"pa_motor-schutzart-ip56","42":"pa_motor-schutzart-ip66","43":"pa_motor-schutzart-ip67","44":"pa_motor-schutzart-ip68","45":"pa_pumpentyp-magnetkreiselpumpe","46":"pa_q-max-236","47":"pa_stillstandheizung-ja","48":"pa_stillstandheizung-nein","49":"pa_thermoschutz-3-kaltleiter","50":"pa_thermoschutz-ohne","51":"pa_thermoschutz-thermoschalter","52":"pa_tropenisolation-ja","53":"pa_tropenisolation-nein","54":"pa_viskositaet--160-mpas","55":"pa_zubehoer-elektronischer-prozess-schutz","56":"pa_zubehoer-flansche-ansi","57":"pa_zubehoer-flansche-din","58":"pa_zubehoer-kabel-mit-stecker","59":"pa_zubehoer-npt-adapter","60":"pa_zubehoer-schlauchstecker","62":"first","63":"instock","64":"sold-individually","65":"purchasable","66":"product-type-simple"},"yoast_head":"<!-- This site is optimized with the Yoast SEO plugin v25.5 - https:\/\/yoast.com\/wordpress\/plugins\/seo\/ -->\n<title>RM 4.5 Typ 27\/750 von Renner Pumpen<\/title>\n<meta name=\"description\" content=\"Erfahren Sie mehr zu: Magnetisch gekuppelte Kreiselpumpe einstufig, horizontal, normal ansaugend, in Blockbauweis. Speziell zur F\u00f6rderung von aggressiven Medien-&gt; 100% leckagefrei durch ber\u00fchrungslose Kraft\u00fcbertragung mittels Magnetkupplung.\" \/>\n<meta name=\"robots\" content=\"index, follow, max-snippet:-1, max-image-preview:large, max-video-preview:-1\" \/>\n<link rel=\"canonical\" href=\"https:\/\/renner-pumpen.de\/de\/produkt\/rm-4-5-typ-27-750\/\" \/>\n<meta property=\"og:locale\" content=\"de_DE\" \/>\n<meta property=\"og:type\" content=\"article\" \/>\n<meta property=\"og:title\" content=\"RM 4.5 Typ 27\/750 von Renner Pumpen\" \/>\n<meta property=\"og:description\" content=\"Erfahren Sie mehr zu: Magnetisch gekuppelte Kreiselpumpe einstufig, horizontal, normal ansaugend, in Blockbauweis. Speziell zur F\u00f6rderung von aggressiven Medien-&gt; 100% leckagefrei durch ber\u00fchrungslose Kraft\u00fcbertragung mittels Magnetkupplung.\" \/>\n<meta property=\"og:url\" content=\"https:\/\/renner-pumpen.de\/de\/produkt\/rm-4-5-typ-27-750\/\" \/>\n<meta property=\"og:site_name\" content=\"Renner Pumpen\" \/>\n<meta property=\"article:modified_time\" content=\"2020-03-24T13:13:58+00:00\" \/>\n<meta property=\"og:image\" content=\"https:\/\/renner-pumpen.de\/wp-content\/uploads\/renner-produkte-magnetkreiselpumpen-baureihe-rm-4-5.png\" \/>\n\t<meta property=\"og:image:width\" content=\"1200\" \/>\n\t<meta property=\"og:image:height\" content=\"850\" \/>\n\t<meta property=\"og:image:type\" content=\"image\/png\" \/>\n<meta name=\"twitter:card\" content=\"summary_large_image\" \/>\n<meta name=\"twitter:title\" content=\"RM 4.5 Typ 27\/750 von Renner Pumpen\" \/>\n<script type=\"application\/ld+json\" class=\"yoast-schema-graph\">{\"@context\":\"https:\/\/schema.org\",\"@graph\":[{\"@type\":\"WebPage\",\"@id\":\"https:\/\/renner-pumpen.de\/de\/produkt\/rm-4-5-typ-27-750\/\",\"url\":\"https:\/\/renner-pumpen.de\/de\/produkt\/rm-4-5-typ-27-750\/\",\"name\":\"RM 4.5 Typ 27\/750 von Renner Pumpen\",\"isPartOf\":{\"@id\":\"https:\/\/renner-pumpen.de\/de\/#website\"},\"primaryImageOfPage\":{\"@id\":\"https:\/\/renner-pumpen.de\/de\/produkt\/rm-4-5-typ-27-750\/#primaryimage\"},\"image\":{\"@id\":\"https:\/\/renner-pumpen.de\/de\/produkt\/rm-4-5-typ-27-750\/#primaryimage\"},\"thumbnailUrl\":\"https:\/\/renner-pumpen.de\/wp-content\/uploads\/renner-produkte-magnetkreiselpumpen-baureihe-rm-4-5.png\",\"datePublished\":\"2020-03-06T15:51:27+00:00\",\"dateModified\":\"2020-03-24T13:13:58+00:00\",\"description\":\"Erfahren Sie mehr zu: Magnetisch gekuppelte Kreiselpumpe einstufig, horizontal, normal ansaugend, in Blockbauweis. Speziell zur F\u00f6rderung von aggressiven Medien-> 100% leckagefrei durch ber\u00fchrungslose Kraft\u00fcbertragung mittels Magnetkupplung.\",\"breadcrumb\":{\"@id\":\"https:\/\/renner-pumpen.de\/de\/produkt\/rm-4-5-typ-27-750\/#breadcrumb\"},\"inLanguage\":\"de\",\"potentialAction\":[{\"@type\":\"ReadAction\",\"target\":[\"https:\/\/renner-pumpen.de\/de\/produkt\/rm-4-5-typ-27-750\/\"]}]},{\"@type\":\"ImageObject\",\"inLanguage\":\"de\",\"@id\":\"https:\/\/renner-pumpen.de\/de\/produkt\/rm-4-5-typ-27-750\/#primaryimage\",\"url\":\"https:\/\/renner-pumpen.de\/wp-content\/uploads\/renner-produkte-magnetkreiselpumpen-baureihe-rm-4-5.png\",\"contentUrl\":\"https:\/\/renner-pumpen.de\/wp-content\/uploads\/renner-produkte-magnetkreiselpumpen-baureihe-rm-4-5.png\",\"width\":1200,\"height\":850},{\"@type\":\"BreadcrumbList\",\"@id\":\"https:\/\/renner-pumpen.de\/de\/produkt\/rm-4-5-typ-27-750\/#breadcrumb\",\"itemListElement\":[{\"@type\":\"ListItem\",\"position\":1,\"name\":\"Startseite\",\"item\":\"https:\/\/renner-pumpen.de\/de\/\"},{\"@type\":\"ListItem\",\"position\":2,\"name\":\"Shop\",\"item\":\"https:\/\/renner-pumpen.de\/de\/shop\/\"},{\"@type\":\"ListItem\",\"position\":3,\"name\":\"RM 4.5 Typ 27\/750\"}]},{\"@type\":\"WebSite\",\"@id\":\"https:\/\/renner-pumpen.de\/de\/#website\",\"url\":\"https:\/\/renner-pumpen.de\/de\/\",\"name\":\"Renner Pumpen\",\"description\":\"Innovationen sichern die Zukunft.\",\"potentialAction\":[{\"@type\":\"SearchAction\",\"target\":{\"@type\":\"EntryPoint\",\"urlTemplate\":\"https:\/\/renner-pumpen.de\/de\/?s={search_term_string}\"},\"query-input\":{\"@type\":\"PropertyValueSpecification\",\"valueRequired\":true,\"valueName\":\"search_term_string\"}}],\"inLanguage\":\"de\"}]}<\/script>\n<!-- \/ Yoast SEO plugin. -->","yoast_head_json":{"title":"RM 4.5 Typ 27\/750 von Renner Pumpen","description":"Erfahren Sie mehr zu: Magnetisch gekuppelte Kreiselpumpe einstufig, horizontal, normal ansaugend, in Blockbauweis. Speziell zur F\u00f6rderung von aggressiven Medien-> 100% leckagefrei durch ber\u00fchrungslose Kraft\u00fcbertragung mittels Magnetkupplung.","robots":{"index":"index","follow":"follow","max-snippet":"max-snippet:-1","max-image-preview":"max-image-preview:large","max-video-preview":"max-video-preview:-1"},"canonical":"https:\/\/renner-pumpen.de\/de\/produkt\/rm-4-5-typ-27-750\/","og_locale":"de_DE","og_type":"article","og_title":"RM 4.5 Typ 27\/750 von Renner Pumpen","og_description":"Erfahren Sie mehr zu: Magnetisch gekuppelte Kreiselpumpe einstufig, horizontal, normal ansaugend, in Blockbauweis. Speziell zur F\u00f6rderung von aggressiven Medien-> 100% leckagefrei durch ber\u00fchrungslose Kraft\u00fcbertragung mittels Magnetkupplung.","og_url":"https:\/\/renner-pumpen.de\/de\/produkt\/rm-4-5-typ-27-750\/","og_site_name":"Renner Pumpen","article_modified_time":"2020-03-24T13:13:58+00:00","og_image":[{"width":1200,"height":850,"url":"https:\/\/renner-pumpen.de\/wp-content\/uploads\/renner-produkte-magnetkreiselpumpen-baureihe-rm-4-5.png","type":"image\/png"}],"twitter_card":"summary_large_image","twitter_title":"RM 4.5 Typ 27\/750 von Renner Pumpen","schema":{"@context":"https:\/\/schema.org","@graph":[{"@type":"WebPage","@id":"https:\/\/renner-pumpen.de\/de\/produkt\/rm-4-5-typ-27-750\/","url":"https:\/\/renner-pumpen.de\/de\/produkt\/rm-4-5-typ-27-750\/","name":"RM 4.5 Typ 27\/750 von Renner Pumpen","isPartOf":{"@id":"https:\/\/renner-pumpen.de\/de\/#website"},"primaryImageOfPage":{"@id":"https:\/\/renner-pumpen.de\/de\/produkt\/rm-4-5-typ-27-750\/#primaryimage"},"image":{"@id":"https:\/\/renner-pumpen.de\/de\/produkt\/rm-4-5-typ-27-750\/#primaryimage"},"thumbnailUrl":"https:\/\/renner-pumpen.de\/wp-content\/uploads\/renner-produkte-magnetkreiselpumpen-baureihe-rm-4-5.png","datePublished":"2020-03-06T15:51:27+00:00","dateModified":"2020-03-24T13:13:58+00:00","description":"Erfahren Sie mehr zu: Magnetisch gekuppelte Kreiselpumpe einstufig, horizontal, normal ansaugend, in Blockbauweis. Speziell zur F\u00f6rderung von aggressiven Medien-> 100% leckagefrei durch ber\u00fchrungslose Kraft\u00fcbertragung mittels Magnetkupplung.","breadcrumb":{"@id":"https:\/\/renner-pumpen.de\/de\/produkt\/rm-4-5-typ-27-750\/#breadcrumb"},"inLanguage":"de","potentialAction":[{"@type":"ReadAction","target":["https:\/\/renner-pumpen.de\/de\/produkt\/rm-4-5-typ-27-750\/"]}]},{"@type":"ImageObject","inLanguage":"de","@id":"https:\/\/renner-pumpen.de\/de\/produkt\/rm-4-5-typ-27-750\/#primaryimage","url":"https:\/\/renner-pumpen.de\/wp-content\/uploads\/renner-produkte-magnetkreiselpumpen-baureihe-rm-4-5.png","contentUrl":"https:\/\/renner-pumpen.de\/wp-content\/uploads\/renner-produkte-magnetkreiselpumpen-baureihe-rm-4-5.png","width":1200,"height":850},{"@type":"BreadcrumbList","@id":"https:\/\/renner-pumpen.de\/de\/produkt\/rm-4-5-typ-27-750\/#breadcrumb","itemListElement":[{"@type":"ListItem","position":1,"name":"Startseite","item":"https:\/\/renner-pumpen.de\/de\/"},{"@type":"ListItem","position":2,"name":"Shop","item":"https:\/\/renner-pumpen.de\/de\/shop\/"},{"@type":"ListItem","position":3,"name":"RM 4.5 Typ 27\/750"}]},{"@type":"WebSite","@id":"https:\/\/renner-pumpen.de\/de\/#website","url":"https:\/\/renner-pumpen.de\/de\/","name":"Renner Pumpen","description":"Innovationen sichern die Zukunft.","potentialAction":[{"@type":"SearchAction","target":{"@type":"EntryPoint","urlTemplate":"https:\/\/renner-pumpen.de\/de\/?s={search_term_string}"},"query-input":{"@type":"PropertyValueSpecification","valueRequired":true,"valueName":"search_term_string"}}],"inLanguage":"de"}]}},"_links":{"self":[{"href":"https:\/\/renner-pumpen.de\/de\/wp-json\/wp\/v2\/product\/9073","targetHints":{"allow":["GET"]}}],"collection":[{"href":"https:\/\/renner-pumpen.de\/de\/wp-json\/wp\/v2\/product"}],"about":[{"href":"https:\/\/renner-pumpen.de\/de\/wp-json\/wp\/v2\/types\/product"}],"wp:featuredmedia":[{"embeddable":true,"href":"https:\/\/renner-pumpen.de\/de\/wp-json\/wp\/v2\/media\/2496"}],"wp:attachment":[{"href":"https:\/\/renner-pumpen.de\/de\/wp-json\/wp\/v2\/media?parent=9073"}],"wp:term":[{"taxonomy":"product_brand","embeddable":true,"href":"https:\/\/renner-pumpen.de\/de\/wp-json\/wp\/v2\/product_brand?post=9073"},{"taxonomy":"product_cat","embeddable":true,"href":"https:\/\/renner-pumpen.de\/de\/wp-json\/wp\/v2\/product_cat?post=9073"},{"taxonomy":"product_tag","embeddable":true,"href":"https:\/\/renner-pumpen.de\/de\/wp-json\/wp\/v2\/product_tag?post=9073"}],"curies":[{"name":"wp","href":"https:\/\/api.w.org\/{rel}","templated":true}]}}