{"id":9082,"date":"2020-03-06T16:52:00","date_gmt":"2020-03-06T15:52:00","guid":{"rendered":"https:\/\/renner-pumpen.de\/produkt\/rm-5-typ-45-400\/"},"modified":"2022-01-05T14:10:42","modified_gmt":"2022-01-05T13:10:42","slug":"rm-5-typ-45-400","status":"publish","type":"product","link":"https:\/\/renner-pumpen.de\/de\/produkt\/rm-5-typ-45-400\/","title":{"rendered":"RM 5 Typ 45\/400"},"content":{"rendered":"\n<table id=\"tablepress-89\" class=\"tablepress tablepress-id-89 tbody-has-connected-cells\">\n<tbody class=\"row-striping row-hover\">\n<tr class=\"row-1\">\n\t<td class=\"column-1\">Werkstoffe **<\/td><td class=\"column-2\"><\/td><td class=\"column-3\">PP \/ PVDF<\/td><td class=\"column-4\">PP \/ PVDF<\/td>\n<\/tr>\n<tr class=\"row-2\">\n\t<td class=\"column-1\">Max. F\u00f6rderh\u00f6he<\/td><td class=\"column-2\">[mWS]<\/td><td class=\"column-3\">45<\/td><td class=\"column-4\">45<\/td>\n<\/tr>\n<tr class=\"row-3\">\n\t<td class=\"column-1\">Max. Volumenstrom<\/td><td class=\"column-2\">[l\/min.]<\/td><td class=\"column-3\">800<\/td><td class=\"column-4\">1200<\/td>\n<\/tr>\n<tr class=\"row-4\">\n\t<td class=\"column-1\">Motorleistung<\/td><td class=\"column-2\">[W]<\/td><td class=\"column-3\">11000<\/td><td class=\"column-4\">15000<\/td>\n<\/tr>\n<tr class=\"row-5\">\n\t<td class=\"column-1\">Max. Dichte<\/td><td class=\"column-2\">[g\/cm\u00b3]<\/td><td class=\"column-3\">1<\/td><td class=\"column-4\">1,1<\/td>\n<\/tr>\n<tr class=\"row-6\">\n\t<td class=\"column-1\">Nenndrehzahl bei 50\/\/60Hz<\/td><td class=\"column-2\">[U\/min.]<\/td><td class=\"column-3\">2900 \/\/ 3500<\/td><td class=\"column-4\">2900 \/\/ 3500<\/td>\n<\/tr>\n<tr class=\"row-7\">\n\t<td class=\"column-1\">Frequenz<\/td><td class=\"column-2\">[Hz]<\/td><td class=\"column-3\">50 \/\/ 60<\/td><td class=\"column-4\">50 \/\/ 60<\/td>\n<\/tr>\n<tr class=\"row-8\">\n\t<td class=\"column-1\">Nennspannung  *<\/td><td class=\"column-2\">[V]<\/td><td class=\"column-3\">400V<\/td><td class=\"column-4\">400V<\/td>\n<\/tr>\n<tr class=\"row-9\">\n\t<td class=\"column-1\">Nennstrom   *<\/td><td class=\"column-2\">[A]<\/td><td class=\"column-3\">19,1<\/td><td class=\"column-4\">26<\/td>\n<\/tr>\n<tr class=\"row-10\">\n\t<td class=\"column-1\">Nennspannung    (VDC)<\/td><td class=\"column-2\">[V]<\/td><td class=\"column-3\">24<\/td><td class=\"column-4\">24<\/td>\n<\/tr>\n<tr class=\"row-11\">\n\t<td class=\"column-1\">Nennstrom  (VDC)<\/td><td class=\"column-2\">[A]<\/td><td class=\"column-3\">7,5<\/td><td class=\"column-4\">7,5<\/td>\n<\/tr>\n<tr class=\"row-12\">\n\t<td class=\"column-1\">Schutzart<\/td><td class=\"column-2\"><\/td><td class=\"column-3\">IP55<\/td><td class=\"column-4\">IP55<\/td>\n<\/tr>\n<tr class=\"row-13\">\n\t<td class=\"column-1\">Max. Flie\u00dfgeschwindigkeit<\/td><td class=\"column-2\">[m\/s]<\/td><td class=\"column-3\">Saugseite 1  \/  Druckseite 3<\/td><td class=\"column-4\">Saugseite 1  \/  Druckseite 3<\/td>\n<\/tr>\n<tr class=\"row-14\">\n\t<td class=\"column-1\">Max. Systemdruck bei 20 \u00b0C  PP\/PVDF  **<\/td><td class=\"column-2\">[bar]<\/td><td class=\"column-3\">6,0 \/ 6,0<\/td><td class=\"column-4\">6,0 \/ 6,0<\/td>\n<\/tr>\n<tr class=\"row-15\">\n\t<td class=\"column-1\">Max. Temperatur   PP \/ PVDF  **<\/td><td class=\"column-2\">[\u00b0 C]<\/td><td class=\"column-3\">80 \/ 95<\/td><td class=\"column-4\">80 \/ 95<\/td>\n<\/tr>\n<tr class=\"row-16\">\n\t<td class=\"column-1\">Viskosit\u00e4t<\/td><td class=\"column-2\">[mPa s]<\/td><td class=\"column-3\">< 160<\/td><td class=\"column-4\">< 160<\/td>\n<\/tr>\n<tr class=\"row-17\">\n\t<td class=\"column-1\">Abmessungen<\/td><td class=\"column-2\">[mm]<\/td><td class=\"column-3\">771 x 290 x 410<\/td><td class=\"column-4\">815 x 290 x 410<\/td>\n<\/tr>\n<tr class=\"row-18\">\n\t<td class=\"column-1\">Anschluss Saugseite<\/td><td class=\"column-2\"><\/td><td class=\"column-3\">FF d110<\/td><td class=\"column-4\">FF d110<\/td>\n<\/tr>\n<tr class=\"row-19\">\n\t<td class=\"column-1\">Anschluss Druckseite<\/td><td class=\"column-2\"><\/td><td class=\"column-3\">FF d90<\/td><td class=\"column-4\">FF d90<\/td>\n<\/tr>\n<tr class=\"row-20\">\n\t<td class=\"column-1\">Gewicht mit IE2 Motor  PP \/ PVDF<\/td><td class=\"column-2\">[kg]<\/td><td class=\"column-3\">170 \/ 180<\/td><td class=\"column-4\">170 \/ 180<\/td>\n<\/tr>\n<tr class=\"row-21\">\n\t<td class=\"column-1\">Gewicht mit IE3 Motor  PP \/ PVDF<\/td><td class=\"column-2\">[kg]<\/td><td class=\"column-3\">190 \/ 200<\/td><td class=\"column-4\">190 \/ 200<\/td>\n<\/tr>\n<tr class=\"row-22\">\n\t<td colspan=\"4\" class=\"column-1\">*andere Spannungen und Frequenzen jederzeit m\u00f6glich<br \/>\n<br \/>\n**Hinweis:  Bei der Auswahl der Werkstoffe muss neben der Temperaturbest\u00e4ndigkeit auch die chemische Best\u00e4ndigkeit in Abh\u00e4ngigkeit vom zu f\u00f6rdernden Medium beachtet werden.<\/td>\n<\/tr>\n<\/tbody>\n<\/table>\n\n","protected":false},"excerpt":{"rendered":"<h2><span style=\"color: #009bff;\">Magnetkreiselpumpe RM 5 Typ 45\/400<\/span><\/h2>\n<p>Magnetisch gekuppelte Kreiselpumpe einstufig, horizontal, normal ansaugend, in Blockbauweis.<\/p>\n<p>Speziell zur F\u00f6rderung von aggressiven Medien-&gt; 100% leckagefrei durch ber\u00fchrungslose Kraft\u00fcbertragung mittels Magnetkupplung.[wpdm_package id='2288' template='5e4a96f53ef55' cols=1]<\/p>\n","protected":false},"featured_media":7958,"template":"","meta":[],"product_brand":[],"product_cat":[324,242],"product_tag":[],"class_list":{"0":"post-9082","1":"product","2":"type-product","3":"status-publish","4":"has-post-thumbnail","6":"product_cat-magnetkreiselpumpe","7":"product_cat-magnetkreiselpumpe-rm-5","8":"pa_bauart-hermetisch-dicht","9":"pa_bauart-normalsaugend","10":"pa_bestseller-alle","11":"pa_bevorzugte-antriebstechnik-drehstrom-asynchron-ie2--075-kw","12":"pa_bevorzugte-antriebstechnik-drehstrom-asynchron-ie3","13":"pa_bevorzugte-antriebstechnik-permanentmagnet-synchron-ie4","14":"pa_datenblatt-ein-aus-616","15":"pa_drehzahl-2900-u-min-50-hz","16":"pa_drehzahl-3500-u-min-60-hz","17":"pa_einbausituation-aufstellung-horizontal-ausserhalb-vom-tank-bei-rm","18":"pa_frequenzumrichter-betrieb-ja-fu-auf-motor-aufgebaut","19":"pa_frequenzumrichter-betrieb-ja-fu-im-schaltschrank","20":"pa_frequenzumrichter-betrieb-nein","21":"pa_geplante-foerderhoehe-h-484","22":"pa_geplante-foerdermenge-q-1-30","23":"pa_geplante-foerdermenge-q-30-80","24":"pa_geplante-foerdermenge-q-80-150","25":"pa_geplante-foerdermenge-q-150-300","26":"pa_geplante-foerdermenge-q-300-500","27":"pa_h-max-248","28":"pa_kombinationen-h40_q1-30","29":"pa_kombinationen-h40_q150-300","30":"pa_kombinationen-h40_q30-80","31":"pa_kombinationen-h40_q300-500","32":"pa_kombinationen-h40_q80-150","33":"pa_motor-schutzart-explosionsgeschutzt-atex","34":"pa_motor-schutzart-ip55-standard","35":"pa_motor-schutzart-ip56","36":"pa_motor-schutzart-ip66","37":"pa_motor-schutzart-ip67","38":"pa_motor-schutzart-ip68","39":"pa_pumpentyp-magnetkreiselpumpe","40":"pa_q-max-249","41":"pa_stillstandheizung-ja","42":"pa_stillstandheizung-nein","43":"pa_thermoschutz-3-kaltleiter","44":"pa_thermoschutz-ohne","45":"pa_thermoschutz-thermoschalter","46":"pa_tropenisolation-ja","47":"pa_tropenisolation-nein","48":"pa_viskositaet--160-mpas","49":"pa_zubehoer-elektronischer-prozess-schutz","50":"pa_zubehoer-flansche-ansi","51":"pa_zubehoer-flansche-din","52":"pa_zubehoer-kabel-mit-stecker","53":"pa_zubehoer-npt-adapter","55":"first","56":"instock","57":"sold-individually","58":"purchasable","59":"product-type-simple"},"yoast_head":"<!-- This site is optimized with the Yoast SEO plugin v25.5 - https:\/\/yoast.com\/wordpress\/plugins\/seo\/ -->\n<title>RM 5 Typ 45\/400 von Renner Pumpen<\/title>\n<meta name=\"description\" content=\"Erfahren Sie mehr zu: Magnetisch gekuppelte Kreiselpumpe einstufig, horizontal, normal ansaugend, in Blockbauweis. Speziell zur F\u00f6rderung von aggressiven Medien-&gt; 100% leckagefrei durch ber\u00fchrungslose Kraft\u00fcbertragung mittels Magnetkupplung.\" \/>\n<meta name=\"robots\" content=\"index, follow, max-snippet:-1, max-image-preview:large, max-video-preview:-1\" \/>\n<link rel=\"canonical\" href=\"https:\/\/renner-pumpen.de\/de\/produkt\/rm-5-typ-45-400\/\" \/>\n<meta property=\"og:locale\" content=\"de_DE\" \/>\n<meta property=\"og:type\" content=\"article\" \/>\n<meta property=\"og:title\" content=\"RM 5 Typ 45\/400 von Renner Pumpen\" \/>\n<meta property=\"og:description\" content=\"Erfahren Sie mehr zu: Magnetisch gekuppelte Kreiselpumpe einstufig, horizontal, normal ansaugend, in Blockbauweis. Speziell zur F\u00f6rderung von aggressiven Medien-&gt; 100% leckagefrei durch ber\u00fchrungslose Kraft\u00fcbertragung mittels Magnetkupplung.\" \/>\n<meta property=\"og:url\" content=\"https:\/\/renner-pumpen.de\/de\/produkt\/rm-5-typ-45-400\/\" \/>\n<meta property=\"og:site_name\" content=\"Renner Pumpen\" \/>\n<meta property=\"article:modified_time\" content=\"2022-01-05T13:10:42+00:00\" \/>\n<meta property=\"og:image\" content=\"https:\/\/renner-pumpen.de\/wp-content\/uploads\/renner-produkte-magnetkreiselpumpen-baureihe-rm-5-pp.png\" \/>\n\t<meta property=\"og:image:width\" content=\"1200\" \/>\n\t<meta property=\"og:image:height\" content=\"850\" \/>\n\t<meta property=\"og:image:type\" content=\"image\/png\" \/>\n<meta name=\"twitter:card\" content=\"summary_large_image\" \/>\n<meta name=\"twitter:title\" content=\"RM 5 Typ 45\/400 von Renner Pumpen\" \/>\n<script type=\"application\/ld+json\" class=\"yoast-schema-graph\">{\"@context\":\"https:\/\/schema.org\",\"@graph\":[{\"@type\":\"WebPage\",\"@id\":\"https:\/\/renner-pumpen.de\/de\/produkt\/rm-5-typ-45-400\/\",\"url\":\"https:\/\/renner-pumpen.de\/de\/produkt\/rm-5-typ-45-400\/\",\"name\":\"RM 5 Typ 45\/400 von Renner Pumpen\",\"isPartOf\":{\"@id\":\"https:\/\/renner-pumpen.de\/de\/#website\"},\"primaryImageOfPage\":{\"@id\":\"https:\/\/renner-pumpen.de\/de\/produkt\/rm-5-typ-45-400\/#primaryimage\"},\"image\":{\"@id\":\"https:\/\/renner-pumpen.de\/de\/produkt\/rm-5-typ-45-400\/#primaryimage\"},\"thumbnailUrl\":\"https:\/\/renner-pumpen.de\/wp-content\/uploads\/renner-produkte-magnetkreiselpumpen-baureihe-rm-5-pp.png\",\"datePublished\":\"2020-03-06T15:52:00+00:00\",\"dateModified\":\"2022-01-05T13:10:42+00:00\",\"description\":\"Erfahren Sie mehr zu: Magnetisch gekuppelte Kreiselpumpe einstufig, horizontal, normal ansaugend, in Blockbauweis. Speziell zur F\u00f6rderung von aggressiven Medien-> 100% leckagefrei durch ber\u00fchrungslose Kraft\u00fcbertragung mittels Magnetkupplung.\",\"breadcrumb\":{\"@id\":\"https:\/\/renner-pumpen.de\/de\/produkt\/rm-5-typ-45-400\/#breadcrumb\"},\"inLanguage\":\"de\",\"potentialAction\":[{\"@type\":\"ReadAction\",\"target\":[\"https:\/\/renner-pumpen.de\/de\/produkt\/rm-5-typ-45-400\/\"]}]},{\"@type\":\"ImageObject\",\"inLanguage\":\"de\",\"@id\":\"https:\/\/renner-pumpen.de\/de\/produkt\/rm-5-typ-45-400\/#primaryimage\",\"url\":\"https:\/\/renner-pumpen.de\/wp-content\/uploads\/renner-produkte-magnetkreiselpumpen-baureihe-rm-5-pp.png\",\"contentUrl\":\"https:\/\/renner-pumpen.de\/wp-content\/uploads\/renner-produkte-magnetkreiselpumpen-baureihe-rm-5-pp.png\",\"width\":1200,\"height\":850},{\"@type\":\"BreadcrumbList\",\"@id\":\"https:\/\/renner-pumpen.de\/de\/produkt\/rm-5-typ-45-400\/#breadcrumb\",\"itemListElement\":[{\"@type\":\"ListItem\",\"position\":1,\"name\":\"Startseite\",\"item\":\"https:\/\/renner-pumpen.de\/de\/\"},{\"@type\":\"ListItem\",\"position\":2,\"name\":\"Shop\",\"item\":\"https:\/\/renner-pumpen.de\/de\/shop\/\"},{\"@type\":\"ListItem\",\"position\":3,\"name\":\"RM 5 Typ 45\/400\"}]},{\"@type\":\"WebSite\",\"@id\":\"https:\/\/renner-pumpen.de\/de\/#website\",\"url\":\"https:\/\/renner-pumpen.de\/de\/\",\"name\":\"Renner Pumpen\",\"description\":\"Innovationen sichern die Zukunft.\",\"potentialAction\":[{\"@type\":\"SearchAction\",\"target\":{\"@type\":\"EntryPoint\",\"urlTemplate\":\"https:\/\/renner-pumpen.de\/de\/?s={search_term_string}\"},\"query-input\":{\"@type\":\"PropertyValueSpecification\",\"valueRequired\":true,\"valueName\":\"search_term_string\"}}],\"inLanguage\":\"de\"}]}<\/script>\n<!-- \/ Yoast SEO plugin. -->","yoast_head_json":{"title":"RM 5 Typ 45\/400 von Renner Pumpen","description":"Erfahren Sie mehr zu: Magnetisch gekuppelte Kreiselpumpe einstufig, horizontal, normal ansaugend, in Blockbauweis. Speziell zur F\u00f6rderung von aggressiven Medien-> 100% leckagefrei durch ber\u00fchrungslose Kraft\u00fcbertragung mittels Magnetkupplung.","robots":{"index":"index","follow":"follow","max-snippet":"max-snippet:-1","max-image-preview":"max-image-preview:large","max-video-preview":"max-video-preview:-1"},"canonical":"https:\/\/renner-pumpen.de\/de\/produkt\/rm-5-typ-45-400\/","og_locale":"de_DE","og_type":"article","og_title":"RM 5 Typ 45\/400 von Renner Pumpen","og_description":"Erfahren Sie mehr zu: Magnetisch gekuppelte Kreiselpumpe einstufig, horizontal, normal ansaugend, in Blockbauweis. Speziell zur F\u00f6rderung von aggressiven Medien-> 100% leckagefrei durch ber\u00fchrungslose Kraft\u00fcbertragung mittels Magnetkupplung.","og_url":"https:\/\/renner-pumpen.de\/de\/produkt\/rm-5-typ-45-400\/","og_site_name":"Renner Pumpen","article_modified_time":"2022-01-05T13:10:42+00:00","og_image":[{"width":1200,"height":850,"url":"https:\/\/renner-pumpen.de\/wp-content\/uploads\/renner-produkte-magnetkreiselpumpen-baureihe-rm-5-pp.png","type":"image\/png"}],"twitter_card":"summary_large_image","twitter_title":"RM 5 Typ 45\/400 von Renner Pumpen","schema":{"@context":"https:\/\/schema.org","@graph":[{"@type":"WebPage","@id":"https:\/\/renner-pumpen.de\/de\/produkt\/rm-5-typ-45-400\/","url":"https:\/\/renner-pumpen.de\/de\/produkt\/rm-5-typ-45-400\/","name":"RM 5 Typ 45\/400 von Renner Pumpen","isPartOf":{"@id":"https:\/\/renner-pumpen.de\/de\/#website"},"primaryImageOfPage":{"@id":"https:\/\/renner-pumpen.de\/de\/produkt\/rm-5-typ-45-400\/#primaryimage"},"image":{"@id":"https:\/\/renner-pumpen.de\/de\/produkt\/rm-5-typ-45-400\/#primaryimage"},"thumbnailUrl":"https:\/\/renner-pumpen.de\/wp-content\/uploads\/renner-produkte-magnetkreiselpumpen-baureihe-rm-5-pp.png","datePublished":"2020-03-06T15:52:00+00:00","dateModified":"2022-01-05T13:10:42+00:00","description":"Erfahren Sie mehr zu: Magnetisch gekuppelte Kreiselpumpe einstufig, horizontal, normal ansaugend, in Blockbauweis. Speziell zur F\u00f6rderung von aggressiven Medien-> 100% leckagefrei durch ber\u00fchrungslose Kraft\u00fcbertragung mittels Magnetkupplung.","breadcrumb":{"@id":"https:\/\/renner-pumpen.de\/de\/produkt\/rm-5-typ-45-400\/#breadcrumb"},"inLanguage":"de","potentialAction":[{"@type":"ReadAction","target":["https:\/\/renner-pumpen.de\/de\/produkt\/rm-5-typ-45-400\/"]}]},{"@type":"ImageObject","inLanguage":"de","@id":"https:\/\/renner-pumpen.de\/de\/produkt\/rm-5-typ-45-400\/#primaryimage","url":"https:\/\/renner-pumpen.de\/wp-content\/uploads\/renner-produkte-magnetkreiselpumpen-baureihe-rm-5-pp.png","contentUrl":"https:\/\/renner-pumpen.de\/wp-content\/uploads\/renner-produkte-magnetkreiselpumpen-baureihe-rm-5-pp.png","width":1200,"height":850},{"@type":"BreadcrumbList","@id":"https:\/\/renner-pumpen.de\/de\/produkt\/rm-5-typ-45-400\/#breadcrumb","itemListElement":[{"@type":"ListItem","position":1,"name":"Startseite","item":"https:\/\/renner-pumpen.de\/de\/"},{"@type":"ListItem","position":2,"name":"Shop","item":"https:\/\/renner-pumpen.de\/de\/shop\/"},{"@type":"ListItem","position":3,"name":"RM 5 Typ 45\/400"}]},{"@type":"WebSite","@id":"https:\/\/renner-pumpen.de\/de\/#website","url":"https:\/\/renner-pumpen.de\/de\/","name":"Renner Pumpen","description":"Innovationen sichern die Zukunft.","potentialAction":[{"@type":"SearchAction","target":{"@type":"EntryPoint","urlTemplate":"https:\/\/renner-pumpen.de\/de\/?s={search_term_string}"},"query-input":{"@type":"PropertyValueSpecification","valueRequired":true,"valueName":"search_term_string"}}],"inLanguage":"de"}]}},"_links":{"self":[{"href":"https:\/\/renner-pumpen.de\/de\/wp-json\/wp\/v2\/product\/9082","targetHints":{"allow":["GET"]}}],"collection":[{"href":"https:\/\/renner-pumpen.de\/de\/wp-json\/wp\/v2\/product"}],"about":[{"href":"https:\/\/renner-pumpen.de\/de\/wp-json\/wp\/v2\/types\/product"}],"wp:featuredmedia":[{"embeddable":true,"href":"https:\/\/renner-pumpen.de\/de\/wp-json\/wp\/v2\/media\/7958"}],"wp:attachment":[{"href":"https:\/\/renner-pumpen.de\/de\/wp-json\/wp\/v2\/media?parent=9082"}],"wp:term":[{"taxonomy":"product_brand","embeddable":true,"href":"https:\/\/renner-pumpen.de\/de\/wp-json\/wp\/v2\/product_brand?post=9082"},{"taxonomy":"product_cat","embeddable":true,"href":"https:\/\/renner-pumpen.de\/de\/wp-json\/wp\/v2\/product_cat?post=9082"},{"taxonomy":"product_tag","embeddable":true,"href":"https:\/\/renner-pumpen.de\/de\/wp-json\/wp\/v2\/product_tag?post=9082"}],"curies":[{"name":"wp","href":"https:\/\/api.w.org\/{rel}","templated":true}]}}