{"id":9101,"date":"2020-03-06T16:52:33","date_gmt":"2020-03-06T15:52:33","guid":{"rendered":"https:\/\/renner-pumpen.de\/produkt\/rm-mf-4-5-typ-18-550\/"},"modified":"2020-03-24T15:08:16","modified_gmt":"2020-03-24T14:08:16","slug":"rm-mf-4-5-typ-18-550","status":"publish","type":"product","link":"https:\/\/renner-pumpen.de\/de\/produkt\/rm-mf-4-5-typ-18-550\/","title":{"rendered":"RM-MF 4.5 Typ 18\/550"},"content":{"rendered":"\n<table id=\"tablepress-108\" class=\"tablepress tablepress-id-108 tbody-has-connected-cells\">\n<tbody class=\"row-striping row-hover\">\n<tr class=\"row-1\">\n\t<td class=\"column-1\">Werkstoffe **<\/td><td class=\"column-2\"><\/td><td class=\"column-3\">PP \/ PVDF\/ Edelstahl<\/td>\n<\/tr>\n<tr class=\"row-2\">\n\t<td class=\"column-1\">Max. F\u00f6rderh\u00f6he<\/td><td class=\"column-2\">[mWS]<\/td><td class=\"column-3\">22<\/td>\n<\/tr>\n<tr class=\"row-3\">\n\t<td class=\"column-1\">Max. Volumenstrom<\/td><td class=\"column-2\">[l\/min.]<\/td><td class=\"column-3\">750<\/td>\n<\/tr>\n<tr class=\"row-4\">\n\t<td class=\"column-1\">Motorleistung<\/td><td class=\"column-2\">[W]<\/td><td class=\"column-3\">3000<\/td>\n<\/tr>\n<tr class=\"row-5\">\n\t<td class=\"column-1\">Max. Dichte<\/td><td class=\"column-2\">[g\/cm\u00b3]<\/td><td class=\"column-3\">1<\/td>\n<\/tr>\n<tr class=\"row-6\">\n\t<td class=\"column-1\">Bemessungsdrehzahl<\/td><td class=\"column-2\">[U\/min.]<\/td><td class=\"column-3\">3480<\/td>\n<\/tr>\n<tr class=\"row-7\">\n\t<td class=\"column-1\">Bemessungsstrom Eingang<\/td><td class=\"column-2\">[A]<\/td><td class=\"column-3\">7,2<\/td>\n<\/tr>\n<tr class=\"row-8\">\n\t<td class=\"column-1\">Bemessungsfrequenz<\/td><td class=\"column-2\">[hz]<\/td><td class=\"column-3\">120<\/td>\n<\/tr>\n<tr class=\"row-9\">\n\t<td class=\"column-1\">Leistungsfaktor cos<\/td><td class=\"column-2\"><\/td><td class=\"column-3\">0,86<\/td>\n<\/tr>\n<tr class=\"row-10\">\n\t<td class=\"column-1\">Netzspannung<\/td><td class=\"column-2\">[V]<\/td><td class=\"column-3\">400 \/\/ 480<\/td>\n<\/tr>\n<tr class=\"row-11\">\n\t<td class=\"column-1\">Netzfrequenz<\/td><td class=\"column-2\">[Hz]<\/td><td class=\"column-3\">50 \/\/ 60<\/td>\n<\/tr>\n<tr class=\"row-12\">\n\t<td class=\"column-1\">Spanungsbereich<\/td><td class=\"column-2\">[V]<\/td><td class=\"column-3\">3\/PE AC 320 V .. 528 V<\/td>\n<\/tr>\n<tr class=\"row-13\">\n\t<td class=\"column-1\">Frequenzbereich<\/td><td class=\"column-2\">[Hz]<\/td><td class=\"column-3\">45 Hz \u2026 65 Hz<\/td>\n<\/tr>\n<tr class=\"row-14\">\n\t<td class=\"column-1\">Schutzart<\/td><td class=\"column-2\"><\/td><td class=\"column-3\">Strahlwassergesch\u00fctzt IP55<\/td>\n<\/tr>\n<tr class=\"row-15\">\n\t<td class=\"column-1\">W\u00e4rmeklasse<\/td><td class=\"column-2\"><\/td><td class=\"column-3\">F<\/td>\n<\/tr>\n<tr class=\"row-16\">\n\t<td class=\"column-1\">Kommunikationsmodul FU*<\/td><td class=\"column-2\"><\/td><td class=\"column-3\">Standard I\/O<\/td>\n<\/tr>\n<tr class=\"row-17\">\n\t<td class=\"column-1\">Max. Flie\u00dfgeschwindigkeit<\/td><td class=\"column-2\">[m\/s]<\/td><td class=\"column-3\">Saugseite 1  \/  Druckseite 3<\/td>\n<\/tr>\n<tr class=\"row-18\">\n\t<td class=\"column-1\">Max. Systemdruck bei 20 \u00b0C  PP\/PVDF\/VA  **<\/td><td class=\"column-2\">[bar]<\/td><td class=\"column-3\">5,0 \/ 6,0 \/ 10,0<\/td>\n<\/tr>\n<tr class=\"row-19\">\n\t<td class=\"column-1\">Max. Temperatur   PP \/ PVDF  **<\/td><td class=\"column-2\">[\u00b0 C]<\/td><td class=\"column-3\">80 \/ 90 \/ 100<\/td>\n<\/tr>\n<tr class=\"row-20\">\n\t<td class=\"column-1\">Viskosit\u00e4t<\/td><td class=\"column-2\">[mPa s]<\/td><td class=\"column-3\">< 160<\/td>\n<\/tr>\n<tr class=\"row-21\">\n\t<td class=\"column-1\">Abmessungen<\/td><td class=\"column-2\">[mm]<\/td><td class=\"column-3\">526 x 207 x 305<\/td>\n<\/tr>\n<tr class=\"row-22\">\n\t<td class=\"column-1\">Anschluss Saugseite<\/td><td class=\"column-2\"><\/td><td class=\"column-3\">G 2 \u00be\u201c<\/td>\n<\/tr>\n<tr class=\"row-23\">\n\t<td class=\"column-1\">Anschluss Druckseite<\/td><td class=\"column-2\"><\/td><td class=\"column-3\">G 2 \u00bc\u201c<\/td>\n<\/tr>\n<tr class=\"row-24\">\n\t<td class=\"column-1\">Gewicht PP\/PVDF<\/td><td class=\"column-2\">[kg]<\/td><td class=\"column-3\">32 \/ 34<\/td>\n<\/tr>\n<tr class=\"row-25\">\n\t<td colspan=\"3\" class=\"column-1\">*andere Spannungen und Frequenzen jederzeit m\u00f6glich<br \/>\n<br \/>\n**Hinweis:  Bei der Auswahl der Werkstoffe muss neben der Temperaturbest\u00e4ndigkeit auch die chemische Best\u00e4ndigkeit in Abh\u00e4ngigkeit vom zu f\u00f6rdernden Medium beachtet werden.<\/td>\n<\/tr>\n<\/tbody>\n<\/table>\n<!-- #tablepress-108 from cache -->\n","protected":false},"excerpt":{"rendered":"<h2><span style='color: #009bff'>Magnetkreiselpumpe RM-MF 4.5 Typ 18\/550<\/span><\/h2>\n<p>Drehzahlvariable, magnetisch gekuppelte Kreiselpumpe einstufig, horizontal, normal ansaugend, in Blockbauweise.<\/p>\n<p>Speziell zur F\u00f6rderung von aggressiven Medien-> 100% leckagefrei durch ber\u00fchrungslose Kraft\u00fcbertragung mittels Magnetkupplung.[wpdm_package id='2326' template='5e4a96f53ef55' cols=1]<\/p>\n","protected":false},"featured_media":2506,"template":"","meta":[],"product_brand":[],"product_cat":[324,263],"product_tag":[],"class_list":{"0":"post-9101","1":"product","2":"type-product","3":"status-publish","4":"has-post-thumbnail","6":"product_cat-magnetkreiselpumpe","7":"product_cat-magnetkreiselpumpe-rm-mf-4-5","8":"pa_bauart-hermetisch-dicht","9":"pa_bauart-normalsaugend","10":"pa_bestseller-alle","11":"pa_bevorzugte-antriebstechnik-drehstrom-asynchron-mf-120-hz","12":"pa_datenblatt-ein-aus-616","13":"pa_drehzahl-1450-u-min-50-hz","14":"pa_drehzahl-1750-u-min-60-hz","15":"pa_drehzahl-2900-u-min-50-hz","16":"pa_drehzahl-3500-u-min-60-hz","17":"pa_einbausituation-aufstellung-horizontal-ausserhalb-vom-tank-bei-rm","18":"pa_einbausituation-aufstellung-vertikal-ausserhalb-vom-tank","19":"pa_frequenzumrichter-betrieb-ja-fu-auf-motor-aufgebaut","20":"pa_frequenzumrichter-betrieb-ja-fu-im-schaltschrank","21":"pa_geplante-foerderhoehe-h-2-5","22":"pa_geplante-foerderhoehe-h-5-10","23":"pa_geplante-foerderhoehe-h-10-15","24":"pa_geplante-foerderhoehe-h-15-20","25":"pa_geplante-foerderhoehe-h-20-25","26":"pa_geplante-foerdermenge-q-30-80","27":"pa_geplante-foerdermenge-q-80-150","28":"pa_geplante-foerdermenge-q-150-300","29":"pa_geplante-foerdermenge-q-300-500","30":"pa_geplante-foerdermenge-q-500-1000","31":"pa_h-max-243","32":"pa_kombinationen-h10-15_q150-300","33":"pa_kombinationen-h10-15_q30-80","34":"pa_kombinationen-h10-15_q300-500","35":"pa_kombinationen-h10-15_q500-1000","36":"pa_kombinationen-h10-15_q80-150","37":"pa_kombinationen-h15-20_q150-300","38":"pa_kombinationen-h15-20_q30-80","39":"pa_kombinationen-h15-20_q300-500","40":"pa_kombinationen-h15-20_q80-150","41":"pa_kombinationen-h2-5_q500-1000","42":"pa_kombinationen-h20-25_q150-300","43":"pa_kombinationen-h20-25_q30-80","44":"pa_kombinationen-h20-25_q80-150","45":"pa_kombinationen-h5-10_q150-300","46":"pa_kombinationen-h5-10_q30-80","47":"pa_kombinationen-h5-10_q300-500","48":"pa_kombinationen-h5-10_q500-1000","49":"pa_kombinationen-h5-10_q80-150","50":"pa_motor-schutzart-ip55-standard","51":"pa_pumpentyp-magnetkreiselpumpe","52":"pa_q-max-262","53":"pa_stillstandheizung-ja","54":"pa_stillstandheizung-nein","55":"pa_thermoschutz-3-kaltleiter","56":"pa_thermoschutz-ohne","57":"pa_thermoschutz-thermoschalter","58":"pa_tropenisolation-ja","59":"pa_tropenisolation-nein","60":"pa_viskositaet--160-mpas","61":"pa_zubehoer-flansche-ansi","62":"pa_zubehoer-flansche-din","63":"pa_zubehoer-npt-adapter","64":"pa_zubehoer-schlauchstecker","66":"first","67":"instock","68":"sold-individually","69":"purchasable","70":"product-type-simple"},"yoast_head":"<!-- This site is optimized with the Yoast SEO plugin v25.5 - https:\/\/yoast.com\/wordpress\/plugins\/seo\/ -->\n<title>RM-MF 4.5 Typ 18\/550 von Renner Pumpen<\/title>\n<meta name=\"description\" content=\"Erfahren Sie mehr zu: Drehzahlvariable, magnetisch gekuppelte Kreiselpumpe einstufig, horizontal, normal ansaugend, in Blockbauweise. Speziell zur F\u00f6rderung von aggressiven Medien-&gt; 100% leckagefrei durch ber\u00fchrungslose Kraft\u00fcbertragung mittels Magnetkupplung.\" \/>\n<meta name=\"robots\" content=\"index, follow, max-snippet:-1, max-image-preview:large, max-video-preview:-1\" \/>\n<link rel=\"canonical\" href=\"https:\/\/renner-pumpen.de\/de\/produkt\/rm-mf-4-5-typ-18-550\/\" \/>\n<meta property=\"og:locale\" content=\"de_DE\" \/>\n<meta property=\"og:type\" content=\"article\" \/>\n<meta property=\"og:title\" content=\"RM-MF 4.5 Typ 18\/550 von Renner Pumpen\" \/>\n<meta property=\"og:description\" content=\"Erfahren Sie mehr zu: Drehzahlvariable, magnetisch gekuppelte Kreiselpumpe einstufig, horizontal, normal ansaugend, in Blockbauweise. Speziell zur F\u00f6rderung von aggressiven Medien-&gt; 100% leckagefrei durch ber\u00fchrungslose Kraft\u00fcbertragung mittels Magnetkupplung.\" \/>\n<meta property=\"og:url\" content=\"https:\/\/renner-pumpen.de\/de\/produkt\/rm-mf-4-5-typ-18-550\/\" \/>\n<meta property=\"og:site_name\" content=\"Renner Pumpen\" \/>\n<meta property=\"article:modified_time\" content=\"2020-03-24T14:08:16+00:00\" \/>\n<meta property=\"og:image\" content=\"https:\/\/renner-pumpen.de\/wp-content\/uploads\/renner-produkte-magnetkreiselpumpen-baureihe-rm-mf-4-5-pvdf.png\" \/>\n\t<meta property=\"og:image:width\" content=\"1200\" \/>\n\t<meta property=\"og:image:height\" content=\"850\" \/>\n\t<meta property=\"og:image:type\" content=\"image\/png\" \/>\n<meta name=\"twitter:card\" content=\"summary_large_image\" \/>\n<meta name=\"twitter:title\" content=\"RM-MF 4.5 Typ 18\/550 von Renner Pumpen\" \/>\n<script type=\"application\/ld+json\" class=\"yoast-schema-graph\">{\"@context\":\"https:\/\/schema.org\",\"@graph\":[{\"@type\":\"WebPage\",\"@id\":\"https:\/\/renner-pumpen.de\/de\/produkt\/rm-mf-4-5-typ-18-550\/\",\"url\":\"https:\/\/renner-pumpen.de\/de\/produkt\/rm-mf-4-5-typ-18-550\/\",\"name\":\"RM-MF 4.5 Typ 18\/550 von Renner Pumpen\",\"isPartOf\":{\"@id\":\"https:\/\/renner-pumpen.de\/de\/#website\"},\"primaryImageOfPage\":{\"@id\":\"https:\/\/renner-pumpen.de\/de\/produkt\/rm-mf-4-5-typ-18-550\/#primaryimage\"},\"image\":{\"@id\":\"https:\/\/renner-pumpen.de\/de\/produkt\/rm-mf-4-5-typ-18-550\/#primaryimage\"},\"thumbnailUrl\":\"https:\/\/renner-pumpen.de\/wp-content\/uploads\/renner-produkte-magnetkreiselpumpen-baureihe-rm-mf-4-5-pvdf.png\",\"datePublished\":\"2020-03-06T15:52:33+00:00\",\"dateModified\":\"2020-03-24T14:08:16+00:00\",\"description\":\"Erfahren Sie mehr zu: Drehzahlvariable, magnetisch gekuppelte Kreiselpumpe einstufig, horizontal, normal ansaugend, in Blockbauweise. Speziell zur F\u00f6rderung von aggressiven Medien-> 100% leckagefrei durch ber\u00fchrungslose Kraft\u00fcbertragung mittels Magnetkupplung.\",\"breadcrumb\":{\"@id\":\"https:\/\/renner-pumpen.de\/de\/produkt\/rm-mf-4-5-typ-18-550\/#breadcrumb\"},\"inLanguage\":\"de\",\"potentialAction\":[{\"@type\":\"ReadAction\",\"target\":[\"https:\/\/renner-pumpen.de\/de\/produkt\/rm-mf-4-5-typ-18-550\/\"]}]},{\"@type\":\"ImageObject\",\"inLanguage\":\"de\",\"@id\":\"https:\/\/renner-pumpen.de\/de\/produkt\/rm-mf-4-5-typ-18-550\/#primaryimage\",\"url\":\"https:\/\/renner-pumpen.de\/wp-content\/uploads\/renner-produkte-magnetkreiselpumpen-baureihe-rm-mf-4-5-pvdf.png\",\"contentUrl\":\"https:\/\/renner-pumpen.de\/wp-content\/uploads\/renner-produkte-magnetkreiselpumpen-baureihe-rm-mf-4-5-pvdf.png\",\"width\":1200,\"height\":850},{\"@type\":\"BreadcrumbList\",\"@id\":\"https:\/\/renner-pumpen.de\/de\/produkt\/rm-mf-4-5-typ-18-550\/#breadcrumb\",\"itemListElement\":[{\"@type\":\"ListItem\",\"position\":1,\"name\":\"Startseite\",\"item\":\"https:\/\/renner-pumpen.de\/de\/\"},{\"@type\":\"ListItem\",\"position\":2,\"name\":\"Shop\",\"item\":\"https:\/\/renner-pumpen.de\/de\/shop\/\"},{\"@type\":\"ListItem\",\"position\":3,\"name\":\"RM-MF 4.5 Typ 18\/550\"}]},{\"@type\":\"WebSite\",\"@id\":\"https:\/\/renner-pumpen.de\/de\/#website\",\"url\":\"https:\/\/renner-pumpen.de\/de\/\",\"name\":\"Renner Pumpen\",\"description\":\"Innovationen sichern die Zukunft.\",\"potentialAction\":[{\"@type\":\"SearchAction\",\"target\":{\"@type\":\"EntryPoint\",\"urlTemplate\":\"https:\/\/renner-pumpen.de\/de\/?s={search_term_string}\"},\"query-input\":{\"@type\":\"PropertyValueSpecification\",\"valueRequired\":true,\"valueName\":\"search_term_string\"}}],\"inLanguage\":\"de\"}]}<\/script>\n<!-- \/ Yoast SEO plugin. -->","yoast_head_json":{"title":"RM-MF 4.5 Typ 18\/550 von Renner Pumpen","description":"Erfahren Sie mehr zu: Drehzahlvariable, magnetisch gekuppelte Kreiselpumpe einstufig, horizontal, normal ansaugend, in Blockbauweise. Speziell zur F\u00f6rderung von aggressiven Medien-> 100% leckagefrei durch ber\u00fchrungslose Kraft\u00fcbertragung mittels Magnetkupplung.","robots":{"index":"index","follow":"follow","max-snippet":"max-snippet:-1","max-image-preview":"max-image-preview:large","max-video-preview":"max-video-preview:-1"},"canonical":"https:\/\/renner-pumpen.de\/de\/produkt\/rm-mf-4-5-typ-18-550\/","og_locale":"de_DE","og_type":"article","og_title":"RM-MF 4.5 Typ 18\/550 von Renner Pumpen","og_description":"Erfahren Sie mehr zu: Drehzahlvariable, magnetisch gekuppelte Kreiselpumpe einstufig, horizontal, normal ansaugend, in Blockbauweise. Speziell zur F\u00f6rderung von aggressiven Medien-> 100% leckagefrei durch ber\u00fchrungslose Kraft\u00fcbertragung mittels Magnetkupplung.","og_url":"https:\/\/renner-pumpen.de\/de\/produkt\/rm-mf-4-5-typ-18-550\/","og_site_name":"Renner Pumpen","article_modified_time":"2020-03-24T14:08:16+00:00","og_image":[{"width":1200,"height":850,"url":"https:\/\/renner-pumpen.de\/wp-content\/uploads\/renner-produkte-magnetkreiselpumpen-baureihe-rm-mf-4-5-pvdf.png","type":"image\/png"}],"twitter_card":"summary_large_image","twitter_title":"RM-MF 4.5 Typ 18\/550 von Renner Pumpen","schema":{"@context":"https:\/\/schema.org","@graph":[{"@type":"WebPage","@id":"https:\/\/renner-pumpen.de\/de\/produkt\/rm-mf-4-5-typ-18-550\/","url":"https:\/\/renner-pumpen.de\/de\/produkt\/rm-mf-4-5-typ-18-550\/","name":"RM-MF 4.5 Typ 18\/550 von Renner Pumpen","isPartOf":{"@id":"https:\/\/renner-pumpen.de\/de\/#website"},"primaryImageOfPage":{"@id":"https:\/\/renner-pumpen.de\/de\/produkt\/rm-mf-4-5-typ-18-550\/#primaryimage"},"image":{"@id":"https:\/\/renner-pumpen.de\/de\/produkt\/rm-mf-4-5-typ-18-550\/#primaryimage"},"thumbnailUrl":"https:\/\/renner-pumpen.de\/wp-content\/uploads\/renner-produkte-magnetkreiselpumpen-baureihe-rm-mf-4-5-pvdf.png","datePublished":"2020-03-06T15:52:33+00:00","dateModified":"2020-03-24T14:08:16+00:00","description":"Erfahren Sie mehr zu: Drehzahlvariable, magnetisch gekuppelte Kreiselpumpe einstufig, horizontal, normal ansaugend, in Blockbauweise. Speziell zur F\u00f6rderung von aggressiven Medien-> 100% leckagefrei durch ber\u00fchrungslose Kraft\u00fcbertragung mittels Magnetkupplung.","breadcrumb":{"@id":"https:\/\/renner-pumpen.de\/de\/produkt\/rm-mf-4-5-typ-18-550\/#breadcrumb"},"inLanguage":"de","potentialAction":[{"@type":"ReadAction","target":["https:\/\/renner-pumpen.de\/de\/produkt\/rm-mf-4-5-typ-18-550\/"]}]},{"@type":"ImageObject","inLanguage":"de","@id":"https:\/\/renner-pumpen.de\/de\/produkt\/rm-mf-4-5-typ-18-550\/#primaryimage","url":"https:\/\/renner-pumpen.de\/wp-content\/uploads\/renner-produkte-magnetkreiselpumpen-baureihe-rm-mf-4-5-pvdf.png","contentUrl":"https:\/\/renner-pumpen.de\/wp-content\/uploads\/renner-produkte-magnetkreiselpumpen-baureihe-rm-mf-4-5-pvdf.png","width":1200,"height":850},{"@type":"BreadcrumbList","@id":"https:\/\/renner-pumpen.de\/de\/produkt\/rm-mf-4-5-typ-18-550\/#breadcrumb","itemListElement":[{"@type":"ListItem","position":1,"name":"Startseite","item":"https:\/\/renner-pumpen.de\/de\/"},{"@type":"ListItem","position":2,"name":"Shop","item":"https:\/\/renner-pumpen.de\/de\/shop\/"},{"@type":"ListItem","position":3,"name":"RM-MF 4.5 Typ 18\/550"}]},{"@type":"WebSite","@id":"https:\/\/renner-pumpen.de\/de\/#website","url":"https:\/\/renner-pumpen.de\/de\/","name":"Renner Pumpen","description":"Innovationen sichern die Zukunft.","potentialAction":[{"@type":"SearchAction","target":{"@type":"EntryPoint","urlTemplate":"https:\/\/renner-pumpen.de\/de\/?s={search_term_string}"},"query-input":{"@type":"PropertyValueSpecification","valueRequired":true,"valueName":"search_term_string"}}],"inLanguage":"de"}]}},"_links":{"self":[{"href":"https:\/\/renner-pumpen.de\/de\/wp-json\/wp\/v2\/product\/9101","targetHints":{"allow":["GET"]}}],"collection":[{"href":"https:\/\/renner-pumpen.de\/de\/wp-json\/wp\/v2\/product"}],"about":[{"href":"https:\/\/renner-pumpen.de\/de\/wp-json\/wp\/v2\/types\/product"}],"wp:featuredmedia":[{"embeddable":true,"href":"https:\/\/renner-pumpen.de\/de\/wp-json\/wp\/v2\/media\/2506"}],"wp:attachment":[{"href":"https:\/\/renner-pumpen.de\/de\/wp-json\/wp\/v2\/media?parent=9101"}],"wp:term":[{"taxonomy":"product_brand","embeddable":true,"href":"https:\/\/renner-pumpen.de\/de\/wp-json\/wp\/v2\/product_brand?post=9101"},{"taxonomy":"product_cat","embeddable":true,"href":"https:\/\/renner-pumpen.de\/de\/wp-json\/wp\/v2\/product_cat?post=9101"},{"taxonomy":"product_tag","embeddable":true,"href":"https:\/\/renner-pumpen.de\/de\/wp-json\/wp\/v2\/product_tag?post=9101"}],"curies":[{"name":"wp","href":"https:\/\/api.w.org\/{rel}","templated":true}]}}