{"id":9116,"date":"2020-03-16T12:17:34","date_gmt":"2020-03-16T11:17:34","guid":{"rendered":"https:\/\/renner-pumpen.de\/produkt\/rt-1-5-typ-7-55\/"},"modified":"2020-03-23T14:47:54","modified_gmt":"2020-03-23T13:47:54","slug":"rt-1-5-typ-7-55","status":"publish","type":"product","link":"https:\/\/renner-pumpen.de\/de\/produkt\/rt-1-5-typ-7-55\/","title":{"rendered":"RT 1.5 Typ 7\/55"},"content":{"rendered":"\n<table id=\"tablepress-17\" class=\"tablepress tablepress-id-17 tbody-has-connected-cells\">\n<tbody class=\"row-striping row-hover\">\n<tr class=\"row-1\">\n\t<td class=\"column-1\">Werkstoffe **<\/td><td class=\"column-2\"><\/td><td class=\"column-3\">PP \/ PVDF \/ Edelstahl<\/td>\n<\/tr>\n<tr class=\"row-2\">\n\t<td class=\"column-1\">Max. F\u00f6rderh\u00f6he<\/td><td class=\"column-2\">[mWS]<\/td><td class=\"column-3\">7<\/td>\n<\/tr>\n<tr class=\"row-3\">\n\t<td class=\"column-1\">Max. Volumenstrom<\/td><td class=\"column-2\">[l\/min.]<\/td><td class=\"column-3\">70<\/td>\n<\/tr>\n<tr class=\"row-4\">\n\t<td class=\"column-1\">Motorleistung<\/td><td class=\"column-2\">[W]<\/td><td class=\"column-3\">120<\/td>\n<\/tr>\n<tr class=\"row-5\">\n\t<td class=\"column-1\">Max. Dichte<\/td><td class=\"column-2\">[g\/cm\u00b3]<\/td><td class=\"column-3\">1,2<\/td>\n<\/tr>\n<tr class=\"row-6\">\n\t<td class=\"column-1\">Nenndrehzahl<\/td><td class=\"column-2\">[U\/min.]<\/td><td class=\"column-3\">2900 \/\/ 3500<\/td>\n<\/tr>\n<tr class=\"row-7\">\n\t<td class=\"column-1\">Frequenz<\/td><td class=\"column-2\">[Hz]<\/td><td class=\"column-3\">50 \/\/ 60<\/td>\n<\/tr>\n<tr class=\"row-8\">\n\t<td class=\"column-1\">Nennspannung  *<\/td><td class=\"column-2\">[V]<\/td><td class=\"column-3\">Wechselstrom 230  bzw.  Drehstrom 230\/400V<\/td>\n<\/tr>\n<tr class=\"row-9\">\n\t<td class=\"column-1\">Nennstrom   *<\/td><td class=\"column-2\">[A]<\/td><td class=\"column-3\">Wechselstrom  1,61 bzw. Drehstrom  0,42\/0,24<\/td>\n<\/tr>\n<tr class=\"row-10\">\n\t<td class=\"column-1\">Nennspannung<\/td><td class=\"column-2\">[V DC]<\/td><td class=\"column-3\">24<\/td>\n<\/tr>\n<tr class=\"row-11\">\n\t<td class=\"column-1\">Nennstrom<\/td><td class=\"column-2\">[A DC]<\/td><td class=\"column-3\">7,5<\/td>\n<\/tr>\n<tr class=\"row-12\">\n\t<td class=\"column-1\">Schutzart<\/td><td class=\"column-2\"><\/td><td class=\"column-3\">IP55<\/td>\n<\/tr>\n<tr class=\"row-13\">\n\t<td class=\"column-1\">Max. Flie\u00dfgeschwindigkeit<\/td><td class=\"column-2\">[m\/s]<\/td><td class=\"column-3\">Saugseite 1  \/  Druckseite 3<\/td>\n<\/tr>\n<tr class=\"row-14\">\n\t<td class=\"column-1\">Max. Systemdruck bei 20 \u00b0C  PP\/PVDF\/VA  **<\/td><td class=\"column-2\">[bar]<\/td><td class=\"column-3\">1,5  \/  2,5  \/  8,0<\/td>\n<\/tr>\n<tr class=\"row-15\">\n\t<td class=\"column-1\">Max. Temperatur   PP \/ PVDF \/ VA  **<\/td><td class=\"column-2\">[\u00b0 C]<\/td><td class=\"column-3\">80 \/ 95 \/ 100<\/td>\n<\/tr>\n<tr class=\"row-16\">\n\t<td class=\"column-1\">Viskosit\u00e4t<\/td><td class=\"column-2\">[mPa s]<\/td><td class=\"column-3\">< 160<\/td>\n<\/tr>\n<tr class=\"row-17\">\n\t<td class=\"column-1\">Abmessungen<\/td><td class=\"column-2\">[mm]<\/td><td class=\"column-3\">277 x 120 x 151<\/td>\n<\/tr>\n<tr class=\"row-18\">\n\t<td class=\"column-1\">Anschluss Saugseite<\/td><td class=\"column-2\"><\/td><td class=\"column-3\">G 1 \u00bc\u201c<\/td>\n<\/tr>\n<tr class=\"row-19\">\n\t<td class=\"column-1\">Anschluss Druckseite<\/td><td class=\"column-2\"><\/td><td class=\"column-3\">G 1\u201c<\/td>\n<\/tr>\n<tr class=\"row-20\">\n\t<td class=\"column-1\">Gewicht   PP \/ PVDF \/ VA<\/td><td class=\"column-2\">[kg]<\/td><td class=\"column-3\">4,3 \/ 4,4 \/ 5,8<\/td>\n<\/tr>\n<tr class=\"row-21\">\n\t<td colspan=\"3\" class=\"column-1\">*andere Spannungen und Frequenzen jederzeit m\u00f6glich<br \/>\n<br \/>\n**Hinweis: Bei der Auswahl der Werkstoffe muss neben der Temperaturbest\u00e4ndigkeit auch die chemische Best\u00e4ndigkeit in Abh\u00e4ngigkeit vom zu f\u00f6rdernden Medium beachtet werden.<br \/>\n<\/td>\n<\/tr>\n<\/tbody>\n<\/table>\n<!-- #tablepress-17 from cache -->\n","protected":false},"excerpt":{"rendered":"<h2><span style=\"color: #009bff;\">Tauchkreiselpumpe RT 1.5 Typ 7\/55<\/span><\/h2>\n<p>Vertikale Tauchkreiselpumpe, trockenlaufsicher ohne Zwischenlager der Welle bis Eintauchtiefe 500mm.<\/p>\n<p>F\u00fcr den vertikalen Einsatz in drucklosen Beh\u00e4ltern, offenen Becken oder Gruben.<br \/>\nSpeziell zur F\u00f6rderung und Umw\u00e4lzung von aggressiven Medien geeignet.[wpdm_package id='11447' template='5e4a96f53ef55' cols=1]<\/p>\n","protected":false},"featured_media":2524,"template":"","meta":[],"product_brand":[],"product_cat":[325,288],"product_tag":[],"class_list":{"0":"post-9116","1":"product","2":"type-product","3":"status-publish","4":"has-post-thumbnail","6":"product_cat-tauchkreiselpumpe","7":"product_cat-tauchkreiselpumpe-rt-1-5","8":"pa_bauart-trockenlaufsicher","9":"pa_bestseller-alle","10":"pa_bestseller-nur-bestseller","11":"pa_bevorzugte-antriebstechnik-drehstrom-asynchron-ie2--075-kw","12":"pa_bevorzugte-antriebstechnik-gleichspannung-dc-12-24-v","13":"pa_bevorzugte-antriebstechnik-wechselstrom-1-ph","14":"pa_drehzahl-2900-u-min-50-hz","15":"pa_drehzahl-3500-u-min-60-hz","16":"pa_einbausituation-aufstellung-vertikal-ausserhalb-vom-tank","17":"pa_einbausituation-aufstellung-vertikal-im-tank-bei-rt","18":"pa_eintauchtiefe-nur-rt-200-mm","19":"pa_eintauchtiefe-nur-rt-300-mm","20":"pa_eintauchtiefe-nur-rt-400-mm","21":"pa_eintauchtiefe-nur-rt-500-mm","22":"pa_frequenzumrichter-betrieb-ja-fu-im-schaltschrank","23":"pa_frequenzumrichter-betrieb-nein","24":"pa_geplante-foerderhoehe-h-2-5","25":"pa_geplante-foerderhoehe-h-5-10","26":"pa_geplante-foerdermenge-q-1-30","27":"pa_geplante-foerdermenge-q-30-80","28":"pa_h-max-159","29":"pa_kombinationen-h2-5_q30-80","30":"pa_kombinationen-h5-10_q1-30","31":"pa_kombinationen-h5-10_q30-80","32":"pa_motor-schutzart-ip55-standard","33":"pa_motor-schutzart-ip56","34":"pa_pumpentyp-tauchkreiselpumpe","35":"pa_q-max-164","36":"pa_stillstandheizung-ja","37":"pa_stillstandheizung-nein","38":"pa_thermoschutz-3-kaltleiter","39":"pa_thermoschutz-ohne","40":"pa_thermoschutz-thermoschalter","41":"pa_tropenisolation-ja","42":"pa_tropenisolation-nein","43":"pa_viskositaet--160-mpas","44":"pa_zubehoer-flansche-ansi","45":"pa_zubehoer-flansche-din","46":"pa_zubehoer-kabel-mit-stecker","47":"pa_zubehoer-npt-adapter","48":"pa_zubehoer-schlauchstecker","50":"first","51":"instock","52":"sold-individually","53":"purchasable","54":"product-type-simple"},"yoast_head":"<!-- This site is optimized with the Yoast SEO plugin v25.5 - https:\/\/yoast.com\/wordpress\/plugins\/seo\/ -->\n<title>RT 1.5 Typ 7\/55 von Renner Pumpen<\/title>\n<meta name=\"description\" content=\"Erfahren Sie mehr zu:\" \/>\n<meta name=\"robots\" content=\"index, follow, max-snippet:-1, max-image-preview:large, max-video-preview:-1\" \/>\n<link rel=\"canonical\" href=\"https:\/\/renner-pumpen.de\/de\/produkt\/rt-1-5-typ-7-55\/\" \/>\n<meta property=\"og:locale\" content=\"de_DE\" \/>\n<meta property=\"og:type\" content=\"article\" \/>\n<meta property=\"og:title\" content=\"RT 1.5 Typ 7\/55 von Renner Pumpen\" \/>\n<meta property=\"og:description\" content=\"Erfahren Sie mehr zu:\" \/>\n<meta property=\"og:url\" content=\"https:\/\/renner-pumpen.de\/de\/produkt\/rt-1-5-typ-7-55\/\" \/>\n<meta property=\"og:site_name\" content=\"Renner Pumpen\" \/>\n<meta property=\"article:modified_time\" content=\"2020-03-23T13:47:54+00:00\" \/>\n<meta property=\"og:image\" content=\"https:\/\/renner-pumpen.de\/wp-content\/uploads\/renner-produkte-tauchkreiselpumpen-baureihe-rt-1-5.png\" \/>\n\t<meta property=\"og:image:width\" content=\"1200\" \/>\n\t<meta property=\"og:image:height\" content=\"850\" \/>\n\t<meta property=\"og:image:type\" content=\"image\/png\" \/>\n<meta name=\"twitter:card\" content=\"summary_large_image\" \/>\n<meta name=\"twitter:title\" content=\"RT 1.5 Typ 7\/55 von Renner Pumpen\" \/>\n<script type=\"application\/ld+json\" class=\"yoast-schema-graph\">{\"@context\":\"https:\/\/schema.org\",\"@graph\":[{\"@type\":\"WebPage\",\"@id\":\"https:\/\/renner-pumpen.de\/de\/produkt\/rt-1-5-typ-7-55\/\",\"url\":\"https:\/\/renner-pumpen.de\/de\/produkt\/rt-1-5-typ-7-55\/\",\"name\":\"RT 1.5 Typ 7\/55 von Renner Pumpen\",\"isPartOf\":{\"@id\":\"https:\/\/renner-pumpen.de\/de\/#website\"},\"primaryImageOfPage\":{\"@id\":\"https:\/\/renner-pumpen.de\/de\/produkt\/rt-1-5-typ-7-55\/#primaryimage\"},\"image\":{\"@id\":\"https:\/\/renner-pumpen.de\/de\/produkt\/rt-1-5-typ-7-55\/#primaryimage\"},\"thumbnailUrl\":\"https:\/\/renner-pumpen.de\/wp-content\/uploads\/renner-produkte-tauchkreiselpumpen-baureihe-rt-1-5.png\",\"datePublished\":\"2020-03-16T11:17:34+00:00\",\"dateModified\":\"2020-03-23T13:47:54+00:00\",\"description\":\"Erfahren Sie mehr zu:\",\"breadcrumb\":{\"@id\":\"https:\/\/renner-pumpen.de\/de\/produkt\/rt-1-5-typ-7-55\/#breadcrumb\"},\"inLanguage\":\"de\",\"potentialAction\":[{\"@type\":\"ReadAction\",\"target\":[\"https:\/\/renner-pumpen.de\/de\/produkt\/rt-1-5-typ-7-55\/\"]}]},{\"@type\":\"ImageObject\",\"inLanguage\":\"de\",\"@id\":\"https:\/\/renner-pumpen.de\/de\/produkt\/rt-1-5-typ-7-55\/#primaryimage\",\"url\":\"https:\/\/renner-pumpen.de\/wp-content\/uploads\/renner-produkte-tauchkreiselpumpen-baureihe-rt-1-5.png\",\"contentUrl\":\"https:\/\/renner-pumpen.de\/wp-content\/uploads\/renner-produkte-tauchkreiselpumpen-baureihe-rt-1-5.png\",\"width\":1200,\"height\":850},{\"@type\":\"BreadcrumbList\",\"@id\":\"https:\/\/renner-pumpen.de\/de\/produkt\/rt-1-5-typ-7-55\/#breadcrumb\",\"itemListElement\":[{\"@type\":\"ListItem\",\"position\":1,\"name\":\"Startseite\",\"item\":\"https:\/\/renner-pumpen.de\/de\/\"},{\"@type\":\"ListItem\",\"position\":2,\"name\":\"Shop\",\"item\":\"https:\/\/renner-pumpen.de\/de\/shop\/\"},{\"@type\":\"ListItem\",\"position\":3,\"name\":\"RT 1.5 Typ 7\/55\"}]},{\"@type\":\"WebSite\",\"@id\":\"https:\/\/renner-pumpen.de\/de\/#website\",\"url\":\"https:\/\/renner-pumpen.de\/de\/\",\"name\":\"Renner Pumpen\",\"description\":\"Innovationen sichern die Zukunft.\",\"potentialAction\":[{\"@type\":\"SearchAction\",\"target\":{\"@type\":\"EntryPoint\",\"urlTemplate\":\"https:\/\/renner-pumpen.de\/de\/?s={search_term_string}\"},\"query-input\":{\"@type\":\"PropertyValueSpecification\",\"valueRequired\":true,\"valueName\":\"search_term_string\"}}],\"inLanguage\":\"de\"}]}<\/script>\n<!-- \/ Yoast SEO plugin. -->","yoast_head_json":{"title":"RT 1.5 Typ 7\/55 von Renner Pumpen","description":"Erfahren Sie mehr zu:","robots":{"index":"index","follow":"follow","max-snippet":"max-snippet:-1","max-image-preview":"max-image-preview:large","max-video-preview":"max-video-preview:-1"},"canonical":"https:\/\/renner-pumpen.de\/de\/produkt\/rt-1-5-typ-7-55\/","og_locale":"de_DE","og_type":"article","og_title":"RT 1.5 Typ 7\/55 von Renner Pumpen","og_description":"Erfahren Sie mehr zu:","og_url":"https:\/\/renner-pumpen.de\/de\/produkt\/rt-1-5-typ-7-55\/","og_site_name":"Renner Pumpen","article_modified_time":"2020-03-23T13:47:54+00:00","og_image":[{"width":1200,"height":850,"url":"https:\/\/renner-pumpen.de\/wp-content\/uploads\/renner-produkte-tauchkreiselpumpen-baureihe-rt-1-5.png","type":"image\/png"}],"twitter_card":"summary_large_image","twitter_title":"RT 1.5 Typ 7\/55 von Renner Pumpen","schema":{"@context":"https:\/\/schema.org","@graph":[{"@type":"WebPage","@id":"https:\/\/renner-pumpen.de\/de\/produkt\/rt-1-5-typ-7-55\/","url":"https:\/\/renner-pumpen.de\/de\/produkt\/rt-1-5-typ-7-55\/","name":"RT 1.5 Typ 7\/55 von Renner Pumpen","isPartOf":{"@id":"https:\/\/renner-pumpen.de\/de\/#website"},"primaryImageOfPage":{"@id":"https:\/\/renner-pumpen.de\/de\/produkt\/rt-1-5-typ-7-55\/#primaryimage"},"image":{"@id":"https:\/\/renner-pumpen.de\/de\/produkt\/rt-1-5-typ-7-55\/#primaryimage"},"thumbnailUrl":"https:\/\/renner-pumpen.de\/wp-content\/uploads\/renner-produkte-tauchkreiselpumpen-baureihe-rt-1-5.png","datePublished":"2020-03-16T11:17:34+00:00","dateModified":"2020-03-23T13:47:54+00:00","description":"Erfahren Sie mehr zu:","breadcrumb":{"@id":"https:\/\/renner-pumpen.de\/de\/produkt\/rt-1-5-typ-7-55\/#breadcrumb"},"inLanguage":"de","potentialAction":[{"@type":"ReadAction","target":["https:\/\/renner-pumpen.de\/de\/produkt\/rt-1-5-typ-7-55\/"]}]},{"@type":"ImageObject","inLanguage":"de","@id":"https:\/\/renner-pumpen.de\/de\/produkt\/rt-1-5-typ-7-55\/#primaryimage","url":"https:\/\/renner-pumpen.de\/wp-content\/uploads\/renner-produkte-tauchkreiselpumpen-baureihe-rt-1-5.png","contentUrl":"https:\/\/renner-pumpen.de\/wp-content\/uploads\/renner-produkte-tauchkreiselpumpen-baureihe-rt-1-5.png","width":1200,"height":850},{"@type":"BreadcrumbList","@id":"https:\/\/renner-pumpen.de\/de\/produkt\/rt-1-5-typ-7-55\/#breadcrumb","itemListElement":[{"@type":"ListItem","position":1,"name":"Startseite","item":"https:\/\/renner-pumpen.de\/de\/"},{"@type":"ListItem","position":2,"name":"Shop","item":"https:\/\/renner-pumpen.de\/de\/shop\/"},{"@type":"ListItem","position":3,"name":"RT 1.5 Typ 7\/55"}]},{"@type":"WebSite","@id":"https:\/\/renner-pumpen.de\/de\/#website","url":"https:\/\/renner-pumpen.de\/de\/","name":"Renner Pumpen","description":"Innovationen sichern die Zukunft.","potentialAction":[{"@type":"SearchAction","target":{"@type":"EntryPoint","urlTemplate":"https:\/\/renner-pumpen.de\/de\/?s={search_term_string}"},"query-input":{"@type":"PropertyValueSpecification","valueRequired":true,"valueName":"search_term_string"}}],"inLanguage":"de"}]}},"_links":{"self":[{"href":"https:\/\/renner-pumpen.de\/de\/wp-json\/wp\/v2\/product\/9116","targetHints":{"allow":["GET"]}}],"collection":[{"href":"https:\/\/renner-pumpen.de\/de\/wp-json\/wp\/v2\/product"}],"about":[{"href":"https:\/\/renner-pumpen.de\/de\/wp-json\/wp\/v2\/types\/product"}],"wp:featuredmedia":[{"embeddable":true,"href":"https:\/\/renner-pumpen.de\/de\/wp-json\/wp\/v2\/media\/2524"}],"wp:attachment":[{"href":"https:\/\/renner-pumpen.de\/de\/wp-json\/wp\/v2\/media?parent=9116"}],"wp:term":[{"taxonomy":"product_brand","embeddable":true,"href":"https:\/\/renner-pumpen.de\/de\/wp-json\/wp\/v2\/product_brand?post=9116"},{"taxonomy":"product_cat","embeddable":true,"href":"https:\/\/renner-pumpen.de\/de\/wp-json\/wp\/v2\/product_cat?post=9116"},{"taxonomy":"product_tag","embeddable":true,"href":"https:\/\/renner-pumpen.de\/de\/wp-json\/wp\/v2\/product_tag?post=9116"}],"curies":[{"name":"wp","href":"https:\/\/api.w.org\/{rel}","templated":true}]}}