{"id":9125,"date":"2020-03-16T12:17:34","date_gmt":"2020-03-16T11:17:34","guid":{"rendered":"https:\/\/renner-pumpen.de\/produkt\/rt-3-typ-12-150\/"},"modified":"2020-03-24T08:24:45","modified_gmt":"2020-03-24T07:24:45","slug":"rt-3-typ-12-150","status":"publish","type":"product","link":"https:\/\/renner-pumpen.de\/de\/produkt\/rt-3-typ-12-150\/","title":{"rendered":"RT 3 Typ 12\/150"},"content":{"rendered":"\n<table id=\"tablepress-203\" class=\"tablepress tablepress-id-203 tbody-has-connected-cells\">\n<tbody class=\"row-striping row-hover\">\n<tr class=\"row-1\">\n\t<td class=\"column-1\">Werkstoffe **<\/td><td class=\"column-2\"><\/td><td colspan=\"3\" class=\"column-3\"><center>PP \/ PVDF \/ Edelstahl<\/center><\/td>\n<\/tr>\n<tr class=\"row-2\">\n\t<td class=\"column-1\">Max. F\u00f6rderh\u00f6he<\/td><td class=\"column-2\">[mWS]<\/td><td class=\"column-3\"><center>12<\/center><\/td><td class=\"column-4\"><center>12<\/center><\/td><td class=\"column-5\"><center>12<\/center><\/td>\n<\/tr>\n<tr class=\"row-3\">\n\t<td class=\"column-1\">Max. Volumenstrom<\/td><td class=\"column-2\">[l\/min.]<\/td><td class=\"column-3\"><center>160<\/center><\/td><td class=\"column-4\"><center>230<\/center><\/td><td class=\"column-5\"><center>230<\/center><\/td>\n<\/tr>\n<tr class=\"row-4\">\n\t<td class=\"column-1\">Motorleistung<\/td><td class=\"column-2\">[W]<\/td><td class=\"column-3\"><center>0,37<\/center><\/td><td class=\"column-4\"><center>0,65<\/center><\/td><td class=\"column-5\"><center>0,75<\/center><\/td>\n<\/tr>\n<tr class=\"row-5\">\n\t<td class=\"column-1\">Max. Dichte<\/td><td class=\"column-2\">[g\/cm\u00b3]<\/td><td class=\"column-3\"><center>1<\/center><\/td><td class=\"column-4\"><center>1,5<\/center><\/td><td class=\"column-5\"><center>1,75<\/center><\/td>\n<\/tr>\n<tr class=\"row-6\">\n\t<td class=\"column-1\">Nenndrehzahl bei 50\/\/60Hz<\/td><td class=\"column-2\">[U\/min.]<\/td><td colspan=\"3\" class=\"column-3\"><center>2900 \/\/ 3500<\/center><\/td>\n<\/tr>\n<tr class=\"row-7\">\n\t<td class=\"column-1\">Frequenz<\/td><td class=\"column-2\">[Hz]<\/td><td colspan=\"3\" class=\"column-3\"><center>50 \/\/ 60<\/center><\/td>\n<\/tr>\n<tr class=\"row-8\">\n\t<td class=\"column-1\">Nennspannung  *<\/td><td class=\"column-2\">[V]<\/td><td colspan=\"3\" class=\"column-3\"><center>230\/400V<\/center><\/td>\n<\/tr>\n<tr class=\"row-9\">\n\t<td class=\"column-1\">Nennstrom bei 400V 50Hz  3ph.  *<\/td><td class=\"column-2\">[A]<\/td><td class=\"column-3\"><center>1,03<\/center><\/td><td class=\"column-4\"><center>1,63<\/center><\/td><td class=\"column-5\"><center>1,57<\/center><\/td>\n<\/tr>\n<tr class=\"row-10\">\n\t<td class=\"column-1\">Schutzart<\/td><td class=\"column-2\"><\/td><td colspan=\"3\" class=\"column-3\"><center>IP55<\/center><\/td>\n<\/tr>\n<tr class=\"row-11\">\n\t<td class=\"column-1\">Max. Flie\u00dfgeschwindigkeit<\/td><td class=\"column-2\">[m\/s]<\/td><td colspan=\"3\" class=\"column-3\"><center>Druckseite  3<\/center><\/td>\n<\/tr>\n<tr class=\"row-12\">\n\t<td class=\"column-1\">Max. Temperatur   PP \/ PVDF \/ VA  **<\/td><td class=\"column-2\">[\u00b0 C]<\/td><td colspan=\"3\" class=\"column-3\"><center>80 \/ 95 \/ 100<\/center><\/td>\n<\/tr>\n<tr class=\"row-13\">\n\t<td class=\"column-1\">Viskosit\u00e4t<\/td><td class=\"column-2\">[mPa s]<\/td><td colspan=\"3\" class=\"column-3\"><center>< 160<\/center><\/td>\n<\/tr>\n<tr class=\"row-14\">\n\t<td class=\"column-1\">Abmessungen<\/td><td class=\"column-2\">[mm]<\/td><td class=\"column-3\"><\/td><td class=\"column-4\"><\/td><td class=\"column-5\"><\/td>\n<\/tr>\n<tr class=\"row-15\">\n\t<td class=\"column-1\">Anschluss Saugseite  1<\/td><td class=\"column-2\"><\/td><td colspan=\"3\" class=\"column-3\"><center>Saugsieb<\/center><\/td>\n<\/tr>\n<tr class=\"row-16\">\n\t<td class=\"column-1\">Anschluss Saugseite  2<\/td><td class=\"column-2\"><\/td><td colspan=\"3\" class=\"column-3\"><center>G 2 \u00bc\u201c<\/center><\/td>\n<\/tr>\n<tr class=\"row-17\">\n\t<td class=\"column-1\">Anschluss Druckseite \u201eT\u201c<\/td><td class=\"column-2\"><\/td><td colspan=\"3\" class=\"column-3\"><center>G 1 \u00bd\u201c<\/center><\/td>\n<\/tr>\n<tr class=\"row-18\">\n\t<td class=\"column-1\">L\u00e4nge \u201eET\u201c<\/td><td class=\"column-2\">[mm]<\/td><td colspan=\"3\" class=\"column-3\"><center>ET200 \/  ET270 \/  ET300 \/  ET350 \/  ET400 \/  ET500<\/center><\/td>\n<\/tr>\n<tr class=\"row-19\">\n\t<td class=\"column-1\"><\/td><td class=\"column-2\"><\/td><td colspan=\"3\" class=\"column-3\"><center>Zwischenl\u00e4ngen auf Anfrage lieferbar !<\/center><\/td>\n<\/tr>\n<tr class=\"row-20\">\n\t<td class=\"column-1\">H\u00f6he \u201eMH\u201c  (ab 0,75kW IE2)<\/td><td class=\"column-2\">[mm]<\/td><td class=\"column-3\"><center>292<\/center><\/td><td class=\"column-4\"><center>295<\/center><\/td><td class=\"column-5\"><center>310<\/center><\/td>\n<\/tr>\n<tr class=\"row-21\">\n\t<td class=\"column-1\">H\u00f6he \u201eMH\u201c  (ab 0,75kW IE3)<\/td><td class=\"column-2\">[mm]<\/td><td class=\"column-3\"><center>292<\/center><\/td><td class=\"column-4\"><center>295<\/center><\/td><td class=\"column-5\"><center>330<\/center><\/td>\n<\/tr>\n<tr class=\"row-22\">\n\t<td class=\"column-1\">Flanschabmessung \u201eA x B\u201c<\/td><td class=\"column-2\">[mm]<\/td><td colspan=\"3\" class=\"column-3\"><center>275 x 220 ***<\/center><\/td>\n<\/tr>\n<tr class=\"row-23\">\n\t<td class=\"column-1\">Befestigungsbohrungen  \u201eC x D\u201c<\/td><td class=\"column-2\">[mm]<\/td><td colspan=\"3\" class=\"column-3\"><center>250 x 195 ***<\/center><\/td>\n<\/tr>\n<tr class=\"row-24\">\n\t<td class=\"column-1\">Verl\u00e4ngerungsrohr (optional)  \u201eVL\u201c<\/td><td class=\"column-2\">[mm]<\/td><td colspan=\"3\" class=\"column-3\"><center>200 \/ 300 \/ 400 \/ 500<\/center><\/td>\n<\/tr>\n<tr class=\"row-25\">\n\t<td class=\"column-1\">Gewicht   PP \/ PVDF \/ VA    ca.<\/td><td class=\"column-2\">[kg]<\/td><td class=\"column-3\"><center>12,5 \/ 14,5 \/ 18,0<\/center><\/td><td class=\"column-4\"><center>14,5 \/ 18,5 \/ 22,0<\/center><\/td><td class=\"column-5\"><center>16,5 \/ 20,5 \/ 24,0<\/center><\/td>\n<\/tr>\n<tr class=\"row-26\">\n\t<td colspan=\"5\" class=\"column-1\">*andere Spannungen und Frequenzen jederzeit m\u00f6glich<br \/>\n<br \/>\n**Hinweis: Bei der Auswahl der Werkstoffe muss neben der Temperaturbest\u00e4ndigkeit auch die chemische Best\u00e4ndigkeit in Abh\u00e4ngigkeit vom zu f\u00f6rdernden Medium beachtet werden.<br \/>\n<br \/>\n*** Andere Einbauflansch-Abmessungen auf Anfrage jederzeit m\u00f6glich!<\/td>\n<\/tr>\n<\/tbody>\n<\/table>\n<!-- #tablepress-203 from cache -->\n","protected":false},"excerpt":{"rendered":"<h2><span style='color: #009bff'>Tauchkreiselpumpe RT 3 Typ 12\/150<\/span><\/h2>\n<p>Vertikale Tauchkreiselpumpe, trockenlaufsicher ohne Zwischenlager der Welle bis Eintauchtiefe 500mm.<\/p>\n<p>F\u00fcr den vertikalen Einsatz in drucklosen Beh\u00e4ltern, offenen Becken oder Gruben.<br \/>\nSpeziell zur F\u00f6rderung und Umw\u00e4lzung von aggressiven Medien geeignet.<\/p>\n","protected":false},"featured_media":2530,"template":"","meta":[],"product_brand":[],"product_cat":[325,296],"product_tag":[],"class_list":{"0":"post-9125","1":"product","2":"type-product","3":"status-publish","4":"has-post-thumbnail","6":"product_cat-tauchkreiselpumpe","7":"product_cat-tauchkreiselpumpe-rt-3","8":"pa_bauart-trockenlaufsicher","9":"pa_bestseller-alle","10":"pa_bevorzugte-antriebstechnik-drehstrom-asynchron-ie2--075-kw","11":"pa_bevorzugte-antriebstechnik-drehstrom-asynchron-ie3","12":"pa_bevorzugte-antriebstechnik-permanentmagnet-synchron-ie4","13":"pa_bevorzugte-antriebstechnik-wechselstrom-1-ph","14":"pa_drehzahl-2900-u-min-50-hz","15":"pa_drehzahl-3500-u-min-60-hz","16":"pa_einbausituation-aufstellung-vertikal-ausserhalb-vom-tank","17":"pa_einbausituation-aufstellung-vertikal-im-tank-bei-rt","18":"pa_eintauchtiefe-nur-rt-200-mm","19":"pa_eintauchtiefe-nur-rt-270-mm","20":"pa_eintauchtiefe-nur-rt-300-mm","21":"pa_eintauchtiefe-nur-rt-350-mm","22":"pa_eintauchtiefe-nur-rt-400-mm","23":"pa_eintauchtiefe-nur-rt-450-mm","24":"pa_eintauchtiefe-nur-rt-490-mm","25":"pa_eintauchtiefe-nur-rt-500-mm","26":"pa_frequenzumrichter-betrieb-ja-fu-auf-motor-aufgebaut","27":"pa_frequenzumrichter-betrieb-ja-fu-im-schaltschrank","28":"pa_frequenzumrichter-betrieb-nein","29":"pa_geplante-foerderhoehe-h-2-5","30":"pa_geplante-foerderhoehe-h-5-10","31":"pa_geplante-foerderhoehe-h-10-15","32":"pa_geplante-foerdermenge-q-1-30","33":"pa_geplante-foerdermenge-q-30-80","34":"pa_geplante-foerdermenge-q-80-150","35":"pa_geplante-foerdermenge-q-150-300","36":"pa_h-max-179","37":"pa_kombinationen-h10-15_q1-30","38":"pa_kombinationen-h10-15_q30-80","39":"pa_kombinationen-h2-5_q150-300","40":"pa_kombinationen-h5-10_q150-300","41":"pa_kombinationen-h5-10_q30-80","42":"pa_kombinationen-h5-10_q80-150","43":"pa_motor-schutzart-explosionsgeschutzt-atex","44":"pa_motor-schutzart-ip55-standard","45":"pa_motor-schutzart-ip56","46":"pa_motor-schutzart-ip66","47":"pa_pumpentyp-tauchkreiselpumpe","48":"pa_q-max-213","49":"pa_stillstandheizung-ja","50":"pa_stillstandheizung-nein","51":"pa_thermoschutz-3-kaltleiter","52":"pa_thermoschutz-ohne","53":"pa_thermoschutz-thermoschalter","54":"pa_tropenisolation-ja","55":"pa_tropenisolation-nein","56":"pa_viskositaet--160-mpas","57":"pa_zubehoer-elektronischer-prozess-schutz","58":"pa_zubehoer-flansche-ansi","59":"pa_zubehoer-flansche-din","60":"pa_zubehoer-kabel-mit-stecker","61":"pa_zubehoer-npt-adapter","62":"pa_zubehoer-schlauchstecker","64":"first","65":"instock","66":"sold-individually","67":"purchasable","68":"product-type-simple"},"yoast_head":"<!-- This site is optimized with the Yoast SEO plugin v25.5 - https:\/\/yoast.com\/wordpress\/plugins\/seo\/ -->\n<title>RT 3 Typ 12\/150 von Renner Pumpen<\/title>\n<meta name=\"description\" content=\"Erfahren Sie mehr zu: Vertikale Tauchkreiselpumpe, trockenlaufsicher ohne Zwischenlager der Welle bis Eintauchtiefe 500mm. F\u00fcr den vertikalen Einsatz in drucklosen Beh\u00e4ltern, offenen Becken oder Gruben. Speziell zur F\u00f6rderung und Umw\u00e4lzung von aggressiven Medien geeignet.\" \/>\n<meta name=\"robots\" content=\"index, follow, max-snippet:-1, max-image-preview:large, max-video-preview:-1\" \/>\n<link rel=\"canonical\" href=\"https:\/\/renner-pumpen.de\/de\/produkt\/rt-3-typ-12-150\/\" \/>\n<meta property=\"og:locale\" content=\"de_DE\" \/>\n<meta property=\"og:type\" content=\"article\" \/>\n<meta property=\"og:title\" content=\"RT 3 Typ 12\/150 von Renner Pumpen\" \/>\n<meta property=\"og:description\" content=\"Erfahren Sie mehr zu: Vertikale Tauchkreiselpumpe, trockenlaufsicher ohne Zwischenlager der Welle bis Eintauchtiefe 500mm. F\u00fcr den vertikalen Einsatz in drucklosen Beh\u00e4ltern, offenen Becken oder Gruben. Speziell zur F\u00f6rderung und Umw\u00e4lzung von aggressiven Medien geeignet.\" \/>\n<meta property=\"og:url\" content=\"https:\/\/renner-pumpen.de\/de\/produkt\/rt-3-typ-12-150\/\" \/>\n<meta property=\"og:site_name\" content=\"Renner Pumpen\" \/>\n<meta property=\"article:modified_time\" content=\"2020-03-24T07:24:45+00:00\" \/>\n<meta property=\"og:image\" content=\"https:\/\/renner-pumpen.de\/wp-content\/uploads\/renner-produkte-tauchkreiselpumpen-baureihe-rt-3-pp-fu.png\" \/>\n\t<meta property=\"og:image:width\" content=\"1200\" \/>\n\t<meta property=\"og:image:height\" content=\"850\" \/>\n\t<meta property=\"og:image:type\" content=\"image\/png\" \/>\n<meta name=\"twitter:card\" content=\"summary_large_image\" \/>\n<meta name=\"twitter:title\" content=\"RT 3 Typ 12\/150 von Renner Pumpen\" \/>\n<script type=\"application\/ld+json\" class=\"yoast-schema-graph\">{\"@context\":\"https:\/\/schema.org\",\"@graph\":[{\"@type\":\"WebPage\",\"@id\":\"https:\/\/renner-pumpen.de\/de\/produkt\/rt-3-typ-12-150\/\",\"url\":\"https:\/\/renner-pumpen.de\/de\/produkt\/rt-3-typ-12-150\/\",\"name\":\"RT 3 Typ 12\/150 von Renner Pumpen\",\"isPartOf\":{\"@id\":\"https:\/\/renner-pumpen.de\/de\/#website\"},\"primaryImageOfPage\":{\"@id\":\"https:\/\/renner-pumpen.de\/de\/produkt\/rt-3-typ-12-150\/#primaryimage\"},\"image\":{\"@id\":\"https:\/\/renner-pumpen.de\/de\/produkt\/rt-3-typ-12-150\/#primaryimage\"},\"thumbnailUrl\":\"https:\/\/renner-pumpen.de\/wp-content\/uploads\/renner-produkte-tauchkreiselpumpen-baureihe-rt-3-pp-fu.png\",\"datePublished\":\"2020-03-16T11:17:34+00:00\",\"dateModified\":\"2020-03-24T07:24:45+00:00\",\"description\":\"Erfahren Sie mehr zu: Vertikale Tauchkreiselpumpe, trockenlaufsicher ohne Zwischenlager der Welle bis Eintauchtiefe 500mm. F\u00fcr den vertikalen Einsatz in drucklosen Beh\u00e4ltern, offenen Becken oder Gruben. Speziell zur F\u00f6rderung und Umw\u00e4lzung von aggressiven Medien geeignet.\",\"breadcrumb\":{\"@id\":\"https:\/\/renner-pumpen.de\/de\/produkt\/rt-3-typ-12-150\/#breadcrumb\"},\"inLanguage\":\"de\",\"potentialAction\":[{\"@type\":\"ReadAction\",\"target\":[\"https:\/\/renner-pumpen.de\/de\/produkt\/rt-3-typ-12-150\/\"]}]},{\"@type\":\"ImageObject\",\"inLanguage\":\"de\",\"@id\":\"https:\/\/renner-pumpen.de\/de\/produkt\/rt-3-typ-12-150\/#primaryimage\",\"url\":\"https:\/\/renner-pumpen.de\/wp-content\/uploads\/renner-produkte-tauchkreiselpumpen-baureihe-rt-3-pp-fu.png\",\"contentUrl\":\"https:\/\/renner-pumpen.de\/wp-content\/uploads\/renner-produkte-tauchkreiselpumpen-baureihe-rt-3-pp-fu.png\",\"width\":1200,\"height\":850},{\"@type\":\"BreadcrumbList\",\"@id\":\"https:\/\/renner-pumpen.de\/de\/produkt\/rt-3-typ-12-150\/#breadcrumb\",\"itemListElement\":[{\"@type\":\"ListItem\",\"position\":1,\"name\":\"Startseite\",\"item\":\"https:\/\/renner-pumpen.de\/de\/\"},{\"@type\":\"ListItem\",\"position\":2,\"name\":\"Shop\",\"item\":\"https:\/\/renner-pumpen.de\/de\/shop\/\"},{\"@type\":\"ListItem\",\"position\":3,\"name\":\"RT 3 Typ 12\/150\"}]},{\"@type\":\"WebSite\",\"@id\":\"https:\/\/renner-pumpen.de\/de\/#website\",\"url\":\"https:\/\/renner-pumpen.de\/de\/\",\"name\":\"Renner Pumpen\",\"description\":\"Innovationen sichern die Zukunft.\",\"potentialAction\":[{\"@type\":\"SearchAction\",\"target\":{\"@type\":\"EntryPoint\",\"urlTemplate\":\"https:\/\/renner-pumpen.de\/de\/?s={search_term_string}\"},\"query-input\":{\"@type\":\"PropertyValueSpecification\",\"valueRequired\":true,\"valueName\":\"search_term_string\"}}],\"inLanguage\":\"de\"}]}<\/script>\n<!-- \/ Yoast SEO plugin. -->","yoast_head_json":{"title":"RT 3 Typ 12\/150 von Renner Pumpen","description":"Erfahren Sie mehr zu: Vertikale Tauchkreiselpumpe, trockenlaufsicher ohne Zwischenlager der Welle bis Eintauchtiefe 500mm. F\u00fcr den vertikalen Einsatz in drucklosen Beh\u00e4ltern, offenen Becken oder Gruben. Speziell zur F\u00f6rderung und Umw\u00e4lzung von aggressiven Medien geeignet.","robots":{"index":"index","follow":"follow","max-snippet":"max-snippet:-1","max-image-preview":"max-image-preview:large","max-video-preview":"max-video-preview:-1"},"canonical":"https:\/\/renner-pumpen.de\/de\/produkt\/rt-3-typ-12-150\/","og_locale":"de_DE","og_type":"article","og_title":"RT 3 Typ 12\/150 von Renner Pumpen","og_description":"Erfahren Sie mehr zu: Vertikale Tauchkreiselpumpe, trockenlaufsicher ohne Zwischenlager der Welle bis Eintauchtiefe 500mm. F\u00fcr den vertikalen Einsatz in drucklosen Beh\u00e4ltern, offenen Becken oder Gruben. Speziell zur F\u00f6rderung und Umw\u00e4lzung von aggressiven Medien geeignet.","og_url":"https:\/\/renner-pumpen.de\/de\/produkt\/rt-3-typ-12-150\/","og_site_name":"Renner Pumpen","article_modified_time":"2020-03-24T07:24:45+00:00","og_image":[{"width":1200,"height":850,"url":"https:\/\/renner-pumpen.de\/wp-content\/uploads\/renner-produkte-tauchkreiselpumpen-baureihe-rt-3-pp-fu.png","type":"image\/png"}],"twitter_card":"summary_large_image","twitter_title":"RT 3 Typ 12\/150 von Renner Pumpen","schema":{"@context":"https:\/\/schema.org","@graph":[{"@type":"WebPage","@id":"https:\/\/renner-pumpen.de\/de\/produkt\/rt-3-typ-12-150\/","url":"https:\/\/renner-pumpen.de\/de\/produkt\/rt-3-typ-12-150\/","name":"RT 3 Typ 12\/150 von Renner Pumpen","isPartOf":{"@id":"https:\/\/renner-pumpen.de\/de\/#website"},"primaryImageOfPage":{"@id":"https:\/\/renner-pumpen.de\/de\/produkt\/rt-3-typ-12-150\/#primaryimage"},"image":{"@id":"https:\/\/renner-pumpen.de\/de\/produkt\/rt-3-typ-12-150\/#primaryimage"},"thumbnailUrl":"https:\/\/renner-pumpen.de\/wp-content\/uploads\/renner-produkte-tauchkreiselpumpen-baureihe-rt-3-pp-fu.png","datePublished":"2020-03-16T11:17:34+00:00","dateModified":"2020-03-24T07:24:45+00:00","description":"Erfahren Sie mehr zu: Vertikale Tauchkreiselpumpe, trockenlaufsicher ohne Zwischenlager der Welle bis Eintauchtiefe 500mm. F\u00fcr den vertikalen Einsatz in drucklosen Beh\u00e4ltern, offenen Becken oder Gruben. Speziell zur F\u00f6rderung und Umw\u00e4lzung von aggressiven Medien geeignet.","breadcrumb":{"@id":"https:\/\/renner-pumpen.de\/de\/produkt\/rt-3-typ-12-150\/#breadcrumb"},"inLanguage":"de","potentialAction":[{"@type":"ReadAction","target":["https:\/\/renner-pumpen.de\/de\/produkt\/rt-3-typ-12-150\/"]}]},{"@type":"ImageObject","inLanguage":"de","@id":"https:\/\/renner-pumpen.de\/de\/produkt\/rt-3-typ-12-150\/#primaryimage","url":"https:\/\/renner-pumpen.de\/wp-content\/uploads\/renner-produkte-tauchkreiselpumpen-baureihe-rt-3-pp-fu.png","contentUrl":"https:\/\/renner-pumpen.de\/wp-content\/uploads\/renner-produkte-tauchkreiselpumpen-baureihe-rt-3-pp-fu.png","width":1200,"height":850},{"@type":"BreadcrumbList","@id":"https:\/\/renner-pumpen.de\/de\/produkt\/rt-3-typ-12-150\/#breadcrumb","itemListElement":[{"@type":"ListItem","position":1,"name":"Startseite","item":"https:\/\/renner-pumpen.de\/de\/"},{"@type":"ListItem","position":2,"name":"Shop","item":"https:\/\/renner-pumpen.de\/de\/shop\/"},{"@type":"ListItem","position":3,"name":"RT 3 Typ 12\/150"}]},{"@type":"WebSite","@id":"https:\/\/renner-pumpen.de\/de\/#website","url":"https:\/\/renner-pumpen.de\/de\/","name":"Renner Pumpen","description":"Innovationen sichern die Zukunft.","potentialAction":[{"@type":"SearchAction","target":{"@type":"EntryPoint","urlTemplate":"https:\/\/renner-pumpen.de\/de\/?s={search_term_string}"},"query-input":{"@type":"PropertyValueSpecification","valueRequired":true,"valueName":"search_term_string"}}],"inLanguage":"de"}]}},"_links":{"self":[{"href":"https:\/\/renner-pumpen.de\/de\/wp-json\/wp\/v2\/product\/9125","targetHints":{"allow":["GET"]}}],"collection":[{"href":"https:\/\/renner-pumpen.de\/de\/wp-json\/wp\/v2\/product"}],"about":[{"href":"https:\/\/renner-pumpen.de\/de\/wp-json\/wp\/v2\/types\/product"}],"wp:featuredmedia":[{"embeddable":true,"href":"https:\/\/renner-pumpen.de\/de\/wp-json\/wp\/v2\/media\/2530"}],"wp:attachment":[{"href":"https:\/\/renner-pumpen.de\/de\/wp-json\/wp\/v2\/media?parent=9125"}],"wp:term":[{"taxonomy":"product_brand","embeddable":true,"href":"https:\/\/renner-pumpen.de\/de\/wp-json\/wp\/v2\/product_brand?post=9125"},{"taxonomy":"product_cat","embeddable":true,"href":"https:\/\/renner-pumpen.de\/de\/wp-json\/wp\/v2\/product_cat?post=9125"},{"taxonomy":"product_tag","embeddable":true,"href":"https:\/\/renner-pumpen.de\/de\/wp-json\/wp\/v2\/product_tag?post=9125"}],"curies":[{"name":"wp","href":"https:\/\/api.w.org\/{rel}","templated":true}]}}