{"id":9150,"date":"2020-03-16T12:18:29","date_gmt":"2020-03-16T11:18:29","guid":{"rendered":"https:\/\/renner-pumpen.de\/produkt\/rt-6-typ-12-870\/"},"modified":"2020-03-24T08:35:34","modified_gmt":"2020-03-24T07:35:34","slug":"rt-6-typ-12-870","status":"publish","type":"product","link":"https:\/\/renner-pumpen.de\/de\/produkt\/rt-6-typ-12-870\/","title":{"rendered":"RT 6 Typ 12\/870**"},"content":{"rendered":"\n<table id=\"tablepress-234\" class=\"tablepress tablepress-id-234 tbody-has-connected-cells\">\n<tbody class=\"row-striping row-hover\">\n<tr class=\"row-1\">\n\t<td class=\"column-1\">Werkstoffe **<\/td><td class=\"column-2\"><\/td><td colspan=\"4\" class=\"column-3\"><center>PP \/ PVDF<\/center><\/td>\n<\/tr>\n<tr class=\"row-2\">\n\t<td class=\"column-1\">Max. F\u00f6rderh\u00f6he<\/td><td class=\"column-2\">[mWS]<\/td><td class=\"column-3\"><center>12<\/center><\/td><td class=\"column-4\"><center>12<\/center><\/td><td class=\"column-5\"><center>12<\/center><\/td><td class=\"column-6\"><center>12<\/center><\/td>\n<\/tr>\n<tr class=\"row-3\">\n\t<td class=\"column-1\">Max. Volumenstrom<\/td><td class=\"column-2\">[l\/min.]<\/td><td class=\"column-3\"><center>1000<\/center><\/td><td class=\"column-4\"><center>1250<\/center><\/td><td class=\"column-5\"><center>1250<\/center><\/td><td class=\"column-6\"><center>1250<\/center><\/td>\n<\/tr>\n<tr class=\"row-4\">\n\t<td class=\"column-1\">Motorleistung<\/td><td class=\"column-2\">[kW]<\/td><td class=\"column-3\"><center>2,2<\/center><\/td><td class=\"column-4\"><center>3<\/center><\/td><td class=\"column-5\"><center>4<\/center><\/td><td class=\"column-6\"><center>5,5<\/center><\/td>\n<\/tr>\n<tr class=\"row-5\">\n\t<td class=\"column-1\">Max. Dichte<\/td><td class=\"column-2\">[g\/cm\u00b3]<\/td><td class=\"column-3\"><center>1<\/center><\/td><td class=\"column-4\"><center>1,1<\/center><\/td><td class=\"column-5\"><center>1,5<\/center><\/td><td class=\"column-6\"><center>2<\/center><\/td>\n<\/tr>\n<tr class=\"row-6\">\n\t<td class=\"column-1\">Nenndrehzahl bei 50\/\/60Hz<\/td><td class=\"column-2\">[U\/min.]<\/td><td colspan=\"4\" class=\"column-3\"><center>1450 \/\/ 1750<\/center><\/td>\n<\/tr>\n<tr class=\"row-7\">\n\t<td class=\"column-1\">Frequenz<\/td><td class=\"column-2\">[Hz]<\/td><td colspan=\"4\" class=\"column-3\"><center>50 \/\/ 60<\/center><\/td>\n<\/tr>\n<tr class=\"row-8\">\n\t<td class=\"column-1\">Nennspannung  *<\/td><td class=\"column-2\">[V]<\/td><td colspan=\"4\" class=\"column-3\"><center>400V \/\/ 460V<\/center><\/td>\n<\/tr>\n<tr class=\"row-9\">\n\t<td class=\"column-1\">Nennstrom bei 400V 50Hz  3ph.  *<\/td><td class=\"column-2\">[A]<\/td><td class=\"column-3\"><center>4,6<\/center><\/td><td class=\"column-4\"><center>6,2<\/center><\/td><td class=\"column-5\"><center>9,3<\/center><\/td><td class=\"column-6\"><center>10,5<\/center><\/td>\n<\/tr>\n<tr class=\"row-10\">\n\t<td class=\"column-1\">Schutzart<\/td><td class=\"column-2\"><\/td><td colspan=\"4\" class=\"column-3\"><center>IP55<\/center><\/td>\n<\/tr>\n<tr class=\"row-11\">\n\t<td class=\"column-1\">Max. Flie\u00dfgeschwindigkeit<\/td><td class=\"column-2\">[m\/s]<\/td><td colspan=\"4\" class=\"column-3\"><center>Druckseite  3<\/center><\/td>\n<\/tr>\n<tr class=\"row-12\">\n\t<td class=\"column-1\">Max. Temperatur   PP \/ PVDF  **<\/td><td class=\"column-2\">[\u00b0 C]<\/td><td colspan=\"4\" class=\"column-3\"><center>80 \/ 95<\/center><\/td>\n<\/tr>\n<tr class=\"row-13\">\n\t<td class=\"column-1\">Viskosit\u00e4t<\/td><td class=\"column-2\">[mPa s]<\/td><td colspan=\"4\" class=\"column-3\"><center>< 160<\/center><\/td>\n<\/tr>\n<tr class=\"row-14\">\n\t<td class=\"column-1\">Abmessungen<\/td><td class=\"column-2\">[mm]<\/td><td class=\"column-3\"><\/td><td class=\"column-4\"><\/td><td class=\"column-5\"><\/td><td class=\"column-6\"><\/td>\n<\/tr>\n<tr class=\"row-15\">\n\t<td class=\"column-1\">Anschluss Saugseite<\/td><td class=\"column-2\"><\/td><td colspan=\"4\" class=\"column-3\"><center>Saugsieb<\/center><\/td>\n<\/tr>\n<tr class=\"row-16\">\n\t<td class=\"column-1\">Anschluss Druckseite \u201eT\u201c<\/td><td class=\"column-2\"><\/td><td colspan=\"4\" class=\"column-3\"><center>Losflansch d90<\/center><\/td>\n<\/tr>\n<tr class=\"row-17\">\n\t<td class=\"column-1\">Druckstutzenh\u00f6he \u201eV\u201c<\/td><td class=\"column-2\">[mm]<\/td><td colspan=\"4\" class=\"column-3\"><center>140<\/center><\/td>\n<\/tr>\n<tr class=\"row-18\">\n\t<td class=\"column-1\">L\u00e4nge \u201eET\u201c<\/td><td class=\"column-2\">[mm]<\/td><td colspan=\"4\" class=\"column-3\"><center>ET400  \/  ET500  \/  ET550  \/   ET600  \/  ET650  \/  ET700<\/center><\/td>\n<\/tr>\n<tr class=\"row-19\">\n\t<td class=\"column-1\"><\/td><td class=\"column-2\"><\/td><td colspan=\"4\" class=\"column-3\"><center>Zwischenl\u00e4ngen auf Anfrage lieferbar!<\/center><\/td>\n<\/tr>\n<tr class=\"row-20\">\n\t<td class=\"column-1\">H\u00f6he \u201eMH\u201c  (ab 0,75kW IE2)<\/td><td class=\"column-2\">[mm]<\/td><td class=\"column-3\"><center>402<\/center><\/td><td class=\"column-4\"><center>402<\/center><\/td><td class=\"column-5\"><center>464<\/center><\/td><td class=\"column-6\"><center>486<\/center><\/td>\n<\/tr>\n<tr class=\"row-21\">\n\t<td class=\"column-1\">H\u00f6he \u201eMH\u201c  (ab 0,75kW IE3)<\/td><td class=\"column-2\">[mm]<\/td><td class=\"column-3\"><center>402<\/center><\/td><td class=\"column-4\"><center>484<\/center><\/td><td class=\"column-5\"><center>486<\/center><\/td><td class=\"column-6\"><center>539<\/center><\/td>\n<\/tr>\n<tr class=\"row-22\">\n\t<td class=\"column-1\">Flanschabmessung \u201eA x B\u201c<\/td><td class=\"column-2\">[mm]<\/td><td colspan=\"4\" class=\"column-3\"><center>590 x 470 ***<\/center><\/td>\n<\/tr>\n<tr class=\"row-23\">\n\t<td class=\"column-1\">Befestigungsbohrungen  \u201eC x D\u201c<\/td><td class=\"column-2\">[mm]<\/td><td colspan=\"4\" class=\"column-3\"><center>560 x 440 ***<\/center><\/td>\n<\/tr>\n<tr class=\"row-24\">\n\t<td class=\"column-1\">Verl\u00e4ngerungsrohr (optional)  \u201eVL\u201c<\/td><td class=\"column-2\">[mm]<\/td><td colspan=\"4\" class=\"column-3\"><center>100 \/ 200 \/ 300 \/ 400 \/ 500<\/center><\/td>\n<\/tr>\n<tr class=\"row-25\">\n\t<td class=\"column-1\">Gewicht   PP \/ PVDF     ca.<\/td><td class=\"column-2\">[kg]<\/td><td class=\"column-3\"><center>67 \/ 78<\/center><\/td><td class=\"column-4\"><center>85 \/ 96<\/center><\/td><td class=\"column-5\"><center>87 \/ 98<\/center><\/td><td class=\"column-6\"><center>123 \/ 134<\/center><\/td>\n<\/tr>\n<tr class=\"row-26\">\n\t<td colspan=\"6\" class=\"column-1\">* Andere Spannungen und Frequenzen jederzeit m\u00f6glich<br \/>\n<br \/>\n** Hinweis: Bei der Auswahl der Werkstoffe muss neben der Temperaturbest\u00e4ndigkeit auch die chemische Best\u00e4ndigkeit in Abh\u00e4ngigkeit vom zu f\u00f6rdernden Medium beachtet werden.<br \/>\n<br \/>\n*** Andere Einbauflansch-Abmessungen auf Anfrage jederzeit m\u00f6glich!<\/td>\n<\/tr>\n<\/tbody>\n<\/table>\n<!-- #tablepress-234 from cache -->\n","protected":false},"excerpt":{"rendered":"<h2><span style=\"color: #009bff;\">Tauchkreiselpumpe RT 6 Typ 12\/870<\/span><\/h2>\n<p>Vertikale Tauchkreiselpumpe, trockenlaufsicher ohne Zwischenlager der Welle bis Eintauchtiefe 700mm.<\/p>\n<p>F\u00fcr den vertikalen Einsatz in drucklosen Beh\u00e4ltern, offenen Becken oder Gruben.<br \/>\nSpeziell zur F\u00f6rderung und Umw\u00e4lzung von aggressiven Medien geeignet.[wpdm_package id='11090' template='5e4a96f53ef55' cols=1]<\/p>\n","protected":false},"featured_media":2536,"template":"","meta":[],"product_brand":[],"product_cat":[325,317],"product_tag":[],"class_list":{"0":"post-9150","1":"product","2":"type-product","3":"status-publish","4":"has-post-thumbnail","6":"product_cat-tauchkreiselpumpe","7":"product_cat-tauchkreiselpumpe-rt-6","8":"pa_bauart-trockenlaufsicher","9":"pa_bestseller-alle","10":"pa_bestseller-nur-bestseller","11":"pa_bevorzugte-antriebstechnik-drehstrom-asynchron-ie2--075-kw","12":"pa_bevorzugte-antriebstechnik-drehstrom-asynchron-ie3","13":"pa_bevorzugte-antriebstechnik-permanentmagnet-synchron-ie4","14":"pa_drehzahl-1450-u-min-50-hz","15":"pa_drehzahl-1750-u-min-60-hz","16":"pa_einbausituation-aufstellung-vertikal-ausserhalb-vom-tank","17":"pa_einbausituation-aufstellung-vertikal-im-tank-bei-rt","18":"pa_eintauchtiefe-nur-rt-500-mm","19":"pa_eintauchtiefe-nur-rt-550-mm","20":"pa_eintauchtiefe-nur-rt-600-mm","21":"pa_eintauchtiefe-nur-rt-650-mm","22":"pa_eintauchtiefe-nur-rt-700-mm","23":"pa_frequenzumrichter-betrieb-ja-fu-auf-motor-aufgebaut","24":"pa_frequenzumrichter-betrieb-ja-fu-im-schaltschrank","25":"pa_frequenzumrichter-betrieb-nein","26":"pa_geplante-foerderhoehe-h-2-5","27":"pa_geplante-foerderhoehe-h-5-10","28":"pa_geplante-foerderhoehe-h-10-15","29":"pa_geplante-foerdermenge-q-80-150","30":"pa_geplante-foerdermenge-q-150-300","31":"pa_geplante-foerdermenge-q-300-500","32":"pa_geplante-foerdermenge-q-500-1000","33":"pa_geplante-foerdermenge-q-522","34":"pa_h-max-179","35":"pa_kombinationen-h10-15_q150-300","36":"pa_kombinationen-h10-15_q300-500","37":"pa_kombinationen-h10-15_q500-1000","38":"pa_kombinationen-h10-15_q80-150","39":"pa_kombinationen-h2-5_q1000","40":"pa_kombinationen-h5-10_q1000","41":"pa_kombinationen-h5-10_q500-1000","42":"pa_motor-schutzart-explosionsgeschutzt-atex","43":"pa_motor-schutzart-ip55-standard","44":"pa_motor-schutzart-ip56","45":"pa_motor-schutzart-ip66","46":"pa_pumpentyp-tauchkreiselpumpe","47":"pa_q-max-236","48":"pa_stillstandheizung-ja","49":"pa_stillstandheizung-nein","50":"pa_thermoschutz-3-kaltleiter","51":"pa_thermoschutz-ohne","52":"pa_thermoschutz-thermoschalter","53":"pa_tropenisolation-ja","54":"pa_tropenisolation-nein","55":"pa_viskositaet--160-mpas","56":"pa_zubehoer-elektronischer-prozess-schutz","57":"pa_zubehoer-flansche-ansi","58":"pa_zubehoer-flansche-din","60":"first","61":"instock","62":"sold-individually","63":"purchasable","64":"product-type-simple"},"yoast_head":"<!-- This site is optimized with the Yoast SEO plugin v25.5 - https:\/\/yoast.com\/wordpress\/plugins\/seo\/ -->\n<title>RT 6 Typ 12\/870 von Renner Pumpen<\/title>\n<meta name=\"description\" content=\"Erfahren Sie mehr zu: Vertikale Tauchkreiselpumpe, trockenlaufsicher ohne Zwischenlager der Welle bis Eintauchtiefe 700mm. F\u00fcr den vertikalen Einsatz in drucklosen Beh\u00e4ltern, offenen Becken oder Gruben. Speziell zur F\u00f6rderung und Umw\u00e4lzung von aggressiven Medien geeignet.\" \/>\n<meta name=\"robots\" content=\"index, follow, max-snippet:-1, max-image-preview:large, max-video-preview:-1\" \/>\n<link rel=\"canonical\" href=\"https:\/\/renner-pumpen.de\/de\/produkt\/rt-6-typ-12-870\/\" \/>\n<meta property=\"og:locale\" content=\"de_DE\" \/>\n<meta property=\"og:type\" content=\"article\" \/>\n<meta property=\"og:title\" content=\"RT 6 Typ 12\/870 von Renner Pumpen\" \/>\n<meta property=\"og:description\" content=\"Erfahren Sie mehr zu: Vertikale Tauchkreiselpumpe, trockenlaufsicher ohne Zwischenlager der Welle bis Eintauchtiefe 700mm. F\u00fcr den vertikalen Einsatz in drucklosen Beh\u00e4ltern, offenen Becken oder Gruben. Speziell zur F\u00f6rderung und Umw\u00e4lzung von aggressiven Medien geeignet.\" \/>\n<meta property=\"og:url\" content=\"https:\/\/renner-pumpen.de\/de\/produkt\/rt-6-typ-12-870\/\" \/>\n<meta property=\"og:site_name\" content=\"Renner Pumpen\" \/>\n<meta property=\"article:modified_time\" content=\"2020-03-24T07:35:34+00:00\" \/>\n<meta property=\"og:image\" content=\"https:\/\/renner-pumpen.de\/wp-content\/uploads\/renner-produkte-tauchkreiselpumpen-baureihe-rt-6.png\" \/>\n\t<meta property=\"og:image:width\" content=\"1200\" \/>\n\t<meta property=\"og:image:height\" content=\"850\" \/>\n\t<meta property=\"og:image:type\" content=\"image\/png\" \/>\n<meta name=\"twitter:card\" content=\"summary_large_image\" \/>\n<meta name=\"twitter:title\" content=\"RT 6 Typ 12\/870 von Renner Pumpen\" \/>\n<script type=\"application\/ld+json\" class=\"yoast-schema-graph\">{\"@context\":\"https:\/\/schema.org\",\"@graph\":[{\"@type\":\"WebPage\",\"@id\":\"https:\/\/renner-pumpen.de\/de\/produkt\/rt-6-typ-12-870\/\",\"url\":\"https:\/\/renner-pumpen.de\/de\/produkt\/rt-6-typ-12-870\/\",\"name\":\"RT 6 Typ 12\/870 von Renner Pumpen\",\"isPartOf\":{\"@id\":\"https:\/\/renner-pumpen.de\/de\/#website\"},\"primaryImageOfPage\":{\"@id\":\"https:\/\/renner-pumpen.de\/de\/produkt\/rt-6-typ-12-870\/#primaryimage\"},\"image\":{\"@id\":\"https:\/\/renner-pumpen.de\/de\/produkt\/rt-6-typ-12-870\/#primaryimage\"},\"thumbnailUrl\":\"https:\/\/renner-pumpen.de\/wp-content\/uploads\/renner-produkte-tauchkreiselpumpen-baureihe-rt-6.png\",\"datePublished\":\"2020-03-16T11:18:29+00:00\",\"dateModified\":\"2020-03-24T07:35:34+00:00\",\"description\":\"Erfahren Sie mehr zu: Vertikale Tauchkreiselpumpe, trockenlaufsicher ohne Zwischenlager der Welle bis Eintauchtiefe 700mm. F\u00fcr den vertikalen Einsatz in drucklosen Beh\u00e4ltern, offenen Becken oder Gruben. Speziell zur F\u00f6rderung und Umw\u00e4lzung von aggressiven Medien geeignet.\",\"breadcrumb\":{\"@id\":\"https:\/\/renner-pumpen.de\/de\/produkt\/rt-6-typ-12-870\/#breadcrumb\"},\"inLanguage\":\"de\",\"potentialAction\":[{\"@type\":\"ReadAction\",\"target\":[\"https:\/\/renner-pumpen.de\/de\/produkt\/rt-6-typ-12-870\/\"]}]},{\"@type\":\"ImageObject\",\"inLanguage\":\"de\",\"@id\":\"https:\/\/renner-pumpen.de\/de\/produkt\/rt-6-typ-12-870\/#primaryimage\",\"url\":\"https:\/\/renner-pumpen.de\/wp-content\/uploads\/renner-produkte-tauchkreiselpumpen-baureihe-rt-6.png\",\"contentUrl\":\"https:\/\/renner-pumpen.de\/wp-content\/uploads\/renner-produkte-tauchkreiselpumpen-baureihe-rt-6.png\",\"width\":1200,\"height\":850},{\"@type\":\"BreadcrumbList\",\"@id\":\"https:\/\/renner-pumpen.de\/de\/produkt\/rt-6-typ-12-870\/#breadcrumb\",\"itemListElement\":[{\"@type\":\"ListItem\",\"position\":1,\"name\":\"Startseite\",\"item\":\"https:\/\/renner-pumpen.de\/de\/\"},{\"@type\":\"ListItem\",\"position\":2,\"name\":\"Shop\",\"item\":\"https:\/\/renner-pumpen.de\/de\/shop\/\"},{\"@type\":\"ListItem\",\"position\":3,\"name\":\"RT 6 Typ 12\/870**\"}]},{\"@type\":\"WebSite\",\"@id\":\"https:\/\/renner-pumpen.de\/de\/#website\",\"url\":\"https:\/\/renner-pumpen.de\/de\/\",\"name\":\"Renner Pumpen\",\"description\":\"Innovationen sichern die Zukunft.\",\"potentialAction\":[{\"@type\":\"SearchAction\",\"target\":{\"@type\":\"EntryPoint\",\"urlTemplate\":\"https:\/\/renner-pumpen.de\/de\/?s={search_term_string}\"},\"query-input\":{\"@type\":\"PropertyValueSpecification\",\"valueRequired\":true,\"valueName\":\"search_term_string\"}}],\"inLanguage\":\"de\"}]}<\/script>\n<!-- \/ Yoast SEO plugin. -->","yoast_head_json":{"title":"RT 6 Typ 12\/870 von Renner Pumpen","description":"Erfahren Sie mehr zu: Vertikale Tauchkreiselpumpe, trockenlaufsicher ohne Zwischenlager der Welle bis Eintauchtiefe 700mm. F\u00fcr den vertikalen Einsatz in drucklosen Beh\u00e4ltern, offenen Becken oder Gruben. Speziell zur F\u00f6rderung und Umw\u00e4lzung von aggressiven Medien geeignet.","robots":{"index":"index","follow":"follow","max-snippet":"max-snippet:-1","max-image-preview":"max-image-preview:large","max-video-preview":"max-video-preview:-1"},"canonical":"https:\/\/renner-pumpen.de\/de\/produkt\/rt-6-typ-12-870\/","og_locale":"de_DE","og_type":"article","og_title":"RT 6 Typ 12\/870 von Renner Pumpen","og_description":"Erfahren Sie mehr zu: Vertikale Tauchkreiselpumpe, trockenlaufsicher ohne Zwischenlager der Welle bis Eintauchtiefe 700mm. F\u00fcr den vertikalen Einsatz in drucklosen Beh\u00e4ltern, offenen Becken oder Gruben. Speziell zur F\u00f6rderung und Umw\u00e4lzung von aggressiven Medien geeignet.","og_url":"https:\/\/renner-pumpen.de\/de\/produkt\/rt-6-typ-12-870\/","og_site_name":"Renner Pumpen","article_modified_time":"2020-03-24T07:35:34+00:00","og_image":[{"width":1200,"height":850,"url":"https:\/\/renner-pumpen.de\/wp-content\/uploads\/renner-produkte-tauchkreiselpumpen-baureihe-rt-6.png","type":"image\/png"}],"twitter_card":"summary_large_image","twitter_title":"RT 6 Typ 12\/870 von Renner Pumpen","schema":{"@context":"https:\/\/schema.org","@graph":[{"@type":"WebPage","@id":"https:\/\/renner-pumpen.de\/de\/produkt\/rt-6-typ-12-870\/","url":"https:\/\/renner-pumpen.de\/de\/produkt\/rt-6-typ-12-870\/","name":"RT 6 Typ 12\/870 von Renner Pumpen","isPartOf":{"@id":"https:\/\/renner-pumpen.de\/de\/#website"},"primaryImageOfPage":{"@id":"https:\/\/renner-pumpen.de\/de\/produkt\/rt-6-typ-12-870\/#primaryimage"},"image":{"@id":"https:\/\/renner-pumpen.de\/de\/produkt\/rt-6-typ-12-870\/#primaryimage"},"thumbnailUrl":"https:\/\/renner-pumpen.de\/wp-content\/uploads\/renner-produkte-tauchkreiselpumpen-baureihe-rt-6.png","datePublished":"2020-03-16T11:18:29+00:00","dateModified":"2020-03-24T07:35:34+00:00","description":"Erfahren Sie mehr zu: Vertikale Tauchkreiselpumpe, trockenlaufsicher ohne Zwischenlager der Welle bis Eintauchtiefe 700mm. F\u00fcr den vertikalen Einsatz in drucklosen Beh\u00e4ltern, offenen Becken oder Gruben. Speziell zur F\u00f6rderung und Umw\u00e4lzung von aggressiven Medien geeignet.","breadcrumb":{"@id":"https:\/\/renner-pumpen.de\/de\/produkt\/rt-6-typ-12-870\/#breadcrumb"},"inLanguage":"de","potentialAction":[{"@type":"ReadAction","target":["https:\/\/renner-pumpen.de\/de\/produkt\/rt-6-typ-12-870\/"]}]},{"@type":"ImageObject","inLanguage":"de","@id":"https:\/\/renner-pumpen.de\/de\/produkt\/rt-6-typ-12-870\/#primaryimage","url":"https:\/\/renner-pumpen.de\/wp-content\/uploads\/renner-produkte-tauchkreiselpumpen-baureihe-rt-6.png","contentUrl":"https:\/\/renner-pumpen.de\/wp-content\/uploads\/renner-produkte-tauchkreiselpumpen-baureihe-rt-6.png","width":1200,"height":850},{"@type":"BreadcrumbList","@id":"https:\/\/renner-pumpen.de\/de\/produkt\/rt-6-typ-12-870\/#breadcrumb","itemListElement":[{"@type":"ListItem","position":1,"name":"Startseite","item":"https:\/\/renner-pumpen.de\/de\/"},{"@type":"ListItem","position":2,"name":"Shop","item":"https:\/\/renner-pumpen.de\/de\/shop\/"},{"@type":"ListItem","position":3,"name":"RT 6 Typ 12\/870**"}]},{"@type":"WebSite","@id":"https:\/\/renner-pumpen.de\/de\/#website","url":"https:\/\/renner-pumpen.de\/de\/","name":"Renner Pumpen","description":"Innovationen sichern die Zukunft.","potentialAction":[{"@type":"SearchAction","target":{"@type":"EntryPoint","urlTemplate":"https:\/\/renner-pumpen.de\/de\/?s={search_term_string}"},"query-input":{"@type":"PropertyValueSpecification","valueRequired":true,"valueName":"search_term_string"}}],"inLanguage":"de"}]}},"_links":{"self":[{"href":"https:\/\/renner-pumpen.de\/de\/wp-json\/wp\/v2\/product\/9150","targetHints":{"allow":["GET"]}}],"collection":[{"href":"https:\/\/renner-pumpen.de\/de\/wp-json\/wp\/v2\/product"}],"about":[{"href":"https:\/\/renner-pumpen.de\/de\/wp-json\/wp\/v2\/types\/product"}],"wp:featuredmedia":[{"embeddable":true,"href":"https:\/\/renner-pumpen.de\/de\/wp-json\/wp\/v2\/media\/2536"}],"wp:attachment":[{"href":"https:\/\/renner-pumpen.de\/de\/wp-json\/wp\/v2\/media?parent=9150"}],"wp:term":[{"taxonomy":"product_brand","embeddable":true,"href":"https:\/\/renner-pumpen.de\/de\/wp-json\/wp\/v2\/product_brand?post=9150"},{"taxonomy":"product_cat","embeddable":true,"href":"https:\/\/renner-pumpen.de\/de\/wp-json\/wp\/v2\/product_cat?post=9150"},{"taxonomy":"product_tag","embeddable":true,"href":"https:\/\/renner-pumpen.de\/de\/wp-json\/wp\/v2\/product_tag?post=9150"}],"curies":[{"name":"wp","href":"https:\/\/api.w.org\/{rel}","templated":true}]}}