{"id":9324,"date":"2020-02-27T10:09:46","date_gmt":"2020-02-27T09:09:46","guid":{"rendered":"https:\/\/renner-pumpen.de\/produkt\/baureihe-fi-1\/"},"modified":"2020-03-04T16:00:34","modified_gmt":"2020-03-04T15:00:34","slug":"baureihe-fi-1","status":"publish","type":"product","link":"https:\/\/renner-pumpen.de\/de\/produkt\/baureihe-fi-1\/","title":{"rendered":"Baureihe FI 1"},"content":{"rendered":"\n<table id=\"tablepress-185\" class=\"tablepress tablepress-id-185\">\n<tbody class=\"row-striping row-hover\">\n<tr class=\"row-1\">\n\t<td class=\"column-1\">Material Filter<\/td><td class=\"column-2\"><\/td><td class=\"column-3\">PP grau<\/td><td class=\"column-4\">PP grau<\/td><td class=\"column-5\">PP grau<\/td><td class=\"column-6\">PP grau<\/td><td class=\"column-7\">PVDF natur<\/td><td class=\"column-8\">PVDF natur<\/td><td class=\"column-9\">PVDF natur<\/td><td class=\"column-10\">PVDF natur<\/td>\n<\/tr>\n<tr class=\"row-2\">\n\t<td class=\"column-1\">Material Pumpe<\/td><td class=\"column-2\"><\/td><td class=\"column-3\">PP schwarz<\/td><td class=\"column-4\">PP schwarz<\/td><td class=\"column-5\">PP schwarz<\/td><td class=\"column-6\">PP schwarz<\/td><td class=\"column-7\">PVDF natur<\/td><td class=\"column-8\">PVDF natur<\/td><td class=\"column-9\">PVDF natur<\/td><td class=\"column-10\">PVDF natur<\/td>\n<\/tr>\n<tr class=\"row-3\">\n\t<td class=\"column-1\">Dichtungswerkstoff<\/td><td class=\"column-2\"><\/td><td class=\"column-3\">EPDM\/FKM<\/td><td class=\"column-4\">EPDM\/FKM<\/td><td class=\"column-5\">EPDM\/FKM<\/td><td class=\"column-6\">EPDM\/FKM<\/td><td class=\"column-7\">EPDM\/FKM<\/td><td class=\"column-8\">EPDM\/FKM<\/td><td class=\"column-9\">EPDM\/FKM<\/td><td class=\"column-10\">EPDM\/FKM<\/td>\n<\/tr>\n<tr class=\"row-4\">\n\t<td class=\"column-1\">Geh\u00e4usel\u00e4nge <br \/>\nL\u00e4nge Filtergeh\u00e4use (A)<\/td><td class=\"column-2\"><\/td><td class=\"column-3\">4\"<br \/>\n245 mm<\/td><td class=\"column-4\">10\"<br \/>\n395 mm<\/td><td class=\"column-5\">20\"<br \/>\n649 mm<\/td><td class=\"column-6\">30\"<br \/>\n903 mm<\/td><td class=\"column-7\">4\"<br \/>\n245 mm<\/td><td class=\"column-8\">10\"<br \/>\n395 mm<\/td><td class=\"column-9\">20\"<br \/>\n649 mm<\/td><td class=\"column-10\">30\"<br \/>\n903 mm<\/td>\n<\/tr>\n<tr class=\"row-5\">\n\t<td class=\"column-1\">Kerzenzahl Standard =  Wickelkerze 10 \u00b5m<\/td><td class=\"column-2\"><\/td><td class=\"column-3\">1 x 4\"<\/td><td class=\"column-4\">1 x 10\"<\/td><td class=\"column-5\">1 x 20\"<\/td><td class=\"column-6\">1 x 30\"<\/td><td class=\"column-7\">1 x 4\"<\/td><td class=\"column-8\">1 x 10\"<\/td><td class=\"column-9\">1 x 20\"<\/td><td class=\"column-10\">1 x 30\"<\/td>\n<\/tr>\n<tr class=\"row-6\">\n\t<td class=\"column-1\"><\/td><td class=\"column-2\"><\/td><td class=\"column-3\"><\/td><td class=\"column-4\"><\/td><td class=\"column-5\"><\/td><td class=\"column-6\"><\/td><td class=\"column-7\"><\/td><td class=\"column-8\"><\/td><td class=\"column-9\"><\/td><td class=\"column-10\"><\/td>\n<\/tr>\n<tr class=\"row-7\">\n\t<td class=\"column-1\"><b>Filterpumpen - Auswahl<\/b><\/td><td class=\"column-2\"><b>Filterleistung [l\/h]<\/b><\/td><td class=\"column-3\"><\/td><td class=\"column-4\"><\/td><td class=\"column-5\"><\/td><td class=\"column-6\"><\/td><td class=\"column-7\"><\/td><td class=\"column-8\"><\/td><td class=\"column-9\"><\/td><td class=\"column-10\"><\/td>\n<\/tr>\n<tr class=\"row-8\">\n\t<td class=\"column-1\">RM 1 2\/20, 60 W, 1-ph. \/ 3-ph.<\/td><td class=\"column-2\">1.000<\/td><td class=\"column-3\">x<\/td><td class=\"column-4\">x<\/td><td class=\"column-5\">x<\/td><td class=\"column-6\">o<\/td><td class=\"column-7\">x<\/td><td class=\"column-8\">x<\/td><td class=\"column-9\">x<\/td><td class=\"column-10\">o<\/td>\n<\/tr>\n<tr class=\"row-9\">\n\t<td class=\"column-1\">RM 1 5\/35, 60 W, 1-ph. \/ 3-ph.<\/td><td class=\"column-2\">1.500<\/td><td class=\"column-3\">o<\/td><td class=\"column-4\">x<\/td><td class=\"column-5\">x<\/td><td class=\"column-6\">o<\/td><td class=\"column-7\">o<\/td><td class=\"column-8\">x<\/td><td class=\"column-9\">x<\/td><td class=\"column-10\">o<\/td>\n<\/tr>\n<tr class=\"row-10\">\n\t<td class=\"column-1\">RM 1.5 7\/55, 120 W, 1-ph. \/ 3-ph.<\/td><td class=\"column-2\">3.600<\/td><td class=\"column-3\">o<\/td><td class=\"column-4\">x<\/td><td class=\"column-5\">x<\/td><td class=\"column-6\">o<\/td><td class=\"column-7\">o<\/td><td class=\"column-8\">x<\/td><td class=\"column-9\">x<\/td><td class=\"column-10\">o<\/td>\n<\/tr>\n<tr class=\"row-11\">\n\t<td class=\"column-1\">RM 2 10\/110, 250 W, 1-ph. \/ 3-ph.<\/td><td class=\"column-2\">5.200<\/td><td class=\"column-3\">o<\/td><td class=\"column-4\">o<\/td><td class=\"column-5\">x<\/td><td class=\"column-6\">x<\/td><td class=\"column-7\">o<\/td><td class=\"column-8\">o<\/td><td class=\"column-9\">x<\/td><td class=\"column-10\">x<\/td>\n<\/tr>\n<tr class=\"row-12\">\n\t<td class=\"column-1\"><\/td><td class=\"column-2\"><\/td><td class=\"column-3\"><\/td><td class=\"column-4\"><\/td><td class=\"column-5\"><\/td><td class=\"column-6\"><\/td><td class=\"column-7\"><\/td><td class=\"column-8\"><\/td><td class=\"column-9\"><\/td><td class=\"column-10\"><\/td>\n<\/tr>\n<tr class=\"row-13\">\n\t<td class=\"column-1\"><b>Optionen<\/b><\/td><td class=\"column-2\"><\/td><td class=\"column-3\"><\/td><td class=\"column-4\"><\/td><td class=\"column-5\"><\/td><td class=\"column-6\"><\/td><td class=\"column-7\"><\/td><td class=\"column-8\"><\/td><td class=\"column-9\"><\/td><td class=\"column-10\"><\/td>\n<\/tr>\n<tr class=\"row-14\">\n\t<td class=\"column-1\">Manometer<\/td><td class=\"column-2\"><\/td><td class=\"column-3\">x<\/td><td class=\"column-4\">x<\/td><td class=\"column-5\">x<\/td><td class=\"column-6\">x<\/td><td class=\"column-7\">x<\/td><td class=\"column-8\">x<\/td><td class=\"column-9\">x<\/td><td class=\"column-10\">x<\/td>\n<\/tr>\n<tr class=\"row-15\">\n\t<td class=\"column-1\">3 m kabel + Stecker EU\/CH\/USA<\/td><td class=\"column-2\"><\/td><td class=\"column-3\">x<\/td><td class=\"column-4\">x<\/td><td class=\"column-5\">x<\/td><td class=\"column-6\">x<\/td><td class=\"column-7\">x<\/td><td class=\"column-8\">x<\/td><td class=\"column-9\">x<\/td><td class=\"column-10\">x<\/td>\n<\/tr>\n<tr class=\"row-16\">\n\t<td class=\"column-1\">Ein-\/Aus-Schalter<\/td><td class=\"column-2\"><\/td><td class=\"column-3\">x<\/td><td class=\"column-4\">x<\/td><td class=\"column-5\">x<\/td><td class=\"column-6\">o<\/td><td class=\"column-7\">x<\/td><td class=\"column-8\">x<\/td><td class=\"column-9\">x<\/td><td class=\"column-10\">o<\/td>\n<\/tr>\n<tr class=\"row-17\">\n\t<td class=\"column-1\">Motorschutzschalter<\/td><td class=\"column-2\"><\/td><td class=\"column-3\">x<\/td><td class=\"column-4\">x<\/td><td class=\"column-5\">x<\/td><td class=\"column-6\">x<\/td><td class=\"column-7\">x<\/td><td class=\"column-8\">x<\/td><td class=\"column-9\">x<\/td><td class=\"column-10\">x<\/td>\n<\/tr>\n<tr class=\"row-18\">\n\t<td class=\"column-1\">Wickelkerze 15 ym - 150 ym<\/td><td class=\"column-2\"><\/td><td class=\"column-3\">x<\/td><td class=\"column-4\">x<\/td><td class=\"column-5\">x<\/td><td class=\"column-6\">x<\/td><td class=\"column-7\">x<\/td><td class=\"column-8\">x<\/td><td class=\"column-9\">x<\/td><td class=\"column-10\">x<\/td>\n<\/tr>\n<tr class=\"row-19\">\n\t<td class=\"column-1\">Schlaucht\u00fclle\/NPT-Adapter\/GF-Kupplung (Mutter + Einlegeteil)<\/td><td class=\"column-2\"><\/td><td class=\"column-3\">x<\/td><td class=\"column-4\">x<\/td><td class=\"column-5\">x<\/td><td class=\"column-6\">x<\/td><td class=\"column-7\">x<\/td><td class=\"column-8\">x<\/td><td class=\"column-9\">x<\/td><td class=\"column-10\">x<\/td>\n<\/tr>\n<tr class=\"row-20\">\n\t<td class=\"column-1\">Filtereinsatz Aktivkohle<\/td><td class=\"column-2\"><\/td><td class=\"column-3\">-<\/td><td class=\"column-4\">x<\/td><td class=\"column-5\">x<\/td><td class=\"column-6\">x<\/td><td class=\"column-7\">-<\/td><td class=\"column-8\">x<\/td><td class=\"column-9\">x<\/td><td class=\"column-10\">x<\/td>\n<\/tr>\n<tr class=\"row-21\">\n\t<td class=\"column-1\">Filtereinsatz Beutel<\/td><td class=\"column-2\"><\/td><td class=\"column-3\">-<\/td><td class=\"column-4\">x<\/td><td class=\"column-5\">-<\/td><td class=\"column-6\">-<\/td><td class=\"column-7\">-<\/td><td class=\"column-8\">x<\/td><td class=\"column-9\">-<\/td><td class=\"column-10\">-<\/td>\n<\/tr>\n<tr class=\"row-22\">\n\t<td class=\"column-1\">Filtereinsatz Papierscheiben (Platten)<\/td><td class=\"column-2\"><\/td><td class=\"column-3\">-<\/td><td class=\"column-4\">x<\/td><td class=\"column-5\">x<\/td><td class=\"column-6\">x<\/td><td class=\"column-7\">-<\/td><td class=\"column-8\">x<\/td><td class=\"column-9\">x<\/td><td class=\"column-10\">x<\/td>\n<\/tr>\n<tr class=\"row-23\">\n\t<td class=\"column-1\"><\/td><td class=\"column-2\"><\/td><td class=\"column-3\"><\/td><td class=\"column-4\"><\/td><td class=\"column-5\"><\/td><td class=\"column-6\"><\/td><td class=\"column-7\"><\/td><td class=\"column-8\"><\/td><td class=\"column-9\"><\/td><td class=\"column-10\"><\/td>\n<\/tr>\n<tr class=\"row-24\">\n\t<td class=\"column-1\">x = Serie<\/td><td class=\"column-2\"><\/td><td class=\"column-3\"><\/td><td class=\"column-4\"><\/td><td class=\"column-5\"><\/td><td class=\"column-6\"><\/td><td class=\"column-7\"><\/td><td class=\"column-8\"><\/td><td class=\"column-9\"><\/td><td class=\"column-10\"><\/td>\n<\/tr>\n<tr class=\"row-25\">\n\t<td class=\"column-1\">o = auf Anfrage<\/td><td class=\"column-2\"><\/td><td class=\"column-3\"><\/td><td class=\"column-4\"><\/td><td class=\"column-5\"><\/td><td class=\"column-6\"><\/td><td class=\"column-7\"><\/td><td class=\"column-8\"><\/td><td class=\"column-9\"><\/td><td class=\"column-10\"><\/td>\n<\/tr>\n<tr class=\"row-26\">\n\t<td class=\"column-1\">- = nicht im Lieferprogramm<\/td><td class=\"column-2\"><\/td><td class=\"column-3\"><\/td><td class=\"column-4\"><\/td><td class=\"column-5\"><\/td><td class=\"column-6\"><\/td><td class=\"column-7\"><\/td><td class=\"column-8\"><\/td><td class=\"column-9\"><\/td><td class=\"column-10\"><\/td>\n<\/tr>\n<\/tbody>\n<\/table>\n<!-- #tablepress-185 from cache -->\n","protected":false},"excerpt":{"rendered":"<p>In den Universal-Filtergeh\u00e4usen RFI 1 k\u00f6nnen gleicherma\u00dfen Kerzen-, Platten-, Beutel- und Aktivkohleeins\u00e4tze eingesetzt werden.<\/p>\n","protected":false},"featured_media":5680,"template":"","meta":[],"product_brand":[],"product_cat":[589,884],"product_tag":[],"class_list":{"0":"post-9324","1":"product","2":"type-product","3":"status-publish","4":"has-post-thumbnail","6":"product_cat-filter-geraete-und-anlagen","7":"product_cat-universalfilter","9":"first","10":"instock","11":"purchasable","12":"product-type-simple"},"yoast_head":"<!-- This site is optimized with the Yoast SEO plugin v25.5 - https:\/\/yoast.com\/wordpress\/plugins\/seo\/ -->\n<title>Baureihe FI 1 - Renner Pumpen<\/title>\n<meta name=\"robots\" content=\"index, follow, max-snippet:-1, max-image-preview:large, max-video-preview:-1\" \/>\n<link rel=\"canonical\" href=\"https:\/\/renner-pumpen.de\/de\/produkt\/baureihe-fi-1\/\" \/>\n<meta property=\"og:locale\" content=\"de_DE\" \/>\n<meta property=\"og:type\" content=\"article\" \/>\n<meta property=\"og:title\" content=\"Baureihe FI 1 - Renner Pumpen\" \/>\n<meta property=\"og:description\" content=\"In den Universal-Filtergeh\u00e4usen RFI 1 k\u00f6nnen gleicherma\u00dfen Kerzen-, Platten-, Beutel- und Aktivkohleeins\u00e4tze eingesetzt werden.\" \/>\n<meta property=\"og:url\" content=\"https:\/\/renner-pumpen.de\/de\/produkt\/baureihe-fi-1\/\" \/>\n<meta property=\"og:site_name\" content=\"Renner Pumpen\" \/>\n<meta property=\"article:modified_time\" content=\"2020-03-04T15:00:34+00:00\" \/>\n<meta property=\"og:image\" content=\"https:\/\/renner-pumpen.de\/wp-content\/uploads\/renner-produkte-universalfilter-fi-1.png\" \/>\n\t<meta property=\"og:image:width\" content=\"1200\" \/>\n\t<meta property=\"og:image:height\" content=\"850\" \/>\n\t<meta property=\"og:image:type\" content=\"image\/png\" \/>\n<meta name=\"twitter:card\" content=\"summary_large_image\" \/>\n<script type=\"application\/ld+json\" class=\"yoast-schema-graph\">{\"@context\":\"https:\/\/schema.org\",\"@graph\":[{\"@type\":\"WebPage\",\"@id\":\"https:\/\/renner-pumpen.de\/de\/produkt\/baureihe-fi-1\/\",\"url\":\"https:\/\/renner-pumpen.de\/de\/produkt\/baureihe-fi-1\/\",\"name\":\"Baureihe FI 1 - Renner Pumpen\",\"isPartOf\":{\"@id\":\"https:\/\/renner-pumpen.de\/de\/#website\"},\"primaryImageOfPage\":{\"@id\":\"https:\/\/renner-pumpen.de\/de\/produkt\/baureihe-fi-1\/#primaryimage\"},\"image\":{\"@id\":\"https:\/\/renner-pumpen.de\/de\/produkt\/baureihe-fi-1\/#primaryimage\"},\"thumbnailUrl\":\"https:\/\/renner-pumpen.de\/wp-content\/uploads\/renner-produkte-universalfilter-fi-1.png\",\"datePublished\":\"2020-02-27T09:09:46+00:00\",\"dateModified\":\"2020-03-04T15:00:34+00:00\",\"breadcrumb\":{\"@id\":\"https:\/\/renner-pumpen.de\/de\/produkt\/baureihe-fi-1\/#breadcrumb\"},\"inLanguage\":\"de\",\"potentialAction\":[{\"@type\":\"ReadAction\",\"target\":[\"https:\/\/renner-pumpen.de\/de\/produkt\/baureihe-fi-1\/\"]}]},{\"@type\":\"ImageObject\",\"inLanguage\":\"de\",\"@id\":\"https:\/\/renner-pumpen.de\/de\/produkt\/baureihe-fi-1\/#primaryimage\",\"url\":\"https:\/\/renner-pumpen.de\/wp-content\/uploads\/renner-produkte-universalfilter-fi-1.png\",\"contentUrl\":\"https:\/\/renner-pumpen.de\/wp-content\/uploads\/renner-produkte-universalfilter-fi-1.png\",\"width\":1200,\"height\":850},{\"@type\":\"BreadcrumbList\",\"@id\":\"https:\/\/renner-pumpen.de\/de\/produkt\/baureihe-fi-1\/#breadcrumb\",\"itemListElement\":[{\"@type\":\"ListItem\",\"position\":1,\"name\":\"Startseite\",\"item\":\"https:\/\/renner-pumpen.de\/de\/\"},{\"@type\":\"ListItem\",\"position\":2,\"name\":\"Shop\",\"item\":\"https:\/\/renner-pumpen.de\/de\/shop\/\"},{\"@type\":\"ListItem\",\"position\":3,\"name\":\"Baureihe FI 1\"}]},{\"@type\":\"WebSite\",\"@id\":\"https:\/\/renner-pumpen.de\/de\/#website\",\"url\":\"https:\/\/renner-pumpen.de\/de\/\",\"name\":\"Renner Pumpen\",\"description\":\"Innovationen sichern die Zukunft.\",\"potentialAction\":[{\"@type\":\"SearchAction\",\"target\":{\"@type\":\"EntryPoint\",\"urlTemplate\":\"https:\/\/renner-pumpen.de\/de\/?s={search_term_string}\"},\"query-input\":{\"@type\":\"PropertyValueSpecification\",\"valueRequired\":true,\"valueName\":\"search_term_string\"}}],\"inLanguage\":\"de\"}]}<\/script>\n<!-- \/ Yoast SEO plugin. -->","yoast_head_json":{"title":"Baureihe FI 1 - Renner Pumpen","robots":{"index":"index","follow":"follow","max-snippet":"max-snippet:-1","max-image-preview":"max-image-preview:large","max-video-preview":"max-video-preview:-1"},"canonical":"https:\/\/renner-pumpen.de\/de\/produkt\/baureihe-fi-1\/","og_locale":"de_DE","og_type":"article","og_title":"Baureihe FI 1 - Renner Pumpen","og_description":"In den Universal-Filtergeh\u00e4usen RFI 1 k\u00f6nnen gleicherma\u00dfen Kerzen-, Platten-, Beutel- und Aktivkohleeins\u00e4tze eingesetzt werden.","og_url":"https:\/\/renner-pumpen.de\/de\/produkt\/baureihe-fi-1\/","og_site_name":"Renner Pumpen","article_modified_time":"2020-03-04T15:00:34+00:00","og_image":[{"width":1200,"height":850,"url":"https:\/\/renner-pumpen.de\/wp-content\/uploads\/renner-produkte-universalfilter-fi-1.png","type":"image\/png"}],"twitter_card":"summary_large_image","schema":{"@context":"https:\/\/schema.org","@graph":[{"@type":"WebPage","@id":"https:\/\/renner-pumpen.de\/de\/produkt\/baureihe-fi-1\/","url":"https:\/\/renner-pumpen.de\/de\/produkt\/baureihe-fi-1\/","name":"Baureihe FI 1 - Renner Pumpen","isPartOf":{"@id":"https:\/\/renner-pumpen.de\/de\/#website"},"primaryImageOfPage":{"@id":"https:\/\/renner-pumpen.de\/de\/produkt\/baureihe-fi-1\/#primaryimage"},"image":{"@id":"https:\/\/renner-pumpen.de\/de\/produkt\/baureihe-fi-1\/#primaryimage"},"thumbnailUrl":"https:\/\/renner-pumpen.de\/wp-content\/uploads\/renner-produkte-universalfilter-fi-1.png","datePublished":"2020-02-27T09:09:46+00:00","dateModified":"2020-03-04T15:00:34+00:00","breadcrumb":{"@id":"https:\/\/renner-pumpen.de\/de\/produkt\/baureihe-fi-1\/#breadcrumb"},"inLanguage":"de","potentialAction":[{"@type":"ReadAction","target":["https:\/\/renner-pumpen.de\/de\/produkt\/baureihe-fi-1\/"]}]},{"@type":"ImageObject","inLanguage":"de","@id":"https:\/\/renner-pumpen.de\/de\/produkt\/baureihe-fi-1\/#primaryimage","url":"https:\/\/renner-pumpen.de\/wp-content\/uploads\/renner-produkte-universalfilter-fi-1.png","contentUrl":"https:\/\/renner-pumpen.de\/wp-content\/uploads\/renner-produkte-universalfilter-fi-1.png","width":1200,"height":850},{"@type":"BreadcrumbList","@id":"https:\/\/renner-pumpen.de\/de\/produkt\/baureihe-fi-1\/#breadcrumb","itemListElement":[{"@type":"ListItem","position":1,"name":"Startseite","item":"https:\/\/renner-pumpen.de\/de\/"},{"@type":"ListItem","position":2,"name":"Shop","item":"https:\/\/renner-pumpen.de\/de\/shop\/"},{"@type":"ListItem","position":3,"name":"Baureihe FI 1"}]},{"@type":"WebSite","@id":"https:\/\/renner-pumpen.de\/de\/#website","url":"https:\/\/renner-pumpen.de\/de\/","name":"Renner Pumpen","description":"Innovationen sichern die Zukunft.","potentialAction":[{"@type":"SearchAction","target":{"@type":"EntryPoint","urlTemplate":"https:\/\/renner-pumpen.de\/de\/?s={search_term_string}"},"query-input":{"@type":"PropertyValueSpecification","valueRequired":true,"valueName":"search_term_string"}}],"inLanguage":"de"}]}},"_links":{"self":[{"href":"https:\/\/renner-pumpen.de\/de\/wp-json\/wp\/v2\/product\/9324","targetHints":{"allow":["GET"]}}],"collection":[{"href":"https:\/\/renner-pumpen.de\/de\/wp-json\/wp\/v2\/product"}],"about":[{"href":"https:\/\/renner-pumpen.de\/de\/wp-json\/wp\/v2\/types\/product"}],"wp:featuredmedia":[{"embeddable":true,"href":"https:\/\/renner-pumpen.de\/de\/wp-json\/wp\/v2\/media\/5680"}],"wp:attachment":[{"href":"https:\/\/renner-pumpen.de\/de\/wp-json\/wp\/v2\/media?parent=9324"}],"wp:term":[{"taxonomy":"product_brand","embeddable":true,"href":"https:\/\/renner-pumpen.de\/de\/wp-json\/wp\/v2\/product_brand?post=9324"},{"taxonomy":"product_cat","embeddable":true,"href":"https:\/\/renner-pumpen.de\/de\/wp-json\/wp\/v2\/product_cat?post=9324"},{"taxonomy":"product_tag","embeddable":true,"href":"https:\/\/renner-pumpen.de\/de\/wp-json\/wp\/v2\/product_tag?post=9324"}],"curies":[{"name":"wp","href":"https:\/\/api.w.org\/{rel}","templated":true}]}}