{"id":9361,"date":"2020-02-27T10:09:57","date_gmt":"2020-02-27T09:09:57","guid":{"rendered":"https:\/\/renner-pumpen.de\/produkt\/aktivkohle-filterkerzen\/"},"modified":"2020-03-12T13:09:54","modified_gmt":"2020-03-12T12:09:54","slug":"aktivkohle-filterkerzen","status":"publish","type":"product","link":"https:\/\/renner-pumpen.de\/de\/produkt\/aktivkohle-filterkerzen\/","title":{"rendered":"Aktivkohle-Filterkerzen"},"content":{"rendered":"<h2>Merkmale<\/h2>\n<p>Aktivkohle-Filterkerzen sind mit dampfaktivierten Steinkohle-Pellets ausger\u00fcstet und besonders f\u00fcr stark belastete Fl\u00fcssigkeiten ausgelegt. Durch die Sch\u00fcttform ist keine Verblockung der Aktivkohleoberfl\u00e4che durch groben Schmutz m\u00f6glich und die Einsatzdauer ist extrem lang.<\/p>\n<p>RENNER bietet Ihnen ein umfangreiches Programm unterschiedlicher Aktivkohle-Filterkerzen, ebenso wie Aktivkohle-Granulat in AK-Kanistern an. Diese werden eingesetzt, wenn die reine mechanische Filterwirkung f\u00fcr die gel\u00f6sten Stoffe nicht mehr ausreichend ist, da diese nur noch Molek\u00fclgr\u00f6\u00dfe besitzen.<\/p>\n<h2>Weitere Eigenschaften<\/h2>\n<p>Aktivkohlen werden nach ihren Rohstoffquellen (z. B. Steinkohle oder Pflanzenreste wie Kokosnuss usw.) und deren Lieferformen (Pellets, Block, Granulat, Pulver) unterschieden. In welcher Art und Form Aktivkohle am effektivsten eingesetzt werden sollte, richtet sich nach den individuellen Anforderungen des Kunden. Steinkohle adsorbiert hervorragend viele gel\u00f6ste Stoffe aus Fl\u00fcssigkeiten, die ansonsten nicht mechanisch filtrierbar sind. Durch die Adsorptionswirkung von Aktivkohle werden gel\u00f6ste Stoffe wie \u00d6l, Fett, Pestizide, Farbmittel und anderen organischen Verbindungen aus Fl\u00fcssigkeiten gebunden und entfernt. \u00dcbersch\u00fcssiges Chlor oder beispielsweise das desinfizierende Ozon reagieren an Aktivkohle ab und werden unsch\u00e4dlich gemacht. Auch Geruchsstoffe binden sich vollst\u00e4ndig an Aktivkohle und k\u00f6nnen nicht mehr entweichen. Wenn Bitterstoffe einmal an Aktivkohle adsorbiert sind, k\u00f6nnen diese keine Lebensmittel mehr verunreinigen, so dass Aktivkohle aus der Lebensmittelindustrie nicht mehr wegzudenken ist. In der Galvanik wird Aktivkohle z. B. sehr effektiv eingesetzt, um st\u00f6rende organische Verbindungen aus diversen B\u00e4dern zu beseitigen. Durch die Sch\u00fcttung sind die Anfangsdifferenzdr\u00fccke gering und das macht die lange Lebensdauer aus.<\/p>\n<p>&nbsp;<\/p>\n<div class=\"accordian fusion-accordian\" style=\"--awb-border-size:1px;--awb-icon-size:13px;--awb-content-font-size:15px;--awb-icon-alignment:left;--awb-hover-color:#f9f9f9;--awb-border-color:#cccccc;--awb-background-color:#ffffff;--awb-divider-color:#ebebeb;--awb-divider-hover-color:#ebebeb;--awb-icon-color:#ffffff;--awb-title-color:#333333;--awb-content-color:#747474;--awb-icon-box-color:#333333;--awb-toggle-hover-accent-color:#009bff;--awb-title-font-family:&quot;Open Sans Light&quot;;--awb-title-font-weight:400;--awb-title-font-style:normal;--awb-title-font-size:18px;--awb-content-font-family:&quot;Open Sans Light&quot;;--awb-content-font-style:normal;--awb-content-font-weight:400;\"><div class=\"panel-group fusion-toggle-icon-boxed\" id=\"accordion-9361-1\"><div class=\"fusion-panel panel-default panel-35864dee1e1dd1b87 fusion-toggle-has-divider\"><div class=\"panel-heading\"><h4 class=\"panel-title toggle\" id=\"toggle_35864dee1e1dd1b87\"><a aria-expanded=\"false\" aria-controls=\"35864dee1e1dd1b87\" role=\"button\" data-toggle=\"collapse\" data-parent=\"#accordion-9361-1\" data-target=\"#35864dee1e1dd1b87\" href=\"#35864dee1e1dd1b87\"><span class=\"fusion-toggle-icon-wrapper\" aria-hidden=\"true\"><i class=\"fa-fusion-box active-icon awb-icon-minus\" aria-hidden=\"true\"><\/i><i class=\"fa-fusion-box inactive-icon awb-icon-plus\" aria-hidden=\"true\"><\/i><\/span><span class=\"fusion-toggle-heading\">L\u00e4ngen<\/span><\/a><\/h4><\/div><div id=\"35864dee1e1dd1b87\" class=\"panel-collapse collapse \" aria-labelledby=\"toggle_35864dee1e1dd1b87\"><div class=\"panel-body toggle-content fusion-clearfix\"><\/p>\n<ul>\n<li>250 mm<\/li>\n<li>500 mm<\/li>\n<li>750 mm<\/li>\n<li>1.000mm<\/li>\n<\/ul>\n<p>sowie<\/p>\n<ul>\n<li>9 \u00be\u201c<\/li>\n<li>10\u201c<\/li>\n<li>20\u201c<\/li>\n<li>30\u201c<\/li>\n<li>40\u201c<\/li>\n<\/ul>\n<p>(Standard)<\/p>\n<p><\/div><\/div><\/div><div class=\"fusion-panel panel-default panel-7950f7849c5476756 fusion-toggle-has-divider\"><div class=\"panel-heading\"><h4 class=\"panel-title toggle\" id=\"toggle_7950f7849c5476756\"><a aria-expanded=\"false\" aria-controls=\"7950f7849c5476756\" role=\"button\" data-toggle=\"collapse\" data-parent=\"#accordion-9361-1\" data-target=\"#7950f7849c5476756\" href=\"#7950f7849c5476756\"><span class=\"fusion-toggle-icon-wrapper\" aria-hidden=\"true\"><i class=\"fa-fusion-box active-icon awb-icon-minus\" aria-hidden=\"true\"><\/i><i class=\"fa-fusion-box inactive-icon awb-icon-plus\" aria-hidden=\"true\"><\/i><\/span><span class=\"fusion-toggle-heading\">Filtereinheiten<\/span><\/a><\/h4><\/div><div id=\"7950f7849c5476756\" class=\"panel-collapse collapse \" aria-labelledby=\"toggle_7950f7849c5476756\"><div class=\"panel-body toggle-content fusion-clearfix\"><\/p>\n<ul>\n<li>1 \u00b5m \u2013 1.000 \u00b5m (Standard)<\/li>\n<\/ul>\n<p><\/div><\/div><\/div><div class=\"fusion-panel panel-default panel-69be8e6ec669ed058 fusion-toggle-has-divider\"><div class=\"panel-heading\"><h4 class=\"panel-title toggle\" id=\"toggle_69be8e6ec669ed058\"><a aria-expanded=\"false\" aria-controls=\"69be8e6ec669ed058\" role=\"button\" data-toggle=\"collapse\" data-parent=\"#accordion-9361-1\" data-target=\"#69be8e6ec669ed058\" href=\"#69be8e6ec669ed058\"><span class=\"fusion-toggle-icon-wrapper\" aria-hidden=\"true\"><i class=\"fa-fusion-box active-icon awb-icon-minus\" aria-hidden=\"true\"><\/i><i class=\"fa-fusion-box inactive-icon awb-icon-plus\" aria-hidden=\"true\"><\/i><\/span><span class=\"fusion-toggle-heading\">Durchmesser<\/span><\/a><\/h4><\/div><div id=\"69be8e6ec669ed058\" class=\"panel-collapse collapse \" aria-labelledby=\"toggle_69be8e6ec669ed058\"><div class=\"panel-body toggle-content fusion-clearfix\"><\/p>\n<ul>\n<li>Innendurchmesser: ca. 27 mm<\/li>\n<li>Au\u00dfendurchmesser: 64,5 mm bei <span class=\"caps\">DOE<\/span><\/li>\n<\/ul>\n<p><\/div><\/div><\/div><div class=\"fusion-panel panel-default panel-7873b76817078429e fusion-toggle-has-divider\"><div class=\"panel-heading\"><h4 class=\"panel-title toggle\" id=\"toggle_7873b76817078429e\"><a aria-expanded=\"false\" aria-controls=\"7873b76817078429e\" role=\"button\" data-toggle=\"collapse\" data-parent=\"#accordion-9361-1\" data-target=\"#7873b76817078429e\" href=\"#7873b76817078429e\"><span class=\"fusion-toggle-icon-wrapper\" aria-hidden=\"true\"><i class=\"fa-fusion-box active-icon awb-icon-minus\" aria-hidden=\"true\"><\/i><i class=\"fa-fusion-box inactive-icon awb-icon-plus\" aria-hidden=\"true\"><\/i><\/span><span class=\"fusion-toggle-heading\">Material<\/span><\/a><\/h4><\/div><div id=\"7873b76817078429e\" class=\"panel-collapse collapse \" aria-labelledby=\"toggle_7873b76817078429e\"><div class=\"panel-body toggle-content fusion-clearfix\"><\/p>\n<ul>\n<li>Medium: Zylindrisch geformte Steinkohle (Pellets)<\/li>\n<\/ul>\n<ul>\n<li>St\u00fctzk\u00f6rper\/-kerne: Polypropylen<\/li>\n<\/ul>\n<ul>\n<li>Mantelrohre: Polyethylen, gesintert<\/li>\n<\/ul>\n<p><\/div><\/div><\/div><div class=\"fusion-panel panel-default panel-cbb84c01c9ab73596 fusion-toggle-has-divider\"><div class=\"panel-heading\"><h4 class=\"panel-title toggle\" id=\"toggle_cbb84c01c9ab73596\"><a aria-expanded=\"false\" aria-controls=\"cbb84c01c9ab73596\" role=\"button\" data-toggle=\"collapse\" data-parent=\"#accordion-9361-1\" data-target=\"#cbb84c01c9ab73596\" href=\"#cbb84c01c9ab73596\"><span class=\"fusion-toggle-icon-wrapper\" aria-hidden=\"true\"><i class=\"fa-fusion-box active-icon awb-icon-minus\" aria-hidden=\"true\"><\/i><i class=\"fa-fusion-box inactive-icon awb-icon-plus\" aria-hidden=\"true\"><\/i><\/span><span class=\"fusion-toggle-heading\">Dichtung<\/span><\/a><\/h4><\/div><div id=\"cbb84c01c9ab73596\" class=\"panel-collapse collapse \" aria-labelledby=\"toggle_cbb84c01c9ab73596\"><div class=\"panel-body toggle-content fusion-clearfix\"><\/p>\n<ul>\n<li><span class=\"caps\">EPDM <\/span>(Flachdichtung f\u00fcr <span class=\"caps\">DOE<\/span>)<\/li>\n<\/ul>\n<p><\/div><\/div><\/div><div class=\"fusion-panel panel-default panel-8180a7c12b35eb9cf fusion-toggle-has-divider\"><div class=\"panel-heading\"><h4 class=\"panel-title toggle\" id=\"toggle_8180a7c12b35eb9cf\"><a aria-expanded=\"false\" aria-controls=\"8180a7c12b35eb9cf\" role=\"button\" data-toggle=\"collapse\" data-parent=\"#accordion-9361-1\" data-target=\"#8180a7c12b35eb9cf\" href=\"#8180a7c12b35eb9cf\"><span class=\"fusion-toggle-icon-wrapper\" aria-hidden=\"true\"><i class=\"fa-fusion-box active-icon awb-icon-minus\" aria-hidden=\"true\"><\/i><i class=\"fa-fusion-box inactive-icon awb-icon-plus\" aria-hidden=\"true\"><\/i><\/span><span class=\"fusion-toggle-heading\">Anwendungen<\/span><\/a><\/h4><\/div><div id=\"8180a7c12b35eb9cf\" class=\"panel-collapse collapse \" aria-labelledby=\"toggle_8180a7c12b35eb9cf\"><div class=\"panel-body toggle-content fusion-clearfix\"><\/p>\n<ul>\n<li>Wasser<\/li>\n<li>Geruchs- und Geschmacks-Neutralisation<\/li>\n<li>Entchlorung<\/li>\n<li>Galvanische B\u00e4der<\/li>\n<li>Hei\u00dfe Fl\u00fcssigkeiten<\/li>\n<li>L\u00f6sungsmittel<\/li>\n<li>Viskose Fl\u00fcssigkeiten<\/li>\n<li>Hei\u00dfdampf<\/li>\n<li>Oxidationsmittel (z.B. Kaliumpermanganat, Wasserstoffperoxid, Salpeters\u00e4ure usw.)<\/li>\n<\/ul>\n<p><\/div><\/div><\/div><\/div><\/div>\n","protected":false},"excerpt":{"rendered":"<p>Aktivkohle-Filterkerzen sind mit dampfaktivierten Steinkohle-Pellets ausger\u00fcstet und besonders f\u00fcr stark belastete Fl\u00fcssigkeiten ausgelegt. Durch die Sch\u00fcttform ist keine Verblockung der Aktivkohleoberfl\u00e4che durch groben Schmutz m\u00f6glich und die Einsatzdauer ist extrem lang.<\/p>\n<p>RENNER bietet Ihnen ein umfangreiches Programm unterschiedlicher Aktivkohle-Filterkerzen, ebenso wie Aktivkohle-Granulat in AK-Kanistern an. Diese werden eingesetzt, wenn die reine mechanische Filterwirkung f\u00fcr die gel\u00f6sten Stoffe nicht mehr ausreichend ist, da diese nur noch Molek\u00fclgr\u00f6\u00dfe besitzen.<\/p>\n","protected":false},"featured_media":5642,"template":"","meta":[],"product_brand":[],"product_cat":[598,889],"product_tag":[],"class_list":{"0":"post-9361","1":"product","2":"type-product","3":"status-publish","4":"has-post-thumbnail","6":"product_cat-filterelemente","7":"product_cat-filterkerzen","9":"first","10":"instock","11":"purchasable","12":"product-type-simple"},"yoast_head":"<!-- This site is optimized with the Yoast SEO plugin v25.5 - https:\/\/yoast.com\/wordpress\/plugins\/seo\/ -->\n<title>Aktivkohle-Filterkerzen - Renner Pumpen<\/title>\n<meta name=\"robots\" content=\"index, follow, max-snippet:-1, max-image-preview:large, max-video-preview:-1\" \/>\n<link rel=\"canonical\" href=\"https:\/\/renner-pumpen.de\/de\/produkt\/aktivkohle-filterkerzen\/\" \/>\n<meta property=\"og:locale\" content=\"de_DE\" \/>\n<meta property=\"og:type\" content=\"article\" \/>\n<meta property=\"og:title\" content=\"Aktivkohle-Filterkerzen - Renner Pumpen\" \/>\n<meta property=\"og:description\" content=\"Aktivkohle-Filterkerzen sind mit dampfaktivierten Steinkohle-Pellets ausger\u00fcstet und besonders f\u00fcr stark belastete Fl\u00fcssigkeiten ausgelegt. Durch die Sch\u00fcttform ist keine Verblockung der Aktivkohleoberfl\u00e4che durch groben Schmutz m\u00f6glich und die Einsatzdauer ist extrem lang.  RENNER bietet Ihnen ein umfangreiches Programm unterschiedlicher Aktivkohle-Filterkerzen, ebenso wie Aktivkohle-Granulat in AK-Kanistern an. Diese werden eingesetzt, wenn die reine mechanische Filterwirkung f\u00fcr die gel\u00f6sten Stoffe nicht mehr ausreichend ist, da diese nur noch Molek\u00fclgr\u00f6\u00dfe besitzen.\" \/>\n<meta property=\"og:url\" content=\"https:\/\/renner-pumpen.de\/de\/produkt\/aktivkohle-filterkerzen\/\" \/>\n<meta property=\"og:site_name\" content=\"Renner Pumpen\" \/>\n<meta property=\"article:modified_time\" content=\"2020-03-12T12:09:54+00:00\" \/>\n<meta property=\"og:image\" content=\"https:\/\/renner-pumpen.de\/wp-content\/uploads\/renner-produkte-filterkerzen-aktivkohle-filterkerzen.png\" \/>\n\t<meta property=\"og:image:width\" content=\"1200\" \/>\n\t<meta property=\"og:image:height\" content=\"850\" \/>\n\t<meta property=\"og:image:type\" content=\"image\/png\" \/>\n<meta name=\"twitter:card\" content=\"summary_large_image\" \/>\n<meta name=\"twitter:label1\" content=\"Gesch\u00e4tzte Lesezeit\" \/>\n\t<meta name=\"twitter:data1\" content=\"2\u00a0Minuten\" \/>\n<script type=\"application\/ld+json\" class=\"yoast-schema-graph\">{\"@context\":\"https:\/\/schema.org\",\"@graph\":[{\"@type\":\"WebPage\",\"@id\":\"https:\/\/renner-pumpen.de\/de\/produkt\/aktivkohle-filterkerzen\/\",\"url\":\"https:\/\/renner-pumpen.de\/de\/produkt\/aktivkohle-filterkerzen\/\",\"name\":\"Aktivkohle-Filterkerzen - Renner Pumpen\",\"isPartOf\":{\"@id\":\"https:\/\/renner-pumpen.de\/de\/#website\"},\"primaryImageOfPage\":{\"@id\":\"https:\/\/renner-pumpen.de\/de\/produkt\/aktivkohle-filterkerzen\/#primaryimage\"},\"image\":{\"@id\":\"https:\/\/renner-pumpen.de\/de\/produkt\/aktivkohle-filterkerzen\/#primaryimage\"},\"thumbnailUrl\":\"https:\/\/renner-pumpen.de\/wp-content\/uploads\/renner-produkte-filterkerzen-aktivkohle-filterkerzen.png\",\"datePublished\":\"2020-02-27T09:09:57+00:00\",\"dateModified\":\"2020-03-12T12:09:54+00:00\",\"breadcrumb\":{\"@id\":\"https:\/\/renner-pumpen.de\/de\/produkt\/aktivkohle-filterkerzen\/#breadcrumb\"},\"inLanguage\":\"de\",\"potentialAction\":[{\"@type\":\"ReadAction\",\"target\":[\"https:\/\/renner-pumpen.de\/de\/produkt\/aktivkohle-filterkerzen\/\"]}]},{\"@type\":\"ImageObject\",\"inLanguage\":\"de\",\"@id\":\"https:\/\/renner-pumpen.de\/de\/produkt\/aktivkohle-filterkerzen\/#primaryimage\",\"url\":\"https:\/\/renner-pumpen.de\/wp-content\/uploads\/renner-produkte-filterkerzen-aktivkohle-filterkerzen.png\",\"contentUrl\":\"https:\/\/renner-pumpen.de\/wp-content\/uploads\/renner-produkte-filterkerzen-aktivkohle-filterkerzen.png\",\"width\":1200,\"height\":850},{\"@type\":\"BreadcrumbList\",\"@id\":\"https:\/\/renner-pumpen.de\/de\/produkt\/aktivkohle-filterkerzen\/#breadcrumb\",\"itemListElement\":[{\"@type\":\"ListItem\",\"position\":1,\"name\":\"Startseite\",\"item\":\"https:\/\/renner-pumpen.de\/de\/\"},{\"@type\":\"ListItem\",\"position\":2,\"name\":\"Shop\",\"item\":\"https:\/\/renner-pumpen.de\/de\/shop\/\"},{\"@type\":\"ListItem\",\"position\":3,\"name\":\"Aktivkohle-Filterkerzen\"}]},{\"@type\":\"WebSite\",\"@id\":\"https:\/\/renner-pumpen.de\/de\/#website\",\"url\":\"https:\/\/renner-pumpen.de\/de\/\",\"name\":\"Renner Pumpen\",\"description\":\"Innovationen sichern die Zukunft.\",\"potentialAction\":[{\"@type\":\"SearchAction\",\"target\":{\"@type\":\"EntryPoint\",\"urlTemplate\":\"https:\/\/renner-pumpen.de\/de\/?s={search_term_string}\"},\"query-input\":{\"@type\":\"PropertyValueSpecification\",\"valueRequired\":true,\"valueName\":\"search_term_string\"}}],\"inLanguage\":\"de\"}]}<\/script>\n<!-- \/ Yoast SEO plugin. -->","yoast_head_json":{"title":"Aktivkohle-Filterkerzen - Renner Pumpen","robots":{"index":"index","follow":"follow","max-snippet":"max-snippet:-1","max-image-preview":"max-image-preview:large","max-video-preview":"max-video-preview:-1"},"canonical":"https:\/\/renner-pumpen.de\/de\/produkt\/aktivkohle-filterkerzen\/","og_locale":"de_DE","og_type":"article","og_title":"Aktivkohle-Filterkerzen - Renner Pumpen","og_description":"Aktivkohle-Filterkerzen sind mit dampfaktivierten Steinkohle-Pellets ausger\u00fcstet und besonders f\u00fcr stark belastete Fl\u00fcssigkeiten ausgelegt. Durch die Sch\u00fcttform ist keine Verblockung der Aktivkohleoberfl\u00e4che durch groben Schmutz m\u00f6glich und die Einsatzdauer ist extrem lang.  RENNER bietet Ihnen ein umfangreiches Programm unterschiedlicher Aktivkohle-Filterkerzen, ebenso wie Aktivkohle-Granulat in AK-Kanistern an. Diese werden eingesetzt, wenn die reine mechanische Filterwirkung f\u00fcr die gel\u00f6sten Stoffe nicht mehr ausreichend ist, da diese nur noch Molek\u00fclgr\u00f6\u00dfe besitzen.","og_url":"https:\/\/renner-pumpen.de\/de\/produkt\/aktivkohle-filterkerzen\/","og_site_name":"Renner Pumpen","article_modified_time":"2020-03-12T12:09:54+00:00","og_image":[{"width":1200,"height":850,"url":"https:\/\/renner-pumpen.de\/wp-content\/uploads\/renner-produkte-filterkerzen-aktivkohle-filterkerzen.png","type":"image\/png"}],"twitter_card":"summary_large_image","twitter_misc":{"Gesch\u00e4tzte Lesezeit":"2\u00a0Minuten"},"schema":{"@context":"https:\/\/schema.org","@graph":[{"@type":"WebPage","@id":"https:\/\/renner-pumpen.de\/de\/produkt\/aktivkohle-filterkerzen\/","url":"https:\/\/renner-pumpen.de\/de\/produkt\/aktivkohle-filterkerzen\/","name":"Aktivkohle-Filterkerzen - Renner Pumpen","isPartOf":{"@id":"https:\/\/renner-pumpen.de\/de\/#website"},"primaryImageOfPage":{"@id":"https:\/\/renner-pumpen.de\/de\/produkt\/aktivkohle-filterkerzen\/#primaryimage"},"image":{"@id":"https:\/\/renner-pumpen.de\/de\/produkt\/aktivkohle-filterkerzen\/#primaryimage"},"thumbnailUrl":"https:\/\/renner-pumpen.de\/wp-content\/uploads\/renner-produkte-filterkerzen-aktivkohle-filterkerzen.png","datePublished":"2020-02-27T09:09:57+00:00","dateModified":"2020-03-12T12:09:54+00:00","breadcrumb":{"@id":"https:\/\/renner-pumpen.de\/de\/produkt\/aktivkohle-filterkerzen\/#breadcrumb"},"inLanguage":"de","potentialAction":[{"@type":"ReadAction","target":["https:\/\/renner-pumpen.de\/de\/produkt\/aktivkohle-filterkerzen\/"]}]},{"@type":"ImageObject","inLanguage":"de","@id":"https:\/\/renner-pumpen.de\/de\/produkt\/aktivkohle-filterkerzen\/#primaryimage","url":"https:\/\/renner-pumpen.de\/wp-content\/uploads\/renner-produkte-filterkerzen-aktivkohle-filterkerzen.png","contentUrl":"https:\/\/renner-pumpen.de\/wp-content\/uploads\/renner-produkte-filterkerzen-aktivkohle-filterkerzen.png","width":1200,"height":850},{"@type":"BreadcrumbList","@id":"https:\/\/renner-pumpen.de\/de\/produkt\/aktivkohle-filterkerzen\/#breadcrumb","itemListElement":[{"@type":"ListItem","position":1,"name":"Startseite","item":"https:\/\/renner-pumpen.de\/de\/"},{"@type":"ListItem","position":2,"name":"Shop","item":"https:\/\/renner-pumpen.de\/de\/shop\/"},{"@type":"ListItem","position":3,"name":"Aktivkohle-Filterkerzen"}]},{"@type":"WebSite","@id":"https:\/\/renner-pumpen.de\/de\/#website","url":"https:\/\/renner-pumpen.de\/de\/","name":"Renner Pumpen","description":"Innovationen sichern die Zukunft.","potentialAction":[{"@type":"SearchAction","target":{"@type":"EntryPoint","urlTemplate":"https:\/\/renner-pumpen.de\/de\/?s={search_term_string}"},"query-input":{"@type":"PropertyValueSpecification","valueRequired":true,"valueName":"search_term_string"}}],"inLanguage":"de"}]}},"_links":{"self":[{"href":"https:\/\/renner-pumpen.de\/de\/wp-json\/wp\/v2\/product\/9361","targetHints":{"allow":["GET"]}}],"collection":[{"href":"https:\/\/renner-pumpen.de\/de\/wp-json\/wp\/v2\/product"}],"about":[{"href":"https:\/\/renner-pumpen.de\/de\/wp-json\/wp\/v2\/types\/product"}],"wp:featuredmedia":[{"embeddable":true,"href":"https:\/\/renner-pumpen.de\/de\/wp-json\/wp\/v2\/media\/5642"}],"wp:attachment":[{"href":"https:\/\/renner-pumpen.de\/de\/wp-json\/wp\/v2\/media?parent=9361"}],"wp:term":[{"taxonomy":"product_brand","embeddable":true,"href":"https:\/\/renner-pumpen.de\/de\/wp-json\/wp\/v2\/product_brand?post=9361"},{"taxonomy":"product_cat","embeddable":true,"href":"https:\/\/renner-pumpen.de\/de\/wp-json\/wp\/v2\/product_cat?post=9361"},{"taxonomy":"product_tag","embeddable":true,"href":"https:\/\/renner-pumpen.de\/de\/wp-json\/wp\/v2\/product_tag?post=9361"}],"curies":[{"name":"wp","href":"https:\/\/api.w.org\/{rel}","templated":true}]}}