{"id":9381,"date":"2020-02-27T10:10:11","date_gmt":"2020-02-27T09:10:11","guid":{"rendered":"https:\/\/renner-pumpen.de\/produkt\/stroemungswaechter\/"},"modified":"2020-03-12T14:04:39","modified_gmt":"2020-03-12T13:04:39","slug":"stroemungswaechter","status":"publish","type":"product","link":"https:\/\/renner-pumpen.de\/de\/produkt\/stroemungswaechter\/","title":{"rendered":"Str\u00f6mungsw\u00e4chter"},"content":{"rendered":"<h2>Funktion<\/h2>\n<p>Das Ger\u00e4t dient dazu, den Durchfluss in Rohrleitungen zu \u00fcberwachen und somit einen Trockenlauf von Pumpen zu verhindern. Der Einbau erfolgt direkt in die Rohrleitung. \u00dcber einen Schwimmer wird bei durchstr\u00f6mter Druckleitung ein Signal ausgel\u00f6st.<\/p>\n<p>&nbsp;<\/p>\n<div class=\"accordian fusion-accordian\" style=\"--awb-border-size:1px;--awb-icon-size:13px;--awb-content-font-size:15px;--awb-icon-alignment:left;--awb-hover-color:#f9f9f9;--awb-border-color:#cccccc;--awb-background-color:#ffffff;--awb-divider-color:#ebebeb;--awb-divider-hover-color:#ebebeb;--awb-icon-color:#ffffff;--awb-title-color:#333333;--awb-content-color:#747474;--awb-icon-box-color:#333333;--awb-toggle-hover-accent-color:#009bff;--awb-title-font-family:&quot;Open Sans Light&quot;;--awb-title-font-weight:400;--awb-title-font-style:normal;--awb-title-font-size:18px;--awb-content-font-family:&quot;Open Sans Light&quot;;--awb-content-font-style:normal;--awb-content-font-weight:400;\"><div class=\"panel-group fusion-toggle-icon-boxed\" id=\"accordion-9381-1\"><div class=\"fusion-panel panel-default panel-cea9c57d570d90ccf fusion-toggle-has-divider\"><div class=\"panel-heading\"><h4 class=\"panel-title toggle\" id=\"toggle_cea9c57d570d90ccf\"><a aria-expanded=\"false\" aria-controls=\"cea9c57d570d90ccf\" role=\"button\" data-toggle=\"collapse\" data-parent=\"#accordion-9381-1\" data-target=\"#cea9c57d570d90ccf\" href=\"#cea9c57d570d90ccf\"><span class=\"fusion-toggle-icon-wrapper\" aria-hidden=\"true\"><i class=\"fa-fusion-box active-icon awb-icon-minus\" aria-hidden=\"true\"><\/i><i class=\"fa-fusion-box inactive-icon awb-icon-plus\" aria-hidden=\"true\"><\/i><\/span><span class=\"fusion-toggle-heading\">Anwendung<\/span><\/a><\/h4><\/div><div id=\"cea9c57d570d90ccf\" class=\"panel-collapse collapse \" aria-labelledby=\"toggle_cea9c57d570d90ccf\"><div class=\"panel-body toggle-content fusion-clearfix\"><\/p>\n<p>\u00dcberwachungsger\u00e4t f\u00fcr magnetisch gekuppelte Kreiselpumpen zum Schutz vor Trockenlauf.<\/p>\n<p><\/div><\/div><\/div><div class=\"fusion-panel panel-default panel-72aac5eccad3694e3 fusion-toggle-has-divider\"><div class=\"panel-heading\"><h4 class=\"panel-title toggle\" id=\"toggle_72aac5eccad3694e3\"><a aria-expanded=\"false\" aria-controls=\"72aac5eccad3694e3\" role=\"button\" data-toggle=\"collapse\" data-parent=\"#accordion-9381-1\" data-target=\"#72aac5eccad3694e3\" href=\"#72aac5eccad3694e3\"><span class=\"fusion-toggle-icon-wrapper\" aria-hidden=\"true\"><i class=\"fa-fusion-box active-icon awb-icon-minus\" aria-hidden=\"true\"><\/i><i class=\"fa-fusion-box inactive-icon awb-icon-plus\" aria-hidden=\"true\"><\/i><\/span><span class=\"fusion-toggle-heading\">Werkstoffe<\/span><\/a><\/h4><\/div><div id=\"72aac5eccad3694e3\" class=\"panel-collapse collapse \" aria-labelledby=\"toggle_72aac5eccad3694e3\"><div class=\"panel-body toggle-content fusion-clearfix\"><\/p>\n<ul>\n<li>PP<\/li>\n<li><span class=\"caps\">PVDF<\/span><\/li>\n<\/ul>\n<p><\/div><\/div><\/div><div class=\"fusion-panel panel-default panel-755c40fb556c9ad06 fusion-toggle-has-divider\"><div class=\"panel-heading\"><h4 class=\"panel-title toggle\" id=\"toggle_755c40fb556c9ad06\"><a aria-expanded=\"false\" aria-controls=\"755c40fb556c9ad06\" role=\"button\" data-toggle=\"collapse\" data-parent=\"#accordion-9381-1\" data-target=\"#755c40fb556c9ad06\" href=\"#755c40fb556c9ad06\"><span class=\"fusion-toggle-icon-wrapper\" aria-hidden=\"true\"><i class=\"fa-fusion-box active-icon awb-icon-minus\" aria-hidden=\"true\"><\/i><i class=\"fa-fusion-box inactive-icon awb-icon-plus\" aria-hidden=\"true\"><\/i><\/span><span class=\"fusion-toggle-heading\">Nennweiten<\/span><\/a><\/h4><\/div><div id=\"755c40fb556c9ad06\" class=\"panel-collapse collapse \" aria-labelledby=\"toggle_755c40fb556c9ad06\"><div class=\"panel-body toggle-content fusion-clearfix\"><\/p>\n<ul>\n<li>DN25<\/li>\n<li>DN32<\/li>\n<li>DN40<\/li>\n<\/ul>\n<p><\/div><\/div><\/div><\/div><\/div>\n","protected":false},"excerpt":{"rendered":"<p>Das Ger\u00e4t dient dazu, den Durchfluss in Rohrleitungen zu \u00fcberwachen und somit einen Trockenlauf von Pumpen zu verhindern. Der Einbau erfolgt direkt in die Rohrleitung. \u00dcber einen Schwimmer wird bei durchstr\u00f6mter Druckleitung ein Signal ausgel\u00f6st.<\/p>\n","protected":false},"featured_media":5716,"template":"","meta":[],"product_brand":[],"product_cat":[602],"product_tag":[],"class_list":{"0":"post-9381","1":"product","2":"type-product","3":"status-publish","4":"has-post-thumbnail","6":"product_cat-zubehoer","8":"first","9":"instock","10":"purchasable","11":"product-type-simple"},"yoast_head":"<!-- This site is optimized with the Yoast SEO plugin v25.5 - https:\/\/yoast.com\/wordpress\/plugins\/seo\/ -->\n<title>Str\u00f6mungsw\u00e4chter - Renner Pumpen<\/title>\n<meta name=\"robots\" content=\"index, follow, max-snippet:-1, max-image-preview:large, max-video-preview:-1\" \/>\n<link rel=\"canonical\" href=\"https:\/\/renner-pumpen.de\/de\/produkt\/stroemungswaechter\/\" \/>\n<meta property=\"og:locale\" content=\"de_DE\" \/>\n<meta property=\"og:type\" content=\"article\" \/>\n<meta property=\"og:title\" content=\"Str\u00f6mungsw\u00e4chter - Renner Pumpen\" \/>\n<meta property=\"og:description\" content=\"Das Ger\u00e4t dient dazu, den Durchfluss in Rohrleitungen zu \u00fcberwachen und somit einen Trockenlauf von Pumpen zu verhindern. Der Einbau erfolgt direkt in die Rohrleitung. \u00dcber einen Schwimmer wird bei durchstr\u00f6mter Druckleitung ein Signal ausgel\u00f6st.\" \/>\n<meta property=\"og:url\" content=\"https:\/\/renner-pumpen.de\/de\/produkt\/stroemungswaechter\/\" \/>\n<meta property=\"og:site_name\" content=\"Renner Pumpen\" \/>\n<meta property=\"article:modified_time\" content=\"2020-03-12T13:04:39+00:00\" \/>\n<meta property=\"og:image\" content=\"https:\/\/renner-pumpen.de\/wp-content\/uploads\/renner-zubehoer-stroemungswaechter.png\" \/>\n\t<meta property=\"og:image:width\" content=\"1200\" \/>\n\t<meta property=\"og:image:height\" content=\"850\" \/>\n\t<meta property=\"og:image:type\" content=\"image\/png\" \/>\n<meta name=\"twitter:card\" content=\"summary_large_image\" \/>\n<meta name=\"twitter:label1\" content=\"Gesch\u00e4tzte Lesezeit\" \/>\n\t<meta name=\"twitter:data1\" content=\"1\u00a0Minute\" \/>\n<script type=\"application\/ld+json\" class=\"yoast-schema-graph\">{\"@context\":\"https:\/\/schema.org\",\"@graph\":[{\"@type\":\"WebPage\",\"@id\":\"https:\/\/renner-pumpen.de\/de\/produkt\/stroemungswaechter\/\",\"url\":\"https:\/\/renner-pumpen.de\/de\/produkt\/stroemungswaechter\/\",\"name\":\"Str\u00f6mungsw\u00e4chter - Renner Pumpen\",\"isPartOf\":{\"@id\":\"https:\/\/renner-pumpen.de\/de\/#website\"},\"primaryImageOfPage\":{\"@id\":\"https:\/\/renner-pumpen.de\/de\/produkt\/stroemungswaechter\/#primaryimage\"},\"image\":{\"@id\":\"https:\/\/renner-pumpen.de\/de\/produkt\/stroemungswaechter\/#primaryimage\"},\"thumbnailUrl\":\"https:\/\/renner-pumpen.de\/wp-content\/uploads\/renner-zubehoer-stroemungswaechter.png\",\"datePublished\":\"2020-02-27T09:10:11+00:00\",\"dateModified\":\"2020-03-12T13:04:39+00:00\",\"breadcrumb\":{\"@id\":\"https:\/\/renner-pumpen.de\/de\/produkt\/stroemungswaechter\/#breadcrumb\"},\"inLanguage\":\"de\",\"potentialAction\":[{\"@type\":\"ReadAction\",\"target\":[\"https:\/\/renner-pumpen.de\/de\/produkt\/stroemungswaechter\/\"]}]},{\"@type\":\"ImageObject\",\"inLanguage\":\"de\",\"@id\":\"https:\/\/renner-pumpen.de\/de\/produkt\/stroemungswaechter\/#primaryimage\",\"url\":\"https:\/\/renner-pumpen.de\/wp-content\/uploads\/renner-zubehoer-stroemungswaechter.png\",\"contentUrl\":\"https:\/\/renner-pumpen.de\/wp-content\/uploads\/renner-zubehoer-stroemungswaechter.png\",\"width\":1200,\"height\":850},{\"@type\":\"BreadcrumbList\",\"@id\":\"https:\/\/renner-pumpen.de\/de\/produkt\/stroemungswaechter\/#breadcrumb\",\"itemListElement\":[{\"@type\":\"ListItem\",\"position\":1,\"name\":\"Startseite\",\"item\":\"https:\/\/renner-pumpen.de\/de\/\"},{\"@type\":\"ListItem\",\"position\":2,\"name\":\"Shop\",\"item\":\"https:\/\/renner-pumpen.de\/de\/shop\/\"},{\"@type\":\"ListItem\",\"position\":3,\"name\":\"Str\u00f6mungsw\u00e4chter\"}]},{\"@type\":\"WebSite\",\"@id\":\"https:\/\/renner-pumpen.de\/de\/#website\",\"url\":\"https:\/\/renner-pumpen.de\/de\/\",\"name\":\"Renner Pumpen\",\"description\":\"Innovationen sichern die Zukunft.\",\"potentialAction\":[{\"@type\":\"SearchAction\",\"target\":{\"@type\":\"EntryPoint\",\"urlTemplate\":\"https:\/\/renner-pumpen.de\/de\/?s={search_term_string}\"},\"query-input\":{\"@type\":\"PropertyValueSpecification\",\"valueRequired\":true,\"valueName\":\"search_term_string\"}}],\"inLanguage\":\"de\"}]}<\/script>\n<!-- \/ Yoast SEO plugin. -->","yoast_head_json":{"title":"Str\u00f6mungsw\u00e4chter - Renner Pumpen","robots":{"index":"index","follow":"follow","max-snippet":"max-snippet:-1","max-image-preview":"max-image-preview:large","max-video-preview":"max-video-preview:-1"},"canonical":"https:\/\/renner-pumpen.de\/de\/produkt\/stroemungswaechter\/","og_locale":"de_DE","og_type":"article","og_title":"Str\u00f6mungsw\u00e4chter - Renner Pumpen","og_description":"Das Ger\u00e4t dient dazu, den Durchfluss in Rohrleitungen zu \u00fcberwachen und somit einen Trockenlauf von Pumpen zu verhindern. Der Einbau erfolgt direkt in die Rohrleitung. \u00dcber einen Schwimmer wird bei durchstr\u00f6mter Druckleitung ein Signal ausgel\u00f6st.","og_url":"https:\/\/renner-pumpen.de\/de\/produkt\/stroemungswaechter\/","og_site_name":"Renner Pumpen","article_modified_time":"2020-03-12T13:04:39+00:00","og_image":[{"width":1200,"height":850,"url":"https:\/\/renner-pumpen.de\/wp-content\/uploads\/renner-zubehoer-stroemungswaechter.png","type":"image\/png"}],"twitter_card":"summary_large_image","twitter_misc":{"Gesch\u00e4tzte Lesezeit":"1\u00a0Minute"},"schema":{"@context":"https:\/\/schema.org","@graph":[{"@type":"WebPage","@id":"https:\/\/renner-pumpen.de\/de\/produkt\/stroemungswaechter\/","url":"https:\/\/renner-pumpen.de\/de\/produkt\/stroemungswaechter\/","name":"Str\u00f6mungsw\u00e4chter - Renner Pumpen","isPartOf":{"@id":"https:\/\/renner-pumpen.de\/de\/#website"},"primaryImageOfPage":{"@id":"https:\/\/renner-pumpen.de\/de\/produkt\/stroemungswaechter\/#primaryimage"},"image":{"@id":"https:\/\/renner-pumpen.de\/de\/produkt\/stroemungswaechter\/#primaryimage"},"thumbnailUrl":"https:\/\/renner-pumpen.de\/wp-content\/uploads\/renner-zubehoer-stroemungswaechter.png","datePublished":"2020-02-27T09:10:11+00:00","dateModified":"2020-03-12T13:04:39+00:00","breadcrumb":{"@id":"https:\/\/renner-pumpen.de\/de\/produkt\/stroemungswaechter\/#breadcrumb"},"inLanguage":"de","potentialAction":[{"@type":"ReadAction","target":["https:\/\/renner-pumpen.de\/de\/produkt\/stroemungswaechter\/"]}]},{"@type":"ImageObject","inLanguage":"de","@id":"https:\/\/renner-pumpen.de\/de\/produkt\/stroemungswaechter\/#primaryimage","url":"https:\/\/renner-pumpen.de\/wp-content\/uploads\/renner-zubehoer-stroemungswaechter.png","contentUrl":"https:\/\/renner-pumpen.de\/wp-content\/uploads\/renner-zubehoer-stroemungswaechter.png","width":1200,"height":850},{"@type":"BreadcrumbList","@id":"https:\/\/renner-pumpen.de\/de\/produkt\/stroemungswaechter\/#breadcrumb","itemListElement":[{"@type":"ListItem","position":1,"name":"Startseite","item":"https:\/\/renner-pumpen.de\/de\/"},{"@type":"ListItem","position":2,"name":"Shop","item":"https:\/\/renner-pumpen.de\/de\/shop\/"},{"@type":"ListItem","position":3,"name":"Str\u00f6mungsw\u00e4chter"}]},{"@type":"WebSite","@id":"https:\/\/renner-pumpen.de\/de\/#website","url":"https:\/\/renner-pumpen.de\/de\/","name":"Renner Pumpen","description":"Innovationen sichern die Zukunft.","potentialAction":[{"@type":"SearchAction","target":{"@type":"EntryPoint","urlTemplate":"https:\/\/renner-pumpen.de\/de\/?s={search_term_string}"},"query-input":{"@type":"PropertyValueSpecification","valueRequired":true,"valueName":"search_term_string"}}],"inLanguage":"de"}]}},"_links":{"self":[{"href":"https:\/\/renner-pumpen.de\/de\/wp-json\/wp\/v2\/product\/9381","targetHints":{"allow":["GET"]}}],"collection":[{"href":"https:\/\/renner-pumpen.de\/de\/wp-json\/wp\/v2\/product"}],"about":[{"href":"https:\/\/renner-pumpen.de\/de\/wp-json\/wp\/v2\/types\/product"}],"wp:featuredmedia":[{"embeddable":true,"href":"https:\/\/renner-pumpen.de\/de\/wp-json\/wp\/v2\/media\/5716"}],"wp:attachment":[{"href":"https:\/\/renner-pumpen.de\/de\/wp-json\/wp\/v2\/media?parent=9381"}],"wp:term":[{"taxonomy":"product_brand","embeddable":true,"href":"https:\/\/renner-pumpen.de\/de\/wp-json\/wp\/v2\/product_brand?post=9381"},{"taxonomy":"product_cat","embeddable":true,"href":"https:\/\/renner-pumpen.de\/de\/wp-json\/wp\/v2\/product_cat?post=9381"},{"taxonomy":"product_tag","embeddable":true,"href":"https:\/\/renner-pumpen.de\/de\/wp-json\/wp\/v2\/product_tag?post=9381"}],"curies":[{"name":"wp","href":"https:\/\/api.w.org\/{rel}","templated":true}]}}