{"id":3528,"date":"2019-09-12T15:29:11","date_gmt":"2019-09-12T13:29:11","guid":{"rendered":"https:\/\/renner-pumpen.de\/unternehmen\/qualitaet\/"},"modified":"2020-04-06T16:04:33","modified_gmt":"2020-04-06T14:04:33","slug":"quality","status":"publish","type":"page","link":"https:\/\/renner-pumpen.de\/en\/company\/quality\/","title":{"rendered":"Quality"},"content":{"rendered":"<p><div class=\"fusion-fullwidth fullwidth-box fusion-builder-row-1 fusion-parallax-none fullscreen header-qualitaet hundred-percent-fullwidth non-hundred-percent-height-scrolling\" style=\"--awb-border-radius-top-left:0px;--awb-border-radius-top-right:0px;--awb-border-radius-bottom-right:0px;--awb-border-radius-bottom-left:0px;--awb-padding-top:40px;--awb-padding-right:10%;--awb-padding-bottom:60px;--awb-padding-left:10%;--awb-margin-top:0px;--awb-margin-bottom:0px;--awb-background-image:url(&quot;https:\/\/renner-pumpen.de\/wp-content\/uploads\/renner-header-kunststoffbearbeitung.jpg&quot;);--awb-background-size:cover;--awb-flex-wrap:wrap;\" ><div class=\"fusion-builder-row fusion-row\"><div class=\"fusion-layout-column fusion_builder_column fusion-builder-column-0 fusion_builder_column_1_1 1_1 fusion-one-full fusion-column-first fusion-column-last white\" style=\"--awb-bg-size:cover;\"><div class=\"fusion-column-wrapper fusion-flex-column-wrapper-legacy\"><div class=\"fusion-sep-clear\"><\/div><div class=\"fusion-separator fusion-no-small-visibility fusion-full-width-sep\" style=\"margin-left: auto;margin-right: auto;margin-top:280px;width:100%;\"><\/div><div class=\"fusion-sep-clear\"><\/div><div class=\"fusion-clearfix\"><\/div><\/div><\/div><div class=\"fusion-layout-column fusion_builder_column fusion-builder-column-1 fusion_builder_column_2_3 2_3 fusion-two-third fusion-column-first white\" style=\"--awb-bg-size:cover;width:66.666666666667%;width:calc(66.666666666667% - ( ( 4% ) * 0.66666666666667 ) );margin-right: 4%;\"><div class=\"fusion-column-wrapper fusion-flex-column-wrapper-legacy\"><div class=\"fusion-clearfix\"><\/div><\/div><\/div><div class=\"fusion-layout-column fusion_builder_column fusion-builder-column-2 fusion_builder_column_1_3 1_3 fusion-one-third fusion-column-last white round fusion-no-small-visibility\" style=\"--awb-padding-top:10px;--awb-padding-right:40px;--awb-padding-bottom:0px;--awb-padding-left:40px;--awb-overflow:hidden;--awb-bg-color:rgba(251,186,0,0.9);--awb-bg-color-hover:rgba(251,186,0,0.9);--awb-bg-size:cover;--awb-border-radius:10px 10px 10px 10px;width:33.333333333333%;width:calc(33.333333333333% - ( ( 4% ) * 0.33333333333333 ) );\"><div class=\"fusion-column-wrapper fusion-column-has-shadow fusion-flex-column-wrapper-legacy\"><div class=\"fusion-column-content-centered\"><div class=\"fusion-column-content\"><div class=\"fusion-title title fusion-title-1 fusion-sep-none fusion-title-center fusion-title-text fusion-title-size-two\" style=\"--awb-font-size:25px;\"><h2 class=\"fusion-title-heading title-heading-center\" style=\"margin:0;font-size:1em;\">Company &#8211; Quality<\/h2><\/div><\/div><\/div><div class=\"fusion-clearfix\"><\/div><\/div><\/div><\/div><\/div><div class=\"fusion-fullwidth fullwidth-box fusion-builder-row-2 hundred-percent-fullwidth non-hundred-percent-height-scrolling\" style=\"--awb-border-radius-top-left:0px;--awb-border-radius-top-right:0px;--awb-border-radius-bottom-right:0px;--awb-border-radius-bottom-left:0px;--awb-margin-top:0px;--awb-margin-bottom:0px;--awb-background-color:#fbba00;--awb-flex-wrap:wrap;\" ><div class=\"fusion-builder-row fusion-row\"><div class=\"fusion-layout-column fusion_builder_column fusion-builder-column-3 fusion_builder_column_1_1 1_1 fusion-one-full fusion-column-first fusion-column-last\" style=\"--awb-bg-size:cover;\"><div class=\"fusion-column-wrapper fusion-flex-column-wrapper-legacy\"><div class=\"fusion-sep-clear\"><\/div><div class=\"fusion-separator fusion-full-width-sep\" style=\"margin-left: auto;margin-right: auto;margin-top:5px;width:100%;\"><\/div><div class=\"fusion-sep-clear\"><\/div><div class=\"fusion-clearfix\"><\/div><\/div><\/div><\/div><\/div><div class=\"fusion-fullwidth fullwidth-box fusion-builder-row-3 framed round nonhundred-percent-fullwidth non-hundred-percent-height-scrolling fusion-equal-height-columns\" style=\"--awb-background-position:right center;--awb-border-radius-top-left:0px;--awb-border-radius-top-right:0px;--awb-border-radius-bottom-right:0px;--awb-border-radius-bottom-left:0px;--awb-padding-top:40px;--awb-padding-bottom:40px;--awb-background-color:rgba(255,255,255,0);--awb-flex-wrap:wrap;\" ><div class=\"fusion-builder-row fusion-row\"><div class=\"fusion-layout-column fusion_builder_column fusion-builder-column-4 fusion_builder_column_1_3 1_3 fusion-one-third fusion-column-first\" style=\"--awb-bg-size:cover;width:33.333333333333%;width:calc(33.333333333333% - ( ( 4% ) * 0.33333333333333 ) );margin-right: 4%;\"><div class=\"fusion-column-wrapper fusion-column-has-shadow fusion-flex-column-wrapper-legacy\"><div class=\"fusion-column-content-centered\"><div class=\"fusion-column-content\"><div class=\"fusion-title title fusion-title-2 fusion-sep-none fusion-title-text fusion-title-size-two\"><h2 class=\"fusion-title-heading title-heading-left\" style=\"margin:0;\">The quality of our products is excellent<\/h2><\/div><div class=\"fusion-text fusion-text-1\"><p>RENNER pumps and filters have always been known for their excellent quality.<br \/>\nIt goes without saying that our company and the entire production sequences are certified \u2013 and in many areas we even exceed these requirements because of the demands that we place on ourselves. In addition to this, all products undergo a 100 % inspection before leaving the factory.<\/p>\n<\/div><div class=\"fusion-text fusion-text-2\"><div class='w3eden'><div class=\"well renner-download white\">\n    <div class=\"media\">\n        <div class=\"pull-left\" align=\"left\">\n            <img decoding=\"async\" class=\"wpdm_icon\" alt=\"Icon\" src=\"https:\/\/renner-pumpen.de\/wp-content\/plugins\/download-manager\/assets\/file-type-icons\/pdf.svg\" \/>\n        <\/div>\n        <div class=\"pull-right\" align=\"right\">\n            <a class='wpdm-download-link download-on-click btn btn-primary btn-xs'  rel='nofollow' href='#' data-downloadurl=\"https:\/\/renner-pumpen.de\/en\/download\/dqs-iso-9001-2015-certificate\/?wpdmdl=6910&refresh=69e15794cf9621776375700\">Download<\/a>\n        <\/div>\n\n        <div class=\"media-body\">\n            <h3 class=\"media-heading\" style=\"padding-top: 10px padding-left: 10px;border:0px;margin: 0 0 5px 20;font-size:12pt;\"><a style=\"font-weight: 700; color:#009bff;\" href=\"https:\/\/renner-pumpen.de\/en\/download\/dqs-iso-9001-2015-certificate\/\">DQS ISO 9001 : 2015 Certificate<\/a> <span style=\"margin-left:30px;font-size:8pt;font-weight:300\"> 498.89 KB  <\/span><\/h3>\n        <\/div>\n\n    <\/div>\n\n<\/div><\/div>\n<\/div><div class=\"fusion-text fusion-text-3\"><div class='w3eden'><div class=\"well renner-download white\">\n    <div class=\"media\">\n        <div class=\"pull-left\" align=\"left\">\n            <img decoding=\"async\" class=\"wpdm_icon\" alt=\"Icon\" src=\"https:\/\/renner-pumpen.de\/wp-content\/plugins\/download-manager\/assets\/file-type-icons\/pdf.svg\" \/>\n        <\/div>\n        <div class=\"pull-right\" align=\"right\">\n            <a class='wpdm-download-link download-on-click btn btn-primary btn-xs'  rel='nofollow' href='#' data-downloadurl=\"https:\/\/renner-pumpen.de\/en\/download\/iqnet-iso-9001-2015-certificate\/?wpdmdl=6909&refresh=69e15795195941776375701\">Download<\/a>\n        <\/div>\n\n        <div class=\"media-body\">\n            <h3 class=\"media-heading\" style=\"padding-top: 10px padding-left: 10px;border:0px;margin: 0 0 5px 20;font-size:12pt;\"><a style=\"font-weight: 700; color:#009bff;\" href=\"https:\/\/renner-pumpen.de\/en\/download\/iqnet-iso-9001-2015-certificate\/\">IQNet ISO 9001 : 2015 Certificate<\/a> <span style=\"margin-left:30px;font-size:8pt;font-weight:300\"> 93.94 KB  <\/span><\/h3>\n        <\/div>\n\n    <\/div>\n\n<\/div><\/div>\n<\/div><\/div><\/div><div class=\"fusion-clearfix\"><\/div><\/div><\/div><div class=\"fusion-layout-column fusion_builder_column fusion-builder-column-5 fusion_builder_column_2_3 2_3 fusion-two-third fusion-column-last\" style=\"--awb-bg-size:cover;width:66.666666666667%;width:calc(66.666666666667% - ( ( 4% ) * 0.66666666666667 ) );\"><div class=\"fusion-column-wrapper fusion-flex-column-wrapper-legacy\"><div class=\"fusion-column-content-centered\"><div class=\"fusion-column-content\"><div class=\"fusion-image-element in-legacy-container\" style=\"--awb-caption-title-font-family:var(--h2_typography-font-family);--awb-caption-title-font-weight:var(--h2_typography-font-weight);--awb-caption-title-font-style:var(--h2_typography-font-style);--awb-caption-title-size:var(--h2_typography-font-size);--awb-caption-title-transform:var(--h2_typography-text-transform);--awb-caption-title-line-height:var(--h2_typography-line-height);--awb-caption-title-letter-spacing:var(--h2_typography-letter-spacing);\"><span class=\" fusion-imageframe imageframe-none imageframe-1 hover-type-none no-padding\" style=\"border-radius:10px;\"><img decoding=\"async\" width=\"1920\" height=\"1080\" title=\"dqs-zertifikat-deutsch-01-19-01-22\" src=\"https:\/\/renner-pumpen.de\/wp-content\/uploads\/dqs-zertifikat-deutsch-01-19-01-22.jpg\" alt class=\"img-responsive wp-image-1405\" srcset=\"https:\/\/renner-pumpen.de\/wp-content\/uploads\/dqs-zertifikat-deutsch-01-19-01-22-200x113.jpg 200w, https:\/\/renner-pumpen.de\/wp-content\/uploads\/dqs-zertifikat-deutsch-01-19-01-22-400x225.jpg 400w, https:\/\/renner-pumpen.de\/wp-content\/uploads\/dqs-zertifikat-deutsch-01-19-01-22-600x338.jpg 600w, https:\/\/renner-pumpen.de\/wp-content\/uploads\/dqs-zertifikat-deutsch-01-19-01-22-800x450.jpg 800w, https:\/\/renner-pumpen.de\/wp-content\/uploads\/dqs-zertifikat-deutsch-01-19-01-22-1200x675.jpg 1200w, https:\/\/renner-pumpen.de\/wp-content\/uploads\/dqs-zertifikat-deutsch-01-19-01-22.jpg 1920w\" sizes=\"(max-width: 850px) 100vw, 1200px\" \/><\/span><\/div><\/div><\/div><div class=\"fusion-clearfix\"><\/div><\/div><\/div><\/div><\/div><\/p>\n","protected":false},"excerpt":{"rendered":"","protected":false},"author":1,"featured_media":0,"parent":3524,"menu_order":2400,"comment_status":"closed","ping_status":"closed","template":"100-width.php","meta":{"footnotes":""},"class_list":["post-3528","page","type-page","status-publish","hentry"],"yoast_head":"<!-- This site is optimized with the Yoast SEO plugin v25.5 - https:\/\/yoast.com\/wordpress\/plugins\/seo\/ -->\n<title>Qualit\u00e4t: Auszeichnungen und Zertifikate von RENNER<\/title>\n<meta name=\"description\" content=\"RENNER Pumpen und Filter sind f\u00fcr Ihre ausgezeichnete Qualit\u00e4t bekannt und nach DQS ISO 9001 : 2008 zertifiziert.\" \/>\n<meta name=\"robots\" content=\"index, follow, max-snippet:-1, max-image-preview:large, max-video-preview:-1\" \/>\n<link rel=\"canonical\" href=\"https:\/\/renner-pumpen.de\/en\/company\/quality\/\" \/>\n<meta property=\"og:locale\" content=\"en_US\" \/>\n<meta property=\"og:type\" content=\"article\" \/>\n<meta property=\"og:title\" content=\"Qualit\u00e4t: Auszeichnungen und Zertifikate von RENNER\" \/>\n<meta property=\"og:description\" content=\"RENNER Pumpen und Filter sind f\u00fcr Ihre ausgezeichnete Qualit\u00e4t bekannt und nach DQS ISO 9001 : 2008 zertifiziert.\" \/>\n<meta property=\"og:url\" content=\"https:\/\/renner-pumpen.de\/en\/company\/quality\/\" \/>\n<meta property=\"og:site_name\" content=\"Renner Pumpen\" \/>\n<meta property=\"article:modified_time\" content=\"2020-04-06T14:04:33+00:00\" \/>\n<meta name=\"twitter:card\" content=\"summary_large_image\" \/>\n<meta name=\"twitter:label1\" content=\"Est. reading time\" \/>\n\t<meta name=\"twitter:data1\" content=\"8 minutes\" \/>\n<script type=\"application\/ld+json\" class=\"yoast-schema-graph\">{\"@context\":\"https:\/\/schema.org\",\"@graph\":[{\"@type\":\"WebPage\",\"@id\":\"https:\/\/renner-pumpen.de\/en\/company\/quality\/\",\"url\":\"https:\/\/renner-pumpen.de\/en\/company\/quality\/\",\"name\":\"Qualit\u00e4t: Auszeichnungen und Zertifikate von RENNER\",\"isPartOf\":{\"@id\":\"https:\/\/renner-pumpen.de\/en\/#website\"},\"datePublished\":\"2019-09-12T13:29:11+00:00\",\"dateModified\":\"2020-04-06T14:04:33+00:00\",\"description\":\"RENNER Pumpen und Filter sind f\u00fcr Ihre ausgezeichnete Qualit\u00e4t bekannt und nach DQS ISO 9001 : 2008 zertifiziert.\",\"breadcrumb\":{\"@id\":\"https:\/\/renner-pumpen.de\/en\/company\/quality\/#breadcrumb\"},\"inLanguage\":\"en-US\",\"potentialAction\":[{\"@type\":\"ReadAction\",\"target\":[\"https:\/\/renner-pumpen.de\/en\/company\/quality\/\"]}]},{\"@type\":\"BreadcrumbList\",\"@id\":\"https:\/\/renner-pumpen.de\/en\/company\/quality\/#breadcrumb\",\"itemListElement\":[{\"@type\":\"ListItem\",\"position\":1,\"name\":\"Startseite\",\"item\":\"https:\/\/renner-pumpen.de\/en\/\"},{\"@type\":\"ListItem\",\"position\":2,\"name\":\"Company\",\"item\":\"https:\/\/renner-pumpen.de\/en\/company\/\"},{\"@type\":\"ListItem\",\"position\":3,\"name\":\"Quality\"}]},{\"@type\":\"WebSite\",\"@id\":\"https:\/\/renner-pumpen.de\/en\/#website\",\"url\":\"https:\/\/renner-pumpen.de\/en\/\",\"name\":\"Renner Pumpen\",\"description\":\"Innovationen sichern die Zukunft.\",\"potentialAction\":[{\"@type\":\"SearchAction\",\"target\":{\"@type\":\"EntryPoint\",\"urlTemplate\":\"https:\/\/renner-pumpen.de\/en\/?s={search_term_string}\"},\"query-input\":{\"@type\":\"PropertyValueSpecification\",\"valueRequired\":true,\"valueName\":\"search_term_string\"}}],\"inLanguage\":\"en-US\"}]}<\/script>\n<!-- \/ Yoast SEO plugin. -->","yoast_head_json":{"title":"Qualit\u00e4t: Auszeichnungen und Zertifikate von RENNER","description":"RENNER Pumpen und Filter sind f\u00fcr Ihre ausgezeichnete Qualit\u00e4t bekannt und nach DQS ISO 9001 : 2008 zertifiziert.","robots":{"index":"index","follow":"follow","max-snippet":"max-snippet:-1","max-image-preview":"max-image-preview:large","max-video-preview":"max-video-preview:-1"},"canonical":"https:\/\/renner-pumpen.de\/en\/company\/quality\/","og_locale":"en_US","og_type":"article","og_title":"Qualit\u00e4t: Auszeichnungen und Zertifikate von RENNER","og_description":"RENNER Pumpen und Filter sind f\u00fcr Ihre ausgezeichnete Qualit\u00e4t bekannt und nach DQS ISO 9001 : 2008 zertifiziert.","og_url":"https:\/\/renner-pumpen.de\/en\/company\/quality\/","og_site_name":"Renner Pumpen","article_modified_time":"2020-04-06T14:04:33+00:00","twitter_card":"summary_large_image","twitter_misc":{"Est. reading time":"8 minutes"},"schema":{"@context":"https:\/\/schema.org","@graph":[{"@type":"WebPage","@id":"https:\/\/renner-pumpen.de\/en\/company\/quality\/","url":"https:\/\/renner-pumpen.de\/en\/company\/quality\/","name":"Qualit\u00e4t: Auszeichnungen und Zertifikate von RENNER","isPartOf":{"@id":"https:\/\/renner-pumpen.de\/en\/#website"},"datePublished":"2019-09-12T13:29:11+00:00","dateModified":"2020-04-06T14:04:33+00:00","description":"RENNER Pumpen und Filter sind f\u00fcr Ihre ausgezeichnete Qualit\u00e4t bekannt und nach DQS ISO 9001 : 2008 zertifiziert.","breadcrumb":{"@id":"https:\/\/renner-pumpen.de\/en\/company\/quality\/#breadcrumb"},"inLanguage":"en-US","potentialAction":[{"@type":"ReadAction","target":["https:\/\/renner-pumpen.de\/en\/company\/quality\/"]}]},{"@type":"BreadcrumbList","@id":"https:\/\/renner-pumpen.de\/en\/company\/quality\/#breadcrumb","itemListElement":[{"@type":"ListItem","position":1,"name":"Startseite","item":"https:\/\/renner-pumpen.de\/en\/"},{"@type":"ListItem","position":2,"name":"Company","item":"https:\/\/renner-pumpen.de\/en\/company\/"},{"@type":"ListItem","position":3,"name":"Quality"}]},{"@type":"WebSite","@id":"https:\/\/renner-pumpen.de\/en\/#website","url":"https:\/\/renner-pumpen.de\/en\/","name":"Renner Pumpen","description":"Innovationen sichern die Zukunft.","potentialAction":[{"@type":"SearchAction","target":{"@type":"EntryPoint","urlTemplate":"https:\/\/renner-pumpen.de\/en\/?s={search_term_string}"},"query-input":{"@type":"PropertyValueSpecification","valueRequired":true,"valueName":"search_term_string"}}],"inLanguage":"en-US"}]}},"_links":{"self":[{"href":"https:\/\/renner-pumpen.de\/en\/wp-json\/wp\/v2\/pages\/3528","targetHints":{"allow":["GET"]}}],"collection":[{"href":"https:\/\/renner-pumpen.de\/en\/wp-json\/wp\/v2\/pages"}],"about":[{"href":"https:\/\/renner-pumpen.de\/en\/wp-json\/wp\/v2\/types\/page"}],"author":[{"embeddable":true,"href":"https:\/\/renner-pumpen.de\/en\/wp-json\/wp\/v2\/users\/1"}],"replies":[{"embeddable":true,"href":"https:\/\/renner-pumpen.de\/en\/wp-json\/wp\/v2\/comments?post=3528"}],"version-history":[{"count":8,"href":"https:\/\/renner-pumpen.de\/en\/wp-json\/wp\/v2\/pages\/3528\/revisions"}],"predecessor-version":[{"id":11701,"href":"https:\/\/renner-pumpen.de\/en\/wp-json\/wp\/v2\/pages\/3528\/revisions\/11701"}],"up":[{"embeddable":true,"href":"https:\/\/renner-pumpen.de\/en\/wp-json\/wp\/v2\/pages\/3524"}],"wp:attachment":[{"href":"https:\/\/renner-pumpen.de\/en\/wp-json\/wp\/v2\/media?parent=3528"}],"curies":[{"name":"wp","href":"https:\/\/api.w.org\/{rel}","templated":true}]}}